{"id":272,"date":"2018-05-29T15:11:21","date_gmt":"2018-05-29T12:11:21","guid":{"rendered":"https:\/\/shipowners.fi\/responsibility\/protecting-the-climate-and-climate-change\/energy-efficiency-design-index\/"},"modified":"2018-06-04T12:12:23","modified_gmt":"2018-06-04T09:12:23","slug":"energy-efficiency-design-index","status":"publish","type":"page","link":"https:\/\/shipowners.fi\/en\/responsibility\/environment-and-climate\/protecting-the-climate-and-climate-change\/energy-efficiency-design-index\/","title":{"rendered":"Energy Efficiency Design Index"},"content":{"rendered":"<p>EEDI on pakollinen suunnitteluindeksi kaikille uusille aluksille, jonka mukaan uusien aluksien energiatehokkuus tulisi m\u00e4\u00e4ritt\u00e4\u00e4 jo suunnitteluvaiheessa. IMO:ssa laadittu ehdotus EEDI:n k\u00e4ytt\u00f6\u00f6notosta hyv\u00e4ksyttiin hein\u00e4kuussa 2011 \u00f6ljytankkereiden, kaasutankkereiden, bulkkereiden, konttialusten, kuivarahtialusten (general-cargo), combi- carriereiden sek\u00e4 j\u00e4\u00e4hdytysalusten osalta. Indeksi tuli pakolliseksi n\u00e4ille aluksille vuoden 2013 alusta. L\u00e4hi-merenkulussa yleisesti liikenn\u00f6ivien roro- ja ropax-alusten\u00a0energiatehokkuusindeksi hyv\u00e4ksyttiin IMO:ssa vasta toukokuussa 2013 ja tuli n\u00e4ille aluksille voimaan syyskuussa 2015.<\/p>\n<p>Vuonna 2018 MEPC 72 kokouksessa EEDI asia oli taas vahvasti esill\u00e4. Muutokset viimeisteltiin, joiden my\u00f6t\u00e4 roro- ja ropax-alusten EEDIn referenssilinjoja nostetaan 20 %. Siin\u00e4 p\u00e4\u00e4tettiin my\u00f6s IACSin ehdotuksen mukaisesti, ett\u00e4 muutettuja referenssilinjoja sovelletaan EEDI:n vaiheesta 2 eli 1.1.2020 alkaen. Lis\u00e4ksi p\u00e4\u00e4tettiin Etel\u00e4-Korean ehdotuksen mukaisesti valmistella referenssilinjoja koskevan p\u00e4\u00e4t\u00f6slauselmaan, jossa kannustetaan MARPOL-yleissopimuksen VI liitteen sopimusosapuolia harkitsemaan muutettujen referenssilinjojen soveltamista jo ennen niiden kansainv\u00e4list\u00e4 voimaantuloa. T\u00e4m\u00e4 oli Suomelle eritt\u00e4in t\u00e4rke\u00e4 asia ja kyseisen p\u00e4\u00e4t\u00f6slauselman sana-muodoksi tuli, \u201d<em>INVITES FURTHER the Parties to consider the application of the aforesaid amendments to regulation 21 of Annex VI of MARPOL concerning new parameters for determination of reference values of the EEDI to ships entitled to fly their flag as soon as possible, prior to entry into force\u201d.<\/em><\/p>\n","protected":false},"excerpt":{"rendered":"<p>EEDI on pakollinen suunnitteluindeksi kaikille uusille aluksille, jonka mukaan uusien aluksien energiatehokkuus tulisi m\u00e4\u00e4ritt\u00e4\u00e4 jo suunnitteluvaiheessa. IMO:ssa laadittu ehdotus EEDI:n k\u00e4ytt\u00f6\u00f6notosta hyv\u00e4ksyttiin hein\u00e4kuussa 2011 \u00f6ljytankkereiden, kaasutankkereiden, bulkkereiden, konttialusten, kuivarahtialusten (general-cargo), combi- carriereiden sek\u00e4 j\u00e4\u00e4hdytysalusten osalta. Indeksi tuli pakolliseksi n\u00e4ille aluksille vuoden 2013 alusta. L\u00e4hi-merenkulussa yleisesti liikenn\u00f6ivien roro- ja ropax-alusten\u00a0energiatehokkuusindeksi hyv\u00e4ksyttiin IMO:ssa vasta toukokuussa 2013 ja&hellip;<\/p>\n","protected":false},"author":1,"featured_media":0,"parent":258,"menu_order":45,"comment_status":"closed","ping_status":"closed","template":"","meta":{"_acf_changed":false,"footnotes":""},"class_list":["post-272","page","type-page","status-publish","hentry"],"acf":[],"yoast_head":"<!-- This site is optimized with the Yoast SEO plugin v27.2 - https:\/\/yoast.com\/product\/yoast-seo-wordpress\/ -->\n<title>Energy Efficiency Design Index - Finnish Shipowners\u2019 Association<\/title>\n<meta name=\"robots\" content=\"index, follow, max-snippet:-1, max-image-preview:large, max-video-preview:-1\" \/>\n<link rel=\"canonical\" href=\"https:\/\/shipowners.fi\/en\/responsibility\/environment-and-climate\/protecting-the-climate-and-climate-change\/energy-efficiency-design-index\/\" \/>\n<meta property=\"og:locale\" content=\"en_US\" \/>\n<meta property=\"og:type\" content=\"article\" \/>\n<meta property=\"og:title\" content=\"Energy Efficiency Design Index - Finnish Shipowners\u2019 Association\" \/>\n<meta property=\"og:description\" content=\"EEDI on pakollinen suunnitteluindeksi kaikille uusille aluksille, jonka mukaan uusien aluksien energiatehokkuus tulisi m\u00e4\u00e4ritt\u00e4\u00e4 jo suunnitteluvaiheessa. IMO:ssa laadittu ehdotus EEDI:n k\u00e4ytt\u00f6\u00f6notosta hyv\u00e4ksyttiin hein\u00e4kuussa 2011 \u00f6ljytankkereiden, kaasutankkereiden, bulkkereiden, konttialusten, kuivarahtialusten (general-cargo), combi- carriereiden sek\u00e4 j\u00e4\u00e4hdytysalusten osalta. Indeksi tuli pakolliseksi n\u00e4ille aluksille vuoden 2013 alusta. L\u00e4hi-merenkulussa yleisesti liikenn\u00f6ivien roro- ja ropax-alusten\u00a0energiatehokkuusindeksi hyv\u00e4ksyttiin IMO:ssa vasta toukokuussa 2013 ja&hellip;\" \/>\n<meta property=\"og:url\" content=\"https:\/\/shipowners.fi\/en\/responsibility\/environment-and-climate\/protecting-the-climate-and-climate-change\/energy-efficiency-design-index\/\" \/>\n<meta property=\"og:site_name\" content=\"Finnish Shipowners\u2019 Association\" \/>\n<meta property=\"article:modified_time\" content=\"2018-06-04T09:12:23+00:00\" \/>\n<meta property=\"og:image\" content=\"https:\/\/shipowners.fi\/wp-content\/uploads\/2018\/05\/suomenvarustamot_etusivu.jpg\" \/>\n\t<meta property=\"og:image:width\" content=\"1243\" \/>\n\t<meta property=\"og:image:height\" content=\"901\" \/>\n\t<meta property=\"og:image:type\" content=\"image\/jpeg\" \/>\n<meta name=\"twitter:card\" content=\"summary_large_image\" \/>\n<meta name=\"twitter:label1\" content=\"Est. reading time\" \/>\n\t<meta name=\"twitter:data1\" content=\"1 minute\" \/>\n<script type=\"application\/ld+json\" class=\"yoast-schema-graph\">{\"@context\":\"https:\/\/schema.org\",\"@graph\":[{\"@type\":\"WebPage\",\"@id\":\"https:\/\/shipowners.fi\/en\/responsibility\/environment-and-climate\/protecting-the-climate-and-climate-change\/energy-efficiency-design-index\/\",\"url\":\"https:\/\/shipowners.fi\/en\/responsibility\/environment-and-climate\/protecting-the-climate-and-climate-change\/energy-efficiency-design-index\/\",\"name\":\"Energy Efficiency Design Index - Finnish Shipowners\u2019 Association\",\"isPartOf\":{\"@id\":\"https:\/\/shipowners.fi\/#website\"},\"datePublished\":\"2018-05-29T12:11:21+00:00\",\"dateModified\":\"2018-06-04T09:12:23+00:00\",\"breadcrumb\":{\"@id\":\"https:\/\/shipowners.fi\/en\/responsibility\/environment-and-climate\/protecting-the-climate-and-climate-change\/energy-efficiency-design-index\/#breadcrumb\"},\"inLanguage\":\"en-US\",\"potentialAction\":[{\"@type\":\"ReadAction\",\"target\":[\"https:\/\/shipowners.fi\/en\/responsibility\/environment-and-climate\/protecting-the-climate-and-climate-change\/energy-efficiency-design-index\/\"]}]},{\"@type\":\"BreadcrumbList\",\"@id\":\"https:\/\/shipowners.fi\/en\/responsibility\/environment-and-climate\/protecting-the-climate-and-climate-change\/energy-efficiency-design-index\/#breadcrumb\",\"itemListElement\":[{\"@type\":\"ListItem\",\"position\":1,\"name\":\"Responsibility\",\"item\":\"https:\/\/shipowners.fi\/en\/responsibility\/\"},{\"@type\":\"ListItem\",\"position\":2,\"name\":\"Environment and climate\",\"item\":\"https:\/\/shipowners.fi\/en\/responsibility\/environment-and-climate\/\"},{\"@type\":\"ListItem\",\"position\":3,\"name\":\"Protecting the climate and climate change\",\"item\":\"https:\/\/shipowners.fi\/en\/?page_id=258\"},{\"@type\":\"ListItem\",\"position\":4,\"name\":\"Energy Efficiency Design Index\"}]},{\"@type\":\"WebSite\",\"@id\":\"https:\/\/shipowners.fi\/#website\",\"url\":\"https:\/\/shipowners.fi\/\",\"name\":\"Finnish Shipowners\u2019 Association\",\"description\":\"\",\"potentialAction\":[{\"@type\":\"SearchAction\",\"target\":{\"@type\":\"EntryPoint\",\"urlTemplate\":\"https:\/\/shipowners.fi\/?s={search_term_string}\"},\"query-input\":{\"@type\":\"PropertyValueSpecification\",\"valueRequired\":true,\"valueName\":\"search_term_string\"}}],\"inLanguage\":\"en-US\"}]}<\/script>\n<!-- \/ Yoast SEO plugin. -->","yoast_head_json":{"title":"Energy Efficiency Design Index - Finnish Shipowners\u2019 Association","robots":{"index":"index","follow":"follow","max-snippet":"max-snippet:-1","max-image-preview":"max-image-preview:large","max-video-preview":"max-video-preview:-1"},"canonical":"https:\/\/shipowners.fi\/en\/responsibility\/environment-and-climate\/protecting-the-climate-and-climate-change\/energy-efficiency-design-index\/","og_locale":"en_US","og_type":"article","og_title":"Energy Efficiency Design Index - Finnish Shipowners\u2019 Association","og_description":"EEDI on pakollinen suunnitteluindeksi kaikille uusille aluksille, jonka mukaan uusien aluksien energiatehokkuus tulisi m\u00e4\u00e4ritt\u00e4\u00e4 jo suunnitteluvaiheessa. IMO:ssa laadittu ehdotus EEDI:n k\u00e4ytt\u00f6\u00f6notosta hyv\u00e4ksyttiin hein\u00e4kuussa 2011 \u00f6ljytankkereiden, kaasutankkereiden, bulkkereiden, konttialusten, kuivarahtialusten (general-cargo), combi- carriereiden sek\u00e4 j\u00e4\u00e4hdytysalusten osalta. Indeksi tuli pakolliseksi n\u00e4ille aluksille vuoden 2013 alusta. L\u00e4hi-merenkulussa yleisesti liikenn\u00f6ivien roro- ja ropax-alusten\u00a0energiatehokkuusindeksi hyv\u00e4ksyttiin IMO:ssa vasta toukokuussa 2013 ja&hellip;","og_url":"https:\/\/shipowners.fi\/en\/responsibility\/environment-and-climate\/protecting-the-climate-and-climate-change\/energy-efficiency-design-index\/","og_site_name":"Finnish Shipowners\u2019 Association","article_modified_time":"2018-06-04T09:12:23+00:00","og_image":[{"width":1243,"height":901,"url":"https:\/\/shipowners.fi\/wp-content\/uploads\/2018\/05\/suomenvarustamot_etusivu.jpg","type":"image\/jpeg"}],"twitter_card":"summary_large_image","twitter_misc":{"Est. reading time":"1 minute"},"schema":{"@context":"https:\/\/schema.org","@graph":[{"@type":"WebPage","@id":"https:\/\/shipowners.fi\/en\/responsibility\/environment-and-climate\/protecting-the-climate-and-climate-change\/energy-efficiency-design-index\/","url":"https:\/\/shipowners.fi\/en\/responsibility\/environment-and-climate\/protecting-the-climate-and-climate-change\/energy-efficiency-design-index\/","name":"Energy Efficiency Design Index - Finnish Shipowners\u2019 Association","isPartOf":{"@id":"https:\/\/shipowners.fi\/#website"},"datePublished":"2018-05-29T12:11:21+00:00","dateModified":"2018-06-04T09:12:23+00:00","breadcrumb":{"@id":"https:\/\/shipowners.fi\/en\/responsibility\/environment-and-climate\/protecting-the-climate-and-climate-change\/energy-efficiency-design-index\/#breadcrumb"},"inLanguage":"en-US","potentialAction":[{"@type":"ReadAction","target":["https:\/\/shipowners.fi\/en\/responsibility\/environment-and-climate\/protecting-the-climate-and-climate-change\/energy-efficiency-design-index\/"]}]},{"@type":"BreadcrumbList","@id":"https:\/\/shipowners.fi\/en\/responsibility\/environment-and-climate\/protecting-the-climate-and-climate-change\/energy-efficiency-design-index\/#breadcrumb","itemListElement":[{"@type":"ListItem","position":1,"name":"Responsibility","item":"https:\/\/shipowners.fi\/en\/responsibility\/"},{"@type":"ListItem","position":2,"name":"Environment and climate","item":"https:\/\/shipowners.fi\/en\/responsibility\/environment-and-climate\/"},{"@type":"ListItem","position":3,"name":"Protecting the climate and climate change","item":"https:\/\/shipowners.fi\/en\/?page_id=258"},{"@type":"ListItem","position":4,"name":"Energy Efficiency Design Index"}]},{"@type":"WebSite","@id":"https:\/\/shipowners.fi\/#website","url":"https:\/\/shipowners.fi\/","name":"Finnish Shipowners\u2019 Association","description":"","potentialAction":[{"@type":"SearchAction","target":{"@type":"EntryPoint","urlTemplate":"https:\/\/shipowners.fi\/?s={search_term_string}"},"query-input":{"@type":"PropertyValueSpecification","valueRequired":true,"valueName":"search_term_string"}}],"inLanguage":"en-US"}]}},"_links":{"self":[{"href":"https:\/\/shipowners.fi\/en\/wp-json\/wp\/v2\/pages\/272","targetHints":{"allow":["GET"]}}],"collection":[{"href":"https:\/\/shipowners.fi\/en\/wp-json\/wp\/v2\/pages"}],"about":[{"href":"https:\/\/shipowners.fi\/en\/wp-json\/wp\/v2\/types\/page"}],"author":[{"embeddable":true,"href":"https:\/\/shipowners.fi\/en\/wp-json\/wp\/v2\/users\/1"}],"replies":[{"embeddable":true,"href":"https:\/\/shipowners.fi\/en\/wp-json\/wp\/v2\/comments?post=272"}],"version-history":[{"count":1,"href":"https:\/\/shipowners.fi\/en\/wp-json\/wp\/v2\/pages\/272\/revisions"}],"predecessor-version":[{"id":642,"href":"https:\/\/shipowners.fi\/en\/wp-json\/wp\/v2\/pages\/272\/revisions\/642"}],"up":[{"embeddable":true,"href":"https:\/\/shipowners.fi\/en\/wp-json\/wp\/v2\/pages\/258"}],"wp:attachment":[{"href":"https:\/\/shipowners.fi\/en\/wp-json\/wp\/v2\/media?parent=272"}],"curies":[{"name":"wp","href":"https:\/\/api.w.org\/{rel}","templated":true}]}}