{"id":319,"date":"2018-05-29T15:25:00","date_gmt":"2018-05-29T12:25:00","guid":{"rendered":"https:\/\/shipowners.fi\/labor-market-and-competence\/labor-market-affairs\/tes\/"},"modified":"2022-09-19T15:59:48","modified_gmt":"2022-09-19T12:59:48","slug":"tes","status":"publish","type":"page","link":"https:\/\/shipowners.fi\/en\/labor-market-and-competence\/labor-market-affairs\/tes\/","title":{"rendered":"Collective agreements"},"content":{"rendered":"<p>The Finnish Shipowners Association\u2019 makes collective labor agreements for merchant-, passenger-, icebreaking and multipurpose ships in foreign traffic together with The Finnish Ship\u2019s Officers\u2019 Union (Suomen Laivanp\u00e4\u00e4llyst\u00f6liitto) The Finnish Engineers union (Suomen Konep\u00e4\u00e4llyst\u00f6liiton) and The Finnish Seafarers\u2019 Union (Suomen Merimies-Unioni). The collective agreements for merchant and passenger ships in foreign traffic made with the unions are binding, i.e. they are applicable for all employees.<\/p>\n","protected":false},"excerpt":{"rendered":"<p>The Finnish Shipowners Association\u2019 makes collective labor agreements for merchant-, passenger-, icebreaking and multipurpose ships in foreign traffic together with The Finnish Ship\u2019s Officers\u2019 Union (Suomen Laivanp\u00e4\u00e4llyst\u00f6liitto) The Finnish Engineers union (Suomen Konep\u00e4\u00e4llyst\u00f6liiton) and The Finnish Seafarers\u2019 Union (Suomen Merimies-Unioni). The collective agreements for merchant and passenger ships in foreign traffic made with the unions&hellip;<\/p>\n","protected":false},"author":1,"featured_media":0,"parent":300,"menu_order":107,"comment_status":"closed","ping_status":"closed","template":"","meta":{"_acf_changed":false,"footnotes":""},"class_list":["post-319","page","type-page","status-publish","hentry"],"acf":[],"yoast_head":"<!-- This site is optimized with the Yoast SEO plugin v27.2 - https:\/\/yoast.com\/product\/yoast-seo-wordpress\/ -->\n<title>Collective agreements - Finnish Shipowners\u2019 Association<\/title>\n<meta name=\"robots\" content=\"index, follow, max-snippet:-1, max-image-preview:large, max-video-preview:-1\" \/>\n<link rel=\"canonical\" href=\"https:\/\/shipowners.fi\/en\/labor-market-and-competence\/labor-market-affairs\/tes\/\" \/>\n<meta property=\"og:locale\" content=\"en_US\" \/>\n<meta property=\"og:type\" content=\"article\" \/>\n<meta property=\"og:title\" content=\"Collective agreements - Finnish Shipowners\u2019 Association\" \/>\n<meta property=\"og:description\" content=\"The Finnish Shipowners Association\u2019 makes collective labor agreements for merchant-, passenger-, icebreaking and multipurpose ships in foreign traffic together with The Finnish Ship\u2019s Officers\u2019 Union (Suomen Laivanp\u00e4\u00e4llyst\u00f6liitto) The Finnish Engineers union (Suomen Konep\u00e4\u00e4llyst\u00f6liiton) and The Finnish Seafarers\u2019 Union (Suomen Merimies-Unioni). The collective agreements for merchant and passenger ships in foreign traffic made with the unions&hellip;\" \/>\n<meta property=\"og:url\" content=\"https:\/\/shipowners.fi\/en\/labor-market-and-competence\/labor-market-affairs\/tes\/\" \/>\n<meta property=\"og:site_name\" content=\"Finnish Shipowners\u2019 Association\" \/>\n<meta property=\"article:modified_time\" content=\"2022-09-19T12:59:48+00:00\" \/>\n<meta property=\"og:image\" content=\"https:\/\/shipowners.fi\/wp-content\/uploads\/2018\/05\/suomenvarustamot_etusivu.jpg\" \/>\n\t<meta property=\"og:image:width\" content=\"1243\" \/>\n\t<meta property=\"og:image:height\" content=\"901\" \/>\n\t<meta property=\"og:image:type\" content=\"image\/jpeg\" \/>\n<meta name=\"twitter:card\" content=\"summary_large_image\" \/>\n<meta name=\"twitter:label1\" content=\"Est. reading time\" \/>\n\t<meta name=\"twitter:data1\" content=\"1 minute\" \/>\n<script type=\"application\/ld+json\" class=\"yoast-schema-graph\">{\"@context\":\"https:\/\/schema.org\",\"@graph\":[{\"@type\":\"WebPage\",\"@id\":\"https:\/\/shipowners.fi\/en\/labor-market-and-competence\/labor-market-affairs\/tes\/\",\"url\":\"https:\/\/shipowners.fi\/en\/labor-market-and-competence\/labor-market-affairs\/tes\/\",\"name\":\"Collective agreements - Finnish Shipowners\u2019 Association\",\"isPartOf\":{\"@id\":\"https:\/\/shipowners.fi\/#website\"},\"datePublished\":\"2018-05-29T12:25:00+00:00\",\"dateModified\":\"2022-09-19T12:59:48+00:00\",\"breadcrumb\":{\"@id\":\"https:\/\/shipowners.fi\/en\/labor-market-and-competence\/labor-market-affairs\/tes\/#breadcrumb\"},\"inLanguage\":\"en-US\",\"potentialAction\":[{\"@type\":\"ReadAction\",\"target\":[\"https:\/\/shipowners.fi\/en\/labor-market-and-competence\/labor-market-affairs\/tes\/\"]}]},{\"@type\":\"BreadcrumbList\",\"@id\":\"https:\/\/shipowners.fi\/en\/labor-market-and-competence\/labor-market-affairs\/tes\/#breadcrumb\",\"itemListElement\":[{\"@type\":\"ListItem\",\"position\":1,\"name\":\"Labor market and competence\",\"item\":\"https:\/\/shipowners.fi\/en\/labor-market-and-competence\/\"},{\"@type\":\"ListItem\",\"position\":2,\"name\":\"Labor market affairs\",\"item\":\"https:\/\/shipowners.fi\/en\/labor-market-and-competence\/labor-market-affairs\/\"},{\"@type\":\"ListItem\",\"position\":3,\"name\":\"Collective agreements\"}]},{\"@type\":\"WebSite\",\"@id\":\"https:\/\/shipowners.fi\/#website\",\"url\":\"https:\/\/shipowners.fi\/\",\"name\":\"Finnish Shipowners\u2019 Association\",\"description\":\"\",\"potentialAction\":[{\"@type\":\"SearchAction\",\"target\":{\"@type\":\"EntryPoint\",\"urlTemplate\":\"https:\/\/shipowners.fi\/?s={search_term_string}\"},\"query-input\":{\"@type\":\"PropertyValueSpecification\",\"valueRequired\":true,\"valueName\":\"search_term_string\"}}],\"inLanguage\":\"en-US\"}]}<\/script>\n<!-- \/ Yoast SEO plugin. -->","yoast_head_json":{"title":"Collective agreements - Finnish Shipowners\u2019 Association","robots":{"index":"index","follow":"follow","max-snippet":"max-snippet:-1","max-image-preview":"max-image-preview:large","max-video-preview":"max-video-preview:-1"},"canonical":"https:\/\/shipowners.fi\/en\/labor-market-and-competence\/labor-market-affairs\/tes\/","og_locale":"en_US","og_type":"article","og_title":"Collective agreements - Finnish Shipowners\u2019 Association","og_description":"The Finnish Shipowners Association\u2019 makes collective labor agreements for merchant-, passenger-, icebreaking and multipurpose ships in foreign traffic together with The Finnish Ship\u2019s Officers\u2019 Union (Suomen Laivanp\u00e4\u00e4llyst\u00f6liitto) The Finnish Engineers union (Suomen Konep\u00e4\u00e4llyst\u00f6liiton) and The Finnish Seafarers\u2019 Union (Suomen Merimies-Unioni). The collective agreements for merchant and passenger ships in foreign traffic made with the unions&hellip;","og_url":"https:\/\/shipowners.fi\/en\/labor-market-and-competence\/labor-market-affairs\/tes\/","og_site_name":"Finnish Shipowners\u2019 Association","article_modified_time":"2022-09-19T12:59:48+00:00","og_image":[{"width":1243,"height":901,"url":"https:\/\/shipowners.fi\/wp-content\/uploads\/2018\/05\/suomenvarustamot_etusivu.jpg","type":"image\/jpeg"}],"twitter_card":"summary_large_image","twitter_misc":{"Est. reading time":"1 minute"},"schema":{"@context":"https:\/\/schema.org","@graph":[{"@type":"WebPage","@id":"https:\/\/shipowners.fi\/en\/labor-market-and-competence\/labor-market-affairs\/tes\/","url":"https:\/\/shipowners.fi\/en\/labor-market-and-competence\/labor-market-affairs\/tes\/","name":"Collective agreements - Finnish Shipowners\u2019 Association","isPartOf":{"@id":"https:\/\/shipowners.fi\/#website"},"datePublished":"2018-05-29T12:25:00+00:00","dateModified":"2022-09-19T12:59:48+00:00","breadcrumb":{"@id":"https:\/\/shipowners.fi\/en\/labor-market-and-competence\/labor-market-affairs\/tes\/#breadcrumb"},"inLanguage":"en-US","potentialAction":[{"@type":"ReadAction","target":["https:\/\/shipowners.fi\/en\/labor-market-and-competence\/labor-market-affairs\/tes\/"]}]},{"@type":"BreadcrumbList","@id":"https:\/\/shipowners.fi\/en\/labor-market-and-competence\/labor-market-affairs\/tes\/#breadcrumb","itemListElement":[{"@type":"ListItem","position":1,"name":"Labor market and competence","item":"https:\/\/shipowners.fi\/en\/labor-market-and-competence\/"},{"@type":"ListItem","position":2,"name":"Labor market affairs","item":"https:\/\/shipowners.fi\/en\/labor-market-and-competence\/labor-market-affairs\/"},{"@type":"ListItem","position":3,"name":"Collective agreements"}]},{"@type":"WebSite","@id":"https:\/\/shipowners.fi\/#website","url":"https:\/\/shipowners.fi\/","name":"Finnish Shipowners\u2019 Association","description":"","potentialAction":[{"@type":"SearchAction","target":{"@type":"EntryPoint","urlTemplate":"https:\/\/shipowners.fi\/?s={search_term_string}"},"query-input":{"@type":"PropertyValueSpecification","valueRequired":true,"valueName":"search_term_string"}}],"inLanguage":"en-US"}]}},"_links":{"self":[{"href":"https:\/\/shipowners.fi\/en\/wp-json\/wp\/v2\/pages\/319","targetHints":{"allow":["GET"]}}],"collection":[{"href":"https:\/\/shipowners.fi\/en\/wp-json\/wp\/v2\/pages"}],"about":[{"href":"https:\/\/shipowners.fi\/en\/wp-json\/wp\/v2\/types\/page"}],"author":[{"embeddable":true,"href":"https:\/\/shipowners.fi\/en\/wp-json\/wp\/v2\/users\/1"}],"replies":[{"embeddable":true,"href":"https:\/\/shipowners.fi\/en\/wp-json\/wp\/v2\/comments?post=319"}],"version-history":[{"count":4,"href":"https:\/\/shipowners.fi\/en\/wp-json\/wp\/v2\/pages\/319\/revisions"}],"predecessor-version":[{"id":9062,"href":"https:\/\/shipowners.fi\/en\/wp-json\/wp\/v2\/pages\/319\/revisions\/9062"}],"up":[{"embeddable":true,"href":"https:\/\/shipowners.fi\/en\/wp-json\/wp\/v2\/pages\/300"}],"wp:attachment":[{"href":"https:\/\/shipowners.fi\/en\/wp-json\/wp\/v2\/media?parent=319"}],"curies":[{"name":"wp","href":"https:\/\/api.w.org\/{rel}","templated":true}]}}