{"id":10524,"date":"2023-06-06T10:30:40","date_gmt":"2023-06-06T07:30:40","guid":{"rendered":"https:\/\/shipowners.fi\/?page_id=10524"},"modified":"2023-06-06T10:30:40","modified_gmt":"2023-06-06T07:30:40","slug":"rederierna-i-finland-med-i-foretagsbyn-2","status":"publish","type":"page","link":"https:\/\/shipowners.fi\/sv\/arbetsmarknad-och-kompetens\/rederierna-i-finland-med-i-foretagsbyn-2\/","title":{"rendered":"Rederierna i Finland med i F\u00f6retagsbyn"},"content":{"rendered":"<p><img loading=\"lazy\" decoding=\"async\" class=\"alignnone wp-image-8852 size-large\" src=\"https:\/\/shipowners.fi\/wp-content\/uploads\/2022\/06\/Yrityskyla_tiimi-960x641.jpg\" alt=\"\" width=\"960\" height=\"641\" srcset=\"https:\/\/shipowners.fi\/wp-content\/uploads\/2022\/06\/Yrityskyla_tiimi-960x641.jpg 960w, https:\/\/shipowners.fi\/wp-content\/uploads\/2022\/06\/Yrityskyla_tiimi-300x200.jpg 300w, https:\/\/shipowners.fi\/wp-content\/uploads\/2022\/06\/Yrityskyla_tiimi-768x513.jpg 768w, https:\/\/shipowners.fi\/wp-content\/uploads\/2022\/06\/Yrityskyla_tiimi-1536x1025.jpg 1536w, https:\/\/shipowners.fi\/wp-content\/uploads\/2022\/06\/Yrityskyla_tiimi.jpg 2048w\" sizes=\"auto, (max-width: 960px) 100vw, 960px\" \/><\/p>\n<p><strong>Rederierna i Finland var med i F\u00f6retagsbyn inriktad f\u00f6r niondeklassare.<\/strong><\/p>\n<p><strong>Rederierna i Finland har under v\u00e5ren 2022 b\u00f6rjat samarbetet med F\u00f6retagsbyn. I den nya inl\u00e4rningshelheten bekantar sig grundskolans niondeklassare med rederiernas verksamhet och sj\u00f6farten.<\/strong><\/p>\n<p>F\u00f6retagsbyn \u00e4r en inl\u00e4rningshelhet om arbetslivet, ekonomin och samh\u00e4llet orienterat f\u00f6r grundskolans sj\u00e4tte- och niondeklassare. F\u00f6retagsbyn har blivit prisbel\u00f6nad som v\u00e4rldens b\u00e4sta skolningsinnovation och har verksamhet landsomfattande p\u00e5 12 omr\u00e5den, n\u00e5r cirka 97 000 studeranden \u00e5rligen och baserar sig p\u00e5 finl\u00e4ndsk studieplan. F\u00f6retagsbyn drivs av Ekonomi och ungdom TAT, som finansieras av bland annat av TT-fonden, Finlands N\u00e4ringsliv EK, f\u00f6retag, fonder, OKM och kommuner. Rederierna i Finland fungerar som en partner i F\u00f6retagsbyns Helsingfors anstalt.<\/p>\n<p><img loading=\"lazy\" decoding=\"async\" class=\"alignnone wp-image-8862 size-large\" src=\"https:\/\/shipowners.fi\/wp-content\/uploads\/2022\/06\/Yrityskyla_peukku-960x527.jpg\" alt=\"\" width=\"960\" height=\"527\" srcset=\"https:\/\/shipowners.fi\/wp-content\/uploads\/2022\/06\/Yrityskyla_peukku-960x527.jpg 960w, https:\/\/shipowners.fi\/wp-content\/uploads\/2022\/06\/Yrityskyla_peukku-300x165.jpg 300w, https:\/\/shipowners.fi\/wp-content\/uploads\/2022\/06\/Yrityskyla_peukku-768x421.jpg 768w, https:\/\/shipowners.fi\/wp-content\/uploads\/2022\/06\/Yrityskyla_peukku-1536x843.jpg 1536w, https:\/\/shipowners.fi\/wp-content\/uploads\/2022\/06\/Yrityskyla_peukku.jpg 1755w\" sizes=\"auto, (max-width: 960px) 100vw, 960px\" \/><\/p>\n<p><strong>L\u00e4rande \u00e4r roligt och effektivt med spel<\/strong><\/p>\n<p>I F\u00f6retagsbyns f\u00f6retagsspel leder niondeklassare turvis f\u00f6retag p\u00e5 internationella marknader. I Rederierna i Finlands och F\u00f6retagsbyns f\u00f6retagsspel som har utvecklats i samarbete, leder studeranden Merirahti Oy rederiet och l\u00e4r sig om rederiverksamhetens lagbundenhet. Inl\u00e4rningshelheten best\u00e5r av l\u00e4rarutbildning, fem F\u00f6retagsby-lektioner, en spelsituation p\u00e5 en spelarena och en slutreflektion.<\/p>\n<p>F\u00f6re spelet studerade studeranden med sin klass materialet om organisationsverksamhet, det fiktiva rederiets uppgifter och om sj\u00f6farten i Finland. Niondeklassare som deltog i Rederierna i Finlands F\u00f6retagsby fick l\u00e4ra sig om bland annat sj\u00f6fartens betydelse f\u00f6r Finlands ekonomi och samh\u00e4llet. 90 % av Finlands export och 80 % av importen transporteras till sj\u00f6ss och flera bekanta vardagsprodukter transporteras till butikshyllorna med fartyg.<\/p>\n<p><img loading=\"lazy\" decoding=\"async\" class=\"alignnone wp-image-8856 size-large\" src=\"https:\/\/shipowners.fi\/wp-content\/uploads\/2022\/06\/Luokka-960x720.jpeg\" alt=\"\" width=\"960\" height=\"720\" srcset=\"https:\/\/shipowners.fi\/wp-content\/uploads\/2022\/06\/Luokka-960x720.jpeg 960w, https:\/\/shipowners.fi\/wp-content\/uploads\/2022\/06\/Luokka-300x225.jpeg 300w, https:\/\/shipowners.fi\/wp-content\/uploads\/2022\/06\/Luokka-768x576.jpeg 768w, https:\/\/shipowners.fi\/wp-content\/uploads\/2022\/06\/Luokka-1536x1152.jpeg 1536w, https:\/\/shipowners.fi\/wp-content\/uploads\/2022\/06\/Luokka.jpeg 2048w\" sizes=\"auto, (max-width: 960px) 100vw, 960px\" \/><\/p>\n<p>I Helsingfors Kajsaniemi, erbjuder F\u00f6retagsbyns inl\u00e4rningsmilj\u00f6 p\u00e5 plats f\u00f6retagsspelet som klarg\u00f6r f\u00f6r studeranden hur transportkedjorna bildas och hur f\u00f6retagen driver sin verksamhet. H\u00f6gstadiets spel baserar sig p\u00e5 digitalt material och p\u00e5 fyra kvartaler som bildar sammanlagt aff\u00e4rsverksamhet f\u00f6r ett \u00e5r. I spelet f\u00f6ljer studerande fr\u00e5n sina tabletter sitt eget f\u00f6retagets ekonomiska situation och produktion. Spelet inneh\u00e5ller deltagande i anbudsf\u00f6rfarande, internationella aff\u00e4rsf\u00f6rhandlingar och l\u00e5nef\u00f6rhandlingar med banken. Spelet inneh\u00e5ller ocks\u00e5 \u00f6verraskande h\u00e4ndelser, som kr\u00e4ver snabba \u00e5tg\u00e4rder och kreativitet. I rederispelet stiger priset p\u00e5 br\u00e4nsle pl\u00f6tsligt eller fartygets motor beh\u00f6ver underh\u00e5llas.<\/p>\n<p>I det m\u00e5ngsidiga spelet ing\u00e5r ocks\u00e5 att bed\u00f6ma ryktesrisker, ta hand om personalens v\u00e4lm\u00e5ende och designa f\u00f6retagets logotyp.<\/p>\n<p><strong>Rederispelet som fick ber\u00f6m forts\u00e4tter<\/strong><\/p>\n<p>Rederispelet fick ber\u00f6m under f\u00f6rsta v\u00e5ren fr\u00e5n b\u00e5de studeranden och l\u00e4raren. Niondeklassare tyckte att det b\u00e4sta med spelet var t\u00e4vlandet, samarbetet med lagkamrater och samlandet av spelryktepo\u00e4ng.<\/p>\n<p><img loading=\"lazy\" decoding=\"async\" class=\"alignnone wp-image-8859 size-large\" src=\"https:\/\/shipowners.fi\/wp-content\/uploads\/2022\/06\/IMG_3491-960x685.jpg\" alt=\"\" width=\"960\" height=\"685\" srcset=\"https:\/\/shipowners.fi\/wp-content\/uploads\/2022\/06\/IMG_3491-960x685.jpg 960w, https:\/\/shipowners.fi\/wp-content\/uploads\/2022\/06\/IMG_3491-300x214.jpg 300w, https:\/\/shipowners.fi\/wp-content\/uploads\/2022\/06\/IMG_3491-768x548.jpg 768w, https:\/\/shipowners.fi\/wp-content\/uploads\/2022\/06\/IMG_3491-1536x1096.jpg 1536w, https:\/\/shipowners.fi\/wp-content\/uploads\/2022\/06\/IMG_3491-2048x1461.jpg 2048w\" sizes=\"auto, (max-width: 960px) 100vw, 960px\" \/><\/p>\n<p>F\u00f6retagsbyns rederispel f\u00e5r forts\u00e4ttning p\u00e5 h\u00f6sten, n\u00e4r samarbetet forts\u00e4tts med Rederistiftelsen. I framtiden \u00e4r det meningen att utvidga spelet fr\u00e5n huvudstadsregionens F\u00f6retagsby till andra omr\u00e5den f\u00f6r att n\u00e5 mera studeranden.<\/p>\n<p>F\u00f6retagsbysamarbetet \u00e4r en del av Rederierna i Finlands samh\u00e4llsansvar och erbjuder samtidigt ett tillf\u00e4lle f\u00f6r de unga att bekanta sig med den meningsfulla sj\u00f6farten. F\u00f6retagsbyns m\u00e5l \u00e4r att f\u00e5 ungdomar bli intresserade av arbetslivet, kontrollera sin ekonomi och fungera som en ambiti\u00f6s samh\u00e4llsmedlem.<\/p>\n<p>Rederierna i Finland har under de senaste \u00e5ren str\u00e4vat efter att fr\u00e4mja sj\u00f6fartens v\u00e4lk\u00e4ndhet och attraktivitet bland unga, s\u00e5 att industrin skulle i framtiden ha tillr\u00e4ckligt med arbetskraft. Sj\u00f6fartsindustrin och rederierna erbjuder en stor m\u00e4ngd m\u00e5ngsidiga arbetsplatser i Finland och under de kommande \u00e5ren f\u00f6rv\u00e4ntas erbjudandet v\u00e4xa.<\/p>\n<p><img loading=\"lazy\" decoding=\"async\" class=\"alignnone wp-image-8871 size-large\" src=\"https:\/\/shipowners.fi\/wp-content\/uploads\/2022\/06\/IMG_3501-720x960.jpg\" alt=\"\" width=\"720\" height=\"960\" srcset=\"https:\/\/shipowners.fi\/wp-content\/uploads\/2022\/06\/IMG_3501-720x960.jpg 720w, https:\/\/shipowners.fi\/wp-content\/uploads\/2022\/06\/IMG_3501-225x300.jpg 225w, https:\/\/shipowners.fi\/wp-content\/uploads\/2022\/06\/IMG_3501-768x1024.jpg 768w, https:\/\/shipowners.fi\/wp-content\/uploads\/2022\/06\/IMG_3501-1152x1536.jpg 1152w, https:\/\/shipowners.fi\/wp-content\/uploads\/2022\/06\/IMG_3501-1536x2048.jpg 1536w, https:\/\/shipowners.fi\/wp-content\/uploads\/2022\/06\/IMG_3501-scaled.jpg 1920w\" sizes=\"auto, (max-width: 720px) 100vw, 720px\" \/><\/p>\n<p><em>Som en del av spelet ans\u00f6kte eleverna bl.a. om certifikat och designade varum\u00e4rken \u00e5t organisationen.\u00a0<\/em><\/p>\n<p><img loading=\"lazy\" decoding=\"async\" class=\"alignnone wp-image-8868 size-large\" src=\"https:\/\/shipowners.fi\/wp-content\/uploads\/2022\/06\/IMG_3496-720x960.jpg\" alt=\"\" width=\"720\" height=\"960\" srcset=\"https:\/\/shipowners.fi\/wp-content\/uploads\/2022\/06\/IMG_3496-720x960.jpg 720w, https:\/\/shipowners.fi\/wp-content\/uploads\/2022\/06\/IMG_3496-225x300.jpg 225w, https:\/\/shipowners.fi\/wp-content\/uploads\/2022\/06\/IMG_3496-768x1024.jpg 768w, https:\/\/shipowners.fi\/wp-content\/uploads\/2022\/06\/IMG_3496-1152x1536.jpg 1152w, https:\/\/shipowners.fi\/wp-content\/uploads\/2022\/06\/IMG_3496-1536x2048.jpg 1536w, https:\/\/shipowners.fi\/wp-content\/uploads\/2022\/06\/IMG_3496-scaled.jpg 1920w\" sizes=\"auto, (max-width: 720px) 100vw, 720px\" \/><\/p>\n","protected":false},"excerpt":{"rendered":"<p>Rederierna i Finland var med i F\u00f6retagsbyn inriktad f\u00f6r niondeklassare. Rederierna i Finland har under v\u00e5ren 2022 b\u00f6rjat samarbetet med F\u00f6retagsbyn. I den nya inl\u00e4rningshelheten bekantar sig grundskolans niondeklassare med rederiernas verksamhet och sj\u00f6farten. F\u00f6retagsbyn \u00e4r en inl\u00e4rningshelhet om arbetslivet, ekonomin och samh\u00e4llet orienterat f\u00f6r grundskolans sj\u00e4tte- och niondeklassare. F\u00f6retagsbyn har blivit prisbel\u00f6nad som v\u00e4rldens&hellip;<\/p>\n","protected":false},"author":15,"featured_media":8852,"parent":166,"menu_order":130,"comment_status":"closed","ping_status":"closed","template":"","meta":{"_acf_changed":false,"footnotes":""},"class_list":["post-10524","page","type-page","status-publish","has-post-thumbnail","hentry"],"acf":[],"yoast_head":"<!-- This site is optimized with the Yoast SEO plugin v27.2 - https:\/\/yoast.com\/product\/yoast-seo-wordpress\/ -->\n<title>Rederierna i Finland med i F\u00f6retagsbyn - Rederierna i Finland<\/title>\n<meta name=\"robots\" content=\"index, follow, max-snippet:-1, max-image-preview:large, max-video-preview:-1\" \/>\n<link rel=\"canonical\" href=\"https:\/\/shipowners.fi\/sv\/arbetsmarknad-och-kompetens\/rederierna-i-finland-med-i-foretagsbyn-2\/\" \/>\n<meta property=\"og:locale\" content=\"sv_SE\" \/>\n<meta property=\"og:type\" content=\"article\" \/>\n<meta property=\"og:title\" content=\"Rederierna i Finland med i F\u00f6retagsbyn - Rederierna i Finland\" \/>\n<meta property=\"og:description\" content=\"Rederierna i Finland var med i F\u00f6retagsbyn inriktad f\u00f6r niondeklassare. Rederierna i Finland har under v\u00e5ren 2022 b\u00f6rjat samarbetet med F\u00f6retagsbyn. I den nya inl\u00e4rningshelheten bekantar sig grundskolans niondeklassare med rederiernas verksamhet och sj\u00f6farten. F\u00f6retagsbyn \u00e4r en inl\u00e4rningshelhet om arbetslivet, ekonomin och samh\u00e4llet orienterat f\u00f6r grundskolans sj\u00e4tte- och niondeklassare. F\u00f6retagsbyn har blivit prisbel\u00f6nad som v\u00e4rldens&hellip;\" \/>\n<meta property=\"og:url\" content=\"https:\/\/shipowners.fi\/sv\/arbetsmarknad-och-kompetens\/rederierna-i-finland-med-i-foretagsbyn-2\/\" \/>\n<meta property=\"og:site_name\" content=\"Rederierna i Finland\" \/>\n<meta property=\"og:image\" content=\"https:\/\/shipowners.fi\/wp-content\/uploads\/2022\/06\/Yrityskyla_tiimi.jpg\" \/>\n\t<meta property=\"og:image:width\" content=\"2048\" \/>\n\t<meta property=\"og:image:height\" content=\"1367\" \/>\n\t<meta property=\"og:image:type\" content=\"image\/jpeg\" \/>\n<meta name=\"twitter:card\" content=\"summary_large_image\" \/>\n<meta name=\"twitter:label1\" content=\"Ber\u00e4knad l\u00e4stid\" \/>\n\t<meta name=\"twitter:data1\" content=\"5 minuter\" \/>\n<script type=\"application\/ld+json\" class=\"yoast-schema-graph\">{\"@context\":\"https:\/\/schema.org\",\"@graph\":[{\"@type\":\"WebPage\",\"@id\":\"https:\/\/shipowners.fi\/sv\/arbetsmarknad-och-kompetens\/rederierna-i-finland-med-i-foretagsbyn-2\/\",\"url\":\"https:\/\/shipowners.fi\/sv\/arbetsmarknad-och-kompetens\/rederierna-i-finland-med-i-foretagsbyn-2\/\",\"name\":\"Rederierna i Finland med i F\u00f6retagsbyn - Rederierna i Finland\",\"isPartOf\":{\"@id\":\"https:\/\/shipowners.fi\/#website\"},\"primaryImageOfPage\":{\"@id\":\"https:\/\/shipowners.fi\/sv\/arbetsmarknad-och-kompetens\/rederierna-i-finland-med-i-foretagsbyn-2\/#primaryimage\"},\"image\":{\"@id\":\"https:\/\/shipowners.fi\/sv\/arbetsmarknad-och-kompetens\/rederierna-i-finland-med-i-foretagsbyn-2\/#primaryimage\"},\"thumbnailUrl\":\"https:\/\/shipowners.fi\/wp-content\/uploads\/2022\/06\/Yrityskyla_tiimi.jpg\",\"datePublished\":\"2023-06-06T07:30:40+00:00\",\"breadcrumb\":{\"@id\":\"https:\/\/shipowners.fi\/sv\/arbetsmarknad-och-kompetens\/rederierna-i-finland-med-i-foretagsbyn-2\/#breadcrumb\"},\"inLanguage\":\"sv-SE\",\"potentialAction\":[{\"@type\":\"ReadAction\",\"target\":[\"https:\/\/shipowners.fi\/sv\/arbetsmarknad-och-kompetens\/rederierna-i-finland-med-i-foretagsbyn-2\/\"]}]},{\"@type\":\"ImageObject\",\"inLanguage\":\"sv-SE\",\"@id\":\"https:\/\/shipowners.fi\/sv\/arbetsmarknad-och-kompetens\/rederierna-i-finland-med-i-foretagsbyn-2\/#primaryimage\",\"url\":\"https:\/\/shipowners.fi\/wp-content\/uploads\/2022\/06\/Yrityskyla_tiimi.jpg\",\"contentUrl\":\"https:\/\/shipowners.fi\/wp-content\/uploads\/2022\/06\/Yrityskyla_tiimi.jpg\",\"width\":2048,\"height\":1367},{\"@type\":\"BreadcrumbList\",\"@id\":\"https:\/\/shipowners.fi\/sv\/arbetsmarknad-och-kompetens\/rederierna-i-finland-med-i-foretagsbyn-2\/#breadcrumb\",\"itemListElement\":[{\"@type\":\"ListItem\",\"position\":1,\"name\":\"Arbetsmarknad och kompetens\",\"item\":\"https:\/\/shipowners.fi\/sv\/arbetsmarknad-och-kompetens\/\"},{\"@type\":\"ListItem\",\"position\":2,\"name\":\"Rederierna i Finland med i F\u00f6retagsbyn\"}]},{\"@type\":\"WebSite\",\"@id\":\"https:\/\/shipowners.fi\/#website\",\"url\":\"https:\/\/shipowners.fi\/\",\"name\":\"Rederierna i Finland\",\"description\":\"\",\"potentialAction\":[{\"@type\":\"SearchAction\",\"target\":{\"@type\":\"EntryPoint\",\"urlTemplate\":\"https:\/\/shipowners.fi\/?s={search_term_string}\"},\"query-input\":{\"@type\":\"PropertyValueSpecification\",\"valueRequired\":true,\"valueName\":\"search_term_string\"}}],\"inLanguage\":\"sv-SE\"}]}<\/script>\n<!-- \/ Yoast SEO plugin. -->","yoast_head_json":{"title":"Rederierna i Finland med i F\u00f6retagsbyn - Rederierna i Finland","robots":{"index":"index","follow":"follow","max-snippet":"max-snippet:-1","max-image-preview":"max-image-preview:large","max-video-preview":"max-video-preview:-1"},"canonical":"https:\/\/shipowners.fi\/sv\/arbetsmarknad-och-kompetens\/rederierna-i-finland-med-i-foretagsbyn-2\/","og_locale":"sv_SE","og_type":"article","og_title":"Rederierna i Finland med i F\u00f6retagsbyn - Rederierna i Finland","og_description":"Rederierna i Finland var med i F\u00f6retagsbyn inriktad f\u00f6r niondeklassare. Rederierna i Finland har under v\u00e5ren 2022 b\u00f6rjat samarbetet med F\u00f6retagsbyn. I den nya inl\u00e4rningshelheten bekantar sig grundskolans niondeklassare med rederiernas verksamhet och sj\u00f6farten. F\u00f6retagsbyn \u00e4r en inl\u00e4rningshelhet om arbetslivet, ekonomin och samh\u00e4llet orienterat f\u00f6r grundskolans sj\u00e4tte- och niondeklassare. F\u00f6retagsbyn har blivit prisbel\u00f6nad som v\u00e4rldens&hellip;","og_url":"https:\/\/shipowners.fi\/sv\/arbetsmarknad-och-kompetens\/rederierna-i-finland-med-i-foretagsbyn-2\/","og_site_name":"Rederierna i Finland","og_image":[{"width":2048,"height":1367,"url":"https:\/\/shipowners.fi\/wp-content\/uploads\/2022\/06\/Yrityskyla_tiimi.jpg","type":"image\/jpeg"}],"twitter_card":"summary_large_image","twitter_misc":{"Ber\u00e4knad l\u00e4stid":"5 minuter"},"schema":{"@context":"https:\/\/schema.org","@graph":[{"@type":"WebPage","@id":"https:\/\/shipowners.fi\/sv\/arbetsmarknad-och-kompetens\/rederierna-i-finland-med-i-foretagsbyn-2\/","url":"https:\/\/shipowners.fi\/sv\/arbetsmarknad-och-kompetens\/rederierna-i-finland-med-i-foretagsbyn-2\/","name":"Rederierna i Finland med i F\u00f6retagsbyn - Rederierna i Finland","isPartOf":{"@id":"https:\/\/shipowners.fi\/#website"},"primaryImageOfPage":{"@id":"https:\/\/shipowners.fi\/sv\/arbetsmarknad-och-kompetens\/rederierna-i-finland-med-i-foretagsbyn-2\/#primaryimage"},"image":{"@id":"https:\/\/shipowners.fi\/sv\/arbetsmarknad-och-kompetens\/rederierna-i-finland-med-i-foretagsbyn-2\/#primaryimage"},"thumbnailUrl":"https:\/\/shipowners.fi\/wp-content\/uploads\/2022\/06\/Yrityskyla_tiimi.jpg","datePublished":"2023-06-06T07:30:40+00:00","breadcrumb":{"@id":"https:\/\/shipowners.fi\/sv\/arbetsmarknad-och-kompetens\/rederierna-i-finland-med-i-foretagsbyn-2\/#breadcrumb"},"inLanguage":"sv-SE","potentialAction":[{"@type":"ReadAction","target":["https:\/\/shipowners.fi\/sv\/arbetsmarknad-och-kompetens\/rederierna-i-finland-med-i-foretagsbyn-2\/"]}]},{"@type":"ImageObject","inLanguage":"sv-SE","@id":"https:\/\/shipowners.fi\/sv\/arbetsmarknad-och-kompetens\/rederierna-i-finland-med-i-foretagsbyn-2\/#primaryimage","url":"https:\/\/shipowners.fi\/wp-content\/uploads\/2022\/06\/Yrityskyla_tiimi.jpg","contentUrl":"https:\/\/shipowners.fi\/wp-content\/uploads\/2022\/06\/Yrityskyla_tiimi.jpg","width":2048,"height":1367},{"@type":"BreadcrumbList","@id":"https:\/\/shipowners.fi\/sv\/arbetsmarknad-och-kompetens\/rederierna-i-finland-med-i-foretagsbyn-2\/#breadcrumb","itemListElement":[{"@type":"ListItem","position":1,"name":"Arbetsmarknad och kompetens","item":"https:\/\/shipowners.fi\/sv\/arbetsmarknad-och-kompetens\/"},{"@type":"ListItem","position":2,"name":"Rederierna i Finland med i F\u00f6retagsbyn"}]},{"@type":"WebSite","@id":"https:\/\/shipowners.fi\/#website","url":"https:\/\/shipowners.fi\/","name":"Rederierna i Finland","description":"","potentialAction":[{"@type":"SearchAction","target":{"@type":"EntryPoint","urlTemplate":"https:\/\/shipowners.fi\/?s={search_term_string}"},"query-input":{"@type":"PropertyValueSpecification","valueRequired":true,"valueName":"search_term_string"}}],"inLanguage":"sv-SE"}]}},"_links":{"self":[{"href":"https:\/\/shipowners.fi\/sv\/wp-json\/wp\/v2\/pages\/10524","targetHints":{"allow":["GET"]}}],"collection":[{"href":"https:\/\/shipowners.fi\/sv\/wp-json\/wp\/v2\/pages"}],"about":[{"href":"https:\/\/shipowners.fi\/sv\/wp-json\/wp\/v2\/types\/page"}],"author":[{"embeddable":true,"href":"https:\/\/shipowners.fi\/sv\/wp-json\/wp\/v2\/users\/15"}],"replies":[{"embeddable":true,"href":"https:\/\/shipowners.fi\/sv\/wp-json\/wp\/v2\/comments?post=10524"}],"version-history":[{"count":1,"href":"https:\/\/shipowners.fi\/sv\/wp-json\/wp\/v2\/pages\/10524\/revisions"}],"predecessor-version":[{"id":10525,"href":"https:\/\/shipowners.fi\/sv\/wp-json\/wp\/v2\/pages\/10524\/revisions\/10525"}],"up":[{"embeddable":true,"href":"https:\/\/shipowners.fi\/sv\/wp-json\/wp\/v2\/pages\/166"}],"wp:featuredmedia":[{"embeddable":true,"href":"https:\/\/shipowners.fi\/sv\/wp-json\/wp\/v2\/media\/8852"}],"wp:attachment":[{"href":"https:\/\/shipowners.fi\/sv\/wp-json\/wp\/v2\/media?parent=10524"}],"curies":[{"name":"wp","href":"https:\/\/api.w.org\/{rel}","templated":true}]}}