{"id":1152,"date":"2018-06-13T16:42:17","date_gmt":"2018-06-13T13:42:17","guid":{"rendered":"https:\/\/shipowners.fi\/?page_id=1152"},"modified":"2025-08-13T14:32:19","modified_gmt":"2025-08-13T11:32:19","slug":"styrelse","status":"publish","type":"page","link":"https:\/\/shipowners.fi\/sv\/rederierna-i-finland\/styrelse\/","title":{"rendered":"Styrelse"},"content":{"rendered":"<p><strong>Ordf\u00f6rande<\/strong><\/p>\n<p>Bj\u00f6rn Blomqvist, Rederi Ab Ecker\u00f6<\/p>\n<p><strong>Vice ordf\u00f6randen<\/strong><\/p>\n<p>Thomas Doepel, Finnlines Oy<\/p>\n<p>Jan Hanses, Viking Line Abp<\/p>\n<p>Antti Partanen, Rederi Ab Nathalie<\/p>\n<table width=\"621\">\n<tbody>\n<tr>\n<td width=\"302\"><strong>\u00a0Styrelsemedlemmar<\/strong><\/td>\n<td width=\"319\"><strong>Suppleanter<\/strong><\/td>\n<\/tr>\n<tr>\n<td width=\"302\">Hanses Jan, Viking Line Abp<\/td>\n<td width=\"319\">Boijer-Svahnstr\u00f6m Johanna, Viking Line Abp<\/td>\n<\/tr>\n<tr>\n<td width=\"302\">Koskinen Matti-Mikael, ESL Shipping Oy<\/td>\n<td width=\"319\">Rausti Mikko, ESL Shipping Oy<\/td>\n<\/tr>\n<tr>\n<td width=\"302\">Blomqvist Bj\u00f6rn, Rederi Ab Ecker\u00f6<\/td>\n<td width=\"319\">Donning Bo-Gustav, Rederi Ab Ecker\u00f6<\/td>\n<\/tr>\n<tr>\n<td width=\"302\">Gr\u00f6nstrand Sebastian, Navidom Oy<\/td>\n<td width=\"319\">Varpio Mikko, OSM Ship Management Finland Oy<\/td>\n<\/tr>\n<tr>\n<td width=\"302\">Partanen Antti, Rederi Ab Nathalie<\/td>\n<td width=\"319\">Rosin Bengt-Erik, Meriaura Group Ltd<\/td>\n<\/tr>\n<tr>\n<td width=\"302\">Langh-Lagerl\u00f6f Laura, Langh Ship Oy Ab<\/td>\n<td width=\"319\">Langh Hans, Langh Ship Oy Ab<\/td>\n<\/tr>\n<tr>\n<td width=\"302\">Mikkola Dan, Oy Trailer Link Ab<\/td>\n<td width=\"319\">Mikkola-Karlstr\u00f6m Eva, Oy Trailer Link Ab<\/td>\n<\/tr>\n<tr>\n<td width=\"302\">Kauppila Janne, Bore Ltd<\/td>\n<td width=\"319\">Hakala Mikko, Bore Ltd<\/td>\n<\/tr>\n<tr>\n<td width=\"302\">Schults Margus, Tallink Silja Oy<\/td>\n<td width=\"319\">Rauva Janeka, Tallink Silja Oy<\/td>\n<\/tr>\n<tr>\n<td width=\"302\">Visuri Maunu, Arctia Oy<\/td>\n<td width=\"319\">Gr\u00f6nqvist Christian, Prima Shipping Group Ab<\/td>\n<\/tr>\n<tr>\n<td width=\"302\">Doepel Thomas, Finnlines Oy<\/td>\n<td width=\"319\">Niemivuo Suvi, Finnlines Oy<\/td>\n<\/tr>\n<tr>\n<td width=\"302\">St\u00e5hlberg Peter, NLC Ferry Ab Oy<\/td>\n<td width=\"319\">M\u00e4lki\u00e4 Jussi, Meriaura Group Ltd<\/td>\n<\/tr>\n<\/tbody>\n<\/table>\n<h3>Kommitt\u00e9er<\/h3>\n<table width=\"621\">\n<tbody>\n<tr>\n<td width=\"302\"><strong>Milj\u00f6kommitt\u00e9n<\/strong><\/td>\n<td width=\"319\">ordf. Antti Partanen, Rederi Ab Nathalie<\/td>\n<\/tr>\n<tr>\n<td width=\"302\"><strong>Effektiv och s\u00e4ker infrakommitt\u00e9n<\/strong><\/td>\n<td width=\"319\">ordf. Kirsi Yl\u00e4rinne, ESL Shipping<\/td>\n<\/tr>\n<tr>\n<td width=\"302\"><strong>Kommunikationskommitt\u00e9n<\/strong><\/td>\n<td width=\"319\">ordf. Johanna Boijer-Svahnstr\u00f6m, Viking Line<\/td>\n<\/tr>\n<tr>\n<td width=\"302\"><strong>F\u00f6rhandlingskommitt\u00e9 f\u00f6r kollektivavtal<\/strong><\/td>\n<td width=\"319\">ordf. Bj\u00f6rn Blomqvist, Rederi Ab Ecker\u00f6<\/td>\n<\/tr>\n<\/tbody>\n<\/table>\n","protected":false},"excerpt":{"rendered":"<p>Ordf\u00f6rande Bj\u00f6rn Blomqvist, Rederi Ab Ecker\u00f6 Vice ordf\u00f6randen Thomas Doepel, Finnlines Oy Jan Hanses, Viking Line Abp Antti Partanen, Rederi Ab Nathalie \u00a0Styrelsemedlemmar Suppleanter Hanses Jan, Viking Line Abp Boijer-Svahnstr\u00f6m Johanna, Viking Line Abp Koskinen Matti-Mikael, ESL Shipping Oy Rausti Mikko, ESL Shipping Oy Blomqvist Bj\u00f6rn, Rederi Ab Ecker\u00f6 Donning Bo-Gustav, Rederi Ab Ecker\u00f6 Gr\u00f6nstrand&hellip;<\/p>\n","protected":false},"author":2,"featured_media":0,"parent":156,"menu_order":149,"comment_status":"closed","ping_status":"closed","template":"","meta":{"_acf_changed":false,"footnotes":""},"class_list":["post-1152","page","type-page","status-publish","hentry"],"acf":[],"yoast_head":"<!-- This site is optimized with the Yoast SEO plugin v27.2 - https:\/\/yoast.com\/product\/yoast-seo-wordpress\/ -->\n<title>Styrelse - Rederierna i Finland<\/title>\n<meta name=\"robots\" content=\"index, follow, max-snippet:-1, max-image-preview:large, max-video-preview:-1\" \/>\n<link rel=\"canonical\" href=\"https:\/\/shipowners.fi\/sv\/rederierna-i-finland\/styrelse\/\" \/>\n<meta property=\"og:locale\" content=\"sv_SE\" \/>\n<meta property=\"og:type\" content=\"article\" \/>\n<meta property=\"og:title\" content=\"Styrelse - Rederierna i Finland\" \/>\n<meta property=\"og:description\" content=\"Ordf\u00f6rande Bj\u00f6rn Blomqvist, Rederi Ab Ecker\u00f6 Vice ordf\u00f6randen Thomas Doepel, Finnlines Oy Jan Hanses, Viking Line Abp Antti Partanen, Rederi Ab Nathalie \u00a0Styrelsemedlemmar Suppleanter Hanses Jan, Viking Line Abp Boijer-Svahnstr\u00f6m Johanna, Viking Line Abp Koskinen Matti-Mikael, ESL Shipping Oy Rausti Mikko, ESL Shipping Oy Blomqvist Bj\u00f6rn, Rederi Ab Ecker\u00f6 Donning Bo-Gustav, Rederi Ab Ecker\u00f6 Gr\u00f6nstrand&hellip;\" \/>\n<meta property=\"og:url\" content=\"https:\/\/shipowners.fi\/sv\/rederierna-i-finland\/styrelse\/\" \/>\n<meta property=\"og:site_name\" content=\"Rederierna i Finland\" \/>\n<meta property=\"article:modified_time\" content=\"2025-08-13T11:32:19+00:00\" \/>\n<meta property=\"og:image\" content=\"https:\/\/shipowners.fi\/wp-content\/uploads\/2018\/05\/suomenvarustamot_etusivu.jpg\" \/>\n\t<meta property=\"og:image:width\" content=\"1243\" \/>\n\t<meta property=\"og:image:height\" content=\"901\" \/>\n\t<meta property=\"og:image:type\" content=\"image\/jpeg\" \/>\n<meta name=\"twitter:card\" content=\"summary_large_image\" \/>\n<meta name=\"twitter:label1\" content=\"Ber\u00e4knad l\u00e4stid\" \/>\n\t<meta name=\"twitter:data1\" content=\"2 minuter\" \/>\n<script type=\"application\/ld+json\" class=\"yoast-schema-graph\">{\"@context\":\"https:\/\/schema.org\",\"@graph\":[{\"@type\":\"WebPage\",\"@id\":\"https:\/\/shipowners.fi\/sv\/rederierna-i-finland\/styrelse\/\",\"url\":\"https:\/\/shipowners.fi\/sv\/rederierna-i-finland\/styrelse\/\",\"name\":\"Styrelse - Rederierna i Finland\",\"isPartOf\":{\"@id\":\"https:\/\/shipowners.fi\/#website\"},\"datePublished\":\"2018-06-13T13:42:17+00:00\",\"dateModified\":\"2025-08-13T11:32:19+00:00\",\"breadcrumb\":{\"@id\":\"https:\/\/shipowners.fi\/sv\/rederierna-i-finland\/styrelse\/#breadcrumb\"},\"inLanguage\":\"sv-SE\",\"potentialAction\":[{\"@type\":\"ReadAction\",\"target\":[\"https:\/\/shipowners.fi\/sv\/rederierna-i-finland\/styrelse\/\"]}]},{\"@type\":\"BreadcrumbList\",\"@id\":\"https:\/\/shipowners.fi\/sv\/rederierna-i-finland\/styrelse\/#breadcrumb\",\"itemListElement\":[{\"@type\":\"ListItem\",\"position\":1,\"name\":\"Rederierna i Finland\",\"item\":\"https:\/\/shipowners.fi\/sv\/rederierna-i-finland\/\"},{\"@type\":\"ListItem\",\"position\":2,\"name\":\"Styrelse\"}]},{\"@type\":\"WebSite\",\"@id\":\"https:\/\/shipowners.fi\/#website\",\"url\":\"https:\/\/shipowners.fi\/\",\"name\":\"Rederierna i Finland\",\"description\":\"\",\"potentialAction\":[{\"@type\":\"SearchAction\",\"target\":{\"@type\":\"EntryPoint\",\"urlTemplate\":\"https:\/\/shipowners.fi\/?s={search_term_string}\"},\"query-input\":{\"@type\":\"PropertyValueSpecification\",\"valueRequired\":true,\"valueName\":\"search_term_string\"}}],\"inLanguage\":\"sv-SE\"}]}<\/script>\n<!-- \/ Yoast SEO plugin. -->","yoast_head_json":{"title":"Styrelse - Rederierna i Finland","robots":{"index":"index","follow":"follow","max-snippet":"max-snippet:-1","max-image-preview":"max-image-preview:large","max-video-preview":"max-video-preview:-1"},"canonical":"https:\/\/shipowners.fi\/sv\/rederierna-i-finland\/styrelse\/","og_locale":"sv_SE","og_type":"article","og_title":"Styrelse - Rederierna i Finland","og_description":"Ordf\u00f6rande Bj\u00f6rn Blomqvist, Rederi Ab Ecker\u00f6 Vice ordf\u00f6randen Thomas Doepel, Finnlines Oy Jan Hanses, Viking Line Abp Antti Partanen, Rederi Ab Nathalie \u00a0Styrelsemedlemmar Suppleanter Hanses Jan, Viking Line Abp Boijer-Svahnstr\u00f6m Johanna, Viking Line Abp Koskinen Matti-Mikael, ESL Shipping Oy Rausti Mikko, ESL Shipping Oy Blomqvist Bj\u00f6rn, Rederi Ab Ecker\u00f6 Donning Bo-Gustav, Rederi Ab Ecker\u00f6 Gr\u00f6nstrand&hellip;","og_url":"https:\/\/shipowners.fi\/sv\/rederierna-i-finland\/styrelse\/","og_site_name":"Rederierna i Finland","article_modified_time":"2025-08-13T11:32:19+00:00","og_image":[{"width":1243,"height":901,"url":"https:\/\/shipowners.fi\/wp-content\/uploads\/2018\/05\/suomenvarustamot_etusivu.jpg","type":"image\/jpeg"}],"twitter_card":"summary_large_image","twitter_misc":{"Ber\u00e4knad l\u00e4stid":"2 minuter"},"schema":{"@context":"https:\/\/schema.org","@graph":[{"@type":"WebPage","@id":"https:\/\/shipowners.fi\/sv\/rederierna-i-finland\/styrelse\/","url":"https:\/\/shipowners.fi\/sv\/rederierna-i-finland\/styrelse\/","name":"Styrelse - Rederierna i Finland","isPartOf":{"@id":"https:\/\/shipowners.fi\/#website"},"datePublished":"2018-06-13T13:42:17+00:00","dateModified":"2025-08-13T11:32:19+00:00","breadcrumb":{"@id":"https:\/\/shipowners.fi\/sv\/rederierna-i-finland\/styrelse\/#breadcrumb"},"inLanguage":"sv-SE","potentialAction":[{"@type":"ReadAction","target":["https:\/\/shipowners.fi\/sv\/rederierna-i-finland\/styrelse\/"]}]},{"@type":"BreadcrumbList","@id":"https:\/\/shipowners.fi\/sv\/rederierna-i-finland\/styrelse\/#breadcrumb","itemListElement":[{"@type":"ListItem","position":1,"name":"Rederierna i Finland","item":"https:\/\/shipowners.fi\/sv\/rederierna-i-finland\/"},{"@type":"ListItem","position":2,"name":"Styrelse"}]},{"@type":"WebSite","@id":"https:\/\/shipowners.fi\/#website","url":"https:\/\/shipowners.fi\/","name":"Rederierna i Finland","description":"","potentialAction":[{"@type":"SearchAction","target":{"@type":"EntryPoint","urlTemplate":"https:\/\/shipowners.fi\/?s={search_term_string}"},"query-input":{"@type":"PropertyValueSpecification","valueRequired":true,"valueName":"search_term_string"}}],"inLanguage":"sv-SE"}]}},"_links":{"self":[{"href":"https:\/\/shipowners.fi\/sv\/wp-json\/wp\/v2\/pages\/1152","targetHints":{"allow":["GET"]}}],"collection":[{"href":"https:\/\/shipowners.fi\/sv\/wp-json\/wp\/v2\/pages"}],"about":[{"href":"https:\/\/shipowners.fi\/sv\/wp-json\/wp\/v2\/types\/page"}],"author":[{"embeddable":true,"href":"https:\/\/shipowners.fi\/sv\/wp-json\/wp\/v2\/users\/2"}],"replies":[{"embeddable":true,"href":"https:\/\/shipowners.fi\/sv\/wp-json\/wp\/v2\/comments?post=1152"}],"version-history":[{"count":22,"href":"https:\/\/shipowners.fi\/sv\/wp-json\/wp\/v2\/pages\/1152\/revisions"}],"predecessor-version":[{"id":12581,"href":"https:\/\/shipowners.fi\/sv\/wp-json\/wp\/v2\/pages\/1152\/revisions\/12581"}],"up":[{"embeddable":true,"href":"https:\/\/shipowners.fi\/sv\/wp-json\/wp\/v2\/pages\/156"}],"wp:attachment":[{"href":"https:\/\/shipowners.fi\/sv\/wp-json\/wp\/v2\/media?parent=1152"}],"curies":[{"name":"wp","href":"https:\/\/api.w.org\/{rel}","templated":true}]}}