{"id":11988,"date":"2024-10-22T10:49:52","date_gmt":"2024-10-22T07:49:52","guid":{"rendered":"https:\/\/shipowners.fi\/arbetsmarknad-och-kompetens\/ship-happens-bekanta-dig-med-sjofartbranchens-mojligheter\/"},"modified":"2025-02-12T10:37:18","modified_gmt":"2025-02-12T08:37:18","slug":"ship-happens-bekanta-dig-med-sjofartbranchens-mojligheter","status":"publish","type":"page","link":"https:\/\/shipowners.fi\/sv\/arbetsmarknad-och-kompetens\/ship-happens-bekanta-dig-med-sjofartbranchens-mojligheter\/","title":{"rendered":"Ship Happens: Bekanta dig med sj\u00f6fartsbranchens m\u00f6jligheter!"},"content":{"rendered":"<h4>P\u00e5 den h\u00e4r sidan hittar du information om m\u00f6jligheter, yrken och studiev\u00e4gar inom sj\u00f6fartsbranschen samt svar p\u00e5 vanliga fr\u00e5gor. Ta reda p\u00e5 om sj\u00f6fartssektorn \u00e4r r\u00e4tt f\u00f6r dig!<\/h4>\n<h4>Varf\u00f6r v\u00e4lja sj\u00f6fart?<\/h4>\n<p>Livet till sj\u00f6ss \u00e4r fullt av \u00e4ventyr, m\u00f6jligheter och ansvar. Har du n\u00e5gonsin undrat vad sj\u00f6fartsbranschen har att erbjuda? Du kan se v\u00e4rlden, f\u00e5 nya erfarenheter och vara en del av en global logistikkedja eller turistn\u00e4ringen. \u2693<\/p>\n<p>Sj\u00f6fart \u00e4r mycket mer \u00e4n bara frakt och kryssningar \u2013 det \u00e4r en livsl\u00e5ng resa d\u00e4r du kan v\u00e4xa professionellt och uppleva saker som f\u00e5 f\u00e5r se. Denna branch erbjuder karri\u00e4rer f\u00f6r dem som \u00e4r intresserade av teknik, ledning och ansvar, s\u00e5v\u00e4l som de som \u00e4lskar kundservice och st\u00e4mmningen av resa. Viktigast av allt \u2013 det finns gott om arbete inom branchen!<br \/>\nSj\u00f6fartsbranschen har m\u00e5nga f\u00f6rdelar som m\u00e5nga inte k\u00e4nner till. Visste du att i m\u00e5nga sj\u00f6fartsyrken har upp till h\u00e4lften av \u00e5ret semester? Vad s\u00e4gs om att resa runt i v\u00e4rlden med kollegor, gratis gym och bastu i slutet av arbetsdagen och gratis mat? Sj\u00f6fartsbranchen kan vara allt det h\u00e4r \u2013 och du kan fortfarande bo d\u00e4r ditt hem \u00e4r!<\/p>\n<h4>\u00c5t vem passar sj\u00f6fartsyrken?<\/h4>\n<p>De som gillar havet, resor och \u00e4r redo att l\u00e4ra sig nya saker trivs b\u00e4st i den maritima branschen. \u00c4r du praktisk, tekniskt inriktad eller intresserad av kundservice och turism? Inom sj\u00f6fartsindustrin kan du hitta din plats och vara en del av ett team d\u00e4r samarbete \u00e4r nyckeln!<br \/>\nDen h\u00e4r branschen \u00e4r ocks\u00e5 l\u00e4mplig f\u00f6r alla som vill vara en del av n\u00e5got st\u00f6rre \u2013 bokstavligen den globala trafiken som h\u00e5ller hjulen i v\u00e5rt samh\u00e4lle ig\u00e5ng.<\/p>\n<h4>Vad ska man studera?<\/h4>\n<p>Sj\u00f6fartsindustin erbjuder m\u00e5ngsidiga studiev\u00e4gar d\u00e4r du kan v\u00e4lja den som passer dig b\u00e4st. Oavsett om du \u00e4r intresserad av elektroteknik, ny teknik, kundservice eller turism finns det gott om alternativ inom branchen. I Finland kan du studera sj\u00f6fartsyrken vid flera l\u00e4roanstalter som erbjuder utbildning av h\u00f6g kvalitet och ger dig en m\u00f6jlighet att utvecklas till ett sj\u00f6fartproffs.<br \/>\nExamina finns p\u00e5 yrkes- och h\u00f6gskoleniv\u00e5. V\u00e4lj din egen rutt och b\u00f6rja navigera mot havet!<\/p>\n<h4>Hurdana arbeten finns det inom sj\u00f6farten?<\/h4>\n<p>Arbetsdagar \u00e4r aldrig likadana. Du kan arbeta till exempel:<\/p>\n<ul>\n<li>Som bef\u00e4lhavare som styr fartyget genom v\u00e4rldens hav och ansvarar f\u00f6r b\u00e5de fartyget och dess last samt alla ombord.<\/li>\n<li>Som maskinchef eller vaktmaskinm\u00e4stare som ansvarar f\u00f6r fartygets tekniska system och ser till att allt fungerar felfritt. De \u00f6vervakar bland annat driften av maskiner, underh\u00e5ller och reparerar utrustning och ansvarar f\u00f6r energiproduktionen ombord.<\/li>\n<li>Som d\u00e4cksvakt, som assisterar styrm\u00e4nnen, deltar i vakth\u00e5llning och lasthantering samt fartygsunderh\u00e5ll p\u00e5 d\u00e4cksavdelningen.<\/li>\n<li>Som fartygselektriker, som sk\u00f6ter driften av fartygets elsystem och utf\u00f6r n\u00f6dv\u00e4ndiga reparations- och underh\u00e5llsarbeten.<\/li>\n<li>Som reparat\u00f6r, som ansvarar f\u00f6r underh\u00e5ll och reparation av olika apparater och system ombord. Detta arbete kr\u00e4ver ofta m\u00e5ngsidiga tekniska f\u00e4rdigheter.<\/li>\n<li>Som styrman, som fungerar som kaptenens h\u00f6gra hand och ansvarar till exempel f\u00f6r fartygets navigering och s\u00e4ker hantering av lasten under sitt vaktskifte.<\/li>\n<li>Som kryssningsv\u00e4rd eller v\u00e4rdinna som tar hand om passagerarnas trivsel och s\u00e4kerhet. Arbeter handlar bland annat om kundservice, organisera olika aktiviteter och l\u00f6sa problemsituationer.<br \/>\nI kundtj\u00e4nst d\u00e4r pasagerare erbjuds information och hj\u00e4lp under sin resa.<\/li>\n<li>Som kock, som ansvarar f\u00f6r tillagning av mat till bes\u00e4ttning och passagerare.<\/li>\n<\/ul>\n<h4>Hur kommer du in i branschen?<\/h4>\n<p>\u00c4r du redo att stiga ombord? Bekanta dig ned de olika studiev\u00e4garna och v\u00e4lj din egen inriktning. Nedan hittar du l\u00e4nkar som leder dig till olika utbildningsm\u00f6jligheter runt om i Finland. Klicka och b\u00f6rja din resa i sj\u00f6fartens v\u00e4rld!<\/p>\n<p><strong>Yrkesutbildning<\/strong><\/p>\n<p>\u2013 Aboa Mare, \u00c5bo<br \/>\n<a href=\"https:\/\/aboamare.fi\/\">https:\/\/aboamare.fi\/<\/a><\/p>\n<p>\u2013 Axxell, \u00c5bo<br \/>\n<a href=\"https:\/\/www.axxell.fi\/sv\/%C3%A5bo\">https:\/\/www.axxell.fi\/sv\/%C3%A5bo<\/a><\/p>\n<p>\u2013 EKAMI, Kotka<br \/>\nhttps:\/\/ekami.fi\/<\/p>\n<p>\u2013 WinNova, Raumo<br \/>\n<a href=\"https:\/\/www.winnova.fi\/sv\/\">https:\/\/www.winnova.fi\/sv\/<\/a><\/p>\n<p>\u2013 \u00c5lands yrkesgymnasium, \u00c5land<br \/>\n<a href=\"https:\/\/www.gymnasium.ax\/alands-yrkesgymnasium\/yrkesutbildningar-gymnasieexamen\/sjofart\">https:\/\/www.gymnasium.ax\/alands-yrkesgymnasium\/yrkesutbildningar-gymnasieexamen\/sjofart<\/a><\/p>\n<p><strong>Yrkesh\u00f6gskola<\/strong><\/p>\n<p>\u2013 SAMK, Raumo<br \/>\n<a href=\"https:\/\/www.samk.fi\/\">https:\/\/www.samk.fi\/<\/a><\/p>\n<p>\u2013 XAMK, Kotka<br \/>\n<a href=\"https:\/\/www.xamk.fi\/\">https:\/\/www.xamk.fi\/<\/a><\/p>\n<p>\u2013 H\u00f6gskolan p\u00e5 \u00c5land<br \/>\n<a href=\"https:\/\/www.ha.ax\/utbildning\/studera-till-sjokapten\/\">https:\/\/www.ha.ax\/utbildning\/studera-till-sjokapten\/<\/a><\/p>\n<p>\u2013 \u00c5bo Yrkesh\u00f6gskola<br \/>\n<a href=\"https:\/\/www.turkuamk.fi\/fi\/artikkelit\/2974\/meritekniikan-opinnoissa-voit-suunnitella-laivan-olemme-hyvin-tyytyvaisia\/\">https:\/\/www.turkuamk.fi\/fi\/artikkelit\/2974\/meritekniikan-opinnoissa-voit-suunnitella-laivan-olemme-hyvin-tyytyvaisia\/<\/a><\/p>\n<p>\u2013 Aboa Mare, \u00c5bo<br \/>\n<a href=\"https:\/\/aboamare.fi\/\">https:\/\/aboamare.fi\/<\/a><\/p>\n<p>Lockar inte l\u00e5nga studier just nu \u2013 och vill du snabbt komma in i arbetslivet och tj\u00e4na pengar? Hoppa med i den nya utbildningspiloten, d\u00e4r du kan b\u00f6rja ditt job p\u00e5 ett fartyg p\u00e5 mindre \u00e4n ett \u00e5r!<br \/>\nAns\u00f6k redan nu! <a href=\"https:\/\/ekami.fi\/koulutus\/ensituntuma-laivatoihin-vahtimies-kansi-ja-kone\/\">https:\/\/ekami.fi\/koulutus\/ensituntuma-laivatoihin-vahtimies-kansi-ja-kone\/<\/a><\/p>\n<h4>N\u00e5gra \u00f6verraskande fakta om sj\u00f6farten &#8211; Visste du dessa?<\/h4>\n<p><strong>HANDEL<\/strong>: Visste du att mer \u00e4n 96 procent av godset som kommer fr\u00e5n utlandet till Finland kommer sj\u00f6v\u00e4gen? Allts\u00e5 n\u00e4stan allt! Utan sj\u00f6fart skulle v\u00e5rt samh\u00e4lle sluta fungera.<br \/>\n<strong>MILJ\u00d6V\u00c4NNEN:<\/strong> Du kanske undrar om sj\u00f6fart \u00e4r h\u00e5llbart. Svaret \u00e4r: Sj\u00f6transport \u00e4r en l\u00e5gemissions- och energieffektiv transportform!<br \/>\n<strong>EN ARBETSGIVARE F\u00d6R M\u00c5NGA:<\/strong> Mer \u00e4n 50 000 personer arbetar inom sj\u00f6fartsn\u00e4ringen i Finland.<br \/>\n<strong>BASTUV\u00c4RME:<\/strong> Finska fartyg ska enligt lag ha bastu!<br \/>\n<strong>GRATIS MAT:<\/strong> N\u00e4r du arbetar ombord beh\u00f6ver du inte laga mat eller betala f\u00f6r det!<\/p>\n<p>&nbsp;<\/p>\n<p><img loading=\"lazy\" decoding=\"async\" class=\"alignnone size-large wp-image-11906\" src=\"https:\/\/shipowners.fi\/wp-content\/uploads\/2024\/10\/ShipHappens_Niko-960x540.png\" alt=\"\" width=\"960\" height=\"540\" \/><\/p>\n<p><em>&#8221;Jag skulle rekommendera sj\u00f6fartsarbete till unga m\u00e4nniskor som vill se v\u00e4rlden och \u00e4nd\u00e5 f\u00e5 betalt f\u00f6r det. Och vem skulle inte vilja arbeta i en vacker havsmilj\u00f6? N\u00e4r man studerar \u00e4r det l\u00e4tt att f\u00e5 jobb vid sidan av skolan. P\u00e5 jobbet f\u00e5r du se och uppleva saker som du inte kan f\u00e5 n\u00e5gon annanstans \u2013 b\u00e5de studier och arbete \u00e4r verkligen m\u00e5ngsidigt!&#8221; &#8211; Niko<\/em><\/p>\n<p>&nbsp;<\/p>\n<h4>Ship Happens \u2013 hoppa med!<\/h4>\n<p><strong>F\u00f6lj med och hitta din egen plats i sj\u00f6farten. I den h\u00e4r branchen \u00e4r himlen inte gr\u00e4nsen &#8211; inte ens horisonten!<\/strong><br \/>\n<strong>Hur ser arbetsdagarna till sj\u00f6ss ut? F\u00f6lj vardagen f\u00f6r fyra ungdomar som arbetar inom sj\u00f6fartsbranschen p\u00e5 Instagram och TikTok med anv\u00e4ndarkontot @shiphappensfi.<\/strong><\/p>\n<h4>Kolla \u00e4ven nya n\u00e4tsidan <a href=\"http:\/\/www.shiphappens.fi\">www.shiphappens.fi<\/a>! D\u00e4r hittar du mera info om sj\u00f6fartens yrken, utbildning och \u00e4ven ett yrkestest (sidan \u00e4r p\u00e5 finska).<\/h4>\n","protected":false},"excerpt":{"rendered":"<p>P\u00e5 den h\u00e4r sidan hittar du information om m\u00f6jligheter, yrken och studiev\u00e4gar inom sj\u00f6fartsbranschen samt svar p\u00e5 vanliga fr\u00e5gor. Ta reda p\u00e5 om sj\u00f6fartssektorn \u00e4r r\u00e4tt f\u00f6r dig! Varf\u00f6r v\u00e4lja sj\u00f6fart? Livet till sj\u00f6ss \u00e4r fullt av \u00e4ventyr, m\u00f6jligheter och ansvar. Har du n\u00e5gonsin undrat vad sj\u00f6fartsbranschen har att erbjuda? Du kan se v\u00e4rlden, f\u00e5&hellip;<\/p>\n","protected":false},"author":2,"featured_media":0,"parent":166,"menu_order":135,"comment_status":"closed","ping_status":"closed","template":"","meta":{"_acf_changed":false,"footnotes":""},"class_list":["post-11988","page","type-page","status-publish","hentry"],"acf":[],"yoast_head":"<!-- This site is optimized with the Yoast SEO plugin v27.2 - https:\/\/yoast.com\/product\/yoast-seo-wordpress\/ -->\n<title>Ship Happens: Bekanta dig med sj\u00f6fartsbranchens m\u00f6jligheter! - Rederierna i Finland<\/title>\n<meta name=\"robots\" content=\"index, follow, max-snippet:-1, max-image-preview:large, max-video-preview:-1\" \/>\n<link rel=\"canonical\" href=\"https:\/\/shipowners.fi\/sv\/arbetsmarknad-och-kompetens\/ship-happens-bekanta-dig-med-sjofartbranchens-mojligheter\/\" \/>\n<meta property=\"og:locale\" content=\"sv_SE\" \/>\n<meta property=\"og:type\" content=\"article\" \/>\n<meta property=\"og:title\" content=\"Ship Happens: Bekanta dig med sj\u00f6fartsbranchens m\u00f6jligheter! - Rederierna i Finland\" \/>\n<meta property=\"og:description\" content=\"P\u00e5 den h\u00e4r sidan hittar du information om m\u00f6jligheter, yrken och studiev\u00e4gar inom sj\u00f6fartsbranschen samt svar p\u00e5 vanliga fr\u00e5gor. Ta reda p\u00e5 om sj\u00f6fartssektorn \u00e4r r\u00e4tt f\u00f6r dig! Varf\u00f6r v\u00e4lja sj\u00f6fart? Livet till sj\u00f6ss \u00e4r fullt av \u00e4ventyr, m\u00f6jligheter och ansvar. Har du n\u00e5gonsin undrat vad sj\u00f6fartsbranschen har att erbjuda? Du kan se v\u00e4rlden, f\u00e5&hellip;\" \/>\n<meta property=\"og:url\" content=\"https:\/\/shipowners.fi\/sv\/arbetsmarknad-och-kompetens\/ship-happens-bekanta-dig-med-sjofartbranchens-mojligheter\/\" \/>\n<meta property=\"og:site_name\" content=\"Rederierna i Finland\" \/>\n<meta property=\"article:modified_time\" content=\"2025-02-12T08:37:18+00:00\" \/>\n<meta property=\"og:image\" content=\"https:\/\/shipowners.fi\/wp-content\/uploads\/2024\/10\/ShipHappens_Niko-e1729587066866-960x823.png\" \/>\n\t<meta property=\"og:image:width\" content=\"960\" \/>\n\t<meta property=\"og:image:height\" content=\"823\" \/>\n\t<meta property=\"og:image:type\" content=\"image\/png\" \/>\n<meta name=\"twitter:card\" content=\"summary_large_image\" \/>\n<meta name=\"twitter:label1\" content=\"Ber\u00e4knad l\u00e4stid\" \/>\n\t<meta name=\"twitter:data1\" content=\"6 minuter\" \/>\n<script type=\"application\/ld+json\" class=\"yoast-schema-graph\">{\"@context\":\"https:\/\/schema.org\",\"@graph\":[{\"@type\":\"WebPage\",\"@id\":\"https:\/\/shipowners.fi\/sv\/arbetsmarknad-och-kompetens\/ship-happens-bekanta-dig-med-sjofartbranchens-mojligheter\/\",\"url\":\"https:\/\/shipowners.fi\/sv\/arbetsmarknad-och-kompetens\/ship-happens-bekanta-dig-med-sjofartbranchens-mojligheter\/\",\"name\":\"Ship Happens: Bekanta dig med sj\u00f6fartsbranchens m\u00f6jligheter! - Rederierna i Finland\",\"isPartOf\":{\"@id\":\"https:\/\/shipowners.fi\/#website\"},\"primaryImageOfPage\":{\"@id\":\"https:\/\/shipowners.fi\/sv\/arbetsmarknad-och-kompetens\/ship-happens-bekanta-dig-med-sjofartbranchens-mojligheter\/#primaryimage\"},\"image\":{\"@id\":\"https:\/\/shipowners.fi\/sv\/arbetsmarknad-och-kompetens\/ship-happens-bekanta-dig-med-sjofartbranchens-mojligheter\/#primaryimage\"},\"thumbnailUrl\":\"https:\/\/shipowners.fi\/wp-content\/uploads\/2024\/10\/ShipHappens_Niko-960x540.png\",\"datePublished\":\"2024-10-22T07:49:52+00:00\",\"dateModified\":\"2025-02-12T08:37:18+00:00\",\"breadcrumb\":{\"@id\":\"https:\/\/shipowners.fi\/sv\/arbetsmarknad-och-kompetens\/ship-happens-bekanta-dig-med-sjofartbranchens-mojligheter\/#breadcrumb\"},\"inLanguage\":\"sv-SE\",\"potentialAction\":[{\"@type\":\"ReadAction\",\"target\":[\"https:\/\/shipowners.fi\/sv\/arbetsmarknad-och-kompetens\/ship-happens-bekanta-dig-med-sjofartbranchens-mojligheter\/\"]}]},{\"@type\":\"ImageObject\",\"inLanguage\":\"sv-SE\",\"@id\":\"https:\/\/shipowners.fi\/sv\/arbetsmarknad-och-kompetens\/ship-happens-bekanta-dig-med-sjofartbranchens-mojligheter\/#primaryimage\",\"url\":\"https:\/\/shipowners.fi\/wp-content\/uploads\/2024\/10\/ShipHappens_Niko-960x540.png\",\"contentUrl\":\"https:\/\/shipowners.fi\/wp-content\/uploads\/2024\/10\/ShipHappens_Niko-960x540.png\"},{\"@type\":\"BreadcrumbList\",\"@id\":\"https:\/\/shipowners.fi\/sv\/arbetsmarknad-och-kompetens\/ship-happens-bekanta-dig-med-sjofartbranchens-mojligheter\/#breadcrumb\",\"itemListElement\":[{\"@type\":\"ListItem\",\"position\":1,\"name\":\"Arbetsmarknad och kompetens\",\"item\":\"https:\/\/shipowners.fi\/sv\/arbetsmarknad-och-kompetens\/\"},{\"@type\":\"ListItem\",\"position\":2,\"name\":\"Ship Happens: Bekanta dig med sj\u00f6fartsbranchens m\u00f6jligheter!\"}]},{\"@type\":\"WebSite\",\"@id\":\"https:\/\/shipowners.fi\/#website\",\"url\":\"https:\/\/shipowners.fi\/\",\"name\":\"Rederierna i Finland\",\"description\":\"\",\"potentialAction\":[{\"@type\":\"SearchAction\",\"target\":{\"@type\":\"EntryPoint\",\"urlTemplate\":\"https:\/\/shipowners.fi\/?s={search_term_string}\"},\"query-input\":{\"@type\":\"PropertyValueSpecification\",\"valueRequired\":true,\"valueName\":\"search_term_string\"}}],\"inLanguage\":\"sv-SE\"}]}<\/script>\n<!-- \/ Yoast SEO plugin. -->","yoast_head_json":{"title":"Ship Happens: Bekanta dig med sj\u00f6fartsbranchens m\u00f6jligheter! - Rederierna i Finland","robots":{"index":"index","follow":"follow","max-snippet":"max-snippet:-1","max-image-preview":"max-image-preview:large","max-video-preview":"max-video-preview:-1"},"canonical":"https:\/\/shipowners.fi\/sv\/arbetsmarknad-och-kompetens\/ship-happens-bekanta-dig-med-sjofartbranchens-mojligheter\/","og_locale":"sv_SE","og_type":"article","og_title":"Ship Happens: Bekanta dig med sj\u00f6fartsbranchens m\u00f6jligheter! - Rederierna i Finland","og_description":"P\u00e5 den h\u00e4r sidan hittar du information om m\u00f6jligheter, yrken och studiev\u00e4gar inom sj\u00f6fartsbranschen samt svar p\u00e5 vanliga fr\u00e5gor. Ta reda p\u00e5 om sj\u00f6fartssektorn \u00e4r r\u00e4tt f\u00f6r dig! Varf\u00f6r v\u00e4lja sj\u00f6fart? Livet till sj\u00f6ss \u00e4r fullt av \u00e4ventyr, m\u00f6jligheter och ansvar. Har du n\u00e5gonsin undrat vad sj\u00f6fartsbranschen har att erbjuda? Du kan se v\u00e4rlden, f\u00e5&hellip;","og_url":"https:\/\/shipowners.fi\/sv\/arbetsmarknad-och-kompetens\/ship-happens-bekanta-dig-med-sjofartbranchens-mojligheter\/","og_site_name":"Rederierna i Finland","article_modified_time":"2025-02-12T08:37:18+00:00","og_image":[{"width":960,"height":823,"url":"https:\/\/shipowners.fi\/wp-content\/uploads\/2024\/10\/ShipHappens_Niko-e1729587066866-960x823.png","type":"image\/png"}],"twitter_card":"summary_large_image","twitter_misc":{"Ber\u00e4knad l\u00e4stid":"6 minuter"},"schema":{"@context":"https:\/\/schema.org","@graph":[{"@type":"WebPage","@id":"https:\/\/shipowners.fi\/sv\/arbetsmarknad-och-kompetens\/ship-happens-bekanta-dig-med-sjofartbranchens-mojligheter\/","url":"https:\/\/shipowners.fi\/sv\/arbetsmarknad-och-kompetens\/ship-happens-bekanta-dig-med-sjofartbranchens-mojligheter\/","name":"Ship Happens: Bekanta dig med sj\u00f6fartsbranchens m\u00f6jligheter! - Rederierna i Finland","isPartOf":{"@id":"https:\/\/shipowners.fi\/#website"},"primaryImageOfPage":{"@id":"https:\/\/shipowners.fi\/sv\/arbetsmarknad-och-kompetens\/ship-happens-bekanta-dig-med-sjofartbranchens-mojligheter\/#primaryimage"},"image":{"@id":"https:\/\/shipowners.fi\/sv\/arbetsmarknad-och-kompetens\/ship-happens-bekanta-dig-med-sjofartbranchens-mojligheter\/#primaryimage"},"thumbnailUrl":"https:\/\/shipowners.fi\/wp-content\/uploads\/2024\/10\/ShipHappens_Niko-960x540.png","datePublished":"2024-10-22T07:49:52+00:00","dateModified":"2025-02-12T08:37:18+00:00","breadcrumb":{"@id":"https:\/\/shipowners.fi\/sv\/arbetsmarknad-och-kompetens\/ship-happens-bekanta-dig-med-sjofartbranchens-mojligheter\/#breadcrumb"},"inLanguage":"sv-SE","potentialAction":[{"@type":"ReadAction","target":["https:\/\/shipowners.fi\/sv\/arbetsmarknad-och-kompetens\/ship-happens-bekanta-dig-med-sjofartbranchens-mojligheter\/"]}]},{"@type":"ImageObject","inLanguage":"sv-SE","@id":"https:\/\/shipowners.fi\/sv\/arbetsmarknad-och-kompetens\/ship-happens-bekanta-dig-med-sjofartbranchens-mojligheter\/#primaryimage","url":"https:\/\/shipowners.fi\/wp-content\/uploads\/2024\/10\/ShipHappens_Niko-960x540.png","contentUrl":"https:\/\/shipowners.fi\/wp-content\/uploads\/2024\/10\/ShipHappens_Niko-960x540.png"},{"@type":"BreadcrumbList","@id":"https:\/\/shipowners.fi\/sv\/arbetsmarknad-och-kompetens\/ship-happens-bekanta-dig-med-sjofartbranchens-mojligheter\/#breadcrumb","itemListElement":[{"@type":"ListItem","position":1,"name":"Arbetsmarknad och kompetens","item":"https:\/\/shipowners.fi\/sv\/arbetsmarknad-och-kompetens\/"},{"@type":"ListItem","position":2,"name":"Ship Happens: Bekanta dig med sj\u00f6fartsbranchens m\u00f6jligheter!"}]},{"@type":"WebSite","@id":"https:\/\/shipowners.fi\/#website","url":"https:\/\/shipowners.fi\/","name":"Rederierna i Finland","description":"","potentialAction":[{"@type":"SearchAction","target":{"@type":"EntryPoint","urlTemplate":"https:\/\/shipowners.fi\/?s={search_term_string}"},"query-input":{"@type":"PropertyValueSpecification","valueRequired":true,"valueName":"search_term_string"}}],"inLanguage":"sv-SE"}]}},"_links":{"self":[{"href":"https:\/\/shipowners.fi\/sv\/wp-json\/wp\/v2\/pages\/11988","targetHints":{"allow":["GET"]}}],"collection":[{"href":"https:\/\/shipowners.fi\/sv\/wp-json\/wp\/v2\/pages"}],"about":[{"href":"https:\/\/shipowners.fi\/sv\/wp-json\/wp\/v2\/types\/page"}],"author":[{"embeddable":true,"href":"https:\/\/shipowners.fi\/sv\/wp-json\/wp\/v2\/users\/2"}],"replies":[{"embeddable":true,"href":"https:\/\/shipowners.fi\/sv\/wp-json\/wp\/v2\/comments?post=11988"}],"version-history":[{"count":5,"href":"https:\/\/shipowners.fi\/sv\/wp-json\/wp\/v2\/pages\/11988\/revisions"}],"predecessor-version":[{"id":12284,"href":"https:\/\/shipowners.fi\/sv\/wp-json\/wp\/v2\/pages\/11988\/revisions\/12284"}],"up":[{"embeddable":true,"href":"https:\/\/shipowners.fi\/sv\/wp-json\/wp\/v2\/pages\/166"}],"wp:attachment":[{"href":"https:\/\/shipowners.fi\/sv\/wp-json\/wp\/v2\/media?parent=11988"}],"curies":[{"name":"wp","href":"https:\/\/api.w.org\/{rel}","templated":true}]}}