{"id":12139,"date":"2024-11-20T10:02:36","date_gmt":"2024-11-20T08:02:36","guid":{"rendered":"https:\/\/shipowners.fi\/ansvarsfullhet\/miljon-och-klimat\/grona-sjofartskorridorer\/"},"modified":"2024-11-20T10:05:22","modified_gmt":"2024-11-20T08:05:22","slug":"grona-sjofartskorridorer","status":"publish","type":"page","link":"https:\/\/shipowners.fi\/sv\/ansvarsfullhet\/miljon-och-klimat\/grona-sjofartskorridorer\/","title":{"rendered":"Gr\u00f6na sj\u00f6fartskorridorer"},"content":{"rendered":"<p>Green Shipping Corridors, eller gr\u00f6na sj\u00f6fartskorridorer, \u00e4r en del av globala \u00e5tg\u00e4rder som syftar till att minska utsl\u00e4ppen av v\u00e4xthusgaser fr\u00e5n sj\u00f6transporter. F\u00f6r n\u00e4rvarande planeras ett 60-tal gr\u00f6na sj\u00f6fartskorridorer \u00f6ver hela v\u00e4rlden. En gr\u00f6n sj\u00f6fartskorridor \u00e4r en utsl\u00e4ppsfri eller n\u00e4stan utsl\u00e4ppsfri farled mellan tv\u00e5 eller flera hamnar. En gr\u00f6n logistisk transportkedja kan innefatta flera transportslag.<\/p>\n<p>Gr\u00f6na sj\u00f6fartskorridorer fungerar som en plattform f\u00f6r samarbete, innovation och projekt som utnyttjar ny teknik till sj\u00f6ss och p\u00e5 land. Med hj\u00e4lp av det samarbete som projekten medf\u00f6r ska partnernas utsl\u00e4ppsminskningsarbete p\u00e5skyndas s\u00e5 att utsl\u00e4ppsm\u00e5len n\u00e5s snabbare. Globalt \u00e4r containerfartyg och passagerarf\u00e4rjor, d\u00e4r sj\u00f6frakt vanligtvis transporteras p\u00e5 gummihjul, pionj\u00e4rer i att utveckla Green Shipping Corridors. \u00c4ven i Finland har passagerarbilf\u00e4rjor aktivt tagit konceptet i bruk.<\/p>\n<p>F\u00f6r att f\u00f6rverkligas beh\u00f6ver gr\u00f6na sj\u00f6fartskorridorer ett omfattande samarbete, d\u00e4r hamnar, st\u00e4der, myndigheter, transportf\u00f6retag, last\u00e4gare och rederier spelar en nyckelroll. Flera av str\u00e4ckorna \u00e4r fortfarande i planeringsfasen, men vissa str\u00e4ckor har redan \u00f6ppnats.<\/p>\n<p>Under senaste tiderna har det h\u00f6rts goda nyheter om gr\u00f6na sj\u00f6fartskorridorer fr\u00e5n finska operat\u00f6rer tillsammans med svenska och estniska aktorer. Nyttorna av gr\u00f6na sj\u00f6fartskorridorernas utsl\u00e4ppsminskningsm\u00f6jligheter har kommit inom r\u00e4ckh\u00e5ll f\u00f6r f\u00f6retag och konsumenter.<\/p>\n<p>P\u00e5 Bottenviken har Wasaline lanserat Green Corridor Fridays, d\u00e4r linjen p\u00e5 fredagar g\u00e5r utsl\u00e4ppsfritt mellan Vasa och Ume\u00e5. Rutten k\u00f6rs p\u00e5 fredagar med f\u00f6rnybar flytande biometan (LBG) ist\u00e4llet f\u00f6r flytande naturgas (LNG). Rutten \u00e4r f\u00f6r n\u00e4rvarande en av de mest f\u00e4rdiga korridorerna. Wasalines Aurora Botnia-fartyg, byggt i Finland p\u00e5 Rauma-varvet, \u00e4r en av de mest milj\u00f6v\u00e4nliga f\u00e4rjorna och har fungerat som en flytande testplattform f\u00f6r energisparande innovationer.<\/p>\n<p>P\u00e5 fraktsidan finns ocks\u00e5 nyheter om gr\u00f6na korridorer. Viking Line har i samarbete med Orcla och Scandic Trans skapat \u00d6stersj\u00f6ns f\u00f6rsta logistiska gr\u00f6na korridor f\u00f6r gods, d\u00e4r utsl\u00e4ppen vid transport av Felix ketchupflaskor har minskat med 90 % genom att ers\u00e4tta fossila br\u00e4nslen med GASUM:s biobaserade br\u00e4nslen. Rutten g\u00e5r fr\u00e5n F\u00e5gelmara i Sverige \u00e4nda till \u00c5bo.<\/p>\n<p>Det finns tv\u00e5 rutter planerade p\u00e5 Finska viken. Finland och Estland undertecknade f\u00f6rra \u00e5ret Green Shipping Corridor Memorandum of Understanding, vars m\u00e5l \u00e4r att skapa en h\u00e5llbar, milj\u00f6neutral sj\u00f6fartskorridor f\u00f6r passagerar- och godskunder mellan hamnarna i Helsingfors och Tallinn och hamnarna i Nordsj\u00f6 och Muuga. Projektet omfattar alla passagerarfartyg som trafikerar mellan Finland och Estland av rederierna Ecker\u00f6 Line, Tallink Silja och Viking Line.<\/p>\n<p>Den gr\u00f6na korridoren mellan \u00c5bo och Stockholm \u00e4r ocks\u00e5 under uppbyggnad och ber\u00e4knas vara fossilfri senast 2035. F\u00f6rutom hamnarna \u00e4r \u00e4ven Viking Line med i samarbetet.<\/p>\n<p>P\u00e5 l\u00e4ngre sikt st\u00e4rker gr\u00f6na transportkedjor och transportkedjor med l\u00e5ga utsl\u00e4pp ocks\u00e5 de finl\u00e4ndska f\u00f6retagens konkurrenskraft p\u00e5 den globala marknaden. Kostnadsniv\u00e5n f\u00f6r utsl\u00e4ppsavgifterna f\u00f6rutsp\u00e5s \u00f6ka under de kommande decennierna, s\u00e5 anstr\u00e4ngningar b\u00f6r g\u00f6ras f\u00f6r att minska utsl\u00e4ppen fr\u00e5n logistikkedjan redan av kostnadssk\u00e4l.<\/p>\n<p>Gr\u00f6na sj\u00f6fartskorridorer \u00e4r ett sj\u00e4lvinitierat, praktiskt tillv\u00e4gag\u00e5ngss\u00e4tt f\u00f6r att hj\u00e4lpa operat\u00f6rer som deltar i korridorprojekt att uppn\u00e5 b\u00e5de sina egna utsl\u00e4ppsminskningsm\u00e5l och de som fastst\u00e4llts i klimatavtalet fr\u00e5n Paris till 2050. \u00c5tg\u00e4rderna syftar till att begr\u00e4nsa den globala uppv\u00e4rmningen till 1,5 grader.<\/p>\n<p>Enligt den v\u00e4xthusgasstrategin som uppdaterades 2023 av FN:s sj\u00f6fartsorganisation IMO ska utsl\u00e4ppen av v\u00e4xthusgaser fr\u00e5n internationella sj\u00f6transporter vara netto noll \u00e5r 2050 eller d\u00e4romkring. \u00c5r 2030 b\u00f6r 5\u201310 % av den energi som anv\u00e4nds av internationella sj\u00f6transporter redan komma fr\u00e5n noll- eller n\u00e4stan noll-emitterande energier, br\u00e4nslen och tekniker. Mycket m\u00e5ste h\u00e4nda p\u00e5 bred front snabbt f\u00f6r att n\u00e5 utsl\u00e4ppsminskningsm\u00e5len.<\/p>\n<p>Den st\u00f6rsta utmaningen inom sj\u00f6transporter \u00e4r tillg\u00e5ngen p\u00e5 alternativa br\u00e4nslen och det m\u00e5nga g\u00e5nger h\u00f6gre priset. Gr\u00f6na korridorer hoppas ocks\u00e5 \u00f6ka efterfr\u00e5gan p\u00e5 de mest milj\u00f6v\u00e4nliga energierna, br\u00e4nslena och teknikerna. I takt med att efterfr\u00e5gan \u00f6kar hoppas man att detta \u00e4ven ska \u00e5terspeglas i s\u00e4nkta transportbr\u00e4nslepriser. Under \u00f6verg\u00e5ngsperioden har Rederierna I Finland och Finlands N\u00e4ringsliv f\u00f6reslagit den finska regeringen att 100 % av de nationella int\u00e4kterna fr\u00e5n handeln med utsl\u00e4ppsr\u00e4tter g\u00e5r till att p\u00e5skynda den rena omst\u00e4llningen. N\u00e4r det g\u00e4ller sj\u00f6transporter skulle det inneb\u00e4ra att man fokuserar p\u00e5 att f\u00f6rb\u00e4ttra tillg\u00e5ngen p\u00e5 h\u00e5llbara br\u00e4nslen och s\u00e4nka priset under \u00f6verg\u00e5ngsperioden, innan en tillr\u00e4cklig m\u00e4ngd koldioxidsn\u00e5la br\u00e4nslen finns tillg\u00e4ngliga till ett konkurrenskraftigt pris.<\/p>\n<p><img loading=\"lazy\" decoding=\"async\" class=\"alignnone size-full wp-image-3051\" src=\"https:\/\/shipowners.fi\/wp-content\/uploads\/2018\/06\/0DE8EE70-BC8A-46EA-80A1-F313FECD5E46.jpeg\" alt=\"\" width=\"1024\" height=\"800\" srcset=\"https:\/\/shipowners.fi\/wp-content\/uploads\/2018\/06\/0DE8EE70-BC8A-46EA-80A1-F313FECD5E46.jpeg 1024w, https:\/\/shipowners.fi\/wp-content\/uploads\/2018\/06\/0DE8EE70-BC8A-46EA-80A1-F313FECD5E46-300x234.jpeg 300w, https:\/\/shipowners.fi\/wp-content\/uploads\/2018\/06\/0DE8EE70-BC8A-46EA-80A1-F313FECD5E46-768x600.jpeg 768w, https:\/\/shipowners.fi\/wp-content\/uploads\/2018\/06\/0DE8EE70-BC8A-46EA-80A1-F313FECD5E46-960x750.jpeg 960w\" sizes=\"auto, (max-width: 1024px) 100vw, 1024px\" \/><\/p>\n","protected":false},"excerpt":{"rendered":"<p>Green Shipping Corridors, eller gr\u00f6na sj\u00f6fartskorridorer, \u00e4r en del av globala \u00e5tg\u00e4rder som syftar till att minska utsl\u00e4ppen av v\u00e4xthusgaser fr\u00e5n sj\u00f6transporter. F\u00f6r n\u00e4rvarande planeras ett 60-tal gr\u00f6na sj\u00f6fartskorridorer \u00f6ver hela v\u00e4rlden. En gr\u00f6n sj\u00f6fartskorridor \u00e4r en utsl\u00e4ppsfri eller n\u00e4stan utsl\u00e4ppsfri farled mellan tv\u00e5 eller flera hamnar. En gr\u00f6n logistisk transportkedja kan innefatta flera transportslag.&hellip;<\/p>\n","protected":false},"author":2,"featured_media":3051,"parent":255,"menu_order":2,"comment_status":"closed","ping_status":"closed","template":"","meta":{"_acf_changed":false,"footnotes":""},"class_list":["post-12139","page","type-page","status-publish","has-post-thumbnail","hentry"],"acf":[],"yoast_head":"<!-- This site is optimized with the Yoast SEO plugin v27.2 - https:\/\/yoast.com\/product\/yoast-seo-wordpress\/ -->\n<title>Gr\u00f6na sj\u00f6fartskorridorer - Rederierna i Finland<\/title>\n<meta name=\"robots\" content=\"index, follow, max-snippet:-1, max-image-preview:large, max-video-preview:-1\" \/>\n<link rel=\"canonical\" href=\"https:\/\/shipowners.fi\/sv\/ansvarsfullhet\/miljon-och-klimat\/grona-sjofartskorridorer\/\" \/>\n<meta property=\"og:locale\" content=\"sv_SE\" \/>\n<meta property=\"og:type\" content=\"article\" \/>\n<meta property=\"og:title\" content=\"Gr\u00f6na sj\u00f6fartskorridorer - Rederierna i Finland\" \/>\n<meta property=\"og:description\" content=\"Green Shipping Corridors, eller gr\u00f6na sj\u00f6fartskorridorer, \u00e4r en del av globala \u00e5tg\u00e4rder som syftar till att minska utsl\u00e4ppen av v\u00e4xthusgaser fr\u00e5n sj\u00f6transporter. F\u00f6r n\u00e4rvarande planeras ett 60-tal gr\u00f6na sj\u00f6fartskorridorer \u00f6ver hela v\u00e4rlden. En gr\u00f6n sj\u00f6fartskorridor \u00e4r en utsl\u00e4ppsfri eller n\u00e4stan utsl\u00e4ppsfri farled mellan tv\u00e5 eller flera hamnar. En gr\u00f6n logistisk transportkedja kan innefatta flera transportslag.&hellip;\" \/>\n<meta property=\"og:url\" content=\"https:\/\/shipowners.fi\/sv\/ansvarsfullhet\/miljon-och-klimat\/grona-sjofartskorridorer\/\" \/>\n<meta property=\"og:site_name\" content=\"Rederierna i Finland\" \/>\n<meta property=\"article:modified_time\" content=\"2024-11-20T08:05:22+00:00\" \/>\n<meta property=\"og:image\" content=\"https:\/\/shipowners.fi\/wp-content\/uploads\/2018\/06\/0DE8EE70-BC8A-46EA-80A1-F313FECD5E46.jpeg\" \/>\n\t<meta property=\"og:image:width\" content=\"1024\" \/>\n\t<meta property=\"og:image:height\" content=\"800\" \/>\n\t<meta property=\"og:image:type\" content=\"image\/jpeg\" \/>\n<meta name=\"twitter:card\" content=\"summary_large_image\" \/>\n<meta name=\"twitter:label1\" content=\"Ber\u00e4knad l\u00e4stid\" \/>\n\t<meta name=\"twitter:data1\" content=\"5 minuter\" \/>\n<script type=\"application\/ld+json\" class=\"yoast-schema-graph\">{\"@context\":\"https:\/\/schema.org\",\"@graph\":[{\"@type\":\"WebPage\",\"@id\":\"https:\/\/shipowners.fi\/sv\/ansvarsfullhet\/miljon-och-klimat\/grona-sjofartskorridorer\/\",\"url\":\"https:\/\/shipowners.fi\/sv\/ansvarsfullhet\/miljon-och-klimat\/grona-sjofartskorridorer\/\",\"name\":\"Gr\u00f6na sj\u00f6fartskorridorer - Rederierna i Finland\",\"isPartOf\":{\"@id\":\"https:\/\/shipowners.fi\/#website\"},\"primaryImageOfPage\":{\"@id\":\"https:\/\/shipowners.fi\/sv\/ansvarsfullhet\/miljon-och-klimat\/grona-sjofartskorridorer\/#primaryimage\"},\"image\":{\"@id\":\"https:\/\/shipowners.fi\/sv\/ansvarsfullhet\/miljon-och-klimat\/grona-sjofartskorridorer\/#primaryimage\"},\"thumbnailUrl\":\"https:\/\/shipowners.fi\/wp-content\/uploads\/2018\/06\/0DE8EE70-BC8A-46EA-80A1-F313FECD5E46.jpeg\",\"datePublished\":\"2024-11-20T08:02:36+00:00\",\"dateModified\":\"2024-11-20T08:05:22+00:00\",\"breadcrumb\":{\"@id\":\"https:\/\/shipowners.fi\/sv\/ansvarsfullhet\/miljon-och-klimat\/grona-sjofartskorridorer\/#breadcrumb\"},\"inLanguage\":\"sv-SE\",\"potentialAction\":[{\"@type\":\"ReadAction\",\"target\":[\"https:\/\/shipowners.fi\/sv\/ansvarsfullhet\/miljon-och-klimat\/grona-sjofartskorridorer\/\"]}]},{\"@type\":\"ImageObject\",\"inLanguage\":\"sv-SE\",\"@id\":\"https:\/\/shipowners.fi\/sv\/ansvarsfullhet\/miljon-och-klimat\/grona-sjofartskorridorer\/#primaryimage\",\"url\":\"https:\/\/shipowners.fi\/wp-content\/uploads\/2018\/06\/0DE8EE70-BC8A-46EA-80A1-F313FECD5E46.jpeg\",\"contentUrl\":\"https:\/\/shipowners.fi\/wp-content\/uploads\/2018\/06\/0DE8EE70-BC8A-46EA-80A1-F313FECD5E46.jpeg\",\"width\":1024,\"height\":800},{\"@type\":\"BreadcrumbList\",\"@id\":\"https:\/\/shipowners.fi\/sv\/ansvarsfullhet\/miljon-och-klimat\/grona-sjofartskorridorer\/#breadcrumb\",\"itemListElement\":[{\"@type\":\"ListItem\",\"position\":1,\"name\":\"Ansvarsfullhet\",\"item\":\"https:\/\/shipowners.fi\/sv\/ansvarsfullhet\/\"},{\"@type\":\"ListItem\",\"position\":2,\"name\":\"Milj\u00f6n och klimat\",\"item\":\"https:\/\/shipowners.fi\/sv\/ansvarsfullhet\/miljon-och-klimat\/\"},{\"@type\":\"ListItem\",\"position\":3,\"name\":\"Gr\u00f6na sj\u00f6fartskorridorer\"}]},{\"@type\":\"WebSite\",\"@id\":\"https:\/\/shipowners.fi\/#website\",\"url\":\"https:\/\/shipowners.fi\/\",\"name\":\"Rederierna i Finland\",\"description\":\"\",\"potentialAction\":[{\"@type\":\"SearchAction\",\"target\":{\"@type\":\"EntryPoint\",\"urlTemplate\":\"https:\/\/shipowners.fi\/?s={search_term_string}\"},\"query-input\":{\"@type\":\"PropertyValueSpecification\",\"valueRequired\":true,\"valueName\":\"search_term_string\"}}],\"inLanguage\":\"sv-SE\"}]}<\/script>\n<!-- \/ Yoast SEO plugin. -->","yoast_head_json":{"title":"Gr\u00f6na sj\u00f6fartskorridorer - Rederierna i Finland","robots":{"index":"index","follow":"follow","max-snippet":"max-snippet:-1","max-image-preview":"max-image-preview:large","max-video-preview":"max-video-preview:-1"},"canonical":"https:\/\/shipowners.fi\/sv\/ansvarsfullhet\/miljon-och-klimat\/grona-sjofartskorridorer\/","og_locale":"sv_SE","og_type":"article","og_title":"Gr\u00f6na sj\u00f6fartskorridorer - Rederierna i Finland","og_description":"Green Shipping Corridors, eller gr\u00f6na sj\u00f6fartskorridorer, \u00e4r en del av globala \u00e5tg\u00e4rder som syftar till att minska utsl\u00e4ppen av v\u00e4xthusgaser fr\u00e5n sj\u00f6transporter. F\u00f6r n\u00e4rvarande planeras ett 60-tal gr\u00f6na sj\u00f6fartskorridorer \u00f6ver hela v\u00e4rlden. En gr\u00f6n sj\u00f6fartskorridor \u00e4r en utsl\u00e4ppsfri eller n\u00e4stan utsl\u00e4ppsfri farled mellan tv\u00e5 eller flera hamnar. En gr\u00f6n logistisk transportkedja kan innefatta flera transportslag.&hellip;","og_url":"https:\/\/shipowners.fi\/sv\/ansvarsfullhet\/miljon-och-klimat\/grona-sjofartskorridorer\/","og_site_name":"Rederierna i Finland","article_modified_time":"2024-11-20T08:05:22+00:00","og_image":[{"width":1024,"height":800,"url":"https:\/\/shipowners.fi\/wp-content\/uploads\/2018\/06\/0DE8EE70-BC8A-46EA-80A1-F313FECD5E46.jpeg","type":"image\/jpeg"}],"twitter_card":"summary_large_image","twitter_misc":{"Ber\u00e4knad l\u00e4stid":"5 minuter"},"schema":{"@context":"https:\/\/schema.org","@graph":[{"@type":"WebPage","@id":"https:\/\/shipowners.fi\/sv\/ansvarsfullhet\/miljon-och-klimat\/grona-sjofartskorridorer\/","url":"https:\/\/shipowners.fi\/sv\/ansvarsfullhet\/miljon-och-klimat\/grona-sjofartskorridorer\/","name":"Gr\u00f6na sj\u00f6fartskorridorer - Rederierna i Finland","isPartOf":{"@id":"https:\/\/shipowners.fi\/#website"},"primaryImageOfPage":{"@id":"https:\/\/shipowners.fi\/sv\/ansvarsfullhet\/miljon-och-klimat\/grona-sjofartskorridorer\/#primaryimage"},"image":{"@id":"https:\/\/shipowners.fi\/sv\/ansvarsfullhet\/miljon-och-klimat\/grona-sjofartskorridorer\/#primaryimage"},"thumbnailUrl":"https:\/\/shipowners.fi\/wp-content\/uploads\/2018\/06\/0DE8EE70-BC8A-46EA-80A1-F313FECD5E46.jpeg","datePublished":"2024-11-20T08:02:36+00:00","dateModified":"2024-11-20T08:05:22+00:00","breadcrumb":{"@id":"https:\/\/shipowners.fi\/sv\/ansvarsfullhet\/miljon-och-klimat\/grona-sjofartskorridorer\/#breadcrumb"},"inLanguage":"sv-SE","potentialAction":[{"@type":"ReadAction","target":["https:\/\/shipowners.fi\/sv\/ansvarsfullhet\/miljon-och-klimat\/grona-sjofartskorridorer\/"]}]},{"@type":"ImageObject","inLanguage":"sv-SE","@id":"https:\/\/shipowners.fi\/sv\/ansvarsfullhet\/miljon-och-klimat\/grona-sjofartskorridorer\/#primaryimage","url":"https:\/\/shipowners.fi\/wp-content\/uploads\/2018\/06\/0DE8EE70-BC8A-46EA-80A1-F313FECD5E46.jpeg","contentUrl":"https:\/\/shipowners.fi\/wp-content\/uploads\/2018\/06\/0DE8EE70-BC8A-46EA-80A1-F313FECD5E46.jpeg","width":1024,"height":800},{"@type":"BreadcrumbList","@id":"https:\/\/shipowners.fi\/sv\/ansvarsfullhet\/miljon-och-klimat\/grona-sjofartskorridorer\/#breadcrumb","itemListElement":[{"@type":"ListItem","position":1,"name":"Ansvarsfullhet","item":"https:\/\/shipowners.fi\/sv\/ansvarsfullhet\/"},{"@type":"ListItem","position":2,"name":"Milj\u00f6n och klimat","item":"https:\/\/shipowners.fi\/sv\/ansvarsfullhet\/miljon-och-klimat\/"},{"@type":"ListItem","position":3,"name":"Gr\u00f6na sj\u00f6fartskorridorer"}]},{"@type":"WebSite","@id":"https:\/\/shipowners.fi\/#website","url":"https:\/\/shipowners.fi\/","name":"Rederierna i Finland","description":"","potentialAction":[{"@type":"SearchAction","target":{"@type":"EntryPoint","urlTemplate":"https:\/\/shipowners.fi\/?s={search_term_string}"},"query-input":{"@type":"PropertyValueSpecification","valueRequired":true,"valueName":"search_term_string"}}],"inLanguage":"sv-SE"}]}},"_links":{"self":[{"href":"https:\/\/shipowners.fi\/sv\/wp-json\/wp\/v2\/pages\/12139","targetHints":{"allow":["GET"]}}],"collection":[{"href":"https:\/\/shipowners.fi\/sv\/wp-json\/wp\/v2\/pages"}],"about":[{"href":"https:\/\/shipowners.fi\/sv\/wp-json\/wp\/v2\/types\/page"}],"author":[{"embeddable":true,"href":"https:\/\/shipowners.fi\/sv\/wp-json\/wp\/v2\/users\/2"}],"replies":[{"embeddable":true,"href":"https:\/\/shipowners.fi\/sv\/wp-json\/wp\/v2\/comments?post=12139"}],"version-history":[{"count":3,"href":"https:\/\/shipowners.fi\/sv\/wp-json\/wp\/v2\/pages\/12139\/revisions"}],"predecessor-version":[{"id":12142,"href":"https:\/\/shipowners.fi\/sv\/wp-json\/wp\/v2\/pages\/12139\/revisions\/12142"}],"up":[{"embeddable":true,"href":"https:\/\/shipowners.fi\/sv\/wp-json\/wp\/v2\/pages\/255"}],"wp:featuredmedia":[{"embeddable":true,"href":"https:\/\/shipowners.fi\/sv\/wp-json\/wp\/v2\/media\/3051"}],"wp:attachment":[{"href":"https:\/\/shipowners.fi\/sv\/wp-json\/wp\/v2\/media?parent=12139"}],"curies":[{"name":"wp","href":"https:\/\/api.w.org\/{rel}","templated":true}]}}