{"id":151,"date":"2018-05-03T13:46:47","date_gmt":"2018-05-03T10:46:47","guid":{"rendered":"https:\/\/shipowners.fi\/esimerkkisivu\/"},"modified":"2026-03-04T14:18:04","modified_gmt":"2026-03-04T12:18:04","slug":"hem","status":"publish","type":"page","link":"https:\/\/shipowners.fi\/sv\/","title":{"rendered":"Hem"},"content":{"rendered":"<h3><strong>Finland \u00e4r beroende av sj\u00f6trafik, dess smidighet och konkurrenskraft. 95 procent av Finlands import och export transporteras till sj\u00f6ss. Rysslands anfallskrig i Ukraina har ytterligare betonat vikten av sj\u00f6transporter. <\/strong><\/h3>\n<p>Sj\u00f6farten bygger v\u00e4rden\u00e4tverk, som skapar grunden f\u00f6r tillv\u00e4xt av industrin, turismen och andra n\u00e4ringsgrenar. De finska rederierna \u00e4r f\u00f6reg\u00e5ngare i teknologi och milj\u00f6innovationer, och \u00e4r starkt med i att utveckla nya l\u00f6sningar f\u00f6r h\u00e5llbar sj\u00f6fart.<\/p>\n","protected":false},"excerpt":{"rendered":"<p>Finland \u00e4r beroende av sj\u00f6trafik, dess smidighet och konkurrenskraft. 95 procent av Finlands import och export transporteras till sj\u00f6ss. Rysslands anfallskrig i Ukraina har ytterligare betonat vikten av sj\u00f6transporter. Sj\u00f6farten bygger v\u00e4rden\u00e4tverk, som skapar grunden f\u00f6r tillv\u00e4xt av industrin, turismen och andra n\u00e4ringsgrenar. De finska rederierna \u00e4r f\u00f6reg\u00e5ngare i teknologi och milj\u00f6innovationer, och \u00e4r starkt&hellip;<\/p>\n","protected":false},"author":1,"featured_media":10,"parent":0,"menu_order":73,"comment_status":"closed","ping_status":"open","template":"","meta":{"_acf_changed":false,"footnotes":""},"class_list":["post-151","page","type-page","status-publish","has-post-thumbnail","hentry"],"acf":[],"yoast_head":"<!-- This site is optimized with the Yoast SEO plugin v27.2 - https:\/\/yoast.com\/product\/yoast-seo-wordpress\/ -->\n<title>Rederierna i Finland<\/title>\n<meta name=\"robots\" content=\"index, follow, max-snippet:-1, max-image-preview:large, max-video-preview:-1\" \/>\n<link rel=\"canonical\" href=\"https:\/\/shipowners.fi\/sv\/\" \/>\n<meta property=\"og:locale\" content=\"sv_SE\" \/>\n<meta property=\"og:type\" content=\"article\" \/>\n<meta property=\"og:title\" content=\"Rederierna i Finland\" \/>\n<meta property=\"og:description\" content=\"Finland \u00e4r beroende av sj\u00f6trafik, dess smidighet och konkurrenskraft. 95 procent av Finlands import och export transporteras till sj\u00f6ss. Rysslands anfallskrig i Ukraina har ytterligare betonat vikten av sj\u00f6transporter. Sj\u00f6farten bygger v\u00e4rden\u00e4tverk, som skapar grunden f\u00f6r tillv\u00e4xt av industrin, turismen och andra n\u00e4ringsgrenar. De finska rederierna \u00e4r f\u00f6reg\u00e5ngare i teknologi och milj\u00f6innovationer, och \u00e4r starkt&hellip;\" \/>\n<meta property=\"og:url\" content=\"https:\/\/shipowners.fi\/sv\/\" \/>\n<meta property=\"og:site_name\" content=\"Rederierna i Finland\" \/>\n<meta property=\"article:modified_time\" content=\"2026-03-04T12:18:04+00:00\" \/>\n<meta property=\"og:image\" content=\"https:\/\/shipowners.fi\/wp-content\/uploads\/2018\/05\/suomenvarustamot_etusivu.jpg\" \/>\n\t<meta property=\"og:image:width\" content=\"1243\" \/>\n\t<meta property=\"og:image:height\" content=\"901\" \/>\n\t<meta property=\"og:image:type\" content=\"image\/jpeg\" \/>\n<meta name=\"twitter:card\" content=\"summary_large_image\" \/>\n<meta name=\"twitter:label1\" content=\"Ber\u00e4knad l\u00e4stid\" \/>\n\t<meta name=\"twitter:data1\" content=\"1 minut\" \/>\n<script type=\"application\/ld+json\" class=\"yoast-schema-graph\">{\"@context\":\"https:\/\/schema.org\",\"@graph\":[{\"@type\":\"WebPage\",\"@id\":\"https:\/\/shipowners.fi\/sv\/\",\"url\":\"https:\/\/shipowners.fi\/sv\/\",\"name\":\"Rederierna i Finland\",\"isPartOf\":{\"@id\":\"https:\/\/shipowners.fi\/#website\"},\"primaryImageOfPage\":{\"@id\":\"https:\/\/shipowners.fi\/sv\/#primaryimage\"},\"image\":{\"@id\":\"https:\/\/shipowners.fi\/sv\/#primaryimage\"},\"thumbnailUrl\":\"https:\/\/shipowners.fi\/wp-content\/uploads\/2018\/05\/suomenvarustamot_etusivu.jpg\",\"datePublished\":\"2018-05-03T10:46:47+00:00\",\"dateModified\":\"2026-03-04T12:18:04+00:00\",\"inLanguage\":\"sv-SE\",\"potentialAction\":[{\"@type\":\"ReadAction\",\"target\":[\"https:\/\/shipowners.fi\/sv\/\"]}]},{\"@type\":\"ImageObject\",\"inLanguage\":\"sv-SE\",\"@id\":\"https:\/\/shipowners.fi\/sv\/#primaryimage\",\"url\":\"https:\/\/shipowners.fi\/wp-content\/uploads\/2018\/05\/suomenvarustamot_etusivu.jpg\",\"contentUrl\":\"https:\/\/shipowners.fi\/wp-content\/uploads\/2018\/05\/suomenvarustamot_etusivu.jpg\",\"width\":1243,\"height\":901},{\"@type\":\"WebSite\",\"@id\":\"https:\/\/shipowners.fi\/#website\",\"url\":\"https:\/\/shipowners.fi\/\",\"name\":\"Rederierna i Finland\",\"description\":\"\",\"potentialAction\":[{\"@type\":\"SearchAction\",\"target\":{\"@type\":\"EntryPoint\",\"urlTemplate\":\"https:\/\/shipowners.fi\/?s={search_term_string}\"},\"query-input\":{\"@type\":\"PropertyValueSpecification\",\"valueRequired\":true,\"valueName\":\"search_term_string\"}}],\"inLanguage\":\"sv-SE\"}]}<\/script>\n<!-- \/ Yoast SEO plugin. -->","yoast_head_json":{"title":"Rederierna i Finland","robots":{"index":"index","follow":"follow","max-snippet":"max-snippet:-1","max-image-preview":"max-image-preview:large","max-video-preview":"max-video-preview:-1"},"canonical":"https:\/\/shipowners.fi\/sv\/","og_locale":"sv_SE","og_type":"article","og_title":"Rederierna i Finland","og_description":"Finland \u00e4r beroende av sj\u00f6trafik, dess smidighet och konkurrenskraft. 95 procent av Finlands import och export transporteras till sj\u00f6ss. Rysslands anfallskrig i Ukraina har ytterligare betonat vikten av sj\u00f6transporter. Sj\u00f6farten bygger v\u00e4rden\u00e4tverk, som skapar grunden f\u00f6r tillv\u00e4xt av industrin, turismen och andra n\u00e4ringsgrenar. De finska rederierna \u00e4r f\u00f6reg\u00e5ngare i teknologi och milj\u00f6innovationer, och \u00e4r starkt&hellip;","og_url":"https:\/\/shipowners.fi\/sv\/","og_site_name":"Rederierna i Finland","article_modified_time":"2026-03-04T12:18:04+00:00","og_image":[{"width":1243,"height":901,"url":"https:\/\/shipowners.fi\/wp-content\/uploads\/2018\/05\/suomenvarustamot_etusivu.jpg","type":"image\/jpeg"}],"twitter_card":"summary_large_image","twitter_misc":{"Ber\u00e4knad l\u00e4stid":"1 minut"},"schema":{"@context":"https:\/\/schema.org","@graph":[{"@type":"WebPage","@id":"https:\/\/shipowners.fi\/sv\/","url":"https:\/\/shipowners.fi\/sv\/","name":"Rederierna i Finland","isPartOf":{"@id":"https:\/\/shipowners.fi\/#website"},"primaryImageOfPage":{"@id":"https:\/\/shipowners.fi\/sv\/#primaryimage"},"image":{"@id":"https:\/\/shipowners.fi\/sv\/#primaryimage"},"thumbnailUrl":"https:\/\/shipowners.fi\/wp-content\/uploads\/2018\/05\/suomenvarustamot_etusivu.jpg","datePublished":"2018-05-03T10:46:47+00:00","dateModified":"2026-03-04T12:18:04+00:00","inLanguage":"sv-SE","potentialAction":[{"@type":"ReadAction","target":["https:\/\/shipowners.fi\/sv\/"]}]},{"@type":"ImageObject","inLanguage":"sv-SE","@id":"https:\/\/shipowners.fi\/sv\/#primaryimage","url":"https:\/\/shipowners.fi\/wp-content\/uploads\/2018\/05\/suomenvarustamot_etusivu.jpg","contentUrl":"https:\/\/shipowners.fi\/wp-content\/uploads\/2018\/05\/suomenvarustamot_etusivu.jpg","width":1243,"height":901},{"@type":"WebSite","@id":"https:\/\/shipowners.fi\/#website","url":"https:\/\/shipowners.fi\/","name":"Rederierna i Finland","description":"","potentialAction":[{"@type":"SearchAction","target":{"@type":"EntryPoint","urlTemplate":"https:\/\/shipowners.fi\/?s={search_term_string}"},"query-input":{"@type":"PropertyValueSpecification","valueRequired":true,"valueName":"search_term_string"}}],"inLanguage":"sv-SE"}]}},"_links":{"self":[{"href":"https:\/\/shipowners.fi\/sv\/wp-json\/wp\/v2\/pages\/151","targetHints":{"allow":["GET"]}}],"collection":[{"href":"https:\/\/shipowners.fi\/sv\/wp-json\/wp\/v2\/pages"}],"about":[{"href":"https:\/\/shipowners.fi\/sv\/wp-json\/wp\/v2\/types\/page"}],"author":[{"embeddable":true,"href":"https:\/\/shipowners.fi\/sv\/wp-json\/wp\/v2\/users\/1"}],"replies":[{"embeddable":true,"href":"https:\/\/shipowners.fi\/sv\/wp-json\/wp\/v2\/comments?post=151"}],"version-history":[{"count":49,"href":"https:\/\/shipowners.fi\/sv\/wp-json\/wp\/v2\/pages\/151\/revisions"}],"predecessor-version":[{"id":13089,"href":"https:\/\/shipowners.fi\/sv\/wp-json\/wp\/v2\/pages\/151\/revisions\/13089"}],"wp:featuredmedia":[{"embeddable":true,"href":"https:\/\/shipowners.fi\/sv\/wp-json\/wp\/v2\/media\/10"}],"wp:attachment":[{"href":"https:\/\/shipowners.fi\/sv\/wp-json\/wp\/v2\/media?parent=151"}],"curies":[{"name":"wp","href":"https:\/\/api.w.org\/{rel}","templated":true}]}}