{"id":156,"date":"2018-05-16T09:11:51","date_gmt":"2018-05-16T06:11:51","guid":{"rendered":"https:\/\/shipowners.fi\/suomen-varustamot-ry\/"},"modified":"2025-10-15T15:19:34","modified_gmt":"2025-10-15T12:19:34","slug":"rederierna-i-finland","status":"publish","type":"page","link":"https:\/\/shipowners.fi\/sv\/rederierna-i-finland\/","title":{"rendered":"Rederierna i Finland"},"content":{"rendered":"<p>Rederierna i Finland rf har 23 medlemsrederier och 111 fartyg i utrikestrafik. F\u00f6reningen har med sina f\u00f6reg\u00e5ngare representerat rederiernas intressen i n\u00e4rings- och arbetsmarknadspolitiken b\u00e5de nationellt och internationellt sedan \u00e5ret 1917. Den finska rederiindustrin \u00e4r en f\u00f6reg\u00e5ngare i teknologi och milj\u00f6innovationer, och \u00e4r starkt med i att utveckla nya l\u00f6sningar f\u00f6r h\u00e5llbar sj\u00f6fart.<\/p>\n<h4>Verksamhetens tyngdpunkter \u00e4r:<\/h4>\n<ul>\n<li><strong>N\u00e4rings- och sj\u00f6fartspolitik<\/strong><\/li>\n<li><strong>Arbetsmarknadspolitik<\/strong><\/li>\n<li><strong>Milj\u00f6 och h\u00e5llbarhet<\/strong><\/li>\n<li><strong>Fungerande och effektiv infrastruktur<\/strong><\/li>\n<li><strong>S\u00e4kerhet och beredskap<\/strong><\/li>\n<li><strong>Tillg\u00e5ng, kompetens och v\u00e4lm\u00e5ende hos arbetskraften<\/strong><\/li>\n<\/ul>\n<p>Rederierna i Finland fr\u00e4mjar industrins konkurrenskraft och verksamhetsf\u00f6ruts\u00e4ttningar proaktivt ocks\u00e5 internationellt. V\u00e5ra internationella paraplyorganisationer \u00e4r European Community Shipowners Associations (ECSA) p\u00e5 europeisk niv\u00e5 och International Chamber of Shipping (ICS) och FN:s sj\u00f6fartsorganisation International Maritime Organization (IMO) p\u00e5 den globala niv\u00e5n.<\/p>\n<p>ECSA \u00a0<a href=\"http:\/\/www.ecsa.eu\/\">http:\/\/www.ecsa.eu\/<\/a><\/p>\n<p>ICS <a href=\"http:\/\/www.ics-shipping.org\/\">http:\/\/www.ics-shipping.org\/<\/a><\/p>\n<p>FN:s globala sj\u00f6fartsorganisation Internaional Maritime Organization (IMO) reglerar internationell sj\u00f6fart. Rederierna i Finland deltar aktivt i IMO:s arbete och h\u00e5ller framme den finska sj\u00f6fartens behov och intresssen i stiftandet av regleringen.<\/p>\n<p>IMO <a href=\"http:\/\/www.imo.org\/en\/Pages\/Default.aspx\">http:\/\/www.imo.org\/en\/Pages\/Default.aspx<\/a><\/p>\n<p>&nbsp;<\/p>\n<h4>Bakgrund<\/h4>\n<p>Rederierna i Finland rf (Suomen Varustamot ry) grundades den 28.4.2008. F\u00f6reningens historia str\u00e4cker sig \u00e4nda till maj 1917 d\u00e5 Sj\u00f6fartsf\u00f6rbundet grundades.<\/p>\n<p>Sj\u00f6fartsf\u00f6rbundet upph\u00f6rde med sin verksamhet och f\u00f6r att forts\u00e4tta dess verksamhet grundades tv\u00e5 f\u00f6reningar, Finlands Skeppsredaresf\u00f6rening, som senare blev Finlands Rederif\u00f6rening samt \u00c5lands Redarf\u00f6rening.<\/p>\n<p>Den tredje betydande rederif\u00f6reningen Utrikesfartens Sm\u00e5tonnage-f\u00f6rening grundades \u00e5r 1986 vars namn senare \u00e4ndrades till Fraktfartygsf\u00f6reningen.<\/p>\n<p>Medlemsrederierna i de tre f\u00f6reningarna, Finlands Rederif\u00f6rening, Fraktfartygsf\u00f6reningen och \u00c5lands Redarf\u00f6rening, \u00e4r grundare av den nya f\u00f6reningen.<\/p>\n<p>Vid f\u00f6reningens grundande var 24 rederier medlemmar i Rederierna i Finland rf. Dessa rederier syssels\u00e4tter ca 7000 personer ombord p\u00e5 finska fartyg. Den totala oms\u00e4ttningen f\u00f6r rederierna \u00e4r ca 2,5 miljarder euro.<\/p>\n<p>&nbsp;<\/p>\n","protected":false},"excerpt":{"rendered":"<p>Rederierna i Finland rf har 23 medlemsrederier och 111 fartyg i utrikestrafik. F\u00f6reningen har med sina f\u00f6reg\u00e5ngare representerat rederiernas intressen i n\u00e4rings- och arbetsmarknadspolitiken b\u00e5de nationellt och internationellt sedan \u00e5ret 1917. Den finska rederiindustrin \u00e4r en f\u00f6reg\u00e5ngare i teknologi och milj\u00f6innovationer, och \u00e4r starkt med i att utveckla nya l\u00f6sningar f\u00f6r h\u00e5llbar sj\u00f6fart. Verksamhetens tyngdpunkter&hellip;<\/p>\n","protected":false},"author":1,"featured_media":447,"parent":0,"menu_order":139,"comment_status":"closed","ping_status":"closed","template":"","meta":{"_acf_changed":false,"footnotes":""},"class_list":["post-156","page","type-page","status-publish","has-post-thumbnail","hentry"],"acf":[],"yoast_head":"<!-- This site is optimized with the Yoast SEO plugin v27.2 - https:\/\/yoast.com\/product\/yoast-seo-wordpress\/ -->\n<title>Rederierna i Finland - Rederierna i Finland<\/title>\n<meta name=\"robots\" content=\"index, follow, max-snippet:-1, max-image-preview:large, max-video-preview:-1\" \/>\n<link rel=\"canonical\" href=\"https:\/\/shipowners.fi\/sv\/rederierna-i-finland\/\" \/>\n<meta property=\"og:locale\" content=\"sv_SE\" \/>\n<meta property=\"og:type\" content=\"article\" \/>\n<meta property=\"og:title\" content=\"Rederierna i Finland - Rederierna i Finland\" \/>\n<meta property=\"og:description\" content=\"Rederierna i Finland rf har 23 medlemsrederier och 111 fartyg i utrikestrafik. F\u00f6reningen har med sina f\u00f6reg\u00e5ngare representerat rederiernas intressen i n\u00e4rings- och arbetsmarknadspolitiken b\u00e5de nationellt och internationellt sedan \u00e5ret 1917. Den finska rederiindustrin \u00e4r en f\u00f6reg\u00e5ngare i teknologi och milj\u00f6innovationer, och \u00e4r starkt med i att utveckla nya l\u00f6sningar f\u00f6r h\u00e5llbar sj\u00f6fart. Verksamhetens tyngdpunkter&hellip;\" \/>\n<meta property=\"og:url\" content=\"https:\/\/shipowners.fi\/sv\/rederierna-i-finland\/\" \/>\n<meta property=\"og:site_name\" content=\"Rederierna i Finland\" \/>\n<meta property=\"article:modified_time\" content=\"2025-10-15T12:19:34+00:00\" \/>\n<meta property=\"og:image\" content=\"https:\/\/shipowners.fi\/wp-content\/uploads\/2018\/05\/suomenvarustamot.jpg\" \/>\n\t<meta property=\"og:image:width\" content=\"1920\" \/>\n\t<meta property=\"og:image:height\" content=\"564\" \/>\n\t<meta property=\"og:image:type\" content=\"image\/jpeg\" \/>\n<meta name=\"twitter:card\" content=\"summary_large_image\" \/>\n<meta name=\"twitter:label1\" content=\"Ber\u00e4knad l\u00e4stid\" \/>\n\t<meta name=\"twitter:data1\" content=\"2 minuter\" \/>\n<script type=\"application\/ld+json\" class=\"yoast-schema-graph\">{\"@context\":\"https:\/\/schema.org\",\"@graph\":[{\"@type\":\"WebPage\",\"@id\":\"https:\/\/shipowners.fi\/sv\/rederierna-i-finland\/\",\"url\":\"https:\/\/shipowners.fi\/sv\/rederierna-i-finland\/\",\"name\":\"Rederierna i Finland - Rederierna i Finland\",\"isPartOf\":{\"@id\":\"https:\/\/shipowners.fi\/#website\"},\"primaryImageOfPage\":{\"@id\":\"https:\/\/shipowners.fi\/sv\/rederierna-i-finland\/#primaryimage\"},\"image\":{\"@id\":\"https:\/\/shipowners.fi\/sv\/rederierna-i-finland\/#primaryimage\"},\"thumbnailUrl\":\"https:\/\/shipowners.fi\/wp-content\/uploads\/2018\/05\/suomenvarustamot.jpg\",\"datePublished\":\"2018-05-16T06:11:51+00:00\",\"dateModified\":\"2025-10-15T12:19:34+00:00\",\"inLanguage\":\"sv-SE\",\"potentialAction\":[{\"@type\":\"ReadAction\",\"target\":[\"https:\/\/shipowners.fi\/sv\/rederierna-i-finland\/\"]}]},{\"@type\":\"ImageObject\",\"inLanguage\":\"sv-SE\",\"@id\":\"https:\/\/shipowners.fi\/sv\/rederierna-i-finland\/#primaryimage\",\"url\":\"https:\/\/shipowners.fi\/wp-content\/uploads\/2018\/05\/suomenvarustamot.jpg\",\"contentUrl\":\"https:\/\/shipowners.fi\/wp-content\/uploads\/2018\/05\/suomenvarustamot.jpg\",\"width\":1920,\"height\":564},{\"@type\":\"WebSite\",\"@id\":\"https:\/\/shipowners.fi\/#website\",\"url\":\"https:\/\/shipowners.fi\/\",\"name\":\"Rederierna i Finland\",\"description\":\"\",\"potentialAction\":[{\"@type\":\"SearchAction\",\"target\":{\"@type\":\"EntryPoint\",\"urlTemplate\":\"https:\/\/shipowners.fi\/?s={search_term_string}\"},\"query-input\":{\"@type\":\"PropertyValueSpecification\",\"valueRequired\":true,\"valueName\":\"search_term_string\"}}],\"inLanguage\":\"sv-SE\"}]}<\/script>\n<!-- \/ Yoast SEO plugin. -->","yoast_head_json":{"title":"Rederierna i Finland - Rederierna i Finland","robots":{"index":"index","follow":"follow","max-snippet":"max-snippet:-1","max-image-preview":"max-image-preview:large","max-video-preview":"max-video-preview:-1"},"canonical":"https:\/\/shipowners.fi\/sv\/rederierna-i-finland\/","og_locale":"sv_SE","og_type":"article","og_title":"Rederierna i Finland - Rederierna i Finland","og_description":"Rederierna i Finland rf har 23 medlemsrederier och 111 fartyg i utrikestrafik. F\u00f6reningen har med sina f\u00f6reg\u00e5ngare representerat rederiernas intressen i n\u00e4rings- och arbetsmarknadspolitiken b\u00e5de nationellt och internationellt sedan \u00e5ret 1917. Den finska rederiindustrin \u00e4r en f\u00f6reg\u00e5ngare i teknologi och milj\u00f6innovationer, och \u00e4r starkt med i att utveckla nya l\u00f6sningar f\u00f6r h\u00e5llbar sj\u00f6fart. Verksamhetens tyngdpunkter&hellip;","og_url":"https:\/\/shipowners.fi\/sv\/rederierna-i-finland\/","og_site_name":"Rederierna i Finland","article_modified_time":"2025-10-15T12:19:34+00:00","og_image":[{"width":1920,"height":564,"url":"https:\/\/shipowners.fi\/wp-content\/uploads\/2018\/05\/suomenvarustamot.jpg","type":"image\/jpeg"}],"twitter_card":"summary_large_image","twitter_misc":{"Ber\u00e4knad l\u00e4stid":"2 minuter"},"schema":{"@context":"https:\/\/schema.org","@graph":[{"@type":"WebPage","@id":"https:\/\/shipowners.fi\/sv\/rederierna-i-finland\/","url":"https:\/\/shipowners.fi\/sv\/rederierna-i-finland\/","name":"Rederierna i Finland - Rederierna i Finland","isPartOf":{"@id":"https:\/\/shipowners.fi\/#website"},"primaryImageOfPage":{"@id":"https:\/\/shipowners.fi\/sv\/rederierna-i-finland\/#primaryimage"},"image":{"@id":"https:\/\/shipowners.fi\/sv\/rederierna-i-finland\/#primaryimage"},"thumbnailUrl":"https:\/\/shipowners.fi\/wp-content\/uploads\/2018\/05\/suomenvarustamot.jpg","datePublished":"2018-05-16T06:11:51+00:00","dateModified":"2025-10-15T12:19:34+00:00","inLanguage":"sv-SE","potentialAction":[{"@type":"ReadAction","target":["https:\/\/shipowners.fi\/sv\/rederierna-i-finland\/"]}]},{"@type":"ImageObject","inLanguage":"sv-SE","@id":"https:\/\/shipowners.fi\/sv\/rederierna-i-finland\/#primaryimage","url":"https:\/\/shipowners.fi\/wp-content\/uploads\/2018\/05\/suomenvarustamot.jpg","contentUrl":"https:\/\/shipowners.fi\/wp-content\/uploads\/2018\/05\/suomenvarustamot.jpg","width":1920,"height":564},{"@type":"WebSite","@id":"https:\/\/shipowners.fi\/#website","url":"https:\/\/shipowners.fi\/","name":"Rederierna i Finland","description":"","potentialAction":[{"@type":"SearchAction","target":{"@type":"EntryPoint","urlTemplate":"https:\/\/shipowners.fi\/?s={search_term_string}"},"query-input":{"@type":"PropertyValueSpecification","valueRequired":true,"valueName":"search_term_string"}}],"inLanguage":"sv-SE"}]}},"_links":{"self":[{"href":"https:\/\/shipowners.fi\/sv\/wp-json\/wp\/v2\/pages\/156","targetHints":{"allow":["GET"]}}],"collection":[{"href":"https:\/\/shipowners.fi\/sv\/wp-json\/wp\/v2\/pages"}],"about":[{"href":"https:\/\/shipowners.fi\/sv\/wp-json\/wp\/v2\/types\/page"}],"author":[{"embeddable":true,"href":"https:\/\/shipowners.fi\/sv\/wp-json\/wp\/v2\/users\/1"}],"replies":[{"embeddable":true,"href":"https:\/\/shipowners.fi\/sv\/wp-json\/wp\/v2\/comments?post=156"}],"version-history":[{"count":21,"href":"https:\/\/shipowners.fi\/sv\/wp-json\/wp\/v2\/pages\/156\/revisions"}],"predecessor-version":[{"id":12716,"href":"https:\/\/shipowners.fi\/sv\/wp-json\/wp\/v2\/pages\/156\/revisions\/12716"}],"wp:featuredmedia":[{"embeddable":true,"href":"https:\/\/shipowners.fi\/sv\/wp-json\/wp\/v2\/media\/447"}],"wp:attachment":[{"href":"https:\/\/shipowners.fi\/sv\/wp-json\/wp\/v2\/media?parent=156"}],"curies":[{"name":"wp","href":"https:\/\/api.w.org\/{rel}","templated":true}]}}