{"id":160,"date":"2018-05-04T15:39:59","date_gmt":"2018-05-04T12:39:59","guid":{"rendered":"https:\/\/shipowners.fi\/vastuullisuus\/"},"modified":"2023-02-23T11:08:33","modified_gmt":"2023-02-23T09:08:33","slug":"ansvarsfullhet","status":"publish","type":"page","link":"https:\/\/shipowners.fi\/sv\/ansvarsfullhet\/","title":{"rendered":"Ansvarsfullhet"},"content":{"rendered":"<p>Milj\u00f6v\u00e4nlighet och ansvarsfullhet \u00e4r megatrender i den globala sj\u00f6fartsindustrin och de finl\u00e4ndska rederierna \u00e4r f\u00f6reg\u00e5ngare p\u00e5 detta omr\u00e5de. Sj\u00f6fartsindustrin har redan l\u00e4nge satsat p\u00e5 milj\u00f6ansvar och i Finland har det utvecklats nya l\u00f6sningar som spridits runt v\u00e4rlden. I Finland ser vi ansvarsfullhet som ett verksamhetss\u00e4tt och en konkurrensf\u00f6rdel. V\u00e5rt m\u00e5l \u00e4r att n\u00e5 kolneutralitet via \u00e5ret 2050.<\/p>\n<p><img loading=\"lazy\" decoding=\"async\" class=\"alignnone wp-image-9472 size-full\" src=\"https:\/\/shipowners.fi\/wp-content\/uploads\/2023\/02\/Sve-infog-e1677143306490.png\" alt=\"\" width=\"1018\" height=\"557\" srcset=\"https:\/\/shipowners.fi\/wp-content\/uploads\/2023\/02\/Sve-infog-e1677143306490.png 1018w, https:\/\/shipowners.fi\/wp-content\/uploads\/2023\/02\/Sve-infog-e1677143306490-300x164.png 300w, https:\/\/shipowners.fi\/wp-content\/uploads\/2023\/02\/Sve-infog-e1677143306490-960x525.png 960w, https:\/\/shipowners.fi\/wp-content\/uploads\/2023\/02\/Sve-infog-e1677143306490-768x420.png 768w\" sizes=\"auto, (max-width: 1018px) 100vw, 1018px\" \/><\/p>\n","protected":false},"excerpt":{"rendered":"<p>Milj\u00f6v\u00e4nlighet och ansvarsfullhet \u00e4r megatrender i den globala sj\u00f6fartsindustrin och de finl\u00e4ndska rederierna \u00e4r f\u00f6reg\u00e5ngare p\u00e5 detta omr\u00e5de. Sj\u00f6fartsindustrin har redan l\u00e4nge satsat p\u00e5 milj\u00f6ansvar och i Finland har det utvecklats nya l\u00f6sningar som spridits runt v\u00e4rlden. I Finland ser vi ansvarsfullhet som ett verksamhetss\u00e4tt och en konkurrensf\u00f6rdel. V\u00e5rt m\u00e5l \u00e4r att n\u00e5 kolneutralitet via&hellip;<\/p>\n","protected":false},"author":1,"featured_media":252,"parent":0,"menu_order":33,"comment_status":"closed","ping_status":"closed","template":"","meta":{"_acf_changed":false,"footnotes":""},"class_list":["post-160","page","type-page","status-publish","has-post-thumbnail","hentry"],"acf":[],"yoast_head":"<!-- This site is optimized with the Yoast SEO plugin v27.2 - https:\/\/yoast.com\/product\/yoast-seo-wordpress\/ -->\n<title>Ansvarsfullhet - Rederierna i Finland<\/title>\n<meta name=\"robots\" content=\"index, follow, max-snippet:-1, max-image-preview:large, max-video-preview:-1\" \/>\n<link rel=\"canonical\" href=\"https:\/\/shipowners.fi\/sv\/ansvarsfullhet\/\" \/>\n<meta property=\"og:locale\" content=\"sv_SE\" \/>\n<meta property=\"og:type\" content=\"article\" \/>\n<meta property=\"og:title\" content=\"Ansvarsfullhet - Rederierna i Finland\" \/>\n<meta property=\"og:description\" content=\"Milj\u00f6v\u00e4nlighet och ansvarsfullhet \u00e4r megatrender i den globala sj\u00f6fartsindustrin och de finl\u00e4ndska rederierna \u00e4r f\u00f6reg\u00e5ngare p\u00e5 detta omr\u00e5de. Sj\u00f6fartsindustrin har redan l\u00e4nge satsat p\u00e5 milj\u00f6ansvar och i Finland har det utvecklats nya l\u00f6sningar som spridits runt v\u00e4rlden. I Finland ser vi ansvarsfullhet som ett verksamhetss\u00e4tt och en konkurrensf\u00f6rdel. V\u00e5rt m\u00e5l \u00e4r att n\u00e5 kolneutralitet via&hellip;\" \/>\n<meta property=\"og:url\" content=\"https:\/\/shipowners.fi\/sv\/ansvarsfullhet\/\" \/>\n<meta property=\"og:site_name\" content=\"Rederierna i Finland\" \/>\n<meta property=\"article:modified_time\" content=\"2023-02-23T09:08:33+00:00\" \/>\n<meta property=\"og:image\" content=\"https:\/\/shipowners.fi\/wp-content\/uploads\/2018\/05\/suomenvarustamot_kilpailukyky.jpg\" \/>\n\t<meta property=\"og:image:width\" content=\"1920\" \/>\n\t<meta property=\"og:image:height\" content=\"564\" \/>\n\t<meta property=\"og:image:type\" content=\"image\/jpeg\" \/>\n<meta name=\"twitter:card\" content=\"summary_large_image\" \/>\n<meta name=\"twitter:label1\" content=\"Ber\u00e4knad l\u00e4stid\" \/>\n\t<meta name=\"twitter:data1\" content=\"1 minut\" \/>\n<script type=\"application\/ld+json\" class=\"yoast-schema-graph\">{\"@context\":\"https:\/\/schema.org\",\"@graph\":[{\"@type\":\"WebPage\",\"@id\":\"https:\/\/shipowners.fi\/sv\/ansvarsfullhet\/\",\"url\":\"https:\/\/shipowners.fi\/sv\/ansvarsfullhet\/\",\"name\":\"Ansvarsfullhet - Rederierna i Finland\",\"isPartOf\":{\"@id\":\"https:\/\/shipowners.fi\/#website\"},\"primaryImageOfPage\":{\"@id\":\"https:\/\/shipowners.fi\/sv\/ansvarsfullhet\/#primaryimage\"},\"image\":{\"@id\":\"https:\/\/shipowners.fi\/sv\/ansvarsfullhet\/#primaryimage\"},\"thumbnailUrl\":\"https:\/\/shipowners.fi\/wp-content\/uploads\/2018\/05\/suomenvarustamot_kilpailukyky.jpg\",\"datePublished\":\"2018-05-04T12:39:59+00:00\",\"dateModified\":\"2023-02-23T09:08:33+00:00\",\"inLanguage\":\"sv-SE\",\"potentialAction\":[{\"@type\":\"ReadAction\",\"target\":[\"https:\/\/shipowners.fi\/sv\/ansvarsfullhet\/\"]}]},{\"@type\":\"ImageObject\",\"inLanguage\":\"sv-SE\",\"@id\":\"https:\/\/shipowners.fi\/sv\/ansvarsfullhet\/#primaryimage\",\"url\":\"https:\/\/shipowners.fi\/wp-content\/uploads\/2018\/05\/suomenvarustamot_kilpailukyky.jpg\",\"contentUrl\":\"https:\/\/shipowners.fi\/wp-content\/uploads\/2018\/05\/suomenvarustamot_kilpailukyky.jpg\",\"width\":1920,\"height\":564},{\"@type\":\"WebSite\",\"@id\":\"https:\/\/shipowners.fi\/#website\",\"url\":\"https:\/\/shipowners.fi\/\",\"name\":\"Rederierna i Finland\",\"description\":\"\",\"potentialAction\":[{\"@type\":\"SearchAction\",\"target\":{\"@type\":\"EntryPoint\",\"urlTemplate\":\"https:\/\/shipowners.fi\/?s={search_term_string}\"},\"query-input\":{\"@type\":\"PropertyValueSpecification\",\"valueRequired\":true,\"valueName\":\"search_term_string\"}}],\"inLanguage\":\"sv-SE\"}]}<\/script>\n<!-- \/ Yoast SEO plugin. -->","yoast_head_json":{"title":"Ansvarsfullhet - Rederierna i Finland","robots":{"index":"index","follow":"follow","max-snippet":"max-snippet:-1","max-image-preview":"max-image-preview:large","max-video-preview":"max-video-preview:-1"},"canonical":"https:\/\/shipowners.fi\/sv\/ansvarsfullhet\/","og_locale":"sv_SE","og_type":"article","og_title":"Ansvarsfullhet - Rederierna i Finland","og_description":"Milj\u00f6v\u00e4nlighet och ansvarsfullhet \u00e4r megatrender i den globala sj\u00f6fartsindustrin och de finl\u00e4ndska rederierna \u00e4r f\u00f6reg\u00e5ngare p\u00e5 detta omr\u00e5de. Sj\u00f6fartsindustrin har redan l\u00e4nge satsat p\u00e5 milj\u00f6ansvar och i Finland har det utvecklats nya l\u00f6sningar som spridits runt v\u00e4rlden. I Finland ser vi ansvarsfullhet som ett verksamhetss\u00e4tt och en konkurrensf\u00f6rdel. V\u00e5rt m\u00e5l \u00e4r att n\u00e5 kolneutralitet via&hellip;","og_url":"https:\/\/shipowners.fi\/sv\/ansvarsfullhet\/","og_site_name":"Rederierna i Finland","article_modified_time":"2023-02-23T09:08:33+00:00","og_image":[{"width":1920,"height":564,"url":"https:\/\/shipowners.fi\/wp-content\/uploads\/2018\/05\/suomenvarustamot_kilpailukyky.jpg","type":"image\/jpeg"}],"twitter_card":"summary_large_image","twitter_misc":{"Ber\u00e4knad l\u00e4stid":"1 minut"},"schema":{"@context":"https:\/\/schema.org","@graph":[{"@type":"WebPage","@id":"https:\/\/shipowners.fi\/sv\/ansvarsfullhet\/","url":"https:\/\/shipowners.fi\/sv\/ansvarsfullhet\/","name":"Ansvarsfullhet - Rederierna i Finland","isPartOf":{"@id":"https:\/\/shipowners.fi\/#website"},"primaryImageOfPage":{"@id":"https:\/\/shipowners.fi\/sv\/ansvarsfullhet\/#primaryimage"},"image":{"@id":"https:\/\/shipowners.fi\/sv\/ansvarsfullhet\/#primaryimage"},"thumbnailUrl":"https:\/\/shipowners.fi\/wp-content\/uploads\/2018\/05\/suomenvarustamot_kilpailukyky.jpg","datePublished":"2018-05-04T12:39:59+00:00","dateModified":"2023-02-23T09:08:33+00:00","inLanguage":"sv-SE","potentialAction":[{"@type":"ReadAction","target":["https:\/\/shipowners.fi\/sv\/ansvarsfullhet\/"]}]},{"@type":"ImageObject","inLanguage":"sv-SE","@id":"https:\/\/shipowners.fi\/sv\/ansvarsfullhet\/#primaryimage","url":"https:\/\/shipowners.fi\/wp-content\/uploads\/2018\/05\/suomenvarustamot_kilpailukyky.jpg","contentUrl":"https:\/\/shipowners.fi\/wp-content\/uploads\/2018\/05\/suomenvarustamot_kilpailukyky.jpg","width":1920,"height":564},{"@type":"WebSite","@id":"https:\/\/shipowners.fi\/#website","url":"https:\/\/shipowners.fi\/","name":"Rederierna i Finland","description":"","potentialAction":[{"@type":"SearchAction","target":{"@type":"EntryPoint","urlTemplate":"https:\/\/shipowners.fi\/?s={search_term_string}"},"query-input":{"@type":"PropertyValueSpecification","valueRequired":true,"valueName":"search_term_string"}}],"inLanguage":"sv-SE"}]}},"_links":{"self":[{"href":"https:\/\/shipowners.fi\/sv\/wp-json\/wp\/v2\/pages\/160","targetHints":{"allow":["GET"]}}],"collection":[{"href":"https:\/\/shipowners.fi\/sv\/wp-json\/wp\/v2\/pages"}],"about":[{"href":"https:\/\/shipowners.fi\/sv\/wp-json\/wp\/v2\/types\/page"}],"author":[{"embeddable":true,"href":"https:\/\/shipowners.fi\/sv\/wp-json\/wp\/v2\/users\/1"}],"replies":[{"embeddable":true,"href":"https:\/\/shipowners.fi\/sv\/wp-json\/wp\/v2\/comments?post=160"}],"version-history":[{"count":10,"href":"https:\/\/shipowners.fi\/sv\/wp-json\/wp\/v2\/pages\/160\/revisions"}],"predecessor-version":[{"id":9476,"href":"https:\/\/shipowners.fi\/sv\/wp-json\/wp\/v2\/pages\/160\/revisions\/9476"}],"wp:featuredmedia":[{"embeddable":true,"href":"https:\/\/shipowners.fi\/sv\/wp-json\/wp\/v2\/media\/252"}],"wp:attachment":[{"href":"https:\/\/shipowners.fi\/sv\/wp-json\/wp\/v2\/media?parent=160"}],"curies":[{"name":"wp","href":"https:\/\/api.w.org\/{rel}","templated":true}]}}