{"id":164,"date":"2018-05-07T08:37:40","date_gmt":"2018-05-07T05:37:40","guid":{"rendered":"https:\/\/shipowners.fi\/kilpailukyky\/"},"modified":"2024-05-28T15:18:01","modified_gmt":"2024-05-28T12:18:01","slug":"konkurrenskraft","status":"publish","type":"page","link":"https:\/\/shipowners.fi\/sv\/konkurrenskraft\/","title":{"rendered":"Konkurrenskraft"},"content":{"rendered":"<p>Havet \u00e4r livsviktigt f\u00f6r finl\u00e4ndarna. D\u00e4rf\u00f6r l\u00f6nar det sig att satsa p\u00e5 n\u00e4ringarnas konkurrenskraft och p\u00e5 en smidig trafik.\u00a0 Den maritima sektorns betydelse f\u00f6r samh\u00e4llet \u00e4r st\u00f6rre \u00e4n omfattningen. Sj\u00f6fartens konkurrenskraft st\u00f6der Finlands konkurrenskraft: 94,4 procent av exporten och 96,9 procent av importen fraktas till sj\u00f6ss.<\/p>\n<p>Sj\u00f6farten \u00e4r en global industri och konkurrensen \u00e4r v\u00e4rldsomfattande. EU:s riktlinjer f\u00f6r statsunderst\u00f6d till sj\u00f6farten och Valletta-Deklarationen drar upp linjerna f\u00f6r de centrala m\u00e5len och \u00e5tg\u00e4rderna f\u00f6r att m\u00f6jligg\u00f6ra den europeiska sj\u00f6fartens verksamhetsf\u00f6ruts\u00e4ttningar samt f\u00f6ruts\u00e4ttningarna f\u00f6r att verka inom den globala handeln. Det \u00e4r viktigt f\u00f6r Finland att sitta i samma b\u00e5t med de 15 \u00f6vriga europeiska sj\u00f6farts staterna och att f\u00f6rs\u00e4kra att den nationella rederin\u00e4ringens verksamhetsf\u00f6ruts\u00e4ttningar f\u00f6ljer EU:s riktlinjer.<\/p>\n<p><img loading=\"lazy\" decoding=\"async\" class=\"alignnone size-large wp-image-11411\" src=\"https:\/\/shipowners.fi\/wp-content\/uploads\/2024\/05\/thumbnail_1467d7ef-cd5d-40ba-a9f2-43e1a189e70a-935x960.jpg\" alt=\"\" width=\"935\" height=\"960\" srcset=\"https:\/\/shipowners.fi\/wp-content\/uploads\/2024\/05\/thumbnail_1467d7ef-cd5d-40ba-a9f2-43e1a189e70a-935x960.jpg 935w, https:\/\/shipowners.fi\/wp-content\/uploads\/2024\/05\/thumbnail_1467d7ef-cd5d-40ba-a9f2-43e1a189e70a-292x300.jpg 292w, https:\/\/shipowners.fi\/wp-content\/uploads\/2024\/05\/thumbnail_1467d7ef-cd5d-40ba-a9f2-43e1a189e70a-768x788.jpg 768w, https:\/\/shipowners.fi\/wp-content\/uploads\/2024\/05\/thumbnail_1467d7ef-cd5d-40ba-a9f2-43e1a189e70a.jpg 954w\" sizes=\"auto, (max-width: 935px) 100vw, 935px\" \/><\/p>\n<p>Bild: <a href=\"https:\/\/tilastot.tulli.fi\/-\/ulkomaankaupan-kuljetukset-vuonna-2023\">Tullen<\/a><\/p>\n","protected":false},"excerpt":{"rendered":"<p>Havet \u00e4r livsviktigt f\u00f6r finl\u00e4ndarna. D\u00e4rf\u00f6r l\u00f6nar det sig att satsa p\u00e5 n\u00e4ringarnas konkurrenskraft och p\u00e5 en smidig trafik.\u00a0 Den maritima sektorns betydelse f\u00f6r samh\u00e4llet \u00e4r st\u00f6rre \u00e4n omfattningen. Sj\u00f6fartens konkurrenskraft st\u00f6der Finlands konkurrenskraft: 94,4 procent av exporten och 96,9 procent av importen fraktas till sj\u00f6ss. Sj\u00f6farten \u00e4r en global industri och konkurrensen \u00e4r v\u00e4rldsomfattande.&hellip;<\/p>\n","protected":false},"author":1,"featured_media":1347,"parent":0,"menu_order":167,"comment_status":"closed","ping_status":"closed","template":"","meta":{"_acf_changed":false,"footnotes":""},"class_list":["post-164","page","type-page","status-publish","has-post-thumbnail","hentry"],"acf":[],"yoast_head":"<!-- This site is optimized with the Yoast SEO plugin v27.2 - https:\/\/yoast.com\/product\/yoast-seo-wordpress\/ -->\n<title>Konkurrenskraft - Rederierna i Finland<\/title>\n<meta name=\"robots\" content=\"index, follow, max-snippet:-1, max-image-preview:large, max-video-preview:-1\" \/>\n<link rel=\"canonical\" href=\"https:\/\/shipowners.fi\/sv\/konkurrenskraft\/\" \/>\n<meta property=\"og:locale\" content=\"sv_SE\" \/>\n<meta property=\"og:type\" content=\"article\" \/>\n<meta property=\"og:title\" content=\"Konkurrenskraft - Rederierna i Finland\" \/>\n<meta property=\"og:description\" content=\"Havet \u00e4r livsviktigt f\u00f6r finl\u00e4ndarna. D\u00e4rf\u00f6r l\u00f6nar det sig att satsa p\u00e5 n\u00e4ringarnas konkurrenskraft och p\u00e5 en smidig trafik.\u00a0 Den maritima sektorns betydelse f\u00f6r samh\u00e4llet \u00e4r st\u00f6rre \u00e4n omfattningen. Sj\u00f6fartens konkurrenskraft st\u00f6der Finlands konkurrenskraft: 94,4 procent av exporten och 96,9 procent av importen fraktas till sj\u00f6ss. Sj\u00f6farten \u00e4r en global industri och konkurrensen \u00e4r v\u00e4rldsomfattande.&hellip;\" \/>\n<meta property=\"og:url\" content=\"https:\/\/shipowners.fi\/sv\/konkurrenskraft\/\" \/>\n<meta property=\"og:site_name\" content=\"Rederierna i Finland\" \/>\n<meta property=\"article:modified_time\" content=\"2024-05-28T12:18:01+00:00\" \/>\n<meta property=\"og:image\" content=\"https:\/\/shipowners.fi\/wp-content\/uploads\/2018\/06\/784127C5-0C43-4AD4-AEF0-A1B9603FBCF3.jpeg\" \/>\n\t<meta property=\"og:image:width\" content=\"2000\" \/>\n\t<meta property=\"og:image:height\" content=\"1335\" \/>\n\t<meta property=\"og:image:type\" content=\"image\/jpeg\" \/>\n<meta name=\"twitter:card\" content=\"summary_large_image\" \/>\n<meta name=\"twitter:label1\" content=\"Ber\u00e4knad l\u00e4stid\" \/>\n\t<meta name=\"twitter:data1\" content=\"2 minuter\" \/>\n<script type=\"application\/ld+json\" class=\"yoast-schema-graph\">{\"@context\":\"https:\/\/schema.org\",\"@graph\":[{\"@type\":\"WebPage\",\"@id\":\"https:\/\/shipowners.fi\/sv\/konkurrenskraft\/\",\"url\":\"https:\/\/shipowners.fi\/sv\/konkurrenskraft\/\",\"name\":\"Konkurrenskraft - Rederierna i Finland\",\"isPartOf\":{\"@id\":\"https:\/\/shipowners.fi\/#website\"},\"primaryImageOfPage\":{\"@id\":\"https:\/\/shipowners.fi\/sv\/konkurrenskraft\/#primaryimage\"},\"image\":{\"@id\":\"https:\/\/shipowners.fi\/sv\/konkurrenskraft\/#primaryimage\"},\"thumbnailUrl\":\"https:\/\/shipowners.fi\/wp-content\/uploads\/2018\/06\/784127C5-0C43-4AD4-AEF0-A1B9603FBCF3.jpeg\",\"datePublished\":\"2018-05-07T05:37:40+00:00\",\"dateModified\":\"2024-05-28T12:18:01+00:00\",\"inLanguage\":\"sv-SE\",\"potentialAction\":[{\"@type\":\"ReadAction\",\"target\":[\"https:\/\/shipowners.fi\/sv\/konkurrenskraft\/\"]}]},{\"@type\":\"ImageObject\",\"inLanguage\":\"sv-SE\",\"@id\":\"https:\/\/shipowners.fi\/sv\/konkurrenskraft\/#primaryimage\",\"url\":\"https:\/\/shipowners.fi\/wp-content\/uploads\/2018\/06\/784127C5-0C43-4AD4-AEF0-A1B9603FBCF3.jpeg\",\"contentUrl\":\"https:\/\/shipowners.fi\/wp-content\/uploads\/2018\/06\/784127C5-0C43-4AD4-AEF0-A1B9603FBCF3.jpeg\",\"width\":2000,\"height\":1335},{\"@type\":\"WebSite\",\"@id\":\"https:\/\/shipowners.fi\/#website\",\"url\":\"https:\/\/shipowners.fi\/\",\"name\":\"Rederierna i Finland\",\"description\":\"\",\"potentialAction\":[{\"@type\":\"SearchAction\",\"target\":{\"@type\":\"EntryPoint\",\"urlTemplate\":\"https:\/\/shipowners.fi\/?s={search_term_string}\"},\"query-input\":{\"@type\":\"PropertyValueSpecification\",\"valueRequired\":true,\"valueName\":\"search_term_string\"}}],\"inLanguage\":\"sv-SE\"}]}<\/script>\n<!-- \/ Yoast SEO plugin. -->","yoast_head_json":{"title":"Konkurrenskraft - Rederierna i Finland","robots":{"index":"index","follow":"follow","max-snippet":"max-snippet:-1","max-image-preview":"max-image-preview:large","max-video-preview":"max-video-preview:-1"},"canonical":"https:\/\/shipowners.fi\/sv\/konkurrenskraft\/","og_locale":"sv_SE","og_type":"article","og_title":"Konkurrenskraft - Rederierna i Finland","og_description":"Havet \u00e4r livsviktigt f\u00f6r finl\u00e4ndarna. D\u00e4rf\u00f6r l\u00f6nar det sig att satsa p\u00e5 n\u00e4ringarnas konkurrenskraft och p\u00e5 en smidig trafik.\u00a0 Den maritima sektorns betydelse f\u00f6r samh\u00e4llet \u00e4r st\u00f6rre \u00e4n omfattningen. Sj\u00f6fartens konkurrenskraft st\u00f6der Finlands konkurrenskraft: 94,4 procent av exporten och 96,9 procent av importen fraktas till sj\u00f6ss. Sj\u00f6farten \u00e4r en global industri och konkurrensen \u00e4r v\u00e4rldsomfattande.&hellip;","og_url":"https:\/\/shipowners.fi\/sv\/konkurrenskraft\/","og_site_name":"Rederierna i Finland","article_modified_time":"2024-05-28T12:18:01+00:00","og_image":[{"width":2000,"height":1335,"url":"https:\/\/shipowners.fi\/wp-content\/uploads\/2018\/06\/784127C5-0C43-4AD4-AEF0-A1B9603FBCF3.jpeg","type":"image\/jpeg"}],"twitter_card":"summary_large_image","twitter_misc":{"Ber\u00e4knad l\u00e4stid":"2 minuter"},"schema":{"@context":"https:\/\/schema.org","@graph":[{"@type":"WebPage","@id":"https:\/\/shipowners.fi\/sv\/konkurrenskraft\/","url":"https:\/\/shipowners.fi\/sv\/konkurrenskraft\/","name":"Konkurrenskraft - Rederierna i Finland","isPartOf":{"@id":"https:\/\/shipowners.fi\/#website"},"primaryImageOfPage":{"@id":"https:\/\/shipowners.fi\/sv\/konkurrenskraft\/#primaryimage"},"image":{"@id":"https:\/\/shipowners.fi\/sv\/konkurrenskraft\/#primaryimage"},"thumbnailUrl":"https:\/\/shipowners.fi\/wp-content\/uploads\/2018\/06\/784127C5-0C43-4AD4-AEF0-A1B9603FBCF3.jpeg","datePublished":"2018-05-07T05:37:40+00:00","dateModified":"2024-05-28T12:18:01+00:00","inLanguage":"sv-SE","potentialAction":[{"@type":"ReadAction","target":["https:\/\/shipowners.fi\/sv\/konkurrenskraft\/"]}]},{"@type":"ImageObject","inLanguage":"sv-SE","@id":"https:\/\/shipowners.fi\/sv\/konkurrenskraft\/#primaryimage","url":"https:\/\/shipowners.fi\/wp-content\/uploads\/2018\/06\/784127C5-0C43-4AD4-AEF0-A1B9603FBCF3.jpeg","contentUrl":"https:\/\/shipowners.fi\/wp-content\/uploads\/2018\/06\/784127C5-0C43-4AD4-AEF0-A1B9603FBCF3.jpeg","width":2000,"height":1335},{"@type":"WebSite","@id":"https:\/\/shipowners.fi\/#website","url":"https:\/\/shipowners.fi\/","name":"Rederierna i Finland","description":"","potentialAction":[{"@type":"SearchAction","target":{"@type":"EntryPoint","urlTemplate":"https:\/\/shipowners.fi\/?s={search_term_string}"},"query-input":{"@type":"PropertyValueSpecification","valueRequired":true,"valueName":"search_term_string"}}],"inLanguage":"sv-SE"}]}},"_links":{"self":[{"href":"https:\/\/shipowners.fi\/sv\/wp-json\/wp\/v2\/pages\/164","targetHints":{"allow":["GET"]}}],"collection":[{"href":"https:\/\/shipowners.fi\/sv\/wp-json\/wp\/v2\/pages"}],"about":[{"href":"https:\/\/shipowners.fi\/sv\/wp-json\/wp\/v2\/types\/page"}],"author":[{"embeddable":true,"href":"https:\/\/shipowners.fi\/sv\/wp-json\/wp\/v2\/users\/1"}],"replies":[{"embeddable":true,"href":"https:\/\/shipowners.fi\/sv\/wp-json\/wp\/v2\/comments?post=164"}],"version-history":[{"count":10,"href":"https:\/\/shipowners.fi\/sv\/wp-json\/wp\/v2\/pages\/164\/revisions"}],"predecessor-version":[{"id":11427,"href":"https:\/\/shipowners.fi\/sv\/wp-json\/wp\/v2\/pages\/164\/revisions\/11427"}],"wp:featuredmedia":[{"embeddable":true,"href":"https:\/\/shipowners.fi\/sv\/wp-json\/wp\/v2\/media\/1347"}],"wp:attachment":[{"href":"https:\/\/shipowners.fi\/sv\/wp-json\/wp\/v2\/media?parent=164"}],"curies":[{"name":"wp","href":"https:\/\/api.w.org\/{rel}","templated":true}]}}