{"id":1655,"date":"2018-07-26T15:14:40","date_gmt":"2018-07-26T12:14:40","guid":{"rendered":"https:\/\/shipowners.fi\/?page_id=1655"},"modified":"2018-07-26T15:14:40","modified_gmt":"2018-07-26T12:14:40","slug":"situationen-for-fartygstrafik","status":"publish","type":"page","link":"https:\/\/shipowners.fi\/sv\/digitalisering-och-automation\/situationen-for-fartygstrafik\/","title":{"rendered":"Situationen f\u00f6r fartygstrafik"},"content":{"rendered":"<p>\u00d6sterj\u00f6n \u00e4r en v\u00e4sentlig rutt f\u00f6r Finlands export och import, ca.90% utav handeln transporteras till sj\u00f6ss. \u00d6stersj\u00f6n h\u00f6r till en av v\u00e4rldens mest trafikerade sj\u00f6omr\u00e5den och till och med 15% utav v\u00e4rldens fartygstrafik passerar via omr\u00e5det.<\/p>\n<p>Enligt <a href=\"http:\/\/www.helcom.fi\/\">HELCOM:s<\/a> (Baltic Marine Environment Protection Commission &#8211; Helsinki Commission) statistik finns det 2000 fartyg p\u00e5 \u00d6stersj\u00f6n varje stund. M\u00e5nadligen trafikerar det 3500-5000 fartyg p\u00e5 sj\u00f6omr\u00e5det.<\/p>\n<p><script type=\"text\/javascript\"> \nwidth='100%'; \/\/ the width of the embedded map in pixels or percentage \nheight='450'; \/\/ the height of the embedded map in pixels or percentage \nborder='1'; \/\/ the width of the border around the map (zero means no border) \nshownames='false'; \/\/ to display ship names on the map (true or false) \nlatitude='62.1776'; \/\/ the latitude of the center of the map, in decimal degrees \nlongitude='26.5038'; \/\/ the longitude of the center of the map, in decimal degrees \nzoom='5'; \/\/ the zoom level of the map (values between 2 and 17) \nmaptype='3'; \/\/ use 0 for Normal Map, 1 for Satellite, 2 for OpenStreetMap \ntrackvessel='0'; \/\/ MMSI of a vessel (note: vessel will be displayed only if within range of the system) - overrides \"zoom\" option \nfleet=''; \/\/ the registered email address of a user-defined fleet (user's default fleet is used) \n<\/script><br \/>\n<script type=\"text\/javascript\" src=\"\/\/www.marinetraffic.com\/js\/embed.js\"><\/script><br \/>\nService provided by MarineTraffic.com<\/p>\n","protected":false},"excerpt":{"rendered":"<p>\u00d6sterj\u00f6n \u00e4r en v\u00e4sentlig rutt f\u00f6r Finlands export och import, ca.90% utav handeln transporteras till sj\u00f6ss. \u00d6stersj\u00f6n h\u00f6r till en av v\u00e4rldens mest trafikerade sj\u00f6omr\u00e5den och till och med 15% utav v\u00e4rldens fartygstrafik passerar via omr\u00e5det. Enligt HELCOM:s (Baltic Marine Environment Protection Commission &#8211; Helsinki Commission) statistik finns det 2000 fartyg p\u00e5 \u00d6stersj\u00f6n varje stund.&hellip;<\/p>\n","protected":false},"author":1,"featured_media":0,"parent":397,"menu_order":117,"comment_status":"closed","ping_status":"closed","template":"","meta":{"_acf_changed":false,"footnotes":""},"class_list":["post-1655","page","type-page","status-publish","hentry"],"acf":[],"yoast_head":"<!-- This site is optimized with the Yoast SEO plugin v27.2 - https:\/\/yoast.com\/product\/yoast-seo-wordpress\/ -->\n<title>Situationen f\u00f6r fartygstrafik - Rederierna i Finland<\/title>\n<meta name=\"robots\" content=\"index, follow, max-snippet:-1, max-image-preview:large, max-video-preview:-1\" \/>\n<link rel=\"canonical\" href=\"https:\/\/shipowners.fi\/sv\/digitalisering-och-automation\/situationen-for-fartygstrafik\/\" \/>\n<meta property=\"og:locale\" content=\"sv_SE\" \/>\n<meta property=\"og:type\" content=\"article\" \/>\n<meta property=\"og:title\" content=\"Situationen f\u00f6r fartygstrafik - Rederierna i Finland\" \/>\n<meta property=\"og:description\" content=\"\u00d6sterj\u00f6n \u00e4r en v\u00e4sentlig rutt f\u00f6r Finlands export och import, ca.90% utav handeln transporteras till sj\u00f6ss. \u00d6stersj\u00f6n h\u00f6r till en av v\u00e4rldens mest trafikerade sj\u00f6omr\u00e5den och till och med 15% utav v\u00e4rldens fartygstrafik passerar via omr\u00e5det. Enligt HELCOM:s (Baltic Marine Environment Protection Commission &#8211; Helsinki Commission) statistik finns det 2000 fartyg p\u00e5 \u00d6stersj\u00f6n varje stund.&hellip;\" \/>\n<meta property=\"og:url\" content=\"https:\/\/shipowners.fi\/sv\/digitalisering-och-automation\/situationen-for-fartygstrafik\/\" \/>\n<meta property=\"og:site_name\" content=\"Rederierna i Finland\" \/>\n<meta property=\"og:image\" content=\"https:\/\/shipowners.fi\/wp-content\/uploads\/2018\/05\/suomenvarustamot_etusivu.jpg\" \/>\n\t<meta property=\"og:image:width\" content=\"1243\" \/>\n\t<meta property=\"og:image:height\" content=\"901\" \/>\n\t<meta property=\"og:image:type\" content=\"image\/jpeg\" \/>\n<meta name=\"twitter:card\" content=\"summary_large_image\" \/>\n<script type=\"application\/ld+json\" class=\"yoast-schema-graph\">{\"@context\":\"https:\/\/schema.org\",\"@graph\":[{\"@type\":\"WebPage\",\"@id\":\"https:\/\/shipowners.fi\/sv\/digitalisering-och-automation\/situationen-for-fartygstrafik\/\",\"url\":\"https:\/\/shipowners.fi\/sv\/digitalisering-och-automation\/situationen-for-fartygstrafik\/\",\"name\":\"Situationen f\u00f6r fartygstrafik - Rederierna i Finland\",\"isPartOf\":{\"@id\":\"https:\/\/shipowners.fi\/#website\"},\"datePublished\":\"2018-07-26T12:14:40+00:00\",\"breadcrumb\":{\"@id\":\"https:\/\/shipowners.fi\/sv\/digitalisering-och-automation\/situationen-for-fartygstrafik\/#breadcrumb\"},\"inLanguage\":\"sv-SE\",\"potentialAction\":[{\"@type\":\"ReadAction\",\"target\":[\"https:\/\/shipowners.fi\/sv\/digitalisering-och-automation\/situationen-for-fartygstrafik\/\"]}]},{\"@type\":\"BreadcrumbList\",\"@id\":\"https:\/\/shipowners.fi\/sv\/digitalisering-och-automation\/situationen-for-fartygstrafik\/#breadcrumb\",\"itemListElement\":[{\"@type\":\"ListItem\",\"position\":1,\"name\":\"Digitalisering och automation\",\"item\":\"https:\/\/shipowners.fi\/sv\/digitalisering-och-automation\/\"},{\"@type\":\"ListItem\",\"position\":2,\"name\":\"Situationen f\u00f6r fartygstrafik\"}]},{\"@type\":\"WebSite\",\"@id\":\"https:\/\/shipowners.fi\/#website\",\"url\":\"https:\/\/shipowners.fi\/\",\"name\":\"Rederierna i Finland\",\"description\":\"\",\"potentialAction\":[{\"@type\":\"SearchAction\",\"target\":{\"@type\":\"EntryPoint\",\"urlTemplate\":\"https:\/\/shipowners.fi\/?s={search_term_string}\"},\"query-input\":{\"@type\":\"PropertyValueSpecification\",\"valueRequired\":true,\"valueName\":\"search_term_string\"}}],\"inLanguage\":\"sv-SE\"}]}<\/script>\n<!-- \/ Yoast SEO plugin. -->","yoast_head_json":{"title":"Situationen f\u00f6r fartygstrafik - Rederierna i Finland","robots":{"index":"index","follow":"follow","max-snippet":"max-snippet:-1","max-image-preview":"max-image-preview:large","max-video-preview":"max-video-preview:-1"},"canonical":"https:\/\/shipowners.fi\/sv\/digitalisering-och-automation\/situationen-for-fartygstrafik\/","og_locale":"sv_SE","og_type":"article","og_title":"Situationen f\u00f6r fartygstrafik - Rederierna i Finland","og_description":"\u00d6sterj\u00f6n \u00e4r en v\u00e4sentlig rutt f\u00f6r Finlands export och import, ca.90% utav handeln transporteras till sj\u00f6ss. \u00d6stersj\u00f6n h\u00f6r till en av v\u00e4rldens mest trafikerade sj\u00f6omr\u00e5den och till och med 15% utav v\u00e4rldens fartygstrafik passerar via omr\u00e5det. Enligt HELCOM:s (Baltic Marine Environment Protection Commission &#8211; Helsinki Commission) statistik finns det 2000 fartyg p\u00e5 \u00d6stersj\u00f6n varje stund.&hellip;","og_url":"https:\/\/shipowners.fi\/sv\/digitalisering-och-automation\/situationen-for-fartygstrafik\/","og_site_name":"Rederierna i Finland","og_image":[{"width":1243,"height":901,"url":"https:\/\/shipowners.fi\/wp-content\/uploads\/2018\/05\/suomenvarustamot_etusivu.jpg","type":"image\/jpeg"}],"twitter_card":"summary_large_image","schema":{"@context":"https:\/\/schema.org","@graph":[{"@type":"WebPage","@id":"https:\/\/shipowners.fi\/sv\/digitalisering-och-automation\/situationen-for-fartygstrafik\/","url":"https:\/\/shipowners.fi\/sv\/digitalisering-och-automation\/situationen-for-fartygstrafik\/","name":"Situationen f\u00f6r fartygstrafik - Rederierna i Finland","isPartOf":{"@id":"https:\/\/shipowners.fi\/#website"},"datePublished":"2018-07-26T12:14:40+00:00","breadcrumb":{"@id":"https:\/\/shipowners.fi\/sv\/digitalisering-och-automation\/situationen-for-fartygstrafik\/#breadcrumb"},"inLanguage":"sv-SE","potentialAction":[{"@type":"ReadAction","target":["https:\/\/shipowners.fi\/sv\/digitalisering-och-automation\/situationen-for-fartygstrafik\/"]}]},{"@type":"BreadcrumbList","@id":"https:\/\/shipowners.fi\/sv\/digitalisering-och-automation\/situationen-for-fartygstrafik\/#breadcrumb","itemListElement":[{"@type":"ListItem","position":1,"name":"Digitalisering och automation","item":"https:\/\/shipowners.fi\/sv\/digitalisering-och-automation\/"},{"@type":"ListItem","position":2,"name":"Situationen f\u00f6r fartygstrafik"}]},{"@type":"WebSite","@id":"https:\/\/shipowners.fi\/#website","url":"https:\/\/shipowners.fi\/","name":"Rederierna i Finland","description":"","potentialAction":[{"@type":"SearchAction","target":{"@type":"EntryPoint","urlTemplate":"https:\/\/shipowners.fi\/?s={search_term_string}"},"query-input":{"@type":"PropertyValueSpecification","valueRequired":true,"valueName":"search_term_string"}}],"inLanguage":"sv-SE"}]}},"_links":{"self":[{"href":"https:\/\/shipowners.fi\/sv\/wp-json\/wp\/v2\/pages\/1655","targetHints":{"allow":["GET"]}}],"collection":[{"href":"https:\/\/shipowners.fi\/sv\/wp-json\/wp\/v2\/pages"}],"about":[{"href":"https:\/\/shipowners.fi\/sv\/wp-json\/wp\/v2\/types\/page"}],"author":[{"embeddable":true,"href":"https:\/\/shipowners.fi\/sv\/wp-json\/wp\/v2\/users\/1"}],"replies":[{"embeddable":true,"href":"https:\/\/shipowners.fi\/sv\/wp-json\/wp\/v2\/comments?post=1655"}],"version-history":[{"count":3,"href":"https:\/\/shipowners.fi\/sv\/wp-json\/wp\/v2\/pages\/1655\/revisions"}],"predecessor-version":[{"id":1659,"href":"https:\/\/shipowners.fi\/sv\/wp-json\/wp\/v2\/pages\/1655\/revisions\/1659"}],"up":[{"embeddable":true,"href":"https:\/\/shipowners.fi\/sv\/wp-json\/wp\/v2\/pages\/397"}],"wp:attachment":[{"href":"https:\/\/shipowners.fi\/sv\/wp-json\/wp\/v2\/media?parent=1655"}],"curies":[{"name":"wp","href":"https:\/\/api.w.org\/{rel}","templated":true}]}}