{"id":166,"date":"2018-05-24T13:18:54","date_gmt":"2018-05-24T10:18:54","guid":{"rendered":"https:\/\/shipowners.fi\/tyomarkkinat-ja-osaaminen\/"},"modified":"2019-08-12T15:37:19","modified_gmt":"2019-08-12T12:37:19","slug":"arbetsmarknad-och-kompetens","status":"publish","type":"page","link":"https:\/\/shipowners.fi\/sv\/arbetsmarknad-och-kompetens\/","title":{"rendered":"Arbetsmarknad och kompetens"},"content":{"rendered":"<p>Rederierna i Finland deltar i den inhemska n\u00e4ringspolitiken som g\u00e4ller rederibranschen och i beslutsprocessen i arbets- och sociallagstiftningen och f\u00f6rhandlar om arbetsavtal med arbetstagar-organisationerna. Dessutom erbjuder f\u00f6reningen statistik som ber\u00f6r arbetsmarknadsfr\u00e5gor samt kurser och utbildning.<\/p>\n<p>Sj\u00f6fartsindustrin erbjuder flera olika typer av arbete och m\u00f6jligheter \u2013 rederiverksamhet och sj\u00f6fart har arbete f\u00f6r m\u00e4nniskor med \u00e5tskilliga typer av kompetens. Industrin syssels\u00e4tter personer med varierande utbildningsbakgrunder.<\/p>\n<p>Den finska sj\u00f6farten syssels\u00e4tter cirka 10\u00a0000 personer direkt. Denna m\u00e4ngd av sj\u00f6farare garanterar att det finns kompetenta sj\u00f6farare i framtiden som s\u00e4krar f\u00f6rs\u00f6rjningsberedskapen och den finska handelsflottan.<\/p>\n<p>Kontinuerlig utveckling och sj\u00f6farts utbildning s\u00e4kerst\u00e4ller att vi har kompetent arbetskraft i sj\u00f6fart nu och i framtiden. Det s\u00e4kerst\u00e4ller ocks\u00e5 att det r\u00e4cker med kvalificerade sj\u00f6farare f\u00f6r hela klusterts behov. Det maritima klustret syssels\u00e4tter ca. 43\u00a0500 personer och indirekt t.o.m. 500\u00a0000 personer. Rederierna i Finland \u00e4r starkt med i att fr\u00e4mja och utveckla den finska sj\u00f6fartsarbetsmarknaden och kompetensen.<\/p>\n<p>&nbsp;<\/p>\n","protected":false},"excerpt":{"rendered":"<p>Rederierna i Finland deltar i den inhemska n\u00e4ringspolitiken som g\u00e4ller rederibranschen och i beslutsprocessen i arbets- och sociallagstiftningen och f\u00f6rhandlar om arbetsavtal med arbetstagar-organisationerna. Dessutom erbjuder f\u00f6reningen statistik som ber\u00f6r arbetsmarknadsfr\u00e5gor samt kurser och utbildning. Sj\u00f6fartsindustrin erbjuder flera olika typer av arbete och m\u00f6jligheter \u2013 rederiverksamhet och sj\u00f6fart har arbete f\u00f6r m\u00e4nniskor med \u00e5tskilliga typer&hellip;<\/p>\n","protected":false},"author":1,"featured_media":342,"parent":0,"menu_order":120,"comment_status":"closed","ping_status":"closed","template":"","meta":{"_acf_changed":false,"footnotes":""},"class_list":["post-166","page","type-page","status-publish","has-post-thumbnail","hentry"],"acf":[],"yoast_head":"<!-- This site is optimized with the Yoast SEO plugin v27.2 - https:\/\/yoast.com\/product\/yoast-seo-wordpress\/ -->\n<title>Arbetsmarknad och kompetens - Rederierna i Finland<\/title>\n<meta name=\"robots\" content=\"index, follow, max-snippet:-1, max-image-preview:large, max-video-preview:-1\" \/>\n<link rel=\"canonical\" href=\"https:\/\/shipowners.fi\/sv\/arbetsmarknad-och-kompetens\/\" \/>\n<meta property=\"og:locale\" content=\"sv_SE\" \/>\n<meta property=\"og:type\" content=\"article\" \/>\n<meta property=\"og:title\" content=\"Arbetsmarknad och kompetens - Rederierna i Finland\" \/>\n<meta property=\"og:description\" content=\"Rederierna i Finland deltar i den inhemska n\u00e4ringspolitiken som g\u00e4ller rederibranschen och i beslutsprocessen i arbets- och sociallagstiftningen och f\u00f6rhandlar om arbetsavtal med arbetstagar-organisationerna. Dessutom erbjuder f\u00f6reningen statistik som ber\u00f6r arbetsmarknadsfr\u00e5gor samt kurser och utbildning. Sj\u00f6fartsindustrin erbjuder flera olika typer av arbete och m\u00f6jligheter \u2013 rederiverksamhet och sj\u00f6fart har arbete f\u00f6r m\u00e4nniskor med \u00e5tskilliga typer&hellip;\" \/>\n<meta property=\"og:url\" content=\"https:\/\/shipowners.fi\/sv\/arbetsmarknad-och-kompetens\/\" \/>\n<meta property=\"og:site_name\" content=\"Rederierna i Finland\" \/>\n<meta property=\"article:modified_time\" content=\"2019-08-12T12:37:19+00:00\" \/>\n<meta property=\"og:image\" content=\"https:\/\/shipowners.fi\/wp-content\/uploads\/2018\/05\/suomenvarustamot_tyomarkkinat.jpg\" \/>\n\t<meta property=\"og:image:width\" content=\"1920\" \/>\n\t<meta property=\"og:image:height\" content=\"564\" \/>\n\t<meta property=\"og:image:type\" content=\"image\/jpeg\" \/>\n<meta name=\"twitter:card\" content=\"summary_large_image\" \/>\n<meta name=\"twitter:label1\" content=\"Ber\u00e4knad l\u00e4stid\" \/>\n\t<meta name=\"twitter:data1\" content=\"1 minut\" \/>\n<script type=\"application\/ld+json\" class=\"yoast-schema-graph\">{\"@context\":\"https:\/\/schema.org\",\"@graph\":[{\"@type\":\"WebPage\",\"@id\":\"https:\/\/shipowners.fi\/sv\/arbetsmarknad-och-kompetens\/\",\"url\":\"https:\/\/shipowners.fi\/sv\/arbetsmarknad-och-kompetens\/\",\"name\":\"Arbetsmarknad och kompetens - Rederierna i Finland\",\"isPartOf\":{\"@id\":\"https:\/\/shipowners.fi\/#website\"},\"primaryImageOfPage\":{\"@id\":\"https:\/\/shipowners.fi\/sv\/arbetsmarknad-och-kompetens\/#primaryimage\"},\"image\":{\"@id\":\"https:\/\/shipowners.fi\/sv\/arbetsmarknad-och-kompetens\/#primaryimage\"},\"thumbnailUrl\":\"https:\/\/shipowners.fi\/wp-content\/uploads\/2018\/05\/suomenvarustamot_tyomarkkinat.jpg\",\"datePublished\":\"2018-05-24T10:18:54+00:00\",\"dateModified\":\"2019-08-12T12:37:19+00:00\",\"inLanguage\":\"sv-SE\",\"potentialAction\":[{\"@type\":\"ReadAction\",\"target\":[\"https:\/\/shipowners.fi\/sv\/arbetsmarknad-och-kompetens\/\"]}]},{\"@type\":\"ImageObject\",\"inLanguage\":\"sv-SE\",\"@id\":\"https:\/\/shipowners.fi\/sv\/arbetsmarknad-och-kompetens\/#primaryimage\",\"url\":\"https:\/\/shipowners.fi\/wp-content\/uploads\/2018\/05\/suomenvarustamot_tyomarkkinat.jpg\",\"contentUrl\":\"https:\/\/shipowners.fi\/wp-content\/uploads\/2018\/05\/suomenvarustamot_tyomarkkinat.jpg\",\"width\":1920,\"height\":564},{\"@type\":\"WebSite\",\"@id\":\"https:\/\/shipowners.fi\/#website\",\"url\":\"https:\/\/shipowners.fi\/\",\"name\":\"Rederierna i Finland\",\"description\":\"\",\"potentialAction\":[{\"@type\":\"SearchAction\",\"target\":{\"@type\":\"EntryPoint\",\"urlTemplate\":\"https:\/\/shipowners.fi\/?s={search_term_string}\"},\"query-input\":{\"@type\":\"PropertyValueSpecification\",\"valueRequired\":true,\"valueName\":\"search_term_string\"}}],\"inLanguage\":\"sv-SE\"}]}<\/script>\n<!-- \/ Yoast SEO plugin. -->","yoast_head_json":{"title":"Arbetsmarknad och kompetens - Rederierna i Finland","robots":{"index":"index","follow":"follow","max-snippet":"max-snippet:-1","max-image-preview":"max-image-preview:large","max-video-preview":"max-video-preview:-1"},"canonical":"https:\/\/shipowners.fi\/sv\/arbetsmarknad-och-kompetens\/","og_locale":"sv_SE","og_type":"article","og_title":"Arbetsmarknad och kompetens - Rederierna i Finland","og_description":"Rederierna i Finland deltar i den inhemska n\u00e4ringspolitiken som g\u00e4ller rederibranschen och i beslutsprocessen i arbets- och sociallagstiftningen och f\u00f6rhandlar om arbetsavtal med arbetstagar-organisationerna. Dessutom erbjuder f\u00f6reningen statistik som ber\u00f6r arbetsmarknadsfr\u00e5gor samt kurser och utbildning. Sj\u00f6fartsindustrin erbjuder flera olika typer av arbete och m\u00f6jligheter \u2013 rederiverksamhet och sj\u00f6fart har arbete f\u00f6r m\u00e4nniskor med \u00e5tskilliga typer&hellip;","og_url":"https:\/\/shipowners.fi\/sv\/arbetsmarknad-och-kompetens\/","og_site_name":"Rederierna i Finland","article_modified_time":"2019-08-12T12:37:19+00:00","og_image":[{"width":1920,"height":564,"url":"https:\/\/shipowners.fi\/wp-content\/uploads\/2018\/05\/suomenvarustamot_tyomarkkinat.jpg","type":"image\/jpeg"}],"twitter_card":"summary_large_image","twitter_misc":{"Ber\u00e4knad l\u00e4stid":"1 minut"},"schema":{"@context":"https:\/\/schema.org","@graph":[{"@type":"WebPage","@id":"https:\/\/shipowners.fi\/sv\/arbetsmarknad-och-kompetens\/","url":"https:\/\/shipowners.fi\/sv\/arbetsmarknad-och-kompetens\/","name":"Arbetsmarknad och kompetens - Rederierna i Finland","isPartOf":{"@id":"https:\/\/shipowners.fi\/#website"},"primaryImageOfPage":{"@id":"https:\/\/shipowners.fi\/sv\/arbetsmarknad-och-kompetens\/#primaryimage"},"image":{"@id":"https:\/\/shipowners.fi\/sv\/arbetsmarknad-och-kompetens\/#primaryimage"},"thumbnailUrl":"https:\/\/shipowners.fi\/wp-content\/uploads\/2018\/05\/suomenvarustamot_tyomarkkinat.jpg","datePublished":"2018-05-24T10:18:54+00:00","dateModified":"2019-08-12T12:37:19+00:00","inLanguage":"sv-SE","potentialAction":[{"@type":"ReadAction","target":["https:\/\/shipowners.fi\/sv\/arbetsmarknad-och-kompetens\/"]}]},{"@type":"ImageObject","inLanguage":"sv-SE","@id":"https:\/\/shipowners.fi\/sv\/arbetsmarknad-och-kompetens\/#primaryimage","url":"https:\/\/shipowners.fi\/wp-content\/uploads\/2018\/05\/suomenvarustamot_tyomarkkinat.jpg","contentUrl":"https:\/\/shipowners.fi\/wp-content\/uploads\/2018\/05\/suomenvarustamot_tyomarkkinat.jpg","width":1920,"height":564},{"@type":"WebSite","@id":"https:\/\/shipowners.fi\/#website","url":"https:\/\/shipowners.fi\/","name":"Rederierna i Finland","description":"","potentialAction":[{"@type":"SearchAction","target":{"@type":"EntryPoint","urlTemplate":"https:\/\/shipowners.fi\/?s={search_term_string}"},"query-input":{"@type":"PropertyValueSpecification","valueRequired":true,"valueName":"search_term_string"}}],"inLanguage":"sv-SE"}]}},"_links":{"self":[{"href":"https:\/\/shipowners.fi\/sv\/wp-json\/wp\/v2\/pages\/166","targetHints":{"allow":["GET"]}}],"collection":[{"href":"https:\/\/shipowners.fi\/sv\/wp-json\/wp\/v2\/pages"}],"about":[{"href":"https:\/\/shipowners.fi\/sv\/wp-json\/wp\/v2\/types\/page"}],"author":[{"embeddable":true,"href":"https:\/\/shipowners.fi\/sv\/wp-json\/wp\/v2\/users\/1"}],"replies":[{"embeddable":true,"href":"https:\/\/shipowners.fi\/sv\/wp-json\/wp\/v2\/comments?post=166"}],"version-history":[{"count":4,"href":"https:\/\/shipowners.fi\/sv\/wp-json\/wp\/v2\/pages\/166\/revisions"}],"predecessor-version":[{"id":4092,"href":"https:\/\/shipowners.fi\/sv\/wp-json\/wp\/v2\/pages\/166\/revisions\/4092"}],"wp:featuredmedia":[{"embeddable":true,"href":"https:\/\/shipowners.fi\/sv\/wp-json\/wp\/v2\/media\/342"}],"wp:attachment":[{"href":"https:\/\/shipowners.fi\/sv\/wp-json\/wp\/v2\/media?parent=166"}],"curies":[{"name":"wp","href":"https:\/\/api.w.org\/{rel}","templated":true}]}}