{"id":168,"date":"2018-05-24T13:19:31","date_gmt":"2018-05-24T10:19:31","guid":{"rendered":"https:\/\/shipowners.fi\/turvallisuus\/"},"modified":"2024-07-24T13:03:02","modified_gmt":"2024-07-24T10:03:02","slug":"sakerhet","status":"publish","type":"page","link":"https:\/\/shipowners.fi\/sv\/ansvarsfullhet\/sakerhet\/","title":{"rendered":"S\u00e4kerhet"},"content":{"rendered":"<p>S\u00e4ker och ansvarsfull sj\u00f6fart \u00e4r en f\u00f6ruts\u00e4ttning f\u00f6r en h\u00f6gkvalitativ sj\u00f6fart. Rederierna i Finland rf har som m\u00e5l att utveckla sj\u00f6s\u00e4kerheten och sj\u00f6tekniken. Finlands sj\u00f6s\u00e4kerhetslagstiftning grundar sig p\u00e5 IMO:s och EU:s lagstiftning, och i Finland \u00f6vervakas fartygss\u00e4kerheten av Transport- och kommunikationsverket (<a href=\"https:\/\/www.traficom.fi\/fi\">Traficom<\/a>) med hj\u00e4lp av klassificeringss\u00e4llskap.<\/p>\n<p>Rederierna i Finland f\u00f6ljer utvecklingen av sj\u00f6s\u00e4kerhetslagstiftningen och p\u00e5verkar dess inneh\u00e5ll genom sina egna paraplyorganisationer ECSA (European Community Shipowners&#8217; Associations <a href=\"https:\/\/www.ecsa.eu\/\">ECSA<\/a>) och ICS (International Chamber of Shipping <a href=\"https:\/\/www.ics-shipping.org\/\">ICS<\/a>) samt genom att delta i Traficoms (<a href=\"https:\/\/www.traficom.fi\/fi\">Traficom<\/a>) och Transport-och kommunikationsministeriets (<a href=\"https:\/\/lvm.fi\/etusivu\">lvm<\/a>) \u00a0beredning av lagstiftningen. Rederierna i Finland deltar p\u00e5 alla niv\u00e5er i beredningen av sj\u00f6fartens lagstiftning och \u00e4r en del av Finlands delegation vid IMO:s m\u00f6ten.<\/p>\n","protected":false},"excerpt":{"rendered":"<p>S\u00e4ker och ansvarsfull sj\u00f6fart \u00e4r en f\u00f6ruts\u00e4ttning f\u00f6r en h\u00f6gkvalitativ sj\u00f6fart. Rederierna i Finland rf har som m\u00e5l att utveckla sj\u00f6s\u00e4kerheten och sj\u00f6tekniken. Finlands sj\u00f6s\u00e4kerhetslagstiftning grundar sig p\u00e5 IMO:s och EU:s lagstiftning, och i Finland \u00f6vervakas fartygss\u00e4kerheten av Transport- och kommunikationsverket (Traficom) med hj\u00e4lp av klassificeringss\u00e4llskap. Rederierna i Finland f\u00f6ljer utvecklingen av sj\u00f6s\u00e4kerhetslagstiftningen och p\u00e5verkar&hellip;<\/p>\n","protected":false},"author":1,"featured_media":373,"parent":160,"menu_order":62,"comment_status":"closed","ping_status":"closed","template":"","meta":{"_acf_changed":false,"footnotes":""},"class_list":["post-168","page","type-page","status-publish","has-post-thumbnail","hentry"],"acf":[],"yoast_head":"<!-- This site is optimized with the Yoast SEO plugin v27.2 - https:\/\/yoast.com\/product\/yoast-seo-wordpress\/ -->\n<title>S\u00e4kerhet - Rederierna i Finland<\/title>\n<meta name=\"robots\" content=\"index, follow, max-snippet:-1, max-image-preview:large, max-video-preview:-1\" \/>\n<link rel=\"canonical\" href=\"https:\/\/shipowners.fi\/sv\/ansvarsfullhet\/sakerhet\/\" \/>\n<meta property=\"og:locale\" content=\"sv_SE\" \/>\n<meta property=\"og:type\" content=\"article\" \/>\n<meta property=\"og:title\" content=\"S\u00e4kerhet - Rederierna i Finland\" \/>\n<meta property=\"og:description\" content=\"S\u00e4ker och ansvarsfull sj\u00f6fart \u00e4r en f\u00f6ruts\u00e4ttning f\u00f6r en h\u00f6gkvalitativ sj\u00f6fart. Rederierna i Finland rf har som m\u00e5l att utveckla sj\u00f6s\u00e4kerheten och sj\u00f6tekniken. Finlands sj\u00f6s\u00e4kerhetslagstiftning grundar sig p\u00e5 IMO:s och EU:s lagstiftning, och i Finland \u00f6vervakas fartygss\u00e4kerheten av Transport- och kommunikationsverket (Traficom) med hj\u00e4lp av klassificeringss\u00e4llskap. Rederierna i Finland f\u00f6ljer utvecklingen av sj\u00f6s\u00e4kerhetslagstiftningen och p\u00e5verkar&hellip;\" \/>\n<meta property=\"og:url\" content=\"https:\/\/shipowners.fi\/sv\/ansvarsfullhet\/sakerhet\/\" \/>\n<meta property=\"og:site_name\" content=\"Rederierna i Finland\" \/>\n<meta property=\"article:modified_time\" content=\"2024-07-24T10:03:02+00:00\" \/>\n<meta property=\"og:image\" content=\"https:\/\/shipowners.fi\/wp-content\/uploads\/2018\/05\/suomenvarustamot_turvallisuus.jpg\" \/>\n\t<meta property=\"og:image:width\" content=\"1920\" \/>\n\t<meta property=\"og:image:height\" content=\"564\" \/>\n\t<meta property=\"og:image:type\" content=\"image\/jpeg\" \/>\n<meta name=\"twitter:card\" content=\"summary_large_image\" \/>\n<meta name=\"twitter:label1\" content=\"Ber\u00e4knad l\u00e4stid\" \/>\n\t<meta name=\"twitter:data1\" content=\"1 minut\" \/>\n<script type=\"application\/ld+json\" class=\"yoast-schema-graph\">{\"@context\":\"https:\/\/schema.org\",\"@graph\":[{\"@type\":\"WebPage\",\"@id\":\"https:\/\/shipowners.fi\/sv\/ansvarsfullhet\/sakerhet\/\",\"url\":\"https:\/\/shipowners.fi\/sv\/ansvarsfullhet\/sakerhet\/\",\"name\":\"S\u00e4kerhet - Rederierna i Finland\",\"isPartOf\":{\"@id\":\"https:\/\/shipowners.fi\/#website\"},\"primaryImageOfPage\":{\"@id\":\"https:\/\/shipowners.fi\/sv\/ansvarsfullhet\/sakerhet\/#primaryimage\"},\"image\":{\"@id\":\"https:\/\/shipowners.fi\/sv\/ansvarsfullhet\/sakerhet\/#primaryimage\"},\"thumbnailUrl\":\"https:\/\/shipowners.fi\/wp-content\/uploads\/2018\/05\/suomenvarustamot_turvallisuus.jpg\",\"datePublished\":\"2018-05-24T10:19:31+00:00\",\"dateModified\":\"2024-07-24T10:03:02+00:00\",\"breadcrumb\":{\"@id\":\"https:\/\/shipowners.fi\/sv\/ansvarsfullhet\/sakerhet\/#breadcrumb\"},\"inLanguage\":\"sv-SE\",\"potentialAction\":[{\"@type\":\"ReadAction\",\"target\":[\"https:\/\/shipowners.fi\/sv\/ansvarsfullhet\/sakerhet\/\"]}]},{\"@type\":\"ImageObject\",\"inLanguage\":\"sv-SE\",\"@id\":\"https:\/\/shipowners.fi\/sv\/ansvarsfullhet\/sakerhet\/#primaryimage\",\"url\":\"https:\/\/shipowners.fi\/wp-content\/uploads\/2018\/05\/suomenvarustamot_turvallisuus.jpg\",\"contentUrl\":\"https:\/\/shipowners.fi\/wp-content\/uploads\/2018\/05\/suomenvarustamot_turvallisuus.jpg\",\"width\":1920,\"height\":564},{\"@type\":\"BreadcrumbList\",\"@id\":\"https:\/\/shipowners.fi\/sv\/ansvarsfullhet\/sakerhet\/#breadcrumb\",\"itemListElement\":[{\"@type\":\"ListItem\",\"position\":1,\"name\":\"Ansvarsfullhet\",\"item\":\"https:\/\/shipowners.fi\/sv\/ansvarsfullhet\/\"},{\"@type\":\"ListItem\",\"position\":2,\"name\":\"S\u00e4kerhet\"}]},{\"@type\":\"WebSite\",\"@id\":\"https:\/\/shipowners.fi\/#website\",\"url\":\"https:\/\/shipowners.fi\/\",\"name\":\"Rederierna i Finland\",\"description\":\"\",\"potentialAction\":[{\"@type\":\"SearchAction\",\"target\":{\"@type\":\"EntryPoint\",\"urlTemplate\":\"https:\/\/shipowners.fi\/?s={search_term_string}\"},\"query-input\":{\"@type\":\"PropertyValueSpecification\",\"valueRequired\":true,\"valueName\":\"search_term_string\"}}],\"inLanguage\":\"sv-SE\"}]}<\/script>\n<!-- \/ Yoast SEO plugin. -->","yoast_head_json":{"title":"S\u00e4kerhet - Rederierna i Finland","robots":{"index":"index","follow":"follow","max-snippet":"max-snippet:-1","max-image-preview":"max-image-preview:large","max-video-preview":"max-video-preview:-1"},"canonical":"https:\/\/shipowners.fi\/sv\/ansvarsfullhet\/sakerhet\/","og_locale":"sv_SE","og_type":"article","og_title":"S\u00e4kerhet - Rederierna i Finland","og_description":"S\u00e4ker och ansvarsfull sj\u00f6fart \u00e4r en f\u00f6ruts\u00e4ttning f\u00f6r en h\u00f6gkvalitativ sj\u00f6fart. Rederierna i Finland rf har som m\u00e5l att utveckla sj\u00f6s\u00e4kerheten och sj\u00f6tekniken. Finlands sj\u00f6s\u00e4kerhetslagstiftning grundar sig p\u00e5 IMO:s och EU:s lagstiftning, och i Finland \u00f6vervakas fartygss\u00e4kerheten av Transport- och kommunikationsverket (Traficom) med hj\u00e4lp av klassificeringss\u00e4llskap. Rederierna i Finland f\u00f6ljer utvecklingen av sj\u00f6s\u00e4kerhetslagstiftningen och p\u00e5verkar&hellip;","og_url":"https:\/\/shipowners.fi\/sv\/ansvarsfullhet\/sakerhet\/","og_site_name":"Rederierna i Finland","article_modified_time":"2024-07-24T10:03:02+00:00","og_image":[{"width":1920,"height":564,"url":"https:\/\/shipowners.fi\/wp-content\/uploads\/2018\/05\/suomenvarustamot_turvallisuus.jpg","type":"image\/jpeg"}],"twitter_card":"summary_large_image","twitter_misc":{"Ber\u00e4knad l\u00e4stid":"1 minut"},"schema":{"@context":"https:\/\/schema.org","@graph":[{"@type":"WebPage","@id":"https:\/\/shipowners.fi\/sv\/ansvarsfullhet\/sakerhet\/","url":"https:\/\/shipowners.fi\/sv\/ansvarsfullhet\/sakerhet\/","name":"S\u00e4kerhet - Rederierna i Finland","isPartOf":{"@id":"https:\/\/shipowners.fi\/#website"},"primaryImageOfPage":{"@id":"https:\/\/shipowners.fi\/sv\/ansvarsfullhet\/sakerhet\/#primaryimage"},"image":{"@id":"https:\/\/shipowners.fi\/sv\/ansvarsfullhet\/sakerhet\/#primaryimage"},"thumbnailUrl":"https:\/\/shipowners.fi\/wp-content\/uploads\/2018\/05\/suomenvarustamot_turvallisuus.jpg","datePublished":"2018-05-24T10:19:31+00:00","dateModified":"2024-07-24T10:03:02+00:00","breadcrumb":{"@id":"https:\/\/shipowners.fi\/sv\/ansvarsfullhet\/sakerhet\/#breadcrumb"},"inLanguage":"sv-SE","potentialAction":[{"@type":"ReadAction","target":["https:\/\/shipowners.fi\/sv\/ansvarsfullhet\/sakerhet\/"]}]},{"@type":"ImageObject","inLanguage":"sv-SE","@id":"https:\/\/shipowners.fi\/sv\/ansvarsfullhet\/sakerhet\/#primaryimage","url":"https:\/\/shipowners.fi\/wp-content\/uploads\/2018\/05\/suomenvarustamot_turvallisuus.jpg","contentUrl":"https:\/\/shipowners.fi\/wp-content\/uploads\/2018\/05\/suomenvarustamot_turvallisuus.jpg","width":1920,"height":564},{"@type":"BreadcrumbList","@id":"https:\/\/shipowners.fi\/sv\/ansvarsfullhet\/sakerhet\/#breadcrumb","itemListElement":[{"@type":"ListItem","position":1,"name":"Ansvarsfullhet","item":"https:\/\/shipowners.fi\/sv\/ansvarsfullhet\/"},{"@type":"ListItem","position":2,"name":"S\u00e4kerhet"}]},{"@type":"WebSite","@id":"https:\/\/shipowners.fi\/#website","url":"https:\/\/shipowners.fi\/","name":"Rederierna i Finland","description":"","potentialAction":[{"@type":"SearchAction","target":{"@type":"EntryPoint","urlTemplate":"https:\/\/shipowners.fi\/?s={search_term_string}"},"query-input":{"@type":"PropertyValueSpecification","valueRequired":true,"valueName":"search_term_string"}}],"inLanguage":"sv-SE"}]}},"_links":{"self":[{"href":"https:\/\/shipowners.fi\/sv\/wp-json\/wp\/v2\/pages\/168","targetHints":{"allow":["GET"]}}],"collection":[{"href":"https:\/\/shipowners.fi\/sv\/wp-json\/wp\/v2\/pages"}],"about":[{"href":"https:\/\/shipowners.fi\/sv\/wp-json\/wp\/v2\/types\/page"}],"author":[{"embeddable":true,"href":"https:\/\/shipowners.fi\/sv\/wp-json\/wp\/v2\/users\/1"}],"replies":[{"embeddable":true,"href":"https:\/\/shipowners.fi\/sv\/wp-json\/wp\/v2\/comments?post=168"}],"version-history":[{"count":6,"href":"https:\/\/shipowners.fi\/sv\/wp-json\/wp\/v2\/pages\/168\/revisions"}],"predecessor-version":[{"id":11758,"href":"https:\/\/shipowners.fi\/sv\/wp-json\/wp\/v2\/pages\/168\/revisions\/11758"}],"up":[{"embeddable":true,"href":"https:\/\/shipowners.fi\/sv\/wp-json\/wp\/v2\/pages\/160"}],"wp:featuredmedia":[{"embeddable":true,"href":"https:\/\/shipowners.fi\/sv\/wp-json\/wp\/v2\/media\/373"}],"wp:attachment":[{"href":"https:\/\/shipowners.fi\/sv\/wp-json\/wp\/v2\/media?parent=168"}],"curies":[{"name":"wp","href":"https:\/\/api.w.org\/{rel}","templated":true}]}}