{"id":170,"date":"2018-05-24T13:19:39","date_gmt":"2018-05-24T10:19:39","guid":{"rendered":"https:\/\/shipowners.fi\/meriklusteri\/"},"modified":"2025-04-14T15:51:22","modified_gmt":"2025-04-14T12:51:22","slug":"maritima-klustret","status":"publish","type":"page","link":"https:\/\/shipowners.fi\/sv\/maritima-klustret\/","title":{"rendered":"Maritima klustret"},"content":{"rendered":"<p>Sj\u00f6klustret \u00e4r en ny grundsten f\u00f6r Finlands ekonomi. Finland har m\u00f6jlighet att utvecklas till v\u00e4rldens ledande sj\u00f6kluster.<\/p>\n<ul>\n<li>Sj\u00f6klustret syssels\u00e4tter n\u00e4stan 50 000 personer och dess oms\u00e4ttning \u00e4r \u00f6ver 17 miljarder euro.<\/li>\n<li>Ansvarsfullt agerande \u00e4r ett verksamhetss\u00e4tt och en konkurrensf\u00f6rdel f\u00f6r det finska sj\u00f6klustret.<\/li>\n<li>De finska rederierna har redan i \u00e5ratal fungerat som referenser och testunderlag f\u00f6r sj\u00f6industrins nya innovationer.<\/li>\n<\/ul>\n<p>Sj\u00f6fart \u00e4r i frontlinjen f\u00f6r att f\u00f6rst\u00e4rka hela sj\u00f6klustrets h\u00f6ga tillv\u00e4xt. De finl\u00e4ndska rederiernas roll i sj\u00f6klustrets tillv\u00e4xt \u00e4r central, flera innovativa l\u00f6sningar har utvecklats och testats p\u00e5 inhemska fartyg. Milj\u00f6innovationer som utvecklats i Finland har haft internationell framg\u00e5ng.<\/p>\n<p>P\u00e5st\u00e5endet \u201dFinland \u00e4r en \u00f6\u201d st\u00e4mmer, eftersom sj\u00f6farten fraktar 90% av Finlands utrikeshandel. Sj\u00f6fart har varit en livsnerv i Finland redan p\u00e5 grund av f\u00f6rs\u00f6rjningstryggheten, men under de senaste \u00e5ren har industrins samh\u00e4llsekonomiska betydelse blivit allt st\u00f6rre. Finlands sj\u00f6kluster har m\u00f6jlighet att utvecklas till en ny stenfot som den finl\u00e4ndska ekonomin baseras p\u00e5, och bli en av v\u00e4rldens ledande sj\u00f6kluster.<\/p>\n<p>Finl\u00e4ndska fartyg har varit de f\u00f6rsta som tagit i bruk till exempel LNG-br\u00e4nsle p\u00e5 stora passagerarfartyg, rotorsegel som minskar br\u00e4nslekonsumtion och avgasrenare. N\u00e4r Finlands breda digitaliseringskunskap och det starka arktiska kunnandet kombineras med milj\u00f6kompetens, \u00e4r den finl\u00e4ndska kunskapspaletten internationellt sett ensam i sitt slag.<\/p>\n<p>&nbsp;<\/p>\n<p><a href=\"https:\/\/www.finnishmaritimecluster.fi\/\"><img loading=\"lazy\" decoding=\"async\" class=\"aligncenter wp-image-1868\" src=\"https:\/\/shipowners.fi\/wp-content\/uploads\/2018\/09\/FMC-logo-300x115.png\" alt=\"\" width=\"389\" height=\"149\" srcset=\"https:\/\/shipowners.fi\/wp-content\/uploads\/2018\/09\/FMC-logo-300x115.png 300w, https:\/\/shipowners.fi\/wp-content\/uploads\/2018\/09\/FMC-logo-768x294.png 768w, https:\/\/shipowners.fi\/wp-content\/uploads\/2018\/09\/FMC-logo.png 816w\" sizes=\"auto, (max-width: 389px) 100vw, 389px\" \/><\/a><\/p>\n","protected":false},"excerpt":{"rendered":"<p>Sj\u00f6klustret \u00e4r en ny grundsten f\u00f6r Finlands ekonomi. Finland har m\u00f6jlighet att utvecklas till v\u00e4rldens ledande sj\u00f6kluster. Sj\u00f6klustret syssels\u00e4tter n\u00e4stan 50 000 personer och dess oms\u00e4ttning \u00e4r \u00f6ver 17 miljarder euro. Ansvarsfullt agerande \u00e4r ett verksamhetss\u00e4tt och en konkurrensf\u00f6rdel f\u00f6r det finska sj\u00f6klustret. De finska rederierna har redan i \u00e5ratal fungerat som referenser och testunderlag&hellip;<\/p>\n","protected":false},"author":1,"featured_media":1672,"parent":0,"menu_order":6,"comment_status":"closed","ping_status":"closed","template":"","meta":{"_acf_changed":false,"footnotes":""},"class_list":["post-170","page","type-page","status-publish","has-post-thumbnail","hentry"],"acf":[],"yoast_head":"<!-- This site is optimized with the Yoast SEO plugin v27.2 - https:\/\/yoast.com\/product\/yoast-seo-wordpress\/ -->\n<title>Maritima klustret - Rederierna i Finland<\/title>\n<meta name=\"robots\" content=\"index, follow, max-snippet:-1, max-image-preview:large, max-video-preview:-1\" \/>\n<link rel=\"canonical\" href=\"https:\/\/shipowners.fi\/sv\/maritima-klustret\/\" \/>\n<meta property=\"og:locale\" content=\"sv_SE\" \/>\n<meta property=\"og:type\" content=\"article\" \/>\n<meta property=\"og:title\" content=\"Maritima klustret - Rederierna i Finland\" \/>\n<meta property=\"og:description\" content=\"Sj\u00f6klustret \u00e4r en ny grundsten f\u00f6r Finlands ekonomi. Finland har m\u00f6jlighet att utvecklas till v\u00e4rldens ledande sj\u00f6kluster. Sj\u00f6klustret syssels\u00e4tter n\u00e4stan 50 000 personer och dess oms\u00e4ttning \u00e4r \u00f6ver 17 miljarder euro. Ansvarsfullt agerande \u00e4r ett verksamhetss\u00e4tt och en konkurrensf\u00f6rdel f\u00f6r det finska sj\u00f6klustret. De finska rederierna har redan i \u00e5ratal fungerat som referenser och testunderlag&hellip;\" \/>\n<meta property=\"og:url\" content=\"https:\/\/shipowners.fi\/sv\/maritima-klustret\/\" \/>\n<meta property=\"og:site_name\" content=\"Rederierna i Finland\" \/>\n<meta property=\"article:modified_time\" content=\"2025-04-14T12:51:22+00:00\" \/>\n<meta property=\"og:image\" content=\"https:\/\/shipowners.fi\/wp-content\/uploads\/2018\/07\/2015_TS_ships_serenade_day_jokemedia_RGB_004-960x640.jpg\" \/>\n\t<meta property=\"og:image:width\" content=\"960\" \/>\n\t<meta property=\"og:image:height\" content=\"640\" \/>\n\t<meta property=\"og:image:type\" content=\"image\/jpeg\" \/>\n<meta name=\"twitter:card\" content=\"summary_large_image\" \/>\n<meta name=\"twitter:label1\" content=\"Ber\u00e4knad l\u00e4stid\" \/>\n\t<meta name=\"twitter:data1\" content=\"2 minuter\" \/>\n<script type=\"application\/ld+json\" class=\"yoast-schema-graph\">{\"@context\":\"https:\/\/schema.org\",\"@graph\":[{\"@type\":\"WebPage\",\"@id\":\"https:\/\/shipowners.fi\/sv\/maritima-klustret\/\",\"url\":\"https:\/\/shipowners.fi\/sv\/maritima-klustret\/\",\"name\":\"Maritima klustret - Rederierna i Finland\",\"isPartOf\":{\"@id\":\"https:\/\/shipowners.fi\/#website\"},\"primaryImageOfPage\":{\"@id\":\"https:\/\/shipowners.fi\/sv\/maritima-klustret\/#primaryimage\"},\"image\":{\"@id\":\"https:\/\/shipowners.fi\/sv\/maritima-klustret\/#primaryimage\"},\"thumbnailUrl\":\"https:\/\/shipowners.fi\/wp-content\/uploads\/2018\/07\/2015_TS_ships_serenade_day_jokemedia_RGB_004.jpg\",\"datePublished\":\"2018-05-24T10:19:39+00:00\",\"dateModified\":\"2025-04-14T12:51:22+00:00\",\"inLanguage\":\"sv-SE\",\"potentialAction\":[{\"@type\":\"ReadAction\",\"target\":[\"https:\/\/shipowners.fi\/sv\/maritima-klustret\/\"]}]},{\"@type\":\"ImageObject\",\"inLanguage\":\"sv-SE\",\"@id\":\"https:\/\/shipowners.fi\/sv\/maritima-klustret\/#primaryimage\",\"url\":\"https:\/\/shipowners.fi\/wp-content\/uploads\/2018\/07\/2015_TS_ships_serenade_day_jokemedia_RGB_004.jpg\",\"contentUrl\":\"https:\/\/shipowners.fi\/wp-content\/uploads\/2018\/07\/2015_TS_ships_serenade_day_jokemedia_RGB_004.jpg\",\"width\":5408,\"height\":3605},{\"@type\":\"WebSite\",\"@id\":\"https:\/\/shipowners.fi\/#website\",\"url\":\"https:\/\/shipowners.fi\/\",\"name\":\"Rederierna i Finland\",\"description\":\"\",\"potentialAction\":[{\"@type\":\"SearchAction\",\"target\":{\"@type\":\"EntryPoint\",\"urlTemplate\":\"https:\/\/shipowners.fi\/?s={search_term_string}\"},\"query-input\":{\"@type\":\"PropertyValueSpecification\",\"valueRequired\":true,\"valueName\":\"search_term_string\"}}],\"inLanguage\":\"sv-SE\"}]}<\/script>\n<!-- \/ Yoast SEO plugin. -->","yoast_head_json":{"title":"Maritima klustret - Rederierna i Finland","robots":{"index":"index","follow":"follow","max-snippet":"max-snippet:-1","max-image-preview":"max-image-preview:large","max-video-preview":"max-video-preview:-1"},"canonical":"https:\/\/shipowners.fi\/sv\/maritima-klustret\/","og_locale":"sv_SE","og_type":"article","og_title":"Maritima klustret - Rederierna i Finland","og_description":"Sj\u00f6klustret \u00e4r en ny grundsten f\u00f6r Finlands ekonomi. Finland har m\u00f6jlighet att utvecklas till v\u00e4rldens ledande sj\u00f6kluster. Sj\u00f6klustret syssels\u00e4tter n\u00e4stan 50 000 personer och dess oms\u00e4ttning \u00e4r \u00f6ver 17 miljarder euro. Ansvarsfullt agerande \u00e4r ett verksamhetss\u00e4tt och en konkurrensf\u00f6rdel f\u00f6r det finska sj\u00f6klustret. De finska rederierna har redan i \u00e5ratal fungerat som referenser och testunderlag&hellip;","og_url":"https:\/\/shipowners.fi\/sv\/maritima-klustret\/","og_site_name":"Rederierna i Finland","article_modified_time":"2025-04-14T12:51:22+00:00","og_image":[{"width":960,"height":640,"url":"https:\/\/shipowners.fi\/wp-content\/uploads\/2018\/07\/2015_TS_ships_serenade_day_jokemedia_RGB_004-960x640.jpg","type":"image\/jpeg"}],"twitter_card":"summary_large_image","twitter_misc":{"Ber\u00e4knad l\u00e4stid":"2 minuter"},"schema":{"@context":"https:\/\/schema.org","@graph":[{"@type":"WebPage","@id":"https:\/\/shipowners.fi\/sv\/maritima-klustret\/","url":"https:\/\/shipowners.fi\/sv\/maritima-klustret\/","name":"Maritima klustret - Rederierna i Finland","isPartOf":{"@id":"https:\/\/shipowners.fi\/#website"},"primaryImageOfPage":{"@id":"https:\/\/shipowners.fi\/sv\/maritima-klustret\/#primaryimage"},"image":{"@id":"https:\/\/shipowners.fi\/sv\/maritima-klustret\/#primaryimage"},"thumbnailUrl":"https:\/\/shipowners.fi\/wp-content\/uploads\/2018\/07\/2015_TS_ships_serenade_day_jokemedia_RGB_004.jpg","datePublished":"2018-05-24T10:19:39+00:00","dateModified":"2025-04-14T12:51:22+00:00","inLanguage":"sv-SE","potentialAction":[{"@type":"ReadAction","target":["https:\/\/shipowners.fi\/sv\/maritima-klustret\/"]}]},{"@type":"ImageObject","inLanguage":"sv-SE","@id":"https:\/\/shipowners.fi\/sv\/maritima-klustret\/#primaryimage","url":"https:\/\/shipowners.fi\/wp-content\/uploads\/2018\/07\/2015_TS_ships_serenade_day_jokemedia_RGB_004.jpg","contentUrl":"https:\/\/shipowners.fi\/wp-content\/uploads\/2018\/07\/2015_TS_ships_serenade_day_jokemedia_RGB_004.jpg","width":5408,"height":3605},{"@type":"WebSite","@id":"https:\/\/shipowners.fi\/#website","url":"https:\/\/shipowners.fi\/","name":"Rederierna i Finland","description":"","potentialAction":[{"@type":"SearchAction","target":{"@type":"EntryPoint","urlTemplate":"https:\/\/shipowners.fi\/?s={search_term_string}"},"query-input":{"@type":"PropertyValueSpecification","valueRequired":true,"valueName":"search_term_string"}}],"inLanguage":"sv-SE"}]}},"_links":{"self":[{"href":"https:\/\/shipowners.fi\/sv\/wp-json\/wp\/v2\/pages\/170","targetHints":{"allow":["GET"]}}],"collection":[{"href":"https:\/\/shipowners.fi\/sv\/wp-json\/wp\/v2\/pages"}],"about":[{"href":"https:\/\/shipowners.fi\/sv\/wp-json\/wp\/v2\/types\/page"}],"author":[{"embeddable":true,"href":"https:\/\/shipowners.fi\/sv\/wp-json\/wp\/v2\/users\/1"}],"replies":[{"embeddable":true,"href":"https:\/\/shipowners.fi\/sv\/wp-json\/wp\/v2\/comments?post=170"}],"version-history":[{"count":12,"href":"https:\/\/shipowners.fi\/sv\/wp-json\/wp\/v2\/pages\/170\/revisions"}],"predecessor-version":[{"id":12414,"href":"https:\/\/shipowners.fi\/sv\/wp-json\/wp\/v2\/pages\/170\/revisions\/12414"}],"wp:featuredmedia":[{"embeddable":true,"href":"https:\/\/shipowners.fi\/sv\/wp-json\/wp\/v2\/media\/1672"}],"wp:attachment":[{"href":"https:\/\/shipowners.fi\/sv\/wp-json\/wp\/v2\/media?parent=170"}],"curies":[{"name":"wp","href":"https:\/\/api.w.org\/{rel}","templated":true}]}}