{"id":206,"date":"2018-05-29T12:53:31","date_gmt":"2018-05-29T09:53:31","guid":{"rendered":"https:\/\/shipowners.fi\/konkurrenskraft\/nationell-sjofartspolitik\/tonnistovero\/"},"modified":"2018-06-12T12:14:20","modified_gmt":"2018-06-12T09:14:20","slug":"tonnageskatt","status":"publish","type":"page","link":"https:\/\/shipowners.fi\/sv\/konkurrenskraft\/nationell-sjofartspolitik\/tonnageskatt\/","title":{"rendered":"Tonnageskatt"},"content":{"rendered":"<p>De rederier som uppfyller f\u00f6ruts\u00e4ttningarna f\u00f6r tonnageskattelagen, kan f\u00f6r transport av last och resen\u00e4rer och annan verksamhet som \u00e4r n\u00e4ra f\u00f6rknippad, v\u00e4lja att ist\u00e4llet f\u00f6r inkomstbeskattning betala tonnagebeskattning. Syftet med tonnageskatten \u00e4r att f\u00f6rst\u00e4rka sj\u00f6fartens verksamhetsf\u00f6ruts\u00e4ttningar, m\u00f6jligg\u00f6ra att finska fartyg klarar sig i den internationella konkurrensen och att s\u00e4kerst\u00e4lla den finska sj\u00f6farten och f\u00f6rs\u00f6rjningstryggheten. Tonnageskatten m\u00f6jligg\u00f6r att en s\u00e5 stor andel som m\u00f6jligt av export- och importfrakten inom utrikeshandeln sker under finsk flagg och dessutom att passageratrafiken kan sk\u00f6tas med ett tonnage under finsk flagg, vilket syssels\u00e4tter finska sj\u00f6farare.<\/p>\n","protected":false},"excerpt":{"rendered":"<p>De rederier som uppfyller f\u00f6ruts\u00e4ttningarna f\u00f6r tonnageskattelagen, kan f\u00f6r transport av last och resen\u00e4rer och annan verksamhet som \u00e4r n\u00e4ra f\u00f6rknippad, v\u00e4lja att ist\u00e4llet f\u00f6r inkomstbeskattning betala tonnagebeskattning. Syftet med tonnageskatten \u00e4r att f\u00f6rst\u00e4rka sj\u00f6fartens verksamhetsf\u00f6ruts\u00e4ttningar, m\u00f6jligg\u00f6ra att finska fartyg klarar sig i den internationella konkurrensen och att s\u00e4kerst\u00e4lla den finska sj\u00f6farten och f\u00f6rs\u00f6rjningstryggheten. Tonnageskatten&hellip;<\/p>\n","protected":false},"author":1,"featured_media":0,"parent":200,"menu_order":171,"comment_status":"closed","ping_status":"closed","template":"","meta":{"_acf_changed":false,"footnotes":""},"class_list":["post-206","page","type-page","status-publish","hentry"],"acf":[],"yoast_head":"<!-- This site is optimized with the Yoast SEO plugin v27.2 - https:\/\/yoast.com\/product\/yoast-seo-wordpress\/ -->\n<title>Tonnageskatt - Rederierna i Finland<\/title>\n<meta name=\"robots\" content=\"index, follow, max-snippet:-1, max-image-preview:large, max-video-preview:-1\" \/>\n<link rel=\"canonical\" href=\"https:\/\/shipowners.fi\/sv\/konkurrenskraft\/nationell-sjofartspolitik\/tonnageskatt\/\" \/>\n<meta property=\"og:locale\" content=\"sv_SE\" \/>\n<meta property=\"og:type\" content=\"article\" \/>\n<meta property=\"og:title\" content=\"Tonnageskatt - Rederierna i Finland\" \/>\n<meta property=\"og:description\" content=\"De rederier som uppfyller f\u00f6ruts\u00e4ttningarna f\u00f6r tonnageskattelagen, kan f\u00f6r transport av last och resen\u00e4rer och annan verksamhet som \u00e4r n\u00e4ra f\u00f6rknippad, v\u00e4lja att ist\u00e4llet f\u00f6r inkomstbeskattning betala tonnagebeskattning. Syftet med tonnageskatten \u00e4r att f\u00f6rst\u00e4rka sj\u00f6fartens verksamhetsf\u00f6ruts\u00e4ttningar, m\u00f6jligg\u00f6ra att finska fartyg klarar sig i den internationella konkurrensen och att s\u00e4kerst\u00e4lla den finska sj\u00f6farten och f\u00f6rs\u00f6rjningstryggheten. Tonnageskatten&hellip;\" \/>\n<meta property=\"og:url\" content=\"https:\/\/shipowners.fi\/sv\/konkurrenskraft\/nationell-sjofartspolitik\/tonnageskatt\/\" \/>\n<meta property=\"og:site_name\" content=\"Rederierna i Finland\" \/>\n<meta property=\"article:modified_time\" content=\"2018-06-12T09:14:20+00:00\" \/>\n<meta property=\"og:image\" content=\"https:\/\/shipowners.fi\/wp-content\/uploads\/2018\/05\/suomenvarustamot_etusivu.jpg\" \/>\n\t<meta property=\"og:image:width\" content=\"1243\" \/>\n\t<meta property=\"og:image:height\" content=\"901\" \/>\n\t<meta property=\"og:image:type\" content=\"image\/jpeg\" \/>\n<meta name=\"twitter:card\" content=\"summary_large_image\" \/>\n<meta name=\"twitter:label1\" content=\"Ber\u00e4knad l\u00e4stid\" \/>\n\t<meta name=\"twitter:data1\" content=\"1 minut\" \/>\n<script type=\"application\/ld+json\" class=\"yoast-schema-graph\">{\"@context\":\"https:\/\/schema.org\",\"@graph\":[{\"@type\":\"WebPage\",\"@id\":\"https:\/\/shipowners.fi\/sv\/konkurrenskraft\/nationell-sjofartspolitik\/tonnageskatt\/\",\"url\":\"https:\/\/shipowners.fi\/sv\/konkurrenskraft\/nationell-sjofartspolitik\/tonnageskatt\/\",\"name\":\"Tonnageskatt - Rederierna i Finland\",\"isPartOf\":{\"@id\":\"https:\/\/shipowners.fi\/#website\"},\"datePublished\":\"2018-05-29T09:53:31+00:00\",\"dateModified\":\"2018-06-12T09:14:20+00:00\",\"breadcrumb\":{\"@id\":\"https:\/\/shipowners.fi\/sv\/konkurrenskraft\/nationell-sjofartspolitik\/tonnageskatt\/#breadcrumb\"},\"inLanguage\":\"sv-SE\",\"potentialAction\":[{\"@type\":\"ReadAction\",\"target\":[\"https:\/\/shipowners.fi\/sv\/konkurrenskraft\/nationell-sjofartspolitik\/tonnageskatt\/\"]}]},{\"@type\":\"BreadcrumbList\",\"@id\":\"https:\/\/shipowners.fi\/sv\/konkurrenskraft\/nationell-sjofartspolitik\/tonnageskatt\/#breadcrumb\",\"itemListElement\":[{\"@type\":\"ListItem\",\"position\":1,\"name\":\"Konkurrenskraft\",\"item\":\"https:\/\/shipowners.fi\/sv\/konkurrenskraft\/\"},{\"@type\":\"ListItem\",\"position\":2,\"name\":\"Nationell sj\u00f6fartspolitik\",\"item\":\"https:\/\/shipowners.fi\/sv\/konkurrenskraft\/nationell-sjofartspolitik\/\"},{\"@type\":\"ListItem\",\"position\":3,\"name\":\"Tonnageskatt\"}]},{\"@type\":\"WebSite\",\"@id\":\"https:\/\/shipowners.fi\/#website\",\"url\":\"https:\/\/shipowners.fi\/\",\"name\":\"Rederierna i Finland\",\"description\":\"\",\"potentialAction\":[{\"@type\":\"SearchAction\",\"target\":{\"@type\":\"EntryPoint\",\"urlTemplate\":\"https:\/\/shipowners.fi\/?s={search_term_string}\"},\"query-input\":{\"@type\":\"PropertyValueSpecification\",\"valueRequired\":true,\"valueName\":\"search_term_string\"}}],\"inLanguage\":\"sv-SE\"}]}<\/script>\n<!-- \/ Yoast SEO plugin. -->","yoast_head_json":{"title":"Tonnageskatt - Rederierna i Finland","robots":{"index":"index","follow":"follow","max-snippet":"max-snippet:-1","max-image-preview":"max-image-preview:large","max-video-preview":"max-video-preview:-1"},"canonical":"https:\/\/shipowners.fi\/sv\/konkurrenskraft\/nationell-sjofartspolitik\/tonnageskatt\/","og_locale":"sv_SE","og_type":"article","og_title":"Tonnageskatt - Rederierna i Finland","og_description":"De rederier som uppfyller f\u00f6ruts\u00e4ttningarna f\u00f6r tonnageskattelagen, kan f\u00f6r transport av last och resen\u00e4rer och annan verksamhet som \u00e4r n\u00e4ra f\u00f6rknippad, v\u00e4lja att ist\u00e4llet f\u00f6r inkomstbeskattning betala tonnagebeskattning. Syftet med tonnageskatten \u00e4r att f\u00f6rst\u00e4rka sj\u00f6fartens verksamhetsf\u00f6ruts\u00e4ttningar, m\u00f6jligg\u00f6ra att finska fartyg klarar sig i den internationella konkurrensen och att s\u00e4kerst\u00e4lla den finska sj\u00f6farten och f\u00f6rs\u00f6rjningstryggheten. Tonnageskatten&hellip;","og_url":"https:\/\/shipowners.fi\/sv\/konkurrenskraft\/nationell-sjofartspolitik\/tonnageskatt\/","og_site_name":"Rederierna i Finland","article_modified_time":"2018-06-12T09:14:20+00:00","og_image":[{"width":1243,"height":901,"url":"https:\/\/shipowners.fi\/wp-content\/uploads\/2018\/05\/suomenvarustamot_etusivu.jpg","type":"image\/jpeg"}],"twitter_card":"summary_large_image","twitter_misc":{"Ber\u00e4knad l\u00e4stid":"1 minut"},"schema":{"@context":"https:\/\/schema.org","@graph":[{"@type":"WebPage","@id":"https:\/\/shipowners.fi\/sv\/konkurrenskraft\/nationell-sjofartspolitik\/tonnageskatt\/","url":"https:\/\/shipowners.fi\/sv\/konkurrenskraft\/nationell-sjofartspolitik\/tonnageskatt\/","name":"Tonnageskatt - Rederierna i Finland","isPartOf":{"@id":"https:\/\/shipowners.fi\/#website"},"datePublished":"2018-05-29T09:53:31+00:00","dateModified":"2018-06-12T09:14:20+00:00","breadcrumb":{"@id":"https:\/\/shipowners.fi\/sv\/konkurrenskraft\/nationell-sjofartspolitik\/tonnageskatt\/#breadcrumb"},"inLanguage":"sv-SE","potentialAction":[{"@type":"ReadAction","target":["https:\/\/shipowners.fi\/sv\/konkurrenskraft\/nationell-sjofartspolitik\/tonnageskatt\/"]}]},{"@type":"BreadcrumbList","@id":"https:\/\/shipowners.fi\/sv\/konkurrenskraft\/nationell-sjofartspolitik\/tonnageskatt\/#breadcrumb","itemListElement":[{"@type":"ListItem","position":1,"name":"Konkurrenskraft","item":"https:\/\/shipowners.fi\/sv\/konkurrenskraft\/"},{"@type":"ListItem","position":2,"name":"Nationell sj\u00f6fartspolitik","item":"https:\/\/shipowners.fi\/sv\/konkurrenskraft\/nationell-sjofartspolitik\/"},{"@type":"ListItem","position":3,"name":"Tonnageskatt"}]},{"@type":"WebSite","@id":"https:\/\/shipowners.fi\/#website","url":"https:\/\/shipowners.fi\/","name":"Rederierna i Finland","description":"","potentialAction":[{"@type":"SearchAction","target":{"@type":"EntryPoint","urlTemplate":"https:\/\/shipowners.fi\/?s={search_term_string}"},"query-input":{"@type":"PropertyValueSpecification","valueRequired":true,"valueName":"search_term_string"}}],"inLanguage":"sv-SE"}]}},"_links":{"self":[{"href":"https:\/\/shipowners.fi\/sv\/wp-json\/wp\/v2\/pages\/206","targetHints":{"allow":["GET"]}}],"collection":[{"href":"https:\/\/shipowners.fi\/sv\/wp-json\/wp\/v2\/pages"}],"about":[{"href":"https:\/\/shipowners.fi\/sv\/wp-json\/wp\/v2\/types\/page"}],"author":[{"embeddable":true,"href":"https:\/\/shipowners.fi\/sv\/wp-json\/wp\/v2\/users\/1"}],"replies":[{"embeddable":true,"href":"https:\/\/shipowners.fi\/sv\/wp-json\/wp\/v2\/comments?post=206"}],"version-history":[{"count":2,"href":"https:\/\/shipowners.fi\/sv\/wp-json\/wp\/v2\/pages\/206\/revisions"}],"predecessor-version":[{"id":947,"href":"https:\/\/shipowners.fi\/sv\/wp-json\/wp\/v2\/pages\/206\/revisions\/947"}],"up":[{"embeddable":true,"href":"https:\/\/shipowners.fi\/sv\/wp-json\/wp\/v2\/pages\/200"}],"wp:attachment":[{"href":"https:\/\/shipowners.fi\/sv\/wp-json\/wp\/v2\/media?parent=206"}],"curies":[{"name":"wp","href":"https:\/\/api.w.org\/{rel}","templated":true}]}}