{"id":213,"date":"2018-05-29T14:24:39","date_gmt":"2018-05-29T11:24:39","guid":{"rendered":"https:\/\/shipowners.fi\/konkurrenskraft\/nationell-sjofartspolitik\/vaylamaksut\/"},"modified":"2018-06-12T12:13:37","modified_gmt":"2018-06-12T09:13:37","slug":"farledsavgifter","status":"publish","type":"page","link":"https:\/\/shipowners.fi\/sv\/konkurrenskraft\/nationell-sjofartspolitik\/farledsavgifter\/","title":{"rendered":"Farledsavgifter"},"content":{"rendered":"<p>De fartyg som p\u00e5 Finlands sj\u00f6omr\u00e5de idkar handelssj\u00f6fart betalar en farledsavgift till staten. Farledsavgiften best\u00e4ms utg\u00e5ende fr\u00e5n fartygets nettodr\u00e4ktighet dvs. fartygets storlek och isklass. Ju h\u00f6gre isklassen \u00e4r, desto l\u00e4gre \u00e4r farledsavgiften. Med systemet vill man fr\u00e4mja s\u00e5dan sj\u00f6fart som beaktar vinterf\u00f6rh\u00e5llandena i Finland samt en milj\u00f6v\u00e4nligare sj\u00f6fart.<\/p>\n","protected":false},"excerpt":{"rendered":"<p>De fartyg som p\u00e5 Finlands sj\u00f6omr\u00e5de idkar handelssj\u00f6fart betalar en farledsavgift till staten. Farledsavgiften best\u00e4ms utg\u00e5ende fr\u00e5n fartygets nettodr\u00e4ktighet dvs. fartygets storlek och isklass. Ju h\u00f6gre isklassen \u00e4r, desto l\u00e4gre \u00e4r farledsavgiften. Med systemet vill man fr\u00e4mja s\u00e5dan sj\u00f6fart som beaktar vinterf\u00f6rh\u00e5llandena i Finland samt en milj\u00f6v\u00e4nligare sj\u00f6fart.<\/p>\n","protected":false},"author":1,"featured_media":0,"parent":200,"menu_order":175,"comment_status":"closed","ping_status":"closed","template":"","meta":{"_acf_changed":false,"footnotes":""},"class_list":["post-213","page","type-page","status-publish","hentry"],"acf":[],"yoast_head":"<!-- This site is optimized with the Yoast SEO plugin v27.2 - https:\/\/yoast.com\/product\/yoast-seo-wordpress\/ -->\n<title>Farledsavgifter - Rederierna i Finland<\/title>\n<meta name=\"robots\" content=\"index, follow, max-snippet:-1, max-image-preview:large, max-video-preview:-1\" \/>\n<link rel=\"canonical\" href=\"https:\/\/shipowners.fi\/sv\/konkurrenskraft\/nationell-sjofartspolitik\/farledsavgifter\/\" \/>\n<meta property=\"og:locale\" content=\"sv_SE\" \/>\n<meta property=\"og:type\" content=\"article\" \/>\n<meta property=\"og:title\" content=\"Farledsavgifter - Rederierna i Finland\" \/>\n<meta property=\"og:description\" content=\"De fartyg som p\u00e5 Finlands sj\u00f6omr\u00e5de idkar handelssj\u00f6fart betalar en farledsavgift till staten. Farledsavgiften best\u00e4ms utg\u00e5ende fr\u00e5n fartygets nettodr\u00e4ktighet dvs. fartygets storlek och isklass. Ju h\u00f6gre isklassen \u00e4r, desto l\u00e4gre \u00e4r farledsavgiften. Med systemet vill man fr\u00e4mja s\u00e5dan sj\u00f6fart som beaktar vinterf\u00f6rh\u00e5llandena i Finland samt en milj\u00f6v\u00e4nligare sj\u00f6fart.\" \/>\n<meta property=\"og:url\" content=\"https:\/\/shipowners.fi\/sv\/konkurrenskraft\/nationell-sjofartspolitik\/farledsavgifter\/\" \/>\n<meta property=\"og:site_name\" content=\"Rederierna i Finland\" \/>\n<meta property=\"article:modified_time\" content=\"2018-06-12T09:13:37+00:00\" \/>\n<meta property=\"og:image\" content=\"https:\/\/shipowners.fi\/wp-content\/uploads\/2018\/05\/suomenvarustamot_etusivu.jpg\" \/>\n\t<meta property=\"og:image:width\" content=\"1243\" \/>\n\t<meta property=\"og:image:height\" content=\"901\" \/>\n\t<meta property=\"og:image:type\" content=\"image\/jpeg\" \/>\n<meta name=\"twitter:card\" content=\"summary_large_image\" \/>\n<script type=\"application\/ld+json\" class=\"yoast-schema-graph\">{\"@context\":\"https:\/\/schema.org\",\"@graph\":[{\"@type\":\"WebPage\",\"@id\":\"https:\/\/shipowners.fi\/sv\/konkurrenskraft\/nationell-sjofartspolitik\/farledsavgifter\/\",\"url\":\"https:\/\/shipowners.fi\/sv\/konkurrenskraft\/nationell-sjofartspolitik\/farledsavgifter\/\",\"name\":\"Farledsavgifter - Rederierna i Finland\",\"isPartOf\":{\"@id\":\"https:\/\/shipowners.fi\/#website\"},\"datePublished\":\"2018-05-29T11:24:39+00:00\",\"dateModified\":\"2018-06-12T09:13:37+00:00\",\"breadcrumb\":{\"@id\":\"https:\/\/shipowners.fi\/sv\/konkurrenskraft\/nationell-sjofartspolitik\/farledsavgifter\/#breadcrumb\"},\"inLanguage\":\"sv-SE\",\"potentialAction\":[{\"@type\":\"ReadAction\",\"target\":[\"https:\/\/shipowners.fi\/sv\/konkurrenskraft\/nationell-sjofartspolitik\/farledsavgifter\/\"]}]},{\"@type\":\"BreadcrumbList\",\"@id\":\"https:\/\/shipowners.fi\/sv\/konkurrenskraft\/nationell-sjofartspolitik\/farledsavgifter\/#breadcrumb\",\"itemListElement\":[{\"@type\":\"ListItem\",\"position\":1,\"name\":\"Konkurrenskraft\",\"item\":\"https:\/\/shipowners.fi\/sv\/konkurrenskraft\/\"},{\"@type\":\"ListItem\",\"position\":2,\"name\":\"Nationell sj\u00f6fartspolitik\",\"item\":\"https:\/\/shipowners.fi\/sv\/konkurrenskraft\/nationell-sjofartspolitik\/\"},{\"@type\":\"ListItem\",\"position\":3,\"name\":\"Farledsavgifter\"}]},{\"@type\":\"WebSite\",\"@id\":\"https:\/\/shipowners.fi\/#website\",\"url\":\"https:\/\/shipowners.fi\/\",\"name\":\"Rederierna i Finland\",\"description\":\"\",\"potentialAction\":[{\"@type\":\"SearchAction\",\"target\":{\"@type\":\"EntryPoint\",\"urlTemplate\":\"https:\/\/shipowners.fi\/?s={search_term_string}\"},\"query-input\":{\"@type\":\"PropertyValueSpecification\",\"valueRequired\":true,\"valueName\":\"search_term_string\"}}],\"inLanguage\":\"sv-SE\"}]}<\/script>\n<!-- \/ Yoast SEO plugin. -->","yoast_head_json":{"title":"Farledsavgifter - Rederierna i Finland","robots":{"index":"index","follow":"follow","max-snippet":"max-snippet:-1","max-image-preview":"max-image-preview:large","max-video-preview":"max-video-preview:-1"},"canonical":"https:\/\/shipowners.fi\/sv\/konkurrenskraft\/nationell-sjofartspolitik\/farledsavgifter\/","og_locale":"sv_SE","og_type":"article","og_title":"Farledsavgifter - Rederierna i Finland","og_description":"De fartyg som p\u00e5 Finlands sj\u00f6omr\u00e5de idkar handelssj\u00f6fart betalar en farledsavgift till staten. Farledsavgiften best\u00e4ms utg\u00e5ende fr\u00e5n fartygets nettodr\u00e4ktighet dvs. fartygets storlek och isklass. Ju h\u00f6gre isklassen \u00e4r, desto l\u00e4gre \u00e4r farledsavgiften. Med systemet vill man fr\u00e4mja s\u00e5dan sj\u00f6fart som beaktar vinterf\u00f6rh\u00e5llandena i Finland samt en milj\u00f6v\u00e4nligare sj\u00f6fart.","og_url":"https:\/\/shipowners.fi\/sv\/konkurrenskraft\/nationell-sjofartspolitik\/farledsavgifter\/","og_site_name":"Rederierna i Finland","article_modified_time":"2018-06-12T09:13:37+00:00","og_image":[{"width":1243,"height":901,"url":"https:\/\/shipowners.fi\/wp-content\/uploads\/2018\/05\/suomenvarustamot_etusivu.jpg","type":"image\/jpeg"}],"twitter_card":"summary_large_image","schema":{"@context":"https:\/\/schema.org","@graph":[{"@type":"WebPage","@id":"https:\/\/shipowners.fi\/sv\/konkurrenskraft\/nationell-sjofartspolitik\/farledsavgifter\/","url":"https:\/\/shipowners.fi\/sv\/konkurrenskraft\/nationell-sjofartspolitik\/farledsavgifter\/","name":"Farledsavgifter - Rederierna i Finland","isPartOf":{"@id":"https:\/\/shipowners.fi\/#website"},"datePublished":"2018-05-29T11:24:39+00:00","dateModified":"2018-06-12T09:13:37+00:00","breadcrumb":{"@id":"https:\/\/shipowners.fi\/sv\/konkurrenskraft\/nationell-sjofartspolitik\/farledsavgifter\/#breadcrumb"},"inLanguage":"sv-SE","potentialAction":[{"@type":"ReadAction","target":["https:\/\/shipowners.fi\/sv\/konkurrenskraft\/nationell-sjofartspolitik\/farledsavgifter\/"]}]},{"@type":"BreadcrumbList","@id":"https:\/\/shipowners.fi\/sv\/konkurrenskraft\/nationell-sjofartspolitik\/farledsavgifter\/#breadcrumb","itemListElement":[{"@type":"ListItem","position":1,"name":"Konkurrenskraft","item":"https:\/\/shipowners.fi\/sv\/konkurrenskraft\/"},{"@type":"ListItem","position":2,"name":"Nationell sj\u00f6fartspolitik","item":"https:\/\/shipowners.fi\/sv\/konkurrenskraft\/nationell-sjofartspolitik\/"},{"@type":"ListItem","position":3,"name":"Farledsavgifter"}]},{"@type":"WebSite","@id":"https:\/\/shipowners.fi\/#website","url":"https:\/\/shipowners.fi\/","name":"Rederierna i Finland","description":"","potentialAction":[{"@type":"SearchAction","target":{"@type":"EntryPoint","urlTemplate":"https:\/\/shipowners.fi\/?s={search_term_string}"},"query-input":{"@type":"PropertyValueSpecification","valueRequired":true,"valueName":"search_term_string"}}],"inLanguage":"sv-SE"}]}},"_links":{"self":[{"href":"https:\/\/shipowners.fi\/sv\/wp-json\/wp\/v2\/pages\/213","targetHints":{"allow":["GET"]}}],"collection":[{"href":"https:\/\/shipowners.fi\/sv\/wp-json\/wp\/v2\/pages"}],"about":[{"href":"https:\/\/shipowners.fi\/sv\/wp-json\/wp\/v2\/types\/page"}],"author":[{"embeddable":true,"href":"https:\/\/shipowners.fi\/sv\/wp-json\/wp\/v2\/users\/1"}],"replies":[{"embeddable":true,"href":"https:\/\/shipowners.fi\/sv\/wp-json\/wp\/v2\/comments?post=213"}],"version-history":[{"count":2,"href":"https:\/\/shipowners.fi\/sv\/wp-json\/wp\/v2\/pages\/213\/revisions"}],"predecessor-version":[{"id":945,"href":"https:\/\/shipowners.fi\/sv\/wp-json\/wp\/v2\/pages\/213\/revisions\/945"}],"up":[{"embeddable":true,"href":"https:\/\/shipowners.fi\/sv\/wp-json\/wp\/v2\/pages\/200"}],"wp:attachment":[{"href":"https:\/\/shipowners.fi\/sv\/wp-json\/wp\/v2\/media?parent=213"}],"curies":[{"name":"wp","href":"https:\/\/api.w.org\/{rel}","templated":true}]}}