{"id":219,"date":"2018-05-29T14:26:23","date_gmt":"2018-05-29T11:26:23","guid":{"rendered":"https:\/\/shipowners.fi\/konkurrenskraft\/nationell-sjofartspolitik\/tyovoimakustannusten-palautusjarjestelma\/"},"modified":"2023-01-30T14:16:13","modified_gmt":"2023-01-30T12:16:13","slug":"arbetskraftskostnadernas-restitutionssystem","status":"publish","type":"page","link":"https:\/\/shipowners.fi\/sv\/konkurrenskraft\/nationell-sjofartspolitik\/arbetskraftskostnadernas-restitutionssystem\/","title":{"rendered":"Arbetskrafts&shy;kostnadernas restitutions&shy;system"},"content":{"rendered":"<p>Finsk sj\u00f6fart st\u00f6ds inom ramen f\u00f6r statsunderst\u00f6dsreglerna som EU kommissionen best\u00e4mt. M\u00e5let f\u00f6r EU \u00e4r konkurrensneutralitet i relation till bekv\u00e4mlighetsflaggl\u00e4nderna.<\/p>\n<p>N\u00e4r det g\u00e4ller sj\u00f6fart \u00e4r det inte fr\u00e5gan om ett underst\u00f6d, utan om ett \u00e5terbetalningssystem f\u00f6r arbetskraftsavgifter d\u00e4r staten ers\u00e4tter arbetstagarnas skatter och social-och pensionsavgifter.<\/p>\n<p>Systemet tryggar ansvariga europeiska rederiers konkurrenskraft i f\u00f6rh\u00e5llande till bekv\u00e4mlighetsflaggl\u00e4nderna.<\/p>\n","protected":false},"excerpt":{"rendered":"<p>Finsk sj\u00f6fart st\u00f6ds inom ramen f\u00f6r statsunderst\u00f6dsreglerna som EU kommissionen best\u00e4mt. M\u00e5let f\u00f6r EU \u00e4r konkurrensneutralitet i relation till bekv\u00e4mlighetsflaggl\u00e4nderna. N\u00e4r det g\u00e4ller sj\u00f6fart \u00e4r det inte fr\u00e5gan om ett underst\u00f6d, utan om ett \u00e5terbetalningssystem f\u00f6r arbetskraftsavgifter d\u00e4r staten ers\u00e4tter arbetstagarnas skatter och social-och pensionsavgifter. Systemet tryggar ansvariga europeiska rederiers konkurrenskraft i f\u00f6rh\u00e5llande till bekv\u00e4mlighetsflaggl\u00e4nderna.<\/p>\n","protected":false},"author":1,"featured_media":0,"parent":200,"menu_order":179,"comment_status":"closed","ping_status":"closed","template":"","meta":{"_acf_changed":false,"footnotes":""},"class_list":["post-219","page","type-page","status-publish","hentry"],"acf":[],"yoast_head":"<!-- This site is optimized with the Yoast SEO plugin v27.2 - https:\/\/yoast.com\/product\/yoast-seo-wordpress\/ -->\n<title>Arbetskrafts&shy;kostnadernas restitutions&shy;system - Rederierna i Finland<\/title>\n<meta name=\"robots\" content=\"index, follow, max-snippet:-1, max-image-preview:large, max-video-preview:-1\" \/>\n<link rel=\"canonical\" href=\"https:\/\/shipowners.fi\/sv\/konkurrenskraft\/nationell-sjofartspolitik\/arbetskraftskostnadernas-restitutionssystem\/\" \/>\n<meta property=\"og:locale\" content=\"sv_SE\" \/>\n<meta property=\"og:type\" content=\"article\" \/>\n<meta property=\"og:title\" content=\"Arbetskrafts&shy;kostnadernas restitutions&shy;system - Rederierna i Finland\" \/>\n<meta property=\"og:description\" content=\"Finsk sj\u00f6fart st\u00f6ds inom ramen f\u00f6r statsunderst\u00f6dsreglerna som EU kommissionen best\u00e4mt. M\u00e5let f\u00f6r EU \u00e4r konkurrensneutralitet i relation till bekv\u00e4mlighetsflaggl\u00e4nderna. N\u00e4r det g\u00e4ller sj\u00f6fart \u00e4r det inte fr\u00e5gan om ett underst\u00f6d, utan om ett \u00e5terbetalningssystem f\u00f6r arbetskraftsavgifter d\u00e4r staten ers\u00e4tter arbetstagarnas skatter och social-och pensionsavgifter. Systemet tryggar ansvariga europeiska rederiers konkurrenskraft i f\u00f6rh\u00e5llande till bekv\u00e4mlighetsflaggl\u00e4nderna.\" \/>\n<meta property=\"og:url\" content=\"https:\/\/shipowners.fi\/sv\/konkurrenskraft\/nationell-sjofartspolitik\/arbetskraftskostnadernas-restitutionssystem\/\" \/>\n<meta property=\"og:site_name\" content=\"Rederierna i Finland\" \/>\n<meta property=\"article:modified_time\" content=\"2023-01-30T12:16:13+00:00\" \/>\n<meta property=\"og:image\" content=\"https:\/\/shipowners.fi\/wp-content\/uploads\/2018\/05\/suomenvarustamot_etusivu.jpg\" \/>\n\t<meta property=\"og:image:width\" content=\"1243\" \/>\n\t<meta property=\"og:image:height\" content=\"901\" \/>\n\t<meta property=\"og:image:type\" content=\"image\/jpeg\" \/>\n<meta name=\"twitter:card\" content=\"summary_large_image\" \/>\n<meta name=\"twitter:label1\" content=\"Ber\u00e4knad l\u00e4stid\" \/>\n\t<meta name=\"twitter:data1\" content=\"1 minut\" \/>\n<script type=\"application\/ld+json\" class=\"yoast-schema-graph\">{\"@context\":\"https:\/\/schema.org\",\"@graph\":[{\"@type\":\"WebPage\",\"@id\":\"https:\/\/shipowners.fi\/sv\/konkurrenskraft\/nationell-sjofartspolitik\/arbetskraftskostnadernas-restitutionssystem\/\",\"url\":\"https:\/\/shipowners.fi\/sv\/konkurrenskraft\/nationell-sjofartspolitik\/arbetskraftskostnadernas-restitutionssystem\/\",\"name\":\"Arbetskrafts&shy;kostnadernas restitutions&shy;system - Rederierna i Finland\",\"isPartOf\":{\"@id\":\"https:\/\/shipowners.fi\/#website\"},\"datePublished\":\"2018-05-29T11:26:23+00:00\",\"dateModified\":\"2023-01-30T12:16:13+00:00\",\"breadcrumb\":{\"@id\":\"https:\/\/shipowners.fi\/sv\/konkurrenskraft\/nationell-sjofartspolitik\/arbetskraftskostnadernas-restitutionssystem\/#breadcrumb\"},\"inLanguage\":\"sv-SE\",\"potentialAction\":[{\"@type\":\"ReadAction\",\"target\":[\"https:\/\/shipowners.fi\/sv\/konkurrenskraft\/nationell-sjofartspolitik\/arbetskraftskostnadernas-restitutionssystem\/\"]}]},{\"@type\":\"BreadcrumbList\",\"@id\":\"https:\/\/shipowners.fi\/sv\/konkurrenskraft\/nationell-sjofartspolitik\/arbetskraftskostnadernas-restitutionssystem\/#breadcrumb\",\"itemListElement\":[{\"@type\":\"ListItem\",\"position\":1,\"name\":\"Konkurrenskraft\",\"item\":\"https:\/\/shipowners.fi\/sv\/konkurrenskraft\/\"},{\"@type\":\"ListItem\",\"position\":2,\"name\":\"Nationell sj\u00f6fartspolitik\",\"item\":\"https:\/\/shipowners.fi\/sv\/konkurrenskraft\/nationell-sjofartspolitik\/\"},{\"@type\":\"ListItem\",\"position\":3,\"name\":\"Arbetskrafts&shy;kostnadernas restitutions&shy;system\"}]},{\"@type\":\"WebSite\",\"@id\":\"https:\/\/shipowners.fi\/#website\",\"url\":\"https:\/\/shipowners.fi\/\",\"name\":\"Rederierna i Finland\",\"description\":\"\",\"potentialAction\":[{\"@type\":\"SearchAction\",\"target\":{\"@type\":\"EntryPoint\",\"urlTemplate\":\"https:\/\/shipowners.fi\/?s={search_term_string}\"},\"query-input\":{\"@type\":\"PropertyValueSpecification\",\"valueRequired\":true,\"valueName\":\"search_term_string\"}}],\"inLanguage\":\"sv-SE\"}]}<\/script>\n<!-- \/ Yoast SEO plugin. -->","yoast_head_json":{"title":"Arbetskrafts&shy;kostnadernas restitutions&shy;system - Rederierna i Finland","robots":{"index":"index","follow":"follow","max-snippet":"max-snippet:-1","max-image-preview":"max-image-preview:large","max-video-preview":"max-video-preview:-1"},"canonical":"https:\/\/shipowners.fi\/sv\/konkurrenskraft\/nationell-sjofartspolitik\/arbetskraftskostnadernas-restitutionssystem\/","og_locale":"sv_SE","og_type":"article","og_title":"Arbetskrafts&shy;kostnadernas restitutions&shy;system - Rederierna i Finland","og_description":"Finsk sj\u00f6fart st\u00f6ds inom ramen f\u00f6r statsunderst\u00f6dsreglerna som EU kommissionen best\u00e4mt. M\u00e5let f\u00f6r EU \u00e4r konkurrensneutralitet i relation till bekv\u00e4mlighetsflaggl\u00e4nderna. N\u00e4r det g\u00e4ller sj\u00f6fart \u00e4r det inte fr\u00e5gan om ett underst\u00f6d, utan om ett \u00e5terbetalningssystem f\u00f6r arbetskraftsavgifter d\u00e4r staten ers\u00e4tter arbetstagarnas skatter och social-och pensionsavgifter. Systemet tryggar ansvariga europeiska rederiers konkurrenskraft i f\u00f6rh\u00e5llande till bekv\u00e4mlighetsflaggl\u00e4nderna.","og_url":"https:\/\/shipowners.fi\/sv\/konkurrenskraft\/nationell-sjofartspolitik\/arbetskraftskostnadernas-restitutionssystem\/","og_site_name":"Rederierna i Finland","article_modified_time":"2023-01-30T12:16:13+00:00","og_image":[{"width":1243,"height":901,"url":"https:\/\/shipowners.fi\/wp-content\/uploads\/2018\/05\/suomenvarustamot_etusivu.jpg","type":"image\/jpeg"}],"twitter_card":"summary_large_image","twitter_misc":{"Ber\u00e4knad l\u00e4stid":"1 minut"},"schema":{"@context":"https:\/\/schema.org","@graph":[{"@type":"WebPage","@id":"https:\/\/shipowners.fi\/sv\/konkurrenskraft\/nationell-sjofartspolitik\/arbetskraftskostnadernas-restitutionssystem\/","url":"https:\/\/shipowners.fi\/sv\/konkurrenskraft\/nationell-sjofartspolitik\/arbetskraftskostnadernas-restitutionssystem\/","name":"Arbetskrafts&shy;kostnadernas restitutions&shy;system - Rederierna i Finland","isPartOf":{"@id":"https:\/\/shipowners.fi\/#website"},"datePublished":"2018-05-29T11:26:23+00:00","dateModified":"2023-01-30T12:16:13+00:00","breadcrumb":{"@id":"https:\/\/shipowners.fi\/sv\/konkurrenskraft\/nationell-sjofartspolitik\/arbetskraftskostnadernas-restitutionssystem\/#breadcrumb"},"inLanguage":"sv-SE","potentialAction":[{"@type":"ReadAction","target":["https:\/\/shipowners.fi\/sv\/konkurrenskraft\/nationell-sjofartspolitik\/arbetskraftskostnadernas-restitutionssystem\/"]}]},{"@type":"BreadcrumbList","@id":"https:\/\/shipowners.fi\/sv\/konkurrenskraft\/nationell-sjofartspolitik\/arbetskraftskostnadernas-restitutionssystem\/#breadcrumb","itemListElement":[{"@type":"ListItem","position":1,"name":"Konkurrenskraft","item":"https:\/\/shipowners.fi\/sv\/konkurrenskraft\/"},{"@type":"ListItem","position":2,"name":"Nationell sj\u00f6fartspolitik","item":"https:\/\/shipowners.fi\/sv\/konkurrenskraft\/nationell-sjofartspolitik\/"},{"@type":"ListItem","position":3,"name":"Arbetskrafts&shy;kostnadernas restitutions&shy;system"}]},{"@type":"WebSite","@id":"https:\/\/shipowners.fi\/#website","url":"https:\/\/shipowners.fi\/","name":"Rederierna i Finland","description":"","potentialAction":[{"@type":"SearchAction","target":{"@type":"EntryPoint","urlTemplate":"https:\/\/shipowners.fi\/?s={search_term_string}"},"query-input":{"@type":"PropertyValueSpecification","valueRequired":true,"valueName":"search_term_string"}}],"inLanguage":"sv-SE"}]}},"_links":{"self":[{"href":"https:\/\/shipowners.fi\/sv\/wp-json\/wp\/v2\/pages\/219","targetHints":{"allow":["GET"]}}],"collection":[{"href":"https:\/\/shipowners.fi\/sv\/wp-json\/wp\/v2\/pages"}],"about":[{"href":"https:\/\/shipowners.fi\/sv\/wp-json\/wp\/v2\/types\/page"}],"author":[{"embeddable":true,"href":"https:\/\/shipowners.fi\/sv\/wp-json\/wp\/v2\/users\/1"}],"replies":[{"embeddable":true,"href":"https:\/\/shipowners.fi\/sv\/wp-json\/wp\/v2\/comments?post=219"}],"version-history":[{"count":4,"href":"https:\/\/shipowners.fi\/sv\/wp-json\/wp\/v2\/pages\/219\/revisions"}],"predecessor-version":[{"id":9392,"href":"https:\/\/shipowners.fi\/sv\/wp-json\/wp\/v2\/pages\/219\/revisions\/9392"}],"up":[{"embeddable":true,"href":"https:\/\/shipowners.fi\/sv\/wp-json\/wp\/v2\/pages\/200"}],"wp:attachment":[{"href":"https:\/\/shipowners.fi\/sv\/wp-json\/wp\/v2\/media?parent=219"}],"curies":[{"name":"wp","href":"https:\/\/api.w.org\/{rel}","templated":true}]}}