{"id":232,"date":"2018-05-29T14:31:00","date_gmt":"2018-05-29T11:31:00","guid":{"rendered":"https:\/\/shipowners.fi\/konkurrenskraft\/sjofartspolitik-inom-eu\/valtiontuen-suuntaviivat\/"},"modified":"2018-06-12T12:14:55","modified_gmt":"2018-06-12T09:14:55","slug":"riktlinjerna-for-statligt-stod","status":"publish","type":"page","link":"https:\/\/shipowners.fi\/sv\/konkurrenskraft\/sjofartspolitik-inom-eu\/riktlinjerna-for-statligt-stod\/","title":{"rendered":"Riktlinjerna f\u00f6r statligt st\u00f6d"},"content":{"rendered":"<p>Finlands sj\u00f6fart \u00e4r beroende av EU:s riktlinjer vars syften \u00e4r att st\u00e4rka verksamhetsf\u00f6ruts\u00e4ttningarna f\u00f6r sj\u00f6fartsl\u00e4nderna i EU.<\/p>\n<p>Det finns en oro i EU f\u00f6r att den europeiska handelsflottan f\u00f6rlorar i konkurrensen mot bekv\u00e4mlighetsflaggl\u00e4nderna. Finland och 18 andra EU-sj\u00f6farts stater har antingen \u00f6verg\u00e5tt till nettol\u00f6ner eller till \u00e5terbetalning av eller l\u00e4ttnader f\u00f6r bikostnaderna.<\/p>\n<p>F\u00f6ruts\u00e4ttningen f\u00f6r \u00e5terbetalning \u00e4r enligt lagen om sj\u00f6fartens konkurrenskraft, att fartygens arbetskraftskostnader \u00e4r p\u00e5 en niv\u00e5 som tillsammans med \u00e5terbetalningarna m\u00f6jligg\u00f6r en konkurrenskraftig verksamhet i en internationell sj\u00f6trafik. Arbetsmarknadsparterna har \u00f6verenskommit om detta.<\/p>\n<p>I takt med f\u00f6rnyelserna har sj\u00f6farten utvecklats i medvind. Fr\u00e5n \u00e5r 2010 har Finlands handelsflotta \u00f6kat med 14,7 procent. Nya arbetsplatser har uppkommit (en \u00f6kning med 4,4%). V\u00e5rt m\u00e5l \u00e4r att precis som m\u00e5nga andra l\u00e4nder \u00f6verg\u00e5 till ett nettol\u00f6nesystem. Det skulle st\u00e4rka den positiva utvecklingen under finsk flagg.<\/p>\n","protected":false},"excerpt":{"rendered":"<p>Finlands sj\u00f6fart \u00e4r beroende av EU:s riktlinjer vars syften \u00e4r att st\u00e4rka verksamhetsf\u00f6ruts\u00e4ttningarna f\u00f6r sj\u00f6fartsl\u00e4nderna i EU. Det finns en oro i EU f\u00f6r att den europeiska handelsflottan f\u00f6rlorar i konkurrensen mot bekv\u00e4mlighetsflaggl\u00e4nderna. Finland och 18 andra EU-sj\u00f6farts stater har antingen \u00f6verg\u00e5tt till nettol\u00f6ner eller till \u00e5terbetalning av eller l\u00e4ttnader f\u00f6r bikostnaderna. F\u00f6ruts\u00e4ttningen f\u00f6r \u00e5terbetalning&hellip;<\/p>\n","protected":false},"author":1,"featured_media":0,"parent":226,"menu_order":187,"comment_status":"closed","ping_status":"closed","template":"","meta":{"_acf_changed":false,"footnotes":""},"class_list":["post-232","page","type-page","status-publish","hentry"],"acf":[],"yoast_head":"<!-- This site is optimized with the Yoast SEO plugin v27.2 - https:\/\/yoast.com\/product\/yoast-seo-wordpress\/ -->\n<title>Riktlinjerna f\u00f6r statligt st\u00f6d - Rederierna i Finland<\/title>\n<meta name=\"robots\" content=\"index, follow, max-snippet:-1, max-image-preview:large, max-video-preview:-1\" \/>\n<link rel=\"canonical\" href=\"https:\/\/shipowners.fi\/sv\/konkurrenskraft\/sjofartspolitik-inom-eu\/riktlinjerna-for-statligt-stod\/\" \/>\n<meta property=\"og:locale\" content=\"sv_SE\" \/>\n<meta property=\"og:type\" content=\"article\" \/>\n<meta property=\"og:title\" content=\"Riktlinjerna f\u00f6r statligt st\u00f6d - Rederierna i Finland\" \/>\n<meta property=\"og:description\" content=\"Finlands sj\u00f6fart \u00e4r beroende av EU:s riktlinjer vars syften \u00e4r att st\u00e4rka verksamhetsf\u00f6ruts\u00e4ttningarna f\u00f6r sj\u00f6fartsl\u00e4nderna i EU. Det finns en oro i EU f\u00f6r att den europeiska handelsflottan f\u00f6rlorar i konkurrensen mot bekv\u00e4mlighetsflaggl\u00e4nderna. Finland och 18 andra EU-sj\u00f6farts stater har antingen \u00f6verg\u00e5tt till nettol\u00f6ner eller till \u00e5terbetalning av eller l\u00e4ttnader f\u00f6r bikostnaderna. F\u00f6ruts\u00e4ttningen f\u00f6r \u00e5terbetalning&hellip;\" \/>\n<meta property=\"og:url\" content=\"https:\/\/shipowners.fi\/sv\/konkurrenskraft\/sjofartspolitik-inom-eu\/riktlinjerna-for-statligt-stod\/\" \/>\n<meta property=\"og:site_name\" content=\"Rederierna i Finland\" \/>\n<meta property=\"article:modified_time\" content=\"2018-06-12T09:14:55+00:00\" \/>\n<meta property=\"og:image\" content=\"https:\/\/shipowners.fi\/wp-content\/uploads\/2018\/05\/suomenvarustamot_etusivu.jpg\" \/>\n\t<meta property=\"og:image:width\" content=\"1243\" \/>\n\t<meta property=\"og:image:height\" content=\"901\" \/>\n\t<meta property=\"og:image:type\" content=\"image\/jpeg\" \/>\n<meta name=\"twitter:card\" content=\"summary_large_image\" \/>\n<meta name=\"twitter:label1\" content=\"Ber\u00e4knad l\u00e4stid\" \/>\n\t<meta name=\"twitter:data1\" content=\"1 minut\" \/>\n<script type=\"application\/ld+json\" class=\"yoast-schema-graph\">{\"@context\":\"https:\/\/schema.org\",\"@graph\":[{\"@type\":\"WebPage\",\"@id\":\"https:\/\/shipowners.fi\/sv\/konkurrenskraft\/sjofartspolitik-inom-eu\/riktlinjerna-for-statligt-stod\/\",\"url\":\"https:\/\/shipowners.fi\/sv\/konkurrenskraft\/sjofartspolitik-inom-eu\/riktlinjerna-for-statligt-stod\/\",\"name\":\"Riktlinjerna f\u00f6r statligt st\u00f6d - Rederierna i Finland\",\"isPartOf\":{\"@id\":\"https:\/\/shipowners.fi\/#website\"},\"datePublished\":\"2018-05-29T11:31:00+00:00\",\"dateModified\":\"2018-06-12T09:14:55+00:00\",\"breadcrumb\":{\"@id\":\"https:\/\/shipowners.fi\/sv\/konkurrenskraft\/sjofartspolitik-inom-eu\/riktlinjerna-for-statligt-stod\/#breadcrumb\"},\"inLanguage\":\"sv-SE\",\"potentialAction\":[{\"@type\":\"ReadAction\",\"target\":[\"https:\/\/shipowners.fi\/sv\/konkurrenskraft\/sjofartspolitik-inom-eu\/riktlinjerna-for-statligt-stod\/\"]}]},{\"@type\":\"BreadcrumbList\",\"@id\":\"https:\/\/shipowners.fi\/sv\/konkurrenskraft\/sjofartspolitik-inom-eu\/riktlinjerna-for-statligt-stod\/#breadcrumb\",\"itemListElement\":[{\"@type\":\"ListItem\",\"position\":1,\"name\":\"Konkurrenskraft\",\"item\":\"https:\/\/shipowners.fi\/sv\/konkurrenskraft\/\"},{\"@type\":\"ListItem\",\"position\":2,\"name\":\"Sj\u00f6farts&shy;politik inom EU\",\"item\":\"https:\/\/shipowners.fi\/sv\/konkurrenskraft\/sjofartspolitik-inom-eu\/\"},{\"@type\":\"ListItem\",\"position\":3,\"name\":\"Riktlinjerna f\u00f6r statligt st\u00f6d\"}]},{\"@type\":\"WebSite\",\"@id\":\"https:\/\/shipowners.fi\/#website\",\"url\":\"https:\/\/shipowners.fi\/\",\"name\":\"Rederierna i Finland\",\"description\":\"\",\"potentialAction\":[{\"@type\":\"SearchAction\",\"target\":{\"@type\":\"EntryPoint\",\"urlTemplate\":\"https:\/\/shipowners.fi\/?s={search_term_string}\"},\"query-input\":{\"@type\":\"PropertyValueSpecification\",\"valueRequired\":true,\"valueName\":\"search_term_string\"}}],\"inLanguage\":\"sv-SE\"}]}<\/script>\n<!-- \/ Yoast SEO plugin. -->","yoast_head_json":{"title":"Riktlinjerna f\u00f6r statligt st\u00f6d - Rederierna i Finland","robots":{"index":"index","follow":"follow","max-snippet":"max-snippet:-1","max-image-preview":"max-image-preview:large","max-video-preview":"max-video-preview:-1"},"canonical":"https:\/\/shipowners.fi\/sv\/konkurrenskraft\/sjofartspolitik-inom-eu\/riktlinjerna-for-statligt-stod\/","og_locale":"sv_SE","og_type":"article","og_title":"Riktlinjerna f\u00f6r statligt st\u00f6d - Rederierna i Finland","og_description":"Finlands sj\u00f6fart \u00e4r beroende av EU:s riktlinjer vars syften \u00e4r att st\u00e4rka verksamhetsf\u00f6ruts\u00e4ttningarna f\u00f6r sj\u00f6fartsl\u00e4nderna i EU. Det finns en oro i EU f\u00f6r att den europeiska handelsflottan f\u00f6rlorar i konkurrensen mot bekv\u00e4mlighetsflaggl\u00e4nderna. Finland och 18 andra EU-sj\u00f6farts stater har antingen \u00f6verg\u00e5tt till nettol\u00f6ner eller till \u00e5terbetalning av eller l\u00e4ttnader f\u00f6r bikostnaderna. F\u00f6ruts\u00e4ttningen f\u00f6r \u00e5terbetalning&hellip;","og_url":"https:\/\/shipowners.fi\/sv\/konkurrenskraft\/sjofartspolitik-inom-eu\/riktlinjerna-for-statligt-stod\/","og_site_name":"Rederierna i Finland","article_modified_time":"2018-06-12T09:14:55+00:00","og_image":[{"width":1243,"height":901,"url":"https:\/\/shipowners.fi\/wp-content\/uploads\/2018\/05\/suomenvarustamot_etusivu.jpg","type":"image\/jpeg"}],"twitter_card":"summary_large_image","twitter_misc":{"Ber\u00e4knad l\u00e4stid":"1 minut"},"schema":{"@context":"https:\/\/schema.org","@graph":[{"@type":"WebPage","@id":"https:\/\/shipowners.fi\/sv\/konkurrenskraft\/sjofartspolitik-inom-eu\/riktlinjerna-for-statligt-stod\/","url":"https:\/\/shipowners.fi\/sv\/konkurrenskraft\/sjofartspolitik-inom-eu\/riktlinjerna-for-statligt-stod\/","name":"Riktlinjerna f\u00f6r statligt st\u00f6d - Rederierna i Finland","isPartOf":{"@id":"https:\/\/shipowners.fi\/#website"},"datePublished":"2018-05-29T11:31:00+00:00","dateModified":"2018-06-12T09:14:55+00:00","breadcrumb":{"@id":"https:\/\/shipowners.fi\/sv\/konkurrenskraft\/sjofartspolitik-inom-eu\/riktlinjerna-for-statligt-stod\/#breadcrumb"},"inLanguage":"sv-SE","potentialAction":[{"@type":"ReadAction","target":["https:\/\/shipowners.fi\/sv\/konkurrenskraft\/sjofartspolitik-inom-eu\/riktlinjerna-for-statligt-stod\/"]}]},{"@type":"BreadcrumbList","@id":"https:\/\/shipowners.fi\/sv\/konkurrenskraft\/sjofartspolitik-inom-eu\/riktlinjerna-for-statligt-stod\/#breadcrumb","itemListElement":[{"@type":"ListItem","position":1,"name":"Konkurrenskraft","item":"https:\/\/shipowners.fi\/sv\/konkurrenskraft\/"},{"@type":"ListItem","position":2,"name":"Sj\u00f6farts&shy;politik inom EU","item":"https:\/\/shipowners.fi\/sv\/konkurrenskraft\/sjofartspolitik-inom-eu\/"},{"@type":"ListItem","position":3,"name":"Riktlinjerna f\u00f6r statligt st\u00f6d"}]},{"@type":"WebSite","@id":"https:\/\/shipowners.fi\/#website","url":"https:\/\/shipowners.fi\/","name":"Rederierna i Finland","description":"","potentialAction":[{"@type":"SearchAction","target":{"@type":"EntryPoint","urlTemplate":"https:\/\/shipowners.fi\/?s={search_term_string}"},"query-input":{"@type":"PropertyValueSpecification","valueRequired":true,"valueName":"search_term_string"}}],"inLanguage":"sv-SE"}]}},"_links":{"self":[{"href":"https:\/\/shipowners.fi\/sv\/wp-json\/wp\/v2\/pages\/232","targetHints":{"allow":["GET"]}}],"collection":[{"href":"https:\/\/shipowners.fi\/sv\/wp-json\/wp\/v2\/pages"}],"about":[{"href":"https:\/\/shipowners.fi\/sv\/wp-json\/wp\/v2\/types\/page"}],"author":[{"embeddable":true,"href":"https:\/\/shipowners.fi\/sv\/wp-json\/wp\/v2\/users\/1"}],"replies":[{"embeddable":true,"href":"https:\/\/shipowners.fi\/sv\/wp-json\/wp\/v2\/comments?post=232"}],"version-history":[{"count":2,"href":"https:\/\/shipowners.fi\/sv\/wp-json\/wp\/v2\/pages\/232\/revisions"}],"predecessor-version":[{"id":948,"href":"https:\/\/shipowners.fi\/sv\/wp-json\/wp\/v2\/pages\/232\/revisions\/948"}],"up":[{"embeddable":true,"href":"https:\/\/shipowners.fi\/sv\/wp-json\/wp\/v2\/pages\/226"}],"wp:attachment":[{"href":"https:\/\/shipowners.fi\/sv\/wp-json\/wp\/v2\/media?parent=232"}],"curies":[{"name":"wp","href":"https:\/\/api.w.org\/{rel}","templated":true}]}}