{"id":238,"date":"2018-05-29T14:32:35","date_gmt":"2018-05-29T11:32:35","guid":{"rendered":"https:\/\/shipowners.fi\/konkurrenskraft\/sjofartspolitik-inom-eu\/valketta-delegaatio\/"},"modified":"2018-06-12T15:12:02","modified_gmt":"2018-06-12T12:12:02","slug":"valletta-deklarationen","status":"publish","type":"page","link":"https:\/\/shipowners.fi\/sv\/konkurrenskraft\/sjofartspolitik-inom-eu\/valletta-deklarationen\/","title":{"rendered":"Valletta deklarationen"},"content":{"rendered":"<p>Riktlinjerna f\u00f6r EU:s sj\u00f6fartspolitik fastst\u00e4lldes fram till \u00e5ret 2020 i den s\u00e5 kallade Valletta deklarationen \u00e5ret 2017. Deklarationen konstaterar prioriteringarna f\u00f6r sj\u00f6fartspolitiken de kommande \u00e5ren. De centralaste st\u00e5ndpunkterna \u00e4r f\u00f6rst\u00e4rkning av konkurrenskraften, f\u00f6rminskning av utsl\u00e4pp, digitalisering, f\u00f6rs\u00e4krandet av en fyungerande inre marknad och dessutom utvecklingen av ett v\u00e4rldsklassigt maritimt kluster.<\/p>\n<p><a href=\"https:\/\/shipowners.fi\/wp-content\/uploads\/2018\/06\/Valletta_deklaraatio.pdf\">PDF Valetta declaration<\/a><\/p>\n","protected":false},"excerpt":{"rendered":"<p>Riktlinjerna f\u00f6r EU:s sj\u00f6fartspolitik fastst\u00e4lldes fram till \u00e5ret 2020 i den s\u00e5 kallade Valletta deklarationen \u00e5ret 2017. Deklarationen konstaterar prioriteringarna f\u00f6r sj\u00f6fartspolitiken de kommande \u00e5ren. De centralaste st\u00e5ndpunkterna \u00e4r f\u00f6rst\u00e4rkning av konkurrenskraften, f\u00f6rminskning av utsl\u00e4pp, digitalisering, f\u00f6rs\u00e4krandet av en fyungerande inre marknad och dessutom utvecklingen av ett v\u00e4rldsklassigt maritimt kluster. PDF Valetta declaration<\/p>\n","protected":false},"author":1,"featured_media":0,"parent":226,"menu_order":190,"comment_status":"closed","ping_status":"closed","template":"","meta":{"_acf_changed":false,"footnotes":""},"class_list":["post-238","page","type-page","status-publish","hentry"],"acf":[],"yoast_head":"<!-- This site is optimized with the Yoast SEO plugin v27.2 - https:\/\/yoast.com\/product\/yoast-seo-wordpress\/ -->\n<title>Valletta deklarationen - Rederierna i Finland<\/title>\n<meta name=\"robots\" content=\"index, follow, max-snippet:-1, max-image-preview:large, max-video-preview:-1\" \/>\n<link rel=\"canonical\" href=\"https:\/\/shipowners.fi\/sv\/konkurrenskraft\/sjofartspolitik-inom-eu\/valletta-deklarationen\/\" \/>\n<meta property=\"og:locale\" content=\"sv_SE\" \/>\n<meta property=\"og:type\" content=\"article\" \/>\n<meta property=\"og:title\" content=\"Valletta deklarationen - Rederierna i Finland\" \/>\n<meta property=\"og:description\" content=\"Riktlinjerna f\u00f6r EU:s sj\u00f6fartspolitik fastst\u00e4lldes fram till \u00e5ret 2020 i den s\u00e5 kallade Valletta deklarationen \u00e5ret 2017. Deklarationen konstaterar prioriteringarna f\u00f6r sj\u00f6fartspolitiken de kommande \u00e5ren. De centralaste st\u00e5ndpunkterna \u00e4r f\u00f6rst\u00e4rkning av konkurrenskraften, f\u00f6rminskning av utsl\u00e4pp, digitalisering, f\u00f6rs\u00e4krandet av en fyungerande inre marknad och dessutom utvecklingen av ett v\u00e4rldsklassigt maritimt kluster. PDF Valetta declaration\" \/>\n<meta property=\"og:url\" content=\"https:\/\/shipowners.fi\/sv\/konkurrenskraft\/sjofartspolitik-inom-eu\/valletta-deklarationen\/\" \/>\n<meta property=\"og:site_name\" content=\"Rederierna i Finland\" \/>\n<meta property=\"article:modified_time\" content=\"2018-06-12T12:12:02+00:00\" \/>\n<meta property=\"og:image\" content=\"https:\/\/shipowners.fi\/wp-content\/uploads\/2018\/05\/suomenvarustamot_etusivu.jpg\" \/>\n\t<meta property=\"og:image:width\" content=\"1243\" \/>\n\t<meta property=\"og:image:height\" content=\"901\" \/>\n\t<meta property=\"og:image:type\" content=\"image\/jpeg\" \/>\n<meta name=\"twitter:card\" content=\"summary_large_image\" \/>\n<script type=\"application\/ld+json\" class=\"yoast-schema-graph\">{\"@context\":\"https:\/\/schema.org\",\"@graph\":[{\"@type\":\"WebPage\",\"@id\":\"https:\/\/shipowners.fi\/sv\/konkurrenskraft\/sjofartspolitik-inom-eu\/valletta-deklarationen\/\",\"url\":\"https:\/\/shipowners.fi\/sv\/konkurrenskraft\/sjofartspolitik-inom-eu\/valletta-deklarationen\/\",\"name\":\"Valletta deklarationen - Rederierna i Finland\",\"isPartOf\":{\"@id\":\"https:\/\/shipowners.fi\/#website\"},\"datePublished\":\"2018-05-29T11:32:35+00:00\",\"dateModified\":\"2018-06-12T12:12:02+00:00\",\"breadcrumb\":{\"@id\":\"https:\/\/shipowners.fi\/sv\/konkurrenskraft\/sjofartspolitik-inom-eu\/valletta-deklarationen\/#breadcrumb\"},\"inLanguage\":\"sv-SE\",\"potentialAction\":[{\"@type\":\"ReadAction\",\"target\":[\"https:\/\/shipowners.fi\/sv\/konkurrenskraft\/sjofartspolitik-inom-eu\/valletta-deklarationen\/\"]}]},{\"@type\":\"BreadcrumbList\",\"@id\":\"https:\/\/shipowners.fi\/sv\/konkurrenskraft\/sjofartspolitik-inom-eu\/valletta-deklarationen\/#breadcrumb\",\"itemListElement\":[{\"@type\":\"ListItem\",\"position\":1,\"name\":\"Konkurrenskraft\",\"item\":\"https:\/\/shipowners.fi\/sv\/konkurrenskraft\/\"},{\"@type\":\"ListItem\",\"position\":2,\"name\":\"Sj\u00f6farts&shy;politik inom EU\",\"item\":\"https:\/\/shipowners.fi\/sv\/konkurrenskraft\/sjofartspolitik-inom-eu\/\"},{\"@type\":\"ListItem\",\"position\":3,\"name\":\"Valletta deklarationen\"}]},{\"@type\":\"WebSite\",\"@id\":\"https:\/\/shipowners.fi\/#website\",\"url\":\"https:\/\/shipowners.fi\/\",\"name\":\"Rederierna i Finland\",\"description\":\"\",\"potentialAction\":[{\"@type\":\"SearchAction\",\"target\":{\"@type\":\"EntryPoint\",\"urlTemplate\":\"https:\/\/shipowners.fi\/?s={search_term_string}\"},\"query-input\":{\"@type\":\"PropertyValueSpecification\",\"valueRequired\":true,\"valueName\":\"search_term_string\"}}],\"inLanguage\":\"sv-SE\"}]}<\/script>\n<!-- \/ Yoast SEO plugin. -->","yoast_head_json":{"title":"Valletta deklarationen - Rederierna i Finland","robots":{"index":"index","follow":"follow","max-snippet":"max-snippet:-1","max-image-preview":"max-image-preview:large","max-video-preview":"max-video-preview:-1"},"canonical":"https:\/\/shipowners.fi\/sv\/konkurrenskraft\/sjofartspolitik-inom-eu\/valletta-deklarationen\/","og_locale":"sv_SE","og_type":"article","og_title":"Valletta deklarationen - Rederierna i Finland","og_description":"Riktlinjerna f\u00f6r EU:s sj\u00f6fartspolitik fastst\u00e4lldes fram till \u00e5ret 2020 i den s\u00e5 kallade Valletta deklarationen \u00e5ret 2017. Deklarationen konstaterar prioriteringarna f\u00f6r sj\u00f6fartspolitiken de kommande \u00e5ren. De centralaste st\u00e5ndpunkterna \u00e4r f\u00f6rst\u00e4rkning av konkurrenskraften, f\u00f6rminskning av utsl\u00e4pp, digitalisering, f\u00f6rs\u00e4krandet av en fyungerande inre marknad och dessutom utvecklingen av ett v\u00e4rldsklassigt maritimt kluster. PDF Valetta declaration","og_url":"https:\/\/shipowners.fi\/sv\/konkurrenskraft\/sjofartspolitik-inom-eu\/valletta-deklarationen\/","og_site_name":"Rederierna i Finland","article_modified_time":"2018-06-12T12:12:02+00:00","og_image":[{"width":1243,"height":901,"url":"https:\/\/shipowners.fi\/wp-content\/uploads\/2018\/05\/suomenvarustamot_etusivu.jpg","type":"image\/jpeg"}],"twitter_card":"summary_large_image","schema":{"@context":"https:\/\/schema.org","@graph":[{"@type":"WebPage","@id":"https:\/\/shipowners.fi\/sv\/konkurrenskraft\/sjofartspolitik-inom-eu\/valletta-deklarationen\/","url":"https:\/\/shipowners.fi\/sv\/konkurrenskraft\/sjofartspolitik-inom-eu\/valletta-deklarationen\/","name":"Valletta deklarationen - Rederierna i Finland","isPartOf":{"@id":"https:\/\/shipowners.fi\/#website"},"datePublished":"2018-05-29T11:32:35+00:00","dateModified":"2018-06-12T12:12:02+00:00","breadcrumb":{"@id":"https:\/\/shipowners.fi\/sv\/konkurrenskraft\/sjofartspolitik-inom-eu\/valletta-deklarationen\/#breadcrumb"},"inLanguage":"sv-SE","potentialAction":[{"@type":"ReadAction","target":["https:\/\/shipowners.fi\/sv\/konkurrenskraft\/sjofartspolitik-inom-eu\/valletta-deklarationen\/"]}]},{"@type":"BreadcrumbList","@id":"https:\/\/shipowners.fi\/sv\/konkurrenskraft\/sjofartspolitik-inom-eu\/valletta-deklarationen\/#breadcrumb","itemListElement":[{"@type":"ListItem","position":1,"name":"Konkurrenskraft","item":"https:\/\/shipowners.fi\/sv\/konkurrenskraft\/"},{"@type":"ListItem","position":2,"name":"Sj\u00f6farts&shy;politik inom EU","item":"https:\/\/shipowners.fi\/sv\/konkurrenskraft\/sjofartspolitik-inom-eu\/"},{"@type":"ListItem","position":3,"name":"Valletta deklarationen"}]},{"@type":"WebSite","@id":"https:\/\/shipowners.fi\/#website","url":"https:\/\/shipowners.fi\/","name":"Rederierna i Finland","description":"","potentialAction":[{"@type":"SearchAction","target":{"@type":"EntryPoint","urlTemplate":"https:\/\/shipowners.fi\/?s={search_term_string}"},"query-input":{"@type":"PropertyValueSpecification","valueRequired":true,"valueName":"search_term_string"}}],"inLanguage":"sv-SE"}]}},"_links":{"self":[{"href":"https:\/\/shipowners.fi\/sv\/wp-json\/wp\/v2\/pages\/238","targetHints":{"allow":["GET"]}}],"collection":[{"href":"https:\/\/shipowners.fi\/sv\/wp-json\/wp\/v2\/pages"}],"about":[{"href":"https:\/\/shipowners.fi\/sv\/wp-json\/wp\/v2\/types\/page"}],"author":[{"embeddable":true,"href":"https:\/\/shipowners.fi\/sv\/wp-json\/wp\/v2\/users\/1"}],"replies":[{"embeddable":true,"href":"https:\/\/shipowners.fi\/sv\/wp-json\/wp\/v2\/comments?post=238"}],"version-history":[{"count":3,"href":"https:\/\/shipowners.fi\/sv\/wp-json\/wp\/v2\/pages\/238\/revisions"}],"predecessor-version":[{"id":989,"href":"https:\/\/shipowners.fi\/sv\/wp-json\/wp\/v2\/pages\/238\/revisions\/989"}],"up":[{"embeddable":true,"href":"https:\/\/shipowners.fi\/sv\/wp-json\/wp\/v2\/pages\/226"}],"wp:attachment":[{"href":"https:\/\/shipowners.fi\/sv\/wp-json\/wp\/v2\/media?parent=238"}],"curies":[{"name":"wp","href":"https:\/\/api.w.org\/{rel}","templated":true}]}}