{"id":255,"date":"2018-05-04T15:55:27","date_gmt":"2018-05-04T12:55:27","guid":{"rendered":"https:\/\/shipowners.fi\/ansvarsfullhet\/ymparisto\/"},"modified":"2021-10-25T10:56:57","modified_gmt":"2021-10-25T07:56:57","slug":"miljon-och-klimat","status":"publish","type":"page","link":"https:\/\/shipowners.fi\/sv\/ansvarsfullhet\/miljon-och-klimat\/","title":{"rendered":"Milj\u00f6n och klimat"},"content":{"rendered":"<p>Sj\u00f6transport \u00e4r den milj\u00f6v\u00e4nligaste transportformen och det finns ingen ers\u00e4ttande trafikform. Rederierna i Finland fr\u00e4mjar sina medlemmars milj\u00f6v\u00e4nliga och konkurrenskraftiga sj\u00f6fart b\u00e5de p\u00e5 nationell och internationell niv\u00e5. Vi f\u00f6ljer aktivt beredningen av milj\u00f6best\u00e4mmelser, utvecklingen i milj\u00f6teknologi samt de l\u00f6sningar som forskningen erbjuder p\u00e5 de allt str\u00e4ngare milj\u00f6best\u00e4mmelserna och den gr\u00f6nare sj\u00f6farten.<\/p>\n<p>Internationella sj\u00f6fartsorganisationen IMO har fastslagit m\u00e5let att fram till \u00e5r 2050 minska de absoluta v\u00e4xthusgasutsl\u00e4ppen som sj\u00f6farten f\u00f6rorsakar med 50 % j\u00e4mf\u00f6rt med \u00e5r 2008 och att fram till \u00e5rhundradets slut uppn\u00e5 fullst\u00e4ndig fossilfrihet. Rederiindustrin har proponerat sk\u00e4rpning av utsl\u00e4ppss\u00e4nkningsm\u00e5let, till att hela den globala sj\u00f6farten ska vara kolneutral senast \u00e5ret 2050.<\/p>\n<p>Vi samarbetar med hela sj\u00f6klustret, transportkedjan, materialtillverkare, myndigheterna, forskare och \u00d6stersj\u00f6ns skyddsorganisationer. Ett omfattande samarbete med olika akt\u00f6rer, att finna b\u00e4sta praxis som gagnar alla, samt ett f\u00f6rutseende och aktivt grepp om utvecklingen i framtiden garanterar de b\u00e4sta f\u00f6ruts\u00e4ttningarna f\u00f6r en h\u00e5llbar sj\u00f6fart och en plats i fr\u00e4msta ledet.<\/p>\n","protected":false},"excerpt":{"rendered":"<p>Sj\u00f6transport \u00e4r den milj\u00f6v\u00e4nligaste transportformen och det finns ingen ers\u00e4ttande trafikform. Rederierna i Finland fr\u00e4mjar sina medlemmars milj\u00f6v\u00e4nliga och konkurrenskraftiga sj\u00f6fart b\u00e5de p\u00e5 nationell och internationell niv\u00e5. Vi f\u00f6ljer aktivt beredningen av milj\u00f6best\u00e4mmelser, utvecklingen i milj\u00f6teknologi samt de l\u00f6sningar som forskningen erbjuder p\u00e5 de allt str\u00e4ngare milj\u00f6best\u00e4mmelserna och den gr\u00f6nare sj\u00f6farten. Internationella sj\u00f6fartsorganisationen IMO har&hellip;<\/p>\n","protected":false},"author":1,"featured_media":0,"parent":160,"menu_order":34,"comment_status":"closed","ping_status":"closed","template":"","meta":{"_acf_changed":false,"footnotes":""},"class_list":["post-255","page","type-page","status-publish","hentry"],"acf":[],"yoast_head":"<!-- This site is optimized with the Yoast SEO plugin v27.2 - https:\/\/yoast.com\/product\/yoast-seo-wordpress\/ -->\n<title>Milj\u00f6n och klimat - Rederierna i Finland<\/title>\n<meta name=\"robots\" content=\"index, follow, max-snippet:-1, max-image-preview:large, max-video-preview:-1\" \/>\n<link rel=\"canonical\" href=\"https:\/\/shipowners.fi\/sv\/ansvarsfullhet\/miljon-och-klimat\/\" \/>\n<meta property=\"og:locale\" content=\"sv_SE\" \/>\n<meta property=\"og:type\" content=\"article\" \/>\n<meta property=\"og:title\" content=\"Milj\u00f6n och klimat - Rederierna i Finland\" \/>\n<meta property=\"og:description\" content=\"Sj\u00f6transport \u00e4r den milj\u00f6v\u00e4nligaste transportformen och det finns ingen ers\u00e4ttande trafikform. Rederierna i Finland fr\u00e4mjar sina medlemmars milj\u00f6v\u00e4nliga och konkurrenskraftiga sj\u00f6fart b\u00e5de p\u00e5 nationell och internationell niv\u00e5. Vi f\u00f6ljer aktivt beredningen av milj\u00f6best\u00e4mmelser, utvecklingen i milj\u00f6teknologi samt de l\u00f6sningar som forskningen erbjuder p\u00e5 de allt str\u00e4ngare milj\u00f6best\u00e4mmelserna och den gr\u00f6nare sj\u00f6farten. Internationella sj\u00f6fartsorganisationen IMO har&hellip;\" \/>\n<meta property=\"og:url\" content=\"https:\/\/shipowners.fi\/sv\/ansvarsfullhet\/miljon-och-klimat\/\" \/>\n<meta property=\"og:site_name\" content=\"Rederierna i Finland\" \/>\n<meta property=\"article:modified_time\" content=\"2021-10-25T07:56:57+00:00\" \/>\n<meta property=\"og:image\" content=\"https:\/\/shipowners.fi\/wp-content\/uploads\/2018\/05\/suomenvarustamot_etusivu.jpg\" \/>\n\t<meta property=\"og:image:width\" content=\"1243\" \/>\n\t<meta property=\"og:image:height\" content=\"901\" \/>\n\t<meta property=\"og:image:type\" content=\"image\/jpeg\" \/>\n<meta name=\"twitter:card\" content=\"summary_large_image\" \/>\n<meta name=\"twitter:label1\" content=\"Ber\u00e4knad l\u00e4stid\" \/>\n\t<meta name=\"twitter:data1\" content=\"1 minut\" \/>\n<script type=\"application\/ld+json\" class=\"yoast-schema-graph\">{\"@context\":\"https:\/\/schema.org\",\"@graph\":[{\"@type\":\"WebPage\",\"@id\":\"https:\/\/shipowners.fi\/sv\/ansvarsfullhet\/miljon-och-klimat\/\",\"url\":\"https:\/\/shipowners.fi\/sv\/ansvarsfullhet\/miljon-och-klimat\/\",\"name\":\"Milj\u00f6n och klimat - Rederierna i Finland\",\"isPartOf\":{\"@id\":\"https:\/\/shipowners.fi\/#website\"},\"datePublished\":\"2018-05-04T12:55:27+00:00\",\"dateModified\":\"2021-10-25T07:56:57+00:00\",\"breadcrumb\":{\"@id\":\"https:\/\/shipowners.fi\/sv\/ansvarsfullhet\/miljon-och-klimat\/#breadcrumb\"},\"inLanguage\":\"sv-SE\",\"potentialAction\":[{\"@type\":\"ReadAction\",\"target\":[\"https:\/\/shipowners.fi\/sv\/ansvarsfullhet\/miljon-och-klimat\/\"]}]},{\"@type\":\"BreadcrumbList\",\"@id\":\"https:\/\/shipowners.fi\/sv\/ansvarsfullhet\/miljon-och-klimat\/#breadcrumb\",\"itemListElement\":[{\"@type\":\"ListItem\",\"position\":1,\"name\":\"Ansvarsfullhet\",\"item\":\"https:\/\/shipowners.fi\/sv\/ansvarsfullhet\/\"},{\"@type\":\"ListItem\",\"position\":2,\"name\":\"Milj\u00f6n och klimat\"}]},{\"@type\":\"WebSite\",\"@id\":\"https:\/\/shipowners.fi\/#website\",\"url\":\"https:\/\/shipowners.fi\/\",\"name\":\"Rederierna i Finland\",\"description\":\"\",\"potentialAction\":[{\"@type\":\"SearchAction\",\"target\":{\"@type\":\"EntryPoint\",\"urlTemplate\":\"https:\/\/shipowners.fi\/?s={search_term_string}\"},\"query-input\":{\"@type\":\"PropertyValueSpecification\",\"valueRequired\":true,\"valueName\":\"search_term_string\"}}],\"inLanguage\":\"sv-SE\"}]}<\/script>\n<!-- \/ Yoast SEO plugin. -->","yoast_head_json":{"title":"Milj\u00f6n och klimat - Rederierna i Finland","robots":{"index":"index","follow":"follow","max-snippet":"max-snippet:-1","max-image-preview":"max-image-preview:large","max-video-preview":"max-video-preview:-1"},"canonical":"https:\/\/shipowners.fi\/sv\/ansvarsfullhet\/miljon-och-klimat\/","og_locale":"sv_SE","og_type":"article","og_title":"Milj\u00f6n och klimat - Rederierna i Finland","og_description":"Sj\u00f6transport \u00e4r den milj\u00f6v\u00e4nligaste transportformen och det finns ingen ers\u00e4ttande trafikform. Rederierna i Finland fr\u00e4mjar sina medlemmars milj\u00f6v\u00e4nliga och konkurrenskraftiga sj\u00f6fart b\u00e5de p\u00e5 nationell och internationell niv\u00e5. Vi f\u00f6ljer aktivt beredningen av milj\u00f6best\u00e4mmelser, utvecklingen i milj\u00f6teknologi samt de l\u00f6sningar som forskningen erbjuder p\u00e5 de allt str\u00e4ngare milj\u00f6best\u00e4mmelserna och den gr\u00f6nare sj\u00f6farten. Internationella sj\u00f6fartsorganisationen IMO har&hellip;","og_url":"https:\/\/shipowners.fi\/sv\/ansvarsfullhet\/miljon-och-klimat\/","og_site_name":"Rederierna i Finland","article_modified_time":"2021-10-25T07:56:57+00:00","og_image":[{"width":1243,"height":901,"url":"https:\/\/shipowners.fi\/wp-content\/uploads\/2018\/05\/suomenvarustamot_etusivu.jpg","type":"image\/jpeg"}],"twitter_card":"summary_large_image","twitter_misc":{"Ber\u00e4knad l\u00e4stid":"1 minut"},"schema":{"@context":"https:\/\/schema.org","@graph":[{"@type":"WebPage","@id":"https:\/\/shipowners.fi\/sv\/ansvarsfullhet\/miljon-och-klimat\/","url":"https:\/\/shipowners.fi\/sv\/ansvarsfullhet\/miljon-och-klimat\/","name":"Milj\u00f6n och klimat - Rederierna i Finland","isPartOf":{"@id":"https:\/\/shipowners.fi\/#website"},"datePublished":"2018-05-04T12:55:27+00:00","dateModified":"2021-10-25T07:56:57+00:00","breadcrumb":{"@id":"https:\/\/shipowners.fi\/sv\/ansvarsfullhet\/miljon-och-klimat\/#breadcrumb"},"inLanguage":"sv-SE","potentialAction":[{"@type":"ReadAction","target":["https:\/\/shipowners.fi\/sv\/ansvarsfullhet\/miljon-och-klimat\/"]}]},{"@type":"BreadcrumbList","@id":"https:\/\/shipowners.fi\/sv\/ansvarsfullhet\/miljon-och-klimat\/#breadcrumb","itemListElement":[{"@type":"ListItem","position":1,"name":"Ansvarsfullhet","item":"https:\/\/shipowners.fi\/sv\/ansvarsfullhet\/"},{"@type":"ListItem","position":2,"name":"Milj\u00f6n och klimat"}]},{"@type":"WebSite","@id":"https:\/\/shipowners.fi\/#website","url":"https:\/\/shipowners.fi\/","name":"Rederierna i Finland","description":"","potentialAction":[{"@type":"SearchAction","target":{"@type":"EntryPoint","urlTemplate":"https:\/\/shipowners.fi\/?s={search_term_string}"},"query-input":{"@type":"PropertyValueSpecification","valueRequired":true,"valueName":"search_term_string"}}],"inLanguage":"sv-SE"}]}},"_links":{"self":[{"href":"https:\/\/shipowners.fi\/sv\/wp-json\/wp\/v2\/pages\/255","targetHints":{"allow":["GET"]}}],"collection":[{"href":"https:\/\/shipowners.fi\/sv\/wp-json\/wp\/v2\/pages"}],"about":[{"href":"https:\/\/shipowners.fi\/sv\/wp-json\/wp\/v2\/types\/page"}],"author":[{"embeddable":true,"href":"https:\/\/shipowners.fi\/sv\/wp-json\/wp\/v2\/users\/1"}],"replies":[{"embeddable":true,"href":"https:\/\/shipowners.fi\/sv\/wp-json\/wp\/v2\/comments?post=255"}],"version-history":[{"count":6,"href":"https:\/\/shipowners.fi\/sv\/wp-json\/wp\/v2\/pages\/255\/revisions"}],"predecessor-version":[{"id":7861,"href":"https:\/\/shipowners.fi\/sv\/wp-json\/wp\/v2\/pages\/255\/revisions\/7861"}],"up":[{"embeddable":true,"href":"https:\/\/shipowners.fi\/sv\/wp-json\/wp\/v2\/pages\/160"}],"wp:attachment":[{"href":"https:\/\/shipowners.fi\/sv\/wp-json\/wp\/v2\/media?parent=255"}],"curies":[{"name":"wp","href":"https:\/\/api.w.org\/{rel}","templated":true}]}}