{"id":259,"date":"2018-05-07T10:39:17","date_gmt":"2018-05-07T07:39:17","guid":{"rendered":"https:\/\/shipowners.fi\/ansvarsfullhet\/ilmastosuojelu-ja-ilmastonmuutos\/"},"modified":"2021-10-25T11:12:14","modified_gmt":"2021-10-25T08:12:14","slug":"klimatskydd-och-klimatforandringen","status":"publish","type":"page","link":"https:\/\/shipowners.fi\/sv\/ansvarsfullhet\/miljon-och-klimat\/klimatskydd-och-klimatforandringen\/","title":{"rendered":"Klimatskydd och klimat&shy;f\u00f6r\u00e4ndringen"},"content":{"rendered":"<h4>Minsknings\u00e5tg\u00e4rder f\u00f6r v\u00e4xthusgasutsl\u00e4ppen inom sj\u00f6farten<\/h4>\n<p>De st\u00f6rsta, av m\u00e4nniskan f\u00f6rorsakade v\u00e4xthusgaserna \u00e4r koldioxid (CO2), metan(CH4), och dikv\u00e4veoxid (N2O). En betydande utsl\u00e4ppsk\u00e4lla \u00e4r de fossila br\u00e4nslena, allts\u00e5 kol, olja och naturgas vilka anv\u00e4nds i energitillverkningen och i trafiken.<\/p>\n<p>Internationella sj\u00f6fartsorganisationens IMO:s MEPC m\u00f6te deklarerade i april 2018 efter en v\u00e4ldigt utmanande f\u00f6rhandlingsprocess f\u00f6ljande:<\/p>\n<p>1) obligatoriska energieffektiveringsindex (EEDI) f\u00f6r nya fartyg blir forts\u00e4ttningsvis str\u00e4ngare.<\/p>\n<p>2) minskning av den internationella sj\u00f6trafikens transportarbetes (ton\/km) relativa CO2-utsl\u00e4pp med minst 40% per \u00e5ret 2030, och str\u00e4va f\u00f6r att relativt minska (ton\/km) 70% per \u00e5ret 2050, j\u00e4mf\u00f6rt med niv\u00e5n \u00e5r 2008.<\/p>\n<p>3) Niv\u00e5n av utsl\u00e4pp fr\u00e5n internationell sj\u00f6fart n\u00e5r sin h\u00f6jdpunkt s\u00e5 snabbt som m\u00f6jligt och efter det f\u00f6rminskas den \u00e5rliga absoluta niv\u00e5n av v\u00e4xthusgasutsl\u00e4pp med minst 50% per \u00e5ret 2050, j\u00e4mf\u00f6rt med niv\u00e5n \u00e5r 2008, men dessutom forts\u00e4tter ocks\u00e5 str\u00e4van att totalt gradvis eliminera utsl\u00e4ppen, vilket \u00e4r i linje med Paris klimatavtalets temperatur\u00f6knings m\u00e5l.<\/p>\n<p>Nu p\u00e5g\u00e5r arbetet inom IMO att fastst\u00e4lla \u00e5tg\u00e4rderna f\u00f6r att n\u00e5 m\u00e5len f\u00f6r utsl\u00e4ppsminskning. Rederiindustrin har i oktober 2021 proponerat sk\u00e4rpning av utsl\u00e4ppss\u00e4nkningsm\u00e5let, till att hela den globala sj\u00f6farten ska vara kolneutral senast \u00e5ret 2050.<\/p>\n<p>Sj\u00f6fartens v\u00e4xthusgasutsl\u00e4pp \u00e5tg\u00e4rdas \u00e4ven inom EU. I juli 2021 offentliggjorde Europeiska kommissionen klimatpaketet Fit-for-55, som syftar till att minska nettoutsl\u00e4ppen i EU med minst 55 procent till \u00e5r 2030, j\u00e4mf\u00f6rt med 1990 \u00e5rs niv\u00e5er. Klimatpaketet inneh\u00e5ller fyra initiativ som p\u00e5verkar sj\u00f6farten och har som syfte att micka koldioxisutsl\u00e4ppen: 1) Integrering av sj\u00f6farten i EU:s utsl\u00e4ppshandel 2) FuelEU Maritime som \u00e4mnar \u00f6ka anv\u00e4ndningen av alternativa och f\u00f6rnybara br\u00e4nslen 3) Reform av energiskattedirektivet 4) Direktivet om distribution av alternativa br\u00e4nslen.<\/p>\n<h4>Kv\u00e4veutsl\u00e4pp inom sj\u00f6farten<\/h4>\n<p>Begr\u00e4nsningarna av fartygens kv\u00e4veoxidutsl\u00e4pp (NOx), enligt bilaga VI i MARPOL-konventionen godk\u00e4ndes 2008. Fartygens kv\u00e4veoxidutsl\u00e4pp begr\u00e4nsas etappvis. Utsl\u00e4ppsbegr\u00e4nsningarna p\u00e5 tre kravniv\u00e5er som fastst\u00e4llts av IMO kallas allm\u00e4nt Tier I, Tier II och Tier III. De f\u00f6rnyade reglerna i bilaga VI tr\u00e4dde i kraft 1.7.2010.<\/p>\n<h4>Svavelutsl\u00e4ppen inom sj\u00f6farten<\/h4>\n<p>Begr\u00e4nsningarna av fartygens svaveloxidutsl\u00e4pp (SOx), enligt bilaga VI i MARPOL-konventionen godk\u00e4ndes 2008. Begr\u00e4nsningarna f\u00f6r svavelutsl\u00e4ppen \u00e4r str\u00e4ngare p\u00e5 specialomr\u00e5det (SECA, sulphur emission control area). I Nordeuropa utg\u00f6rs SECA-omr\u00e5det av \u00d6stersj\u00f6n, Nordsj\u00f6n och Engelska kanalen. Den f\u00f6rnyade luftv\u00e5rdsbilagan i MARPOL-konventionen tr\u00e4dde internationellt i kraft 1.7.2010 n\u00e4r br\u00e4nslets maximisvavelniv\u00e5 s\u00e4nktes fr\u00e5n 1,5 procent till 1,0 procent. \u00c5r 2015 s\u00e4nktes gr\u00e4nsen till 0,1 procent. Den l\u00e5ga svavelgr\u00e4nsen motiveras med att minska\u00a0\u00a0 h\u00e4lsofarliga luftburna partiklar. P\u00e5 global niv\u00e5 s\u00e4nks br\u00e4nslets maximisvavelniv\u00e5 fr\u00e5n 3,5 procent till 0,5 procent \u00e5r 2020.<\/p>\n<p>I EU:s svaveldirektiv (2005\/33\/EY) ing\u00e5r de g\u00e4llande best\u00e4mmelserna f\u00f6r fartygsbr\u00e4nslets svavelhalt som ing\u00e5r i MARPOL-konventionens luftv\u00e5rdsbilaga. EU-kommissionen publicerade \u00e4ndringsf\u00f6rslaget f\u00f6r svaveldirektivet i juli 2011. Det slutgiltiga svaveldirektivet (2012\/33\/EU) publicerades 21.11.2012 i EU:s officiella tidning, nummer L 327. Medlemsl\u00e4nderna skulle s\u00e4tta i kraft de lagar, f\u00f6rordningar och administrativa best\u00e4mmelser som f\u00f6rutsattes f\u00f6r att f\u00f6lja direktivet senast 18.6.2014.<\/p>\n<p>Fr\u00e5n och med 1.1.2010 har svavelhalten i det br\u00e4nsle som anv\u00e4nds i EU:s hamnar varit 0,1 procent om fartyget dr\u00f6jer i hamnen i mer \u00e4n tv\u00e5 timmar (direktiv 2005\/33\/EY).<\/p>\n<p>Fartygens alternativ f\u00f6r att uppfylla 0,1 % regeln fr\u00e5n och med 1.1.2015 \u00e4r f\u00f6ljande:<\/p>\n<ul>\n<li>att anv\u00e4nda l\u00e5gsvavelhaltigt br\u00e4nsle (0,1 % S)<\/li>\n<li>att anv\u00e4nda naturgas (LNG)<\/li>\n<li>att anv\u00e4nda alternativa br\u00e4nslen s\u00e5som biobr\u00e4nsle, metanol och dylika andra br\u00e4nslen.<\/li>\n<li>att anv\u00e4nda svaveltv\u00e4ttare (reng\u00f6ring av avgaser med skrubber-teknologi n\u00e4r fartyget anv\u00e4nder tungt br\u00e4nsle)<\/li>\n<\/ul>\n<p>&nbsp;<\/p>\n","protected":false},"excerpt":{"rendered":"<p>Minsknings\u00e5tg\u00e4rder f\u00f6r v\u00e4xthusgasutsl\u00e4ppen inom sj\u00f6farten De st\u00f6rsta, av m\u00e4nniskan f\u00f6rorsakade v\u00e4xthusgaserna \u00e4r koldioxid (CO2), metan(CH4), och dikv\u00e4veoxid (N2O). En betydande utsl\u00e4ppsk\u00e4lla \u00e4r de fossila br\u00e4nslena, allts\u00e5 kol, olja och naturgas vilka anv\u00e4nds i energitillverkningen och i trafiken. Internationella sj\u00f6fartsorganisationens IMO:s MEPC m\u00f6te deklarerade i april 2018 efter en v\u00e4ldigt utmanande f\u00f6rhandlingsprocess f\u00f6ljande: 1) obligatoriska energieffektiveringsindex&hellip;<\/p>\n","protected":false},"author":1,"featured_media":0,"parent":255,"menu_order":40,"comment_status":"closed","ping_status":"closed","template":"","meta":{"_acf_changed":false,"footnotes":""},"class_list":["post-259","page","type-page","status-publish","hentry"],"acf":[],"yoast_head":"<!-- This site is optimized with the Yoast SEO plugin v27.2 - https:\/\/yoast.com\/product\/yoast-seo-wordpress\/ -->\n<title>Klimatskydd och klimat&shy;f\u00f6r\u00e4ndringen - Rederierna i Finland<\/title>\n<meta name=\"robots\" content=\"index, follow, max-snippet:-1, max-image-preview:large, max-video-preview:-1\" \/>\n<link rel=\"canonical\" href=\"https:\/\/shipowners.fi\/sv\/ansvarsfullhet\/miljon-och-klimat\/klimatskydd-och-klimatforandringen\/\" \/>\n<meta property=\"og:locale\" content=\"sv_SE\" \/>\n<meta property=\"og:type\" content=\"article\" \/>\n<meta property=\"og:title\" content=\"Klimatskydd och klimat&shy;f\u00f6r\u00e4ndringen - Rederierna i Finland\" \/>\n<meta property=\"og:description\" content=\"Minsknings\u00e5tg\u00e4rder f\u00f6r v\u00e4xthusgasutsl\u00e4ppen inom sj\u00f6farten De st\u00f6rsta, av m\u00e4nniskan f\u00f6rorsakade v\u00e4xthusgaserna \u00e4r koldioxid (CO2), metan(CH4), och dikv\u00e4veoxid (N2O). En betydande utsl\u00e4ppsk\u00e4lla \u00e4r de fossila br\u00e4nslena, allts\u00e5 kol, olja och naturgas vilka anv\u00e4nds i energitillverkningen och i trafiken. Internationella sj\u00f6fartsorganisationens IMO:s MEPC m\u00f6te deklarerade i april 2018 efter en v\u00e4ldigt utmanande f\u00f6rhandlingsprocess f\u00f6ljande: 1) obligatoriska energieffektiveringsindex&hellip;\" \/>\n<meta property=\"og:url\" content=\"https:\/\/shipowners.fi\/sv\/ansvarsfullhet\/miljon-och-klimat\/klimatskydd-och-klimatforandringen\/\" \/>\n<meta property=\"og:site_name\" content=\"Rederierna i Finland\" \/>\n<meta property=\"article:modified_time\" content=\"2021-10-25T08:12:14+00:00\" \/>\n<meta property=\"og:image\" content=\"https:\/\/shipowners.fi\/wp-content\/uploads\/2018\/05\/suomenvarustamot_etusivu.jpg\" \/>\n\t<meta property=\"og:image:width\" content=\"1243\" \/>\n\t<meta property=\"og:image:height\" content=\"901\" \/>\n\t<meta property=\"og:image:type\" content=\"image\/jpeg\" \/>\n<meta name=\"twitter:card\" content=\"summary_large_image\" \/>\n<meta name=\"twitter:label1\" content=\"Ber\u00e4knad l\u00e4stid\" \/>\n\t<meta name=\"twitter:data1\" content=\"3 minuter\" \/>\n<script type=\"application\/ld+json\" class=\"yoast-schema-graph\">{\"@context\":\"https:\/\/schema.org\",\"@graph\":[{\"@type\":\"WebPage\",\"@id\":\"https:\/\/shipowners.fi\/sv\/ansvarsfullhet\/miljon-och-klimat\/klimatskydd-och-klimatforandringen\/\",\"url\":\"https:\/\/shipowners.fi\/sv\/ansvarsfullhet\/miljon-och-klimat\/klimatskydd-och-klimatforandringen\/\",\"name\":\"Klimatskydd och klimat&shy;f\u00f6r\u00e4ndringen - Rederierna i Finland\",\"isPartOf\":{\"@id\":\"https:\/\/shipowners.fi\/#website\"},\"datePublished\":\"2018-05-07T07:39:17+00:00\",\"dateModified\":\"2021-10-25T08:12:14+00:00\",\"breadcrumb\":{\"@id\":\"https:\/\/shipowners.fi\/sv\/ansvarsfullhet\/miljon-och-klimat\/klimatskydd-och-klimatforandringen\/#breadcrumb\"},\"inLanguage\":\"sv-SE\",\"potentialAction\":[{\"@type\":\"ReadAction\",\"target\":[\"https:\/\/shipowners.fi\/sv\/ansvarsfullhet\/miljon-och-klimat\/klimatskydd-och-klimatforandringen\/\"]}]},{\"@type\":\"BreadcrumbList\",\"@id\":\"https:\/\/shipowners.fi\/sv\/ansvarsfullhet\/miljon-och-klimat\/klimatskydd-och-klimatforandringen\/#breadcrumb\",\"itemListElement\":[{\"@type\":\"ListItem\",\"position\":1,\"name\":\"Ansvarsfullhet\",\"item\":\"https:\/\/shipowners.fi\/sv\/ansvarsfullhet\/\"},{\"@type\":\"ListItem\",\"position\":2,\"name\":\"Milj\u00f6n och klimat\",\"item\":\"https:\/\/shipowners.fi\/sv\/ansvarsfullhet\/miljon-och-klimat\/\"},{\"@type\":\"ListItem\",\"position\":3,\"name\":\"Klimatskydd och klimat&shy;f\u00f6r\u00e4ndringen\"}]},{\"@type\":\"WebSite\",\"@id\":\"https:\/\/shipowners.fi\/#website\",\"url\":\"https:\/\/shipowners.fi\/\",\"name\":\"Rederierna i Finland\",\"description\":\"\",\"potentialAction\":[{\"@type\":\"SearchAction\",\"target\":{\"@type\":\"EntryPoint\",\"urlTemplate\":\"https:\/\/shipowners.fi\/?s={search_term_string}\"},\"query-input\":{\"@type\":\"PropertyValueSpecification\",\"valueRequired\":true,\"valueName\":\"search_term_string\"}}],\"inLanguage\":\"sv-SE\"}]}<\/script>\n<!-- \/ Yoast SEO plugin. -->","yoast_head_json":{"title":"Klimatskydd och klimat&shy;f\u00f6r\u00e4ndringen - Rederierna i Finland","robots":{"index":"index","follow":"follow","max-snippet":"max-snippet:-1","max-image-preview":"max-image-preview:large","max-video-preview":"max-video-preview:-1"},"canonical":"https:\/\/shipowners.fi\/sv\/ansvarsfullhet\/miljon-och-klimat\/klimatskydd-och-klimatforandringen\/","og_locale":"sv_SE","og_type":"article","og_title":"Klimatskydd och klimat&shy;f\u00f6r\u00e4ndringen - Rederierna i Finland","og_description":"Minsknings\u00e5tg\u00e4rder f\u00f6r v\u00e4xthusgasutsl\u00e4ppen inom sj\u00f6farten De st\u00f6rsta, av m\u00e4nniskan f\u00f6rorsakade v\u00e4xthusgaserna \u00e4r koldioxid (CO2), metan(CH4), och dikv\u00e4veoxid (N2O). En betydande utsl\u00e4ppsk\u00e4lla \u00e4r de fossila br\u00e4nslena, allts\u00e5 kol, olja och naturgas vilka anv\u00e4nds i energitillverkningen och i trafiken. Internationella sj\u00f6fartsorganisationens IMO:s MEPC m\u00f6te deklarerade i april 2018 efter en v\u00e4ldigt utmanande f\u00f6rhandlingsprocess f\u00f6ljande: 1) obligatoriska energieffektiveringsindex&hellip;","og_url":"https:\/\/shipowners.fi\/sv\/ansvarsfullhet\/miljon-och-klimat\/klimatskydd-och-klimatforandringen\/","og_site_name":"Rederierna i Finland","article_modified_time":"2021-10-25T08:12:14+00:00","og_image":[{"width":1243,"height":901,"url":"https:\/\/shipowners.fi\/wp-content\/uploads\/2018\/05\/suomenvarustamot_etusivu.jpg","type":"image\/jpeg"}],"twitter_card":"summary_large_image","twitter_misc":{"Ber\u00e4knad l\u00e4stid":"3 minuter"},"schema":{"@context":"https:\/\/schema.org","@graph":[{"@type":"WebPage","@id":"https:\/\/shipowners.fi\/sv\/ansvarsfullhet\/miljon-och-klimat\/klimatskydd-och-klimatforandringen\/","url":"https:\/\/shipowners.fi\/sv\/ansvarsfullhet\/miljon-och-klimat\/klimatskydd-och-klimatforandringen\/","name":"Klimatskydd och klimat&shy;f\u00f6r\u00e4ndringen - Rederierna i Finland","isPartOf":{"@id":"https:\/\/shipowners.fi\/#website"},"datePublished":"2018-05-07T07:39:17+00:00","dateModified":"2021-10-25T08:12:14+00:00","breadcrumb":{"@id":"https:\/\/shipowners.fi\/sv\/ansvarsfullhet\/miljon-och-klimat\/klimatskydd-och-klimatforandringen\/#breadcrumb"},"inLanguage":"sv-SE","potentialAction":[{"@type":"ReadAction","target":["https:\/\/shipowners.fi\/sv\/ansvarsfullhet\/miljon-och-klimat\/klimatskydd-och-klimatforandringen\/"]}]},{"@type":"BreadcrumbList","@id":"https:\/\/shipowners.fi\/sv\/ansvarsfullhet\/miljon-och-klimat\/klimatskydd-och-klimatforandringen\/#breadcrumb","itemListElement":[{"@type":"ListItem","position":1,"name":"Ansvarsfullhet","item":"https:\/\/shipowners.fi\/sv\/ansvarsfullhet\/"},{"@type":"ListItem","position":2,"name":"Milj\u00f6n och klimat","item":"https:\/\/shipowners.fi\/sv\/ansvarsfullhet\/miljon-och-klimat\/"},{"@type":"ListItem","position":3,"name":"Klimatskydd och klimat&shy;f\u00f6r\u00e4ndringen"}]},{"@type":"WebSite","@id":"https:\/\/shipowners.fi\/#website","url":"https:\/\/shipowners.fi\/","name":"Rederierna i Finland","description":"","potentialAction":[{"@type":"SearchAction","target":{"@type":"EntryPoint","urlTemplate":"https:\/\/shipowners.fi\/?s={search_term_string}"},"query-input":{"@type":"PropertyValueSpecification","valueRequired":true,"valueName":"search_term_string"}}],"inLanguage":"sv-SE"}]}},"_links":{"self":[{"href":"https:\/\/shipowners.fi\/sv\/wp-json\/wp\/v2\/pages\/259","targetHints":{"allow":["GET"]}}],"collection":[{"href":"https:\/\/shipowners.fi\/sv\/wp-json\/wp\/v2\/pages"}],"about":[{"href":"https:\/\/shipowners.fi\/sv\/wp-json\/wp\/v2\/types\/page"}],"author":[{"embeddable":true,"href":"https:\/\/shipowners.fi\/sv\/wp-json\/wp\/v2\/users\/1"}],"replies":[{"embeddable":true,"href":"https:\/\/shipowners.fi\/sv\/wp-json\/wp\/v2\/comments?post=259"}],"version-history":[{"count":11,"href":"https:\/\/shipowners.fi\/sv\/wp-json\/wp\/v2\/pages\/259\/revisions"}],"predecessor-version":[{"id":7866,"href":"https:\/\/shipowners.fi\/sv\/wp-json\/wp\/v2\/pages\/259\/revisions\/7866"}],"up":[{"embeddable":true,"href":"https:\/\/shipowners.fi\/sv\/wp-json\/wp\/v2\/pages\/255"}],"wp:attachment":[{"href":"https:\/\/shipowners.fi\/sv\/wp-json\/wp\/v2\/media?parent=259"}],"curies":[{"name":"wp","href":"https:\/\/api.w.org\/{rel}","templated":true}]}}