{"id":266,"date":"2018-05-07T10:39:34","date_gmt":"2018-05-07T07:39:34","guid":{"rendered":"https:\/\/shipowners.fi\/ansvarsfullhet\/merenkulun-ymparistomaaraykset\/"},"modified":"2021-10-25T11:10:03","modified_gmt":"2021-10-25T08:10:03","slug":"miljoreglering-inom-sjofart","status":"publish","type":"page","link":"https:\/\/shipowners.fi\/sv\/ansvarsfullhet\/miljon-och-klimat\/miljoreglering-inom-sjofart\/","title":{"rendered":"Milj\u00f6reglering inom sj\u00f6fart"},"content":{"rendered":"<p>Finlands milj\u00f6lagstiftning f\u00f6r sj\u00f6fart best\u00e5r av Internationella sj\u00f6fartsorganisationen IMO:s f\u00f6rfattningar, EU-direktiv, HELCOM-rekommendationer och nationell lagstiftning.<\/p>\n<p>H\u00f6rnstenen i sj\u00f6fartens milj\u00f6v\u00e5rdslagstiftning utg\u00f6rs av IMO:s konvention MARPOL 73\/78 med bilagor. IMO har \u00e4ven andra viktiga avtal och direktiv. EU har utf\u00e4rdat en del egna direktiv f\u00f6r sj\u00f6farten och en del av IMO:s beslut har \u00e4ven satts i kraft med hj\u00e4lp av direktiven. Finland har tillsammans med andra \u00d6stersj\u00f6l\u00e4nder och EU undertecknat en konvention om skydd av \u00d6stersj\u00f6ns marina milj\u00f6, dvs. Helsinki Commission (HELCOM).\u00a0 Syftet med den finska milj\u00f6skyddslagen f\u00f6r sj\u00f6farten (29.12.2009\/1672) \u00e4r att f\u00f6rebygga f\u00f6rorening av milj\u00f6n f\u00f6rorsakad av fartygens sedvanliga verksamhet.<\/p>\n<p>I juli 2021 offentliggjorde Europeiska kommissionen klimatpaketet Fit-for-55, som syftar till att minska nettoutsl\u00e4ppen i EU med minst 55 procent till \u00e5r 2030, j\u00e4mf\u00f6rt med 1990 \u00e5rs niv\u00e5er. Klimatpaketet inneh\u00e5ller fyra initiativ som p\u00e5verkar sj\u00f6farten: 1) Integrering av sj\u00f6farten i EU:s utsl\u00e4ppshandel 2) FuelEU Maritime som \u00e4mnar \u00f6ka anv\u00e4ndningen av alternativa och f\u00f6rnybara br\u00e4nslen 3) Reform av energiskattedirektivet 4) Direktivet om distribution av alternativa br\u00e4nslen.<\/p>\n<p>Mera om IMO hittas p\u00e5: <a href=\"http:\/\/www.imo.org\/EN\/Pages\/Default.aspx\" target=\"_blank\" rel=\"noopener noreferrer\"><u>Internationella sj\u00f6fartsorganisationen IMO<\/u><\/a><\/p>\n<p>Konventionen MARPOL 73\/78 (International Convention for the Prevention of Pollution from Ships)<\/p>\n<ul>\n<li>Bilaga I ja Olja och oljeprodukter<\/li>\n<li>Bilaga II Transport av farliga flytande \u00e4mnen.<\/li>\n<li>Bilaga III Farliga \u00e4mnen f\u00f6r havsmilj\u00f6n i f\u00f6rpackad form<\/li>\n<li>Bilaga IV Fartygens klosettvatten<\/li>\n<li>Bilaga V Fast avfall<\/li>\n<li>Bilaga VI Luftv\u00e5rd<\/li>\n<\/ul>\n<p>&nbsp;<\/p>\n<p>Barlastvattenkonventionen (International Convention for the Control and Management of Ships&#8217; Ballast Water and Sediments)<\/p>\n<p>Konventionen f\u00f6r p\u00e5v\u00e4xthindrande\/antifouling system (International Convention on the Control of Harmful Antifouling Systems, AFS)<\/p>\n<p>Konventionen om fartygs\u00e5tervinning (The Hong Kong International Convention for the Safe and Environmentally Sound Recycling of Ships, 2009)<\/p>\n<p>&nbsp;<\/p>\n","protected":false},"excerpt":{"rendered":"<p>Finlands milj\u00f6lagstiftning f\u00f6r sj\u00f6fart best\u00e5r av Internationella sj\u00f6fartsorganisationen IMO:s f\u00f6rfattningar, EU-direktiv, HELCOM-rekommendationer och nationell lagstiftning. H\u00f6rnstenen i sj\u00f6fartens milj\u00f6v\u00e5rdslagstiftning utg\u00f6rs av IMO:s konvention MARPOL 73\/78 med bilagor. IMO har \u00e4ven andra viktiga avtal och direktiv. EU har utf\u00e4rdat en del egna direktiv f\u00f6r sj\u00f6farten och en del av IMO:s beslut har \u00e4ven satts i kraft&hellip;<\/p>\n","protected":false},"author":1,"featured_media":0,"parent":255,"menu_order":57,"comment_status":"closed","ping_status":"closed","template":"","meta":{"_acf_changed":false,"footnotes":""},"class_list":["post-266","page","type-page","status-publish","hentry"],"acf":[],"yoast_head":"<!-- This site is optimized with the Yoast SEO plugin v27.2 - https:\/\/yoast.com\/product\/yoast-seo-wordpress\/ -->\n<title>Milj\u00f6reglering inom sj\u00f6fart - Rederierna i Finland<\/title>\n<meta name=\"robots\" content=\"index, follow, max-snippet:-1, max-image-preview:large, max-video-preview:-1\" \/>\n<link rel=\"canonical\" href=\"https:\/\/shipowners.fi\/sv\/ansvarsfullhet\/miljon-och-klimat\/miljoreglering-inom-sjofart\/\" \/>\n<meta property=\"og:locale\" content=\"sv_SE\" \/>\n<meta property=\"og:type\" content=\"article\" \/>\n<meta property=\"og:title\" content=\"Milj\u00f6reglering inom sj\u00f6fart - Rederierna i Finland\" \/>\n<meta property=\"og:description\" content=\"Finlands milj\u00f6lagstiftning f\u00f6r sj\u00f6fart best\u00e5r av Internationella sj\u00f6fartsorganisationen IMO:s f\u00f6rfattningar, EU-direktiv, HELCOM-rekommendationer och nationell lagstiftning. H\u00f6rnstenen i sj\u00f6fartens milj\u00f6v\u00e5rdslagstiftning utg\u00f6rs av IMO:s konvention MARPOL 73\/78 med bilagor. IMO har \u00e4ven andra viktiga avtal och direktiv. EU har utf\u00e4rdat en del egna direktiv f\u00f6r sj\u00f6farten och en del av IMO:s beslut har \u00e4ven satts i kraft&hellip;\" \/>\n<meta property=\"og:url\" content=\"https:\/\/shipowners.fi\/sv\/ansvarsfullhet\/miljon-och-klimat\/miljoreglering-inom-sjofart\/\" \/>\n<meta property=\"og:site_name\" content=\"Rederierna i Finland\" \/>\n<meta property=\"article:modified_time\" content=\"2021-10-25T08:10:03+00:00\" \/>\n<meta property=\"og:image\" content=\"https:\/\/shipowners.fi\/wp-content\/uploads\/2018\/05\/suomenvarustamot_etusivu.jpg\" \/>\n\t<meta property=\"og:image:width\" content=\"1243\" \/>\n\t<meta property=\"og:image:height\" content=\"901\" \/>\n\t<meta property=\"og:image:type\" content=\"image\/jpeg\" \/>\n<meta name=\"twitter:card\" content=\"summary_large_image\" \/>\n<meta name=\"twitter:label1\" content=\"Ber\u00e4knad l\u00e4stid\" \/>\n\t<meta name=\"twitter:data1\" content=\"2 minuter\" \/>\n<script type=\"application\/ld+json\" class=\"yoast-schema-graph\">{\"@context\":\"https:\/\/schema.org\",\"@graph\":[{\"@type\":\"WebPage\",\"@id\":\"https:\/\/shipowners.fi\/sv\/ansvarsfullhet\/miljon-och-klimat\/miljoreglering-inom-sjofart\/\",\"url\":\"https:\/\/shipowners.fi\/sv\/ansvarsfullhet\/miljon-och-klimat\/miljoreglering-inom-sjofart\/\",\"name\":\"Milj\u00f6reglering inom sj\u00f6fart - Rederierna i Finland\",\"isPartOf\":{\"@id\":\"https:\/\/shipowners.fi\/#website\"},\"datePublished\":\"2018-05-07T07:39:34+00:00\",\"dateModified\":\"2021-10-25T08:10:03+00:00\",\"breadcrumb\":{\"@id\":\"https:\/\/shipowners.fi\/sv\/ansvarsfullhet\/miljon-och-klimat\/miljoreglering-inom-sjofart\/#breadcrumb\"},\"inLanguage\":\"sv-SE\",\"potentialAction\":[{\"@type\":\"ReadAction\",\"target\":[\"https:\/\/shipowners.fi\/sv\/ansvarsfullhet\/miljon-och-klimat\/miljoreglering-inom-sjofart\/\"]}]},{\"@type\":\"BreadcrumbList\",\"@id\":\"https:\/\/shipowners.fi\/sv\/ansvarsfullhet\/miljon-och-klimat\/miljoreglering-inom-sjofart\/#breadcrumb\",\"itemListElement\":[{\"@type\":\"ListItem\",\"position\":1,\"name\":\"Ansvarsfullhet\",\"item\":\"https:\/\/shipowners.fi\/sv\/ansvarsfullhet\/\"},{\"@type\":\"ListItem\",\"position\":2,\"name\":\"Milj\u00f6n och klimat\",\"item\":\"https:\/\/shipowners.fi\/sv\/ansvarsfullhet\/miljon-och-klimat\/\"},{\"@type\":\"ListItem\",\"position\":3,\"name\":\"Milj\u00f6reglering inom sj\u00f6fart\"}]},{\"@type\":\"WebSite\",\"@id\":\"https:\/\/shipowners.fi\/#website\",\"url\":\"https:\/\/shipowners.fi\/\",\"name\":\"Rederierna i Finland\",\"description\":\"\",\"potentialAction\":[{\"@type\":\"SearchAction\",\"target\":{\"@type\":\"EntryPoint\",\"urlTemplate\":\"https:\/\/shipowners.fi\/?s={search_term_string}\"},\"query-input\":{\"@type\":\"PropertyValueSpecification\",\"valueRequired\":true,\"valueName\":\"search_term_string\"}}],\"inLanguage\":\"sv-SE\"}]}<\/script>\n<!-- \/ Yoast SEO plugin. -->","yoast_head_json":{"title":"Milj\u00f6reglering inom sj\u00f6fart - Rederierna i Finland","robots":{"index":"index","follow":"follow","max-snippet":"max-snippet:-1","max-image-preview":"max-image-preview:large","max-video-preview":"max-video-preview:-1"},"canonical":"https:\/\/shipowners.fi\/sv\/ansvarsfullhet\/miljon-och-klimat\/miljoreglering-inom-sjofart\/","og_locale":"sv_SE","og_type":"article","og_title":"Milj\u00f6reglering inom sj\u00f6fart - Rederierna i Finland","og_description":"Finlands milj\u00f6lagstiftning f\u00f6r sj\u00f6fart best\u00e5r av Internationella sj\u00f6fartsorganisationen IMO:s f\u00f6rfattningar, EU-direktiv, HELCOM-rekommendationer och nationell lagstiftning. H\u00f6rnstenen i sj\u00f6fartens milj\u00f6v\u00e5rdslagstiftning utg\u00f6rs av IMO:s konvention MARPOL 73\/78 med bilagor. IMO har \u00e4ven andra viktiga avtal och direktiv. EU har utf\u00e4rdat en del egna direktiv f\u00f6r sj\u00f6farten och en del av IMO:s beslut har \u00e4ven satts i kraft&hellip;","og_url":"https:\/\/shipowners.fi\/sv\/ansvarsfullhet\/miljon-och-klimat\/miljoreglering-inom-sjofart\/","og_site_name":"Rederierna i Finland","article_modified_time":"2021-10-25T08:10:03+00:00","og_image":[{"width":1243,"height":901,"url":"https:\/\/shipowners.fi\/wp-content\/uploads\/2018\/05\/suomenvarustamot_etusivu.jpg","type":"image\/jpeg"}],"twitter_card":"summary_large_image","twitter_misc":{"Ber\u00e4knad l\u00e4stid":"2 minuter"},"schema":{"@context":"https:\/\/schema.org","@graph":[{"@type":"WebPage","@id":"https:\/\/shipowners.fi\/sv\/ansvarsfullhet\/miljon-och-klimat\/miljoreglering-inom-sjofart\/","url":"https:\/\/shipowners.fi\/sv\/ansvarsfullhet\/miljon-och-klimat\/miljoreglering-inom-sjofart\/","name":"Milj\u00f6reglering inom sj\u00f6fart - Rederierna i Finland","isPartOf":{"@id":"https:\/\/shipowners.fi\/#website"},"datePublished":"2018-05-07T07:39:34+00:00","dateModified":"2021-10-25T08:10:03+00:00","breadcrumb":{"@id":"https:\/\/shipowners.fi\/sv\/ansvarsfullhet\/miljon-och-klimat\/miljoreglering-inom-sjofart\/#breadcrumb"},"inLanguage":"sv-SE","potentialAction":[{"@type":"ReadAction","target":["https:\/\/shipowners.fi\/sv\/ansvarsfullhet\/miljon-och-klimat\/miljoreglering-inom-sjofart\/"]}]},{"@type":"BreadcrumbList","@id":"https:\/\/shipowners.fi\/sv\/ansvarsfullhet\/miljon-och-klimat\/miljoreglering-inom-sjofart\/#breadcrumb","itemListElement":[{"@type":"ListItem","position":1,"name":"Ansvarsfullhet","item":"https:\/\/shipowners.fi\/sv\/ansvarsfullhet\/"},{"@type":"ListItem","position":2,"name":"Milj\u00f6n och klimat","item":"https:\/\/shipowners.fi\/sv\/ansvarsfullhet\/miljon-och-klimat\/"},{"@type":"ListItem","position":3,"name":"Milj\u00f6reglering inom sj\u00f6fart"}]},{"@type":"WebSite","@id":"https:\/\/shipowners.fi\/#website","url":"https:\/\/shipowners.fi\/","name":"Rederierna i Finland","description":"","potentialAction":[{"@type":"SearchAction","target":{"@type":"EntryPoint","urlTemplate":"https:\/\/shipowners.fi\/?s={search_term_string}"},"query-input":{"@type":"PropertyValueSpecification","valueRequired":true,"valueName":"search_term_string"}}],"inLanguage":"sv-SE"}]}},"_links":{"self":[{"href":"https:\/\/shipowners.fi\/sv\/wp-json\/wp\/v2\/pages\/266","targetHints":{"allow":["GET"]}}],"collection":[{"href":"https:\/\/shipowners.fi\/sv\/wp-json\/wp\/v2\/pages"}],"about":[{"href":"https:\/\/shipowners.fi\/sv\/wp-json\/wp\/v2\/types\/page"}],"author":[{"embeddable":true,"href":"https:\/\/shipowners.fi\/sv\/wp-json\/wp\/v2\/users\/1"}],"replies":[{"embeddable":true,"href":"https:\/\/shipowners.fi\/sv\/wp-json\/wp\/v2\/comments?post=266"}],"version-history":[{"count":5,"href":"https:\/\/shipowners.fi\/sv\/wp-json\/wp\/v2\/pages\/266\/revisions"}],"predecessor-version":[{"id":7865,"href":"https:\/\/shipowners.fi\/sv\/wp-json\/wp\/v2\/pages\/266\/revisions\/7865"}],"up":[{"embeddable":true,"href":"https:\/\/shipowners.fi\/sv\/wp-json\/wp\/v2\/pages\/255"}],"wp:attachment":[{"href":"https:\/\/shipowners.fi\/sv\/wp-json\/wp\/v2\/media?parent=266"}],"curies":[{"name":"wp","href":"https:\/\/api.w.org\/{rel}","templated":true}]}}