{"id":295,"date":"2018-05-29T15:15:10","date_gmt":"2018-05-29T12:15:10","guid":{"rendered":"https:\/\/shipowners.fi\/ansvarsfullhet\/huoltovarmuus\/"},"modified":"2026-02-11T11:15:57","modified_gmt":"2026-02-11T09:15:57","slug":"forsorjningsberedskap","status":"publish","type":"page","link":"https:\/\/shipowners.fi\/sv\/ansvarsfullhet\/forsorjningsberedskap\/","title":{"rendered":"F\u00f6rs\u00f6rjnings&shy;beredskap"},"content":{"rendered":"<p>Med f\u00f6rs\u00f6rjningsberedskap avses f\u00f6rm\u00e5ga att uppr\u00e4tth\u00e5lla s\u00e5dana samh\u00e4llsekonomiska\u00a0grundf\u00f6ruts\u00e4ttningar som \u00e4r n\u00f6dv\u00e4ndiga f\u00f6r att trygga befolkningens \u00f6verlevnadsm\u00f6jligheter, ett fungerande och tryggt samh\u00e4lle, samt trygga f\u00f6rsvarets materiella f\u00f6ruts\u00e4ttningar under allvarliga st\u00f6rningar och undantagsf\u00f6rh\u00e5llanden.<\/p>\n<p>Logistiskt sett \u00e4r Finland en \u00f6 och beroende av sj\u00f6fart i utrikestrafiken. I en krissituation s\u00e4kerst\u00e4lls f\u00f6rbindelserna med v\u00e4rlden av isf\u00f6rst\u00e4rkta fartyg under finsk flagg, med en bes\u00e4ttning som k\u00e4nner till omst\u00e4ndigheterna. F\u00f6r skyddandet av f\u00f6rs\u00f6rjningsberedskapen b\u00f6r ett tillr\u00e4ckligt tonnage s\u00e4kerst\u00e4llas.<\/p>\n<p>Anv\u00e4ndning av isbrytare och de isf\u00f6rst\u00e4rkta lastfartygens och passagerarfartygens trafikrutter utg\u00f6r samtidigt Finlands f\u00f6rs\u00f6rjningsberedskapsrutter.<\/p>\n<h4><strong>Sj\u00f6transportpoolen<\/strong><\/h4>\n<p>Sj\u00f6transportpoolen som h\u00f6r till F\u00f6rs\u00f6rjningsberedskapsorganisationen och logistiksektorn \u00e4r en nationell beredskapsorganisation som lyder under F\u00f6rs\u00f6rjningsberedskapscentralen. Poolen har verkat sedan 2005.\u00a0 Sj\u00f6transportpoolens fem verksamhetsomr\u00e5den<strong>\u00a0<\/strong>\u00e4r rederierna, hamnoperat\u00f6rerna, hamnarna, spedition samt havsindsutrins nybygge och service- och reparationstj\u00e4nster. Ungef\u00e4r 70 f\u00f6rs\u00f6rjningsberedskapskritiska f\u00f6retag \u00e4r med i poolen. Poolkontoret har placerats i f\u00f6rbindelse med Rederierna i Finland r.f.<\/p>\n<p>Poolens\u00a0uppgifter \u00e4r<strong>\u00a0<\/strong>att:<\/p>\n<ul>\n<li>fastst\u00e4lla de f\u00f6rs\u00f6rjningsberedskapskritiska f\u00f6retagen i sitt verksamhetsomr\u00e5de och st\u00f6da dem i f\u00f6rberedelsen f\u00f6r st\u00f6rningar och exceptionella f\u00f6rh\u00e5llanden<\/li>\n<li>tillsammans med branschens organisationer och myndigheter delta i tryggandet av sj\u00f6fartens verksamhetsf\u00f6ruts\u00e4ttningar<\/li>\n<li>fr\u00e4mja beredskapssamarbetet mellan f\u00f6retag och myndigheter inom frakt- och logistikbranschen<\/li>\n<li>delta i uppr\u00e4tth\u00e5llandet av frakt- och logistikbranschens l\u00e4gesbild samt att delta i genomf\u00f6randet av f\u00f6rs\u00f6rjningsberedskapsfr\u00e4mjande \u00e5tg\u00e4rder.<\/li>\n<\/ul>\n<p>Genom att ordna kurser och \u00f6vningar i riskhantering och i att trygga aff\u00e4rsverksamhetens kontinuitet st\u00f6der sj\u00f6transportpoolen de f\u00f6rs\u00f6rjningsberedskapskritiska f\u00f6retagen och deras viktiga parter i f\u00f6rberedelsen inf\u00f6r st\u00f6rningar och undantagsf\u00f6rh\u00e5llanden .<\/p>\n<p>Poolen str\u00e4var efter att med sin verksamhet fr\u00e4mja ett \u00f6ppet samarbete mellan myndigheter och f\u00f6retag, i syfte att identifiera de faktorer som betydligt medf\u00f6r ol\u00e4genheter f\u00f6r f\u00f6retagens verksamhetsf\u00f6ruts\u00e4ttningar och att p\u00e5 f\u00f6rhand \u00f6verenskomma om n\u00f6dv\u00e4ndiga verksamhetss\u00e4tt och arrangemang f\u00f6r att trygga verksamhetens kontinuitet under st\u00f6rningar och undantagsf\u00f6rh\u00e5llanden.<\/p>\n<p>Poolen f\u00f6ljer sj\u00f6fartens internationella verksamhetsomr\u00e5den med syftet att uppr\u00e4tth\u00e5lla n\u00e4ringens konkurrenskraft p\u00e5 en niv\u00e5 som m\u00f6jligg\u00f6r existensen av ett tonnage under finsk flagg.<\/p>\n<p>Tiina Tuurnala, vd f\u00f6r Rederierna i Finland, agerar som ordf\u00f6rande f\u00f6r Sj\u00f6transportpoolen.<\/p>\n<div>\n<p><strong>Verksamhetssyfte: <\/strong>Sj\u00f6transportpoolen s\u00e4kerst\u00e4ller med sin verksamhet kontinuiteten i kritiska sj\u00f6transporter vid allvarliga st\u00f6rningar och undantagsf\u00f6rh\u00e5llanden. Poolen fr\u00e4mjar beredskapen och kontinuitetshanteringen hos branschens f\u00f6r f\u00f6rs\u00f6rjningsberedskapen kritiska f\u00f6retag samt samarbetet och informationsfl\u00f6det mellan akt\u00f6rerna inom sektorn.<\/p>\n<p><strong>Vision: <\/strong>Finlands sj\u00f6transporter fungerar under alla f\u00f6rh\u00e5llanden p\u00e5 en niv\u00e5 som \u00e4r tillr\u00e4cklig f\u00f6r f\u00f6rs\u00f6rjningsberedskapen och samh\u00e4llets vitala funktioner.<\/p>\n<\/div>\n","protected":false},"excerpt":{"rendered":"<p>Med f\u00f6rs\u00f6rjningsberedskap avses f\u00f6rm\u00e5ga att uppr\u00e4tth\u00e5lla s\u00e5dana samh\u00e4llsekonomiska\u00a0grundf\u00f6ruts\u00e4ttningar som \u00e4r n\u00f6dv\u00e4ndiga f\u00f6r att trygga befolkningens \u00f6verlevnadsm\u00f6jligheter, ett fungerande och tryggt samh\u00e4lle, samt trygga f\u00f6rsvarets materiella f\u00f6ruts\u00e4ttningar under allvarliga st\u00f6rningar och undantagsf\u00f6rh\u00e5llanden. Logistiskt sett \u00e4r Finland en \u00f6 och beroende av sj\u00f6fart i utrikestrafiken. I en krissituation s\u00e4kerst\u00e4lls f\u00f6rbindelserna med v\u00e4rlden av isf\u00f6rst\u00e4rkta fartyg under finsk&hellip;<\/p>\n","protected":false},"author":1,"featured_media":0,"parent":160,"menu_order":8,"comment_status":"closed","ping_status":"closed","template":"","meta":{"_acf_changed":false,"footnotes":""},"class_list":["post-295","page","type-page","status-publish","hentry"],"acf":[],"yoast_head":"<!-- This site is optimized with the Yoast SEO plugin v27.2 - https:\/\/yoast.com\/product\/yoast-seo-wordpress\/ -->\n<title>F\u00f6rs\u00f6rjnings&shy;beredskap - Rederierna i Finland<\/title>\n<meta name=\"robots\" content=\"index, follow, max-snippet:-1, max-image-preview:large, max-video-preview:-1\" \/>\n<link rel=\"canonical\" href=\"https:\/\/shipowners.fi\/sv\/ansvarsfullhet\/forsorjningsberedskap\/\" \/>\n<meta property=\"og:locale\" content=\"sv_SE\" \/>\n<meta property=\"og:type\" content=\"article\" \/>\n<meta property=\"og:title\" content=\"F\u00f6rs\u00f6rjnings&shy;beredskap - Rederierna i Finland\" \/>\n<meta property=\"og:description\" content=\"Med f\u00f6rs\u00f6rjningsberedskap avses f\u00f6rm\u00e5ga att uppr\u00e4tth\u00e5lla s\u00e5dana samh\u00e4llsekonomiska\u00a0grundf\u00f6ruts\u00e4ttningar som \u00e4r n\u00f6dv\u00e4ndiga f\u00f6r att trygga befolkningens \u00f6verlevnadsm\u00f6jligheter, ett fungerande och tryggt samh\u00e4lle, samt trygga f\u00f6rsvarets materiella f\u00f6ruts\u00e4ttningar under allvarliga st\u00f6rningar och undantagsf\u00f6rh\u00e5llanden. Logistiskt sett \u00e4r Finland en \u00f6 och beroende av sj\u00f6fart i utrikestrafiken. I en krissituation s\u00e4kerst\u00e4lls f\u00f6rbindelserna med v\u00e4rlden av isf\u00f6rst\u00e4rkta fartyg under finsk&hellip;\" \/>\n<meta property=\"og:url\" content=\"https:\/\/shipowners.fi\/sv\/ansvarsfullhet\/forsorjningsberedskap\/\" \/>\n<meta property=\"og:site_name\" content=\"Rederierna i Finland\" \/>\n<meta property=\"article:modified_time\" content=\"2026-02-11T09:15:57+00:00\" \/>\n<meta property=\"og:image\" content=\"https:\/\/shipowners.fi\/wp-content\/uploads\/2018\/05\/suomenvarustamot_etusivu.jpg\" \/>\n\t<meta property=\"og:image:width\" content=\"1243\" \/>\n\t<meta property=\"og:image:height\" content=\"901\" \/>\n\t<meta property=\"og:image:type\" content=\"image\/jpeg\" \/>\n<meta name=\"twitter:card\" content=\"summary_large_image\" \/>\n<meta name=\"twitter:label1\" content=\"Ber\u00e4knad l\u00e4stid\" \/>\n\t<meta name=\"twitter:data1\" content=\"3 minuter\" \/>\n<script type=\"application\/ld+json\" class=\"yoast-schema-graph\">{\"@context\":\"https:\/\/schema.org\",\"@graph\":[{\"@type\":\"WebPage\",\"@id\":\"https:\/\/shipowners.fi\/sv\/ansvarsfullhet\/forsorjningsberedskap\/\",\"url\":\"https:\/\/shipowners.fi\/sv\/ansvarsfullhet\/forsorjningsberedskap\/\",\"name\":\"F\u00f6rs\u00f6rjnings&shy;beredskap - Rederierna i Finland\",\"isPartOf\":{\"@id\":\"https:\/\/shipowners.fi\/#website\"},\"datePublished\":\"2018-05-29T12:15:10+00:00\",\"dateModified\":\"2026-02-11T09:15:57+00:00\",\"breadcrumb\":{\"@id\":\"https:\/\/shipowners.fi\/sv\/ansvarsfullhet\/forsorjningsberedskap\/#breadcrumb\"},\"inLanguage\":\"sv-SE\",\"potentialAction\":[{\"@type\":\"ReadAction\",\"target\":[\"https:\/\/shipowners.fi\/sv\/ansvarsfullhet\/forsorjningsberedskap\/\"]}]},{\"@type\":\"BreadcrumbList\",\"@id\":\"https:\/\/shipowners.fi\/sv\/ansvarsfullhet\/forsorjningsberedskap\/#breadcrumb\",\"itemListElement\":[{\"@type\":\"ListItem\",\"position\":1,\"name\":\"Ansvarsfullhet\",\"item\":\"https:\/\/shipowners.fi\/sv\/ansvarsfullhet\/\"},{\"@type\":\"ListItem\",\"position\":2,\"name\":\"F\u00f6rs\u00f6rjnings&shy;beredskap\"}]},{\"@type\":\"WebSite\",\"@id\":\"https:\/\/shipowners.fi\/#website\",\"url\":\"https:\/\/shipowners.fi\/\",\"name\":\"Rederierna i Finland\",\"description\":\"\",\"potentialAction\":[{\"@type\":\"SearchAction\",\"target\":{\"@type\":\"EntryPoint\",\"urlTemplate\":\"https:\/\/shipowners.fi\/?s={search_term_string}\"},\"query-input\":{\"@type\":\"PropertyValueSpecification\",\"valueRequired\":true,\"valueName\":\"search_term_string\"}}],\"inLanguage\":\"sv-SE\"}]}<\/script>\n<!-- \/ Yoast SEO plugin. -->","yoast_head_json":{"title":"F\u00f6rs\u00f6rjnings&shy;beredskap - Rederierna i Finland","robots":{"index":"index","follow":"follow","max-snippet":"max-snippet:-1","max-image-preview":"max-image-preview:large","max-video-preview":"max-video-preview:-1"},"canonical":"https:\/\/shipowners.fi\/sv\/ansvarsfullhet\/forsorjningsberedskap\/","og_locale":"sv_SE","og_type":"article","og_title":"F\u00f6rs\u00f6rjnings&shy;beredskap - Rederierna i Finland","og_description":"Med f\u00f6rs\u00f6rjningsberedskap avses f\u00f6rm\u00e5ga att uppr\u00e4tth\u00e5lla s\u00e5dana samh\u00e4llsekonomiska\u00a0grundf\u00f6ruts\u00e4ttningar som \u00e4r n\u00f6dv\u00e4ndiga f\u00f6r att trygga befolkningens \u00f6verlevnadsm\u00f6jligheter, ett fungerande och tryggt samh\u00e4lle, samt trygga f\u00f6rsvarets materiella f\u00f6ruts\u00e4ttningar under allvarliga st\u00f6rningar och undantagsf\u00f6rh\u00e5llanden. Logistiskt sett \u00e4r Finland en \u00f6 och beroende av sj\u00f6fart i utrikestrafiken. I en krissituation s\u00e4kerst\u00e4lls f\u00f6rbindelserna med v\u00e4rlden av isf\u00f6rst\u00e4rkta fartyg under finsk&hellip;","og_url":"https:\/\/shipowners.fi\/sv\/ansvarsfullhet\/forsorjningsberedskap\/","og_site_name":"Rederierna i Finland","article_modified_time":"2026-02-11T09:15:57+00:00","og_image":[{"width":1243,"height":901,"url":"https:\/\/shipowners.fi\/wp-content\/uploads\/2018\/05\/suomenvarustamot_etusivu.jpg","type":"image\/jpeg"}],"twitter_card":"summary_large_image","twitter_misc":{"Ber\u00e4knad l\u00e4stid":"3 minuter"},"schema":{"@context":"https:\/\/schema.org","@graph":[{"@type":"WebPage","@id":"https:\/\/shipowners.fi\/sv\/ansvarsfullhet\/forsorjningsberedskap\/","url":"https:\/\/shipowners.fi\/sv\/ansvarsfullhet\/forsorjningsberedskap\/","name":"F\u00f6rs\u00f6rjnings&shy;beredskap - Rederierna i Finland","isPartOf":{"@id":"https:\/\/shipowners.fi\/#website"},"datePublished":"2018-05-29T12:15:10+00:00","dateModified":"2026-02-11T09:15:57+00:00","breadcrumb":{"@id":"https:\/\/shipowners.fi\/sv\/ansvarsfullhet\/forsorjningsberedskap\/#breadcrumb"},"inLanguage":"sv-SE","potentialAction":[{"@type":"ReadAction","target":["https:\/\/shipowners.fi\/sv\/ansvarsfullhet\/forsorjningsberedskap\/"]}]},{"@type":"BreadcrumbList","@id":"https:\/\/shipowners.fi\/sv\/ansvarsfullhet\/forsorjningsberedskap\/#breadcrumb","itemListElement":[{"@type":"ListItem","position":1,"name":"Ansvarsfullhet","item":"https:\/\/shipowners.fi\/sv\/ansvarsfullhet\/"},{"@type":"ListItem","position":2,"name":"F\u00f6rs\u00f6rjnings&shy;beredskap"}]},{"@type":"WebSite","@id":"https:\/\/shipowners.fi\/#website","url":"https:\/\/shipowners.fi\/","name":"Rederierna i Finland","description":"","potentialAction":[{"@type":"SearchAction","target":{"@type":"EntryPoint","urlTemplate":"https:\/\/shipowners.fi\/?s={search_term_string}"},"query-input":{"@type":"PropertyValueSpecification","valueRequired":true,"valueName":"search_term_string"}}],"inLanguage":"sv-SE"}]}},"_links":{"self":[{"href":"https:\/\/shipowners.fi\/sv\/wp-json\/wp\/v2\/pages\/295","targetHints":{"allow":["GET"]}}],"collection":[{"href":"https:\/\/shipowners.fi\/sv\/wp-json\/wp\/v2\/pages"}],"about":[{"href":"https:\/\/shipowners.fi\/sv\/wp-json\/wp\/v2\/types\/page"}],"author":[{"embeddable":true,"href":"https:\/\/shipowners.fi\/sv\/wp-json\/wp\/v2\/users\/1"}],"replies":[{"embeddable":true,"href":"https:\/\/shipowners.fi\/sv\/wp-json\/wp\/v2\/comments?post=295"}],"version-history":[{"count":8,"href":"https:\/\/shipowners.fi\/sv\/wp-json\/wp\/v2\/pages\/295\/revisions"}],"predecessor-version":[{"id":13002,"href":"https:\/\/shipowners.fi\/sv\/wp-json\/wp\/v2\/pages\/295\/revisions\/13002"}],"up":[{"embeddable":true,"href":"https:\/\/shipowners.fi\/sv\/wp-json\/wp\/v2\/pages\/160"}],"wp:attachment":[{"href":"https:\/\/shipowners.fi\/sv\/wp-json\/wp\/v2\/media?parent=295"}],"curies":[{"name":"wp","href":"https:\/\/api.w.org\/{rel}","templated":true}]}}