{"id":301,"date":"2018-05-29T15:18:23","date_gmt":"2018-05-29T12:18:23","guid":{"rendered":"https:\/\/shipowners.fi\/arbetsmarknad-och-kompetens\/tyomarkkina-asiat\/"},"modified":"2022-04-01T09:51:03","modified_gmt":"2022-04-01T06:51:03","slug":"arbetsmarknadsfragor","status":"publish","type":"page","link":"https:\/\/shipowners.fi\/sv\/arbetsmarknad-och-kompetens\/arbetsmarknadsfragor\/","title":{"rendered":"Arbetsmarknadsfr\u00e5gor"},"content":{"rendered":"<p>Rederierna i Finland f\u00f6rhandlar och g\u00f6r upp kollektivavtal f\u00f6r handels-, passagerar-, isbrytare och special fartyg i utrikestrafik med arbetstagarnas fackf\u00f6reningar. Rederierna i Finland \u00e4r del av all intressebevakning som har att g\u00f6ra med sj\u00f6fartsindustrin p\u00e5 alla omr\u00e5den av lagstiftning.<\/p>\n","protected":false},"excerpt":{"rendered":"<p>Rederierna i Finland f\u00f6rhandlar och g\u00f6r upp kollektivavtal f\u00f6r handels-, passagerar-, isbrytare och special fartyg i utrikestrafik med arbetstagarnas fackf\u00f6reningar. Rederierna i Finland \u00e4r del av all intressebevakning som har att g\u00f6ra med sj\u00f6fartsindustrin p\u00e5 alla omr\u00e5den av lagstiftning.<\/p>\n","protected":false},"author":1,"featured_media":0,"parent":166,"menu_order":133,"comment_status":"closed","ping_status":"closed","template":"","meta":{"_acf_changed":false,"footnotes":""},"class_list":["post-301","page","type-page","status-publish","hentry"],"acf":[],"yoast_head":"<!-- This site is optimized with the Yoast SEO plugin v27.2 - https:\/\/yoast.com\/product\/yoast-seo-wordpress\/ -->\n<title>Arbetsmarknadsfr\u00e5gor - Rederierna i Finland<\/title>\n<meta name=\"robots\" content=\"index, follow, max-snippet:-1, max-image-preview:large, max-video-preview:-1\" \/>\n<link rel=\"canonical\" href=\"https:\/\/shipowners.fi\/sv\/arbetsmarknad-och-kompetens\/arbetsmarknadsfragor\/\" \/>\n<meta property=\"og:locale\" content=\"sv_SE\" \/>\n<meta property=\"og:type\" content=\"article\" \/>\n<meta property=\"og:title\" content=\"Arbetsmarknadsfr\u00e5gor - Rederierna i Finland\" \/>\n<meta property=\"og:description\" content=\"Rederierna i Finland f\u00f6rhandlar och g\u00f6r upp kollektivavtal f\u00f6r handels-, passagerar-, isbrytare och special fartyg i utrikestrafik med arbetstagarnas fackf\u00f6reningar. Rederierna i Finland \u00e4r del av all intressebevakning som har att g\u00f6ra med sj\u00f6fartsindustrin p\u00e5 alla omr\u00e5den av lagstiftning.\" \/>\n<meta property=\"og:url\" content=\"https:\/\/shipowners.fi\/sv\/arbetsmarknad-och-kompetens\/arbetsmarknadsfragor\/\" \/>\n<meta property=\"og:site_name\" content=\"Rederierna i Finland\" \/>\n<meta property=\"article:modified_time\" content=\"2022-04-01T06:51:03+00:00\" \/>\n<meta property=\"og:image\" content=\"https:\/\/shipowners.fi\/wp-content\/uploads\/2018\/05\/suomenvarustamot_etusivu.jpg\" \/>\n\t<meta property=\"og:image:width\" content=\"1243\" \/>\n\t<meta property=\"og:image:height\" content=\"901\" \/>\n\t<meta property=\"og:image:type\" content=\"image\/jpeg\" \/>\n<meta name=\"twitter:card\" content=\"summary_large_image\" \/>\n<script type=\"application\/ld+json\" class=\"yoast-schema-graph\">{\"@context\":\"https:\/\/schema.org\",\"@graph\":[{\"@type\":\"WebPage\",\"@id\":\"https:\/\/shipowners.fi\/sv\/arbetsmarknad-och-kompetens\/arbetsmarknadsfragor\/\",\"url\":\"https:\/\/shipowners.fi\/sv\/arbetsmarknad-och-kompetens\/arbetsmarknadsfragor\/\",\"name\":\"Arbetsmarknadsfr\u00e5gor - Rederierna i Finland\",\"isPartOf\":{\"@id\":\"https:\/\/shipowners.fi\/#website\"},\"datePublished\":\"2018-05-29T12:18:23+00:00\",\"dateModified\":\"2022-04-01T06:51:03+00:00\",\"breadcrumb\":{\"@id\":\"https:\/\/shipowners.fi\/sv\/arbetsmarknad-och-kompetens\/arbetsmarknadsfragor\/#breadcrumb\"},\"inLanguage\":\"sv-SE\",\"potentialAction\":[{\"@type\":\"ReadAction\",\"target\":[\"https:\/\/shipowners.fi\/sv\/arbetsmarknad-och-kompetens\/arbetsmarknadsfragor\/\"]}]},{\"@type\":\"BreadcrumbList\",\"@id\":\"https:\/\/shipowners.fi\/sv\/arbetsmarknad-och-kompetens\/arbetsmarknadsfragor\/#breadcrumb\",\"itemListElement\":[{\"@type\":\"ListItem\",\"position\":1,\"name\":\"Arbetsmarknad och kompetens\",\"item\":\"https:\/\/shipowners.fi\/sv\/arbetsmarknad-och-kompetens\/\"},{\"@type\":\"ListItem\",\"position\":2,\"name\":\"Arbetsmarknadsfr\u00e5gor\"}]},{\"@type\":\"WebSite\",\"@id\":\"https:\/\/shipowners.fi\/#website\",\"url\":\"https:\/\/shipowners.fi\/\",\"name\":\"Rederierna i Finland\",\"description\":\"\",\"potentialAction\":[{\"@type\":\"SearchAction\",\"target\":{\"@type\":\"EntryPoint\",\"urlTemplate\":\"https:\/\/shipowners.fi\/?s={search_term_string}\"},\"query-input\":{\"@type\":\"PropertyValueSpecification\",\"valueRequired\":true,\"valueName\":\"search_term_string\"}}],\"inLanguage\":\"sv-SE\"}]}<\/script>\n<!-- \/ Yoast SEO plugin. -->","yoast_head_json":{"title":"Arbetsmarknadsfr\u00e5gor - Rederierna i Finland","robots":{"index":"index","follow":"follow","max-snippet":"max-snippet:-1","max-image-preview":"max-image-preview:large","max-video-preview":"max-video-preview:-1"},"canonical":"https:\/\/shipowners.fi\/sv\/arbetsmarknad-och-kompetens\/arbetsmarknadsfragor\/","og_locale":"sv_SE","og_type":"article","og_title":"Arbetsmarknadsfr\u00e5gor - Rederierna i Finland","og_description":"Rederierna i Finland f\u00f6rhandlar och g\u00f6r upp kollektivavtal f\u00f6r handels-, passagerar-, isbrytare och special fartyg i utrikestrafik med arbetstagarnas fackf\u00f6reningar. Rederierna i Finland \u00e4r del av all intressebevakning som har att g\u00f6ra med sj\u00f6fartsindustrin p\u00e5 alla omr\u00e5den av lagstiftning.","og_url":"https:\/\/shipowners.fi\/sv\/arbetsmarknad-och-kompetens\/arbetsmarknadsfragor\/","og_site_name":"Rederierna i Finland","article_modified_time":"2022-04-01T06:51:03+00:00","og_image":[{"width":1243,"height":901,"url":"https:\/\/shipowners.fi\/wp-content\/uploads\/2018\/05\/suomenvarustamot_etusivu.jpg","type":"image\/jpeg"}],"twitter_card":"summary_large_image","schema":{"@context":"https:\/\/schema.org","@graph":[{"@type":"WebPage","@id":"https:\/\/shipowners.fi\/sv\/arbetsmarknad-och-kompetens\/arbetsmarknadsfragor\/","url":"https:\/\/shipowners.fi\/sv\/arbetsmarknad-och-kompetens\/arbetsmarknadsfragor\/","name":"Arbetsmarknadsfr\u00e5gor - Rederierna i Finland","isPartOf":{"@id":"https:\/\/shipowners.fi\/#website"},"datePublished":"2018-05-29T12:18:23+00:00","dateModified":"2022-04-01T06:51:03+00:00","breadcrumb":{"@id":"https:\/\/shipowners.fi\/sv\/arbetsmarknad-och-kompetens\/arbetsmarknadsfragor\/#breadcrumb"},"inLanguage":"sv-SE","potentialAction":[{"@type":"ReadAction","target":["https:\/\/shipowners.fi\/sv\/arbetsmarknad-och-kompetens\/arbetsmarknadsfragor\/"]}]},{"@type":"BreadcrumbList","@id":"https:\/\/shipowners.fi\/sv\/arbetsmarknad-och-kompetens\/arbetsmarknadsfragor\/#breadcrumb","itemListElement":[{"@type":"ListItem","position":1,"name":"Arbetsmarknad och kompetens","item":"https:\/\/shipowners.fi\/sv\/arbetsmarknad-och-kompetens\/"},{"@type":"ListItem","position":2,"name":"Arbetsmarknadsfr\u00e5gor"}]},{"@type":"WebSite","@id":"https:\/\/shipowners.fi\/#website","url":"https:\/\/shipowners.fi\/","name":"Rederierna i Finland","description":"","potentialAction":[{"@type":"SearchAction","target":{"@type":"EntryPoint","urlTemplate":"https:\/\/shipowners.fi\/?s={search_term_string}"},"query-input":{"@type":"PropertyValueSpecification","valueRequired":true,"valueName":"search_term_string"}}],"inLanguage":"sv-SE"}]}},"_links":{"self":[{"href":"https:\/\/shipowners.fi\/sv\/wp-json\/wp\/v2\/pages\/301","targetHints":{"allow":["GET"]}}],"collection":[{"href":"https:\/\/shipowners.fi\/sv\/wp-json\/wp\/v2\/pages"}],"about":[{"href":"https:\/\/shipowners.fi\/sv\/wp-json\/wp\/v2\/types\/page"}],"author":[{"embeddable":true,"href":"https:\/\/shipowners.fi\/sv\/wp-json\/wp\/v2\/users\/1"}],"replies":[{"embeddable":true,"href":"https:\/\/shipowners.fi\/sv\/wp-json\/wp\/v2\/comments?post=301"}],"version-history":[{"count":4,"href":"https:\/\/shipowners.fi\/sv\/wp-json\/wp\/v2\/pages\/301\/revisions"}],"predecessor-version":[{"id":8516,"href":"https:\/\/shipowners.fi\/sv\/wp-json\/wp\/v2\/pages\/301\/revisions\/8516"}],"up":[{"embeddable":true,"href":"https:\/\/shipowners.fi\/sv\/wp-json\/wp\/v2\/pages\/166"}],"wp:attachment":[{"href":"https:\/\/shipowners.fi\/sv\/wp-json\/wp\/v2\/media?parent=301"}],"curies":[{"name":"wp","href":"https:\/\/api.w.org\/{rel}","templated":true}]}}