{"id":308,"date":"2018-05-29T15:20:12","date_gmt":"2018-05-29T12:20:12","guid":{"rendered":"https:\/\/shipowners.fi\/arbetsmarknad-och-kompetens\/arbetsmarknadsfrago\/kansainvalinen-saantely-ja-ohjeistus\/"},"modified":"2022-09-19T16:01:43","modified_gmt":"2022-09-19T13:01:43","slug":"internationella-regleringar-och-riktlinjer","status":"publish","type":"page","link":"https:\/\/shipowners.fi\/sv\/arbetsmarknad-och-kompetens\/arbetsmarknadsfragor\/internationella-regleringar-och-riktlinjer\/","title":{"rendered":"Internationella regleringar och riktlinjer"},"content":{"rendered":"<p>Sj\u00f6fart \u00e4r p\u00e5 grund av sin internationella verksamhetsnatur v\u00e4ldigt reglerat p\u00e5 internationell niv\u00e5. Den internationella regleringen bygger en grund som nationella regleringen baseras p\u00e5, vilket s\u00e4kerst\u00e4ller ett konsistent regelverk f\u00f6r verksamhetsmilj\u00f6n.<\/p>\n","protected":false},"excerpt":{"rendered":"<p>Sj\u00f6fart \u00e4r p\u00e5 grund av sin internationella verksamhetsnatur v\u00e4ldigt reglerat p\u00e5 internationell niv\u00e5. Den internationella regleringen bygger en grund som nationella regleringen baseras p\u00e5, vilket s\u00e4kerst\u00e4ller ett konsistent regelverk f\u00f6r verksamhetsmilj\u00f6n.<\/p>\n","protected":false},"author":1,"featured_media":0,"parent":301,"menu_order":112,"comment_status":"closed","ping_status":"closed","template":"","meta":{"_acf_changed":false,"footnotes":""},"class_list":["post-308","page","type-page","status-publish","hentry"],"acf":[],"yoast_head":"<!-- This site is optimized with the Yoast SEO plugin v27.2 - https:\/\/yoast.com\/product\/yoast-seo-wordpress\/ -->\n<title>Internationella regleringar och riktlinjer - Rederierna i Finland<\/title>\n<meta name=\"robots\" content=\"index, follow, max-snippet:-1, max-image-preview:large, max-video-preview:-1\" \/>\n<link rel=\"canonical\" href=\"https:\/\/shipowners.fi\/sv\/arbetsmarknad-och-kompetens\/arbetsmarknadsfragor\/internationella-regleringar-och-riktlinjer\/\" \/>\n<meta property=\"og:locale\" content=\"sv_SE\" \/>\n<meta property=\"og:type\" content=\"article\" \/>\n<meta property=\"og:title\" content=\"Internationella regleringar och riktlinjer - Rederierna i Finland\" \/>\n<meta property=\"og:description\" content=\"Sj\u00f6fart \u00e4r p\u00e5 grund av sin internationella verksamhetsnatur v\u00e4ldigt reglerat p\u00e5 internationell niv\u00e5. Den internationella regleringen bygger en grund som nationella regleringen baseras p\u00e5, vilket s\u00e4kerst\u00e4ller ett konsistent regelverk f\u00f6r verksamhetsmilj\u00f6n.\" \/>\n<meta property=\"og:url\" content=\"https:\/\/shipowners.fi\/sv\/arbetsmarknad-och-kompetens\/arbetsmarknadsfragor\/internationella-regleringar-och-riktlinjer\/\" \/>\n<meta property=\"og:site_name\" content=\"Rederierna i Finland\" \/>\n<meta property=\"article:modified_time\" content=\"2022-09-19T13:01:43+00:00\" \/>\n<meta property=\"og:image\" content=\"https:\/\/shipowners.fi\/wp-content\/uploads\/2018\/05\/suomenvarustamot_etusivu.jpg\" \/>\n\t<meta property=\"og:image:width\" content=\"1243\" \/>\n\t<meta property=\"og:image:height\" content=\"901\" \/>\n\t<meta property=\"og:image:type\" content=\"image\/jpeg\" \/>\n<meta name=\"twitter:card\" content=\"summary_large_image\" \/>\n<meta name=\"twitter:label1\" content=\"Ber\u00e4knad l\u00e4stid\" \/>\n\t<meta name=\"twitter:data1\" content=\"1 minut\" \/>\n<script type=\"application\/ld+json\" class=\"yoast-schema-graph\">{\"@context\":\"https:\/\/schema.org\",\"@graph\":[{\"@type\":\"WebPage\",\"@id\":\"https:\/\/shipowners.fi\/sv\/arbetsmarknad-och-kompetens\/arbetsmarknadsfragor\/internationella-regleringar-och-riktlinjer\/\",\"url\":\"https:\/\/shipowners.fi\/sv\/arbetsmarknad-och-kompetens\/arbetsmarknadsfragor\/internationella-regleringar-och-riktlinjer\/\",\"name\":\"Internationella regleringar och riktlinjer - Rederierna i Finland\",\"isPartOf\":{\"@id\":\"https:\/\/shipowners.fi\/#website\"},\"datePublished\":\"2018-05-29T12:20:12+00:00\",\"dateModified\":\"2022-09-19T13:01:43+00:00\",\"breadcrumb\":{\"@id\":\"https:\/\/shipowners.fi\/sv\/arbetsmarknad-och-kompetens\/arbetsmarknadsfragor\/internationella-regleringar-och-riktlinjer\/#breadcrumb\"},\"inLanguage\":\"sv-SE\",\"potentialAction\":[{\"@type\":\"ReadAction\",\"target\":[\"https:\/\/shipowners.fi\/sv\/arbetsmarknad-och-kompetens\/arbetsmarknadsfragor\/internationella-regleringar-och-riktlinjer\/\"]}]},{\"@type\":\"BreadcrumbList\",\"@id\":\"https:\/\/shipowners.fi\/sv\/arbetsmarknad-och-kompetens\/arbetsmarknadsfragor\/internationella-regleringar-och-riktlinjer\/#breadcrumb\",\"itemListElement\":[{\"@type\":\"ListItem\",\"position\":1,\"name\":\"Arbetsmarknad och kompetens\",\"item\":\"https:\/\/shipowners.fi\/sv\/arbetsmarknad-och-kompetens\/\"},{\"@type\":\"ListItem\",\"position\":2,\"name\":\"Arbetsmarknadsfr\u00e5gor\",\"item\":\"https:\/\/shipowners.fi\/sv\/arbetsmarknad-och-kompetens\/arbetsmarknadsfragor\/\"},{\"@type\":\"ListItem\",\"position\":3,\"name\":\"Internationella regleringar och riktlinjer\"}]},{\"@type\":\"WebSite\",\"@id\":\"https:\/\/shipowners.fi\/#website\",\"url\":\"https:\/\/shipowners.fi\/\",\"name\":\"Rederierna i Finland\",\"description\":\"\",\"potentialAction\":[{\"@type\":\"SearchAction\",\"target\":{\"@type\":\"EntryPoint\",\"urlTemplate\":\"https:\/\/shipowners.fi\/?s={search_term_string}\"},\"query-input\":{\"@type\":\"PropertyValueSpecification\",\"valueRequired\":true,\"valueName\":\"search_term_string\"}}],\"inLanguage\":\"sv-SE\"}]}<\/script>\n<!-- \/ Yoast SEO plugin. -->","yoast_head_json":{"title":"Internationella regleringar och riktlinjer - Rederierna i Finland","robots":{"index":"index","follow":"follow","max-snippet":"max-snippet:-1","max-image-preview":"max-image-preview:large","max-video-preview":"max-video-preview:-1"},"canonical":"https:\/\/shipowners.fi\/sv\/arbetsmarknad-och-kompetens\/arbetsmarknadsfragor\/internationella-regleringar-och-riktlinjer\/","og_locale":"sv_SE","og_type":"article","og_title":"Internationella regleringar och riktlinjer - Rederierna i Finland","og_description":"Sj\u00f6fart \u00e4r p\u00e5 grund av sin internationella verksamhetsnatur v\u00e4ldigt reglerat p\u00e5 internationell niv\u00e5. Den internationella regleringen bygger en grund som nationella regleringen baseras p\u00e5, vilket s\u00e4kerst\u00e4ller ett konsistent regelverk f\u00f6r verksamhetsmilj\u00f6n.","og_url":"https:\/\/shipowners.fi\/sv\/arbetsmarknad-och-kompetens\/arbetsmarknadsfragor\/internationella-regleringar-och-riktlinjer\/","og_site_name":"Rederierna i Finland","article_modified_time":"2022-09-19T13:01:43+00:00","og_image":[{"width":1243,"height":901,"url":"https:\/\/shipowners.fi\/wp-content\/uploads\/2018\/05\/suomenvarustamot_etusivu.jpg","type":"image\/jpeg"}],"twitter_card":"summary_large_image","twitter_misc":{"Ber\u00e4knad l\u00e4stid":"1 minut"},"schema":{"@context":"https:\/\/schema.org","@graph":[{"@type":"WebPage","@id":"https:\/\/shipowners.fi\/sv\/arbetsmarknad-och-kompetens\/arbetsmarknadsfragor\/internationella-regleringar-och-riktlinjer\/","url":"https:\/\/shipowners.fi\/sv\/arbetsmarknad-och-kompetens\/arbetsmarknadsfragor\/internationella-regleringar-och-riktlinjer\/","name":"Internationella regleringar och riktlinjer - Rederierna i Finland","isPartOf":{"@id":"https:\/\/shipowners.fi\/#website"},"datePublished":"2018-05-29T12:20:12+00:00","dateModified":"2022-09-19T13:01:43+00:00","breadcrumb":{"@id":"https:\/\/shipowners.fi\/sv\/arbetsmarknad-och-kompetens\/arbetsmarknadsfragor\/internationella-regleringar-och-riktlinjer\/#breadcrumb"},"inLanguage":"sv-SE","potentialAction":[{"@type":"ReadAction","target":["https:\/\/shipowners.fi\/sv\/arbetsmarknad-och-kompetens\/arbetsmarknadsfragor\/internationella-regleringar-och-riktlinjer\/"]}]},{"@type":"BreadcrumbList","@id":"https:\/\/shipowners.fi\/sv\/arbetsmarknad-och-kompetens\/arbetsmarknadsfragor\/internationella-regleringar-och-riktlinjer\/#breadcrumb","itemListElement":[{"@type":"ListItem","position":1,"name":"Arbetsmarknad och kompetens","item":"https:\/\/shipowners.fi\/sv\/arbetsmarknad-och-kompetens\/"},{"@type":"ListItem","position":2,"name":"Arbetsmarknadsfr\u00e5gor","item":"https:\/\/shipowners.fi\/sv\/arbetsmarknad-och-kompetens\/arbetsmarknadsfragor\/"},{"@type":"ListItem","position":3,"name":"Internationella regleringar och riktlinjer"}]},{"@type":"WebSite","@id":"https:\/\/shipowners.fi\/#website","url":"https:\/\/shipowners.fi\/","name":"Rederierna i Finland","description":"","potentialAction":[{"@type":"SearchAction","target":{"@type":"EntryPoint","urlTemplate":"https:\/\/shipowners.fi\/?s={search_term_string}"},"query-input":{"@type":"PropertyValueSpecification","valueRequired":true,"valueName":"search_term_string"}}],"inLanguage":"sv-SE"}]}},"_links":{"self":[{"href":"https:\/\/shipowners.fi\/sv\/wp-json\/wp\/v2\/pages\/308","targetHints":{"allow":["GET"]}}],"collection":[{"href":"https:\/\/shipowners.fi\/sv\/wp-json\/wp\/v2\/pages"}],"about":[{"href":"https:\/\/shipowners.fi\/sv\/wp-json\/wp\/v2\/types\/page"}],"author":[{"embeddable":true,"href":"https:\/\/shipowners.fi\/sv\/wp-json\/wp\/v2\/users\/1"}],"replies":[{"embeddable":true,"href":"https:\/\/shipowners.fi\/sv\/wp-json\/wp\/v2\/comments?post=308"}],"version-history":[{"count":4,"href":"https:\/\/shipowners.fi\/sv\/wp-json\/wp\/v2\/pages\/308\/revisions"}],"predecessor-version":[{"id":9064,"href":"https:\/\/shipowners.fi\/sv\/wp-json\/wp\/v2\/pages\/308\/revisions\/9064"}],"up":[{"embeddable":true,"href":"https:\/\/shipowners.fi\/sv\/wp-json\/wp\/v2\/pages\/301"}],"wp:attachment":[{"href":"https:\/\/shipowners.fi\/sv\/wp-json\/wp\/v2\/media?parent=308"}],"curies":[{"name":"wp","href":"https:\/\/api.w.org\/{rel}","templated":true}]}}