{"id":314,"date":"2018-05-29T15:23:51","date_gmt":"2018-05-29T12:23:51","guid":{"rendered":"https:\/\/shipowners.fi\/arbetsmarknad-och-kompetens\/arbetsmarknadsfrago\/tyo-ja-sosiaalilainsaadanto\/"},"modified":"2022-09-19T16:02:19","modified_gmt":"2022-09-19T13:02:19","slug":"arbets-och-sociallagstiftning","status":"publish","type":"page","link":"https:\/\/shipowners.fi\/sv\/arbetsmarknad-och-kompetens\/arbetsmarknadsfragor\/arbets-och-sociallagstiftning\/","title":{"rendered":"Arbets- och sociallagstiftning"},"content":{"rendered":"<p>Verksamhetsmilj\u00f6n i sj\u00f6fart skiljer sig synnerligen fr\u00e5n andra industrier. D\u00e4rf\u00f6r har ocks\u00e5 arbets- och sociallagstiftningen reglerats p\u00e5 ett s\u00e4tt som tar detta i beaktan. Rederierna i Finland tar aktivt del i lagstiftningsarbetet som ber\u00f6r sj\u00f6fart.<\/p>\n","protected":false},"excerpt":{"rendered":"<p>Verksamhetsmilj\u00f6n i sj\u00f6fart skiljer sig synnerligen fr\u00e5n andra industrier. D\u00e4rf\u00f6r har ocks\u00e5 arbets- och sociallagstiftningen reglerats p\u00e5 ett s\u00e4tt som tar detta i beaktan. Rederierna i Finland tar aktivt del i lagstiftningsarbetet som ber\u00f6r sj\u00f6fart.<\/p>\n","protected":false},"author":1,"featured_media":0,"parent":301,"menu_order":116,"comment_status":"closed","ping_status":"closed","template":"","meta":{"_acf_changed":false,"footnotes":""},"class_list":["post-314","page","type-page","status-publish","hentry"],"acf":[],"yoast_head":"<!-- This site is optimized with the Yoast SEO plugin v27.2 - https:\/\/yoast.com\/product\/yoast-seo-wordpress\/ -->\n<title>Arbets- och sociallagstiftning - Rederierna i Finland<\/title>\n<meta name=\"robots\" content=\"index, follow, max-snippet:-1, max-image-preview:large, max-video-preview:-1\" \/>\n<link rel=\"canonical\" href=\"https:\/\/shipowners.fi\/sv\/arbetsmarknad-och-kompetens\/arbetsmarknadsfragor\/arbets-och-sociallagstiftning\/\" \/>\n<meta property=\"og:locale\" content=\"sv_SE\" \/>\n<meta property=\"og:type\" content=\"article\" \/>\n<meta property=\"og:title\" content=\"Arbets- och sociallagstiftning - Rederierna i Finland\" \/>\n<meta property=\"og:description\" content=\"Verksamhetsmilj\u00f6n i sj\u00f6fart skiljer sig synnerligen fr\u00e5n andra industrier. D\u00e4rf\u00f6r har ocks\u00e5 arbets- och sociallagstiftningen reglerats p\u00e5 ett s\u00e4tt som tar detta i beaktan. Rederierna i Finland tar aktivt del i lagstiftningsarbetet som ber\u00f6r sj\u00f6fart.\" \/>\n<meta property=\"og:url\" content=\"https:\/\/shipowners.fi\/sv\/arbetsmarknad-och-kompetens\/arbetsmarknadsfragor\/arbets-och-sociallagstiftning\/\" \/>\n<meta property=\"og:site_name\" content=\"Rederierna i Finland\" \/>\n<meta property=\"article:modified_time\" content=\"2022-09-19T13:02:19+00:00\" \/>\n<meta property=\"og:image\" content=\"https:\/\/shipowners.fi\/wp-content\/uploads\/2018\/05\/suomenvarustamot_etusivu.jpg\" \/>\n\t<meta property=\"og:image:width\" content=\"1243\" \/>\n\t<meta property=\"og:image:height\" content=\"901\" \/>\n\t<meta property=\"og:image:type\" content=\"image\/jpeg\" \/>\n<meta name=\"twitter:card\" content=\"summary_large_image\" \/>\n<meta name=\"twitter:label1\" content=\"Ber\u00e4knad l\u00e4stid\" \/>\n\t<meta name=\"twitter:data1\" content=\"1 minut\" \/>\n<script type=\"application\/ld+json\" class=\"yoast-schema-graph\">{\"@context\":\"https:\/\/schema.org\",\"@graph\":[{\"@type\":\"WebPage\",\"@id\":\"https:\/\/shipowners.fi\/sv\/arbetsmarknad-och-kompetens\/arbetsmarknadsfragor\/arbets-och-sociallagstiftning\/\",\"url\":\"https:\/\/shipowners.fi\/sv\/arbetsmarknad-och-kompetens\/arbetsmarknadsfragor\/arbets-och-sociallagstiftning\/\",\"name\":\"Arbets- och sociallagstiftning - Rederierna i Finland\",\"isPartOf\":{\"@id\":\"https:\/\/shipowners.fi\/#website\"},\"datePublished\":\"2018-05-29T12:23:51+00:00\",\"dateModified\":\"2022-09-19T13:02:19+00:00\",\"breadcrumb\":{\"@id\":\"https:\/\/shipowners.fi\/sv\/arbetsmarknad-och-kompetens\/arbetsmarknadsfragor\/arbets-och-sociallagstiftning\/#breadcrumb\"},\"inLanguage\":\"sv-SE\",\"potentialAction\":[{\"@type\":\"ReadAction\",\"target\":[\"https:\/\/shipowners.fi\/sv\/arbetsmarknad-och-kompetens\/arbetsmarknadsfragor\/arbets-och-sociallagstiftning\/\"]}]},{\"@type\":\"BreadcrumbList\",\"@id\":\"https:\/\/shipowners.fi\/sv\/arbetsmarknad-och-kompetens\/arbetsmarknadsfragor\/arbets-och-sociallagstiftning\/#breadcrumb\",\"itemListElement\":[{\"@type\":\"ListItem\",\"position\":1,\"name\":\"Arbetsmarknad och kompetens\",\"item\":\"https:\/\/shipowners.fi\/sv\/arbetsmarknad-och-kompetens\/\"},{\"@type\":\"ListItem\",\"position\":2,\"name\":\"Arbetsmarknadsfr\u00e5gor\",\"item\":\"https:\/\/shipowners.fi\/sv\/arbetsmarknad-och-kompetens\/arbetsmarknadsfragor\/\"},{\"@type\":\"ListItem\",\"position\":3,\"name\":\"Arbets- och sociallagstiftning\"}]},{\"@type\":\"WebSite\",\"@id\":\"https:\/\/shipowners.fi\/#website\",\"url\":\"https:\/\/shipowners.fi\/\",\"name\":\"Rederierna i Finland\",\"description\":\"\",\"potentialAction\":[{\"@type\":\"SearchAction\",\"target\":{\"@type\":\"EntryPoint\",\"urlTemplate\":\"https:\/\/shipowners.fi\/?s={search_term_string}\"},\"query-input\":{\"@type\":\"PropertyValueSpecification\",\"valueRequired\":true,\"valueName\":\"search_term_string\"}}],\"inLanguage\":\"sv-SE\"}]}<\/script>\n<!-- \/ Yoast SEO plugin. -->","yoast_head_json":{"title":"Arbets- och sociallagstiftning - Rederierna i Finland","robots":{"index":"index","follow":"follow","max-snippet":"max-snippet:-1","max-image-preview":"max-image-preview:large","max-video-preview":"max-video-preview:-1"},"canonical":"https:\/\/shipowners.fi\/sv\/arbetsmarknad-och-kompetens\/arbetsmarknadsfragor\/arbets-och-sociallagstiftning\/","og_locale":"sv_SE","og_type":"article","og_title":"Arbets- och sociallagstiftning - Rederierna i Finland","og_description":"Verksamhetsmilj\u00f6n i sj\u00f6fart skiljer sig synnerligen fr\u00e5n andra industrier. D\u00e4rf\u00f6r har ocks\u00e5 arbets- och sociallagstiftningen reglerats p\u00e5 ett s\u00e4tt som tar detta i beaktan. Rederierna i Finland tar aktivt del i lagstiftningsarbetet som ber\u00f6r sj\u00f6fart.","og_url":"https:\/\/shipowners.fi\/sv\/arbetsmarknad-och-kompetens\/arbetsmarknadsfragor\/arbets-och-sociallagstiftning\/","og_site_name":"Rederierna i Finland","article_modified_time":"2022-09-19T13:02:19+00:00","og_image":[{"width":1243,"height":901,"url":"https:\/\/shipowners.fi\/wp-content\/uploads\/2018\/05\/suomenvarustamot_etusivu.jpg","type":"image\/jpeg"}],"twitter_card":"summary_large_image","twitter_misc":{"Ber\u00e4knad l\u00e4stid":"1 minut"},"schema":{"@context":"https:\/\/schema.org","@graph":[{"@type":"WebPage","@id":"https:\/\/shipowners.fi\/sv\/arbetsmarknad-och-kompetens\/arbetsmarknadsfragor\/arbets-och-sociallagstiftning\/","url":"https:\/\/shipowners.fi\/sv\/arbetsmarknad-och-kompetens\/arbetsmarknadsfragor\/arbets-och-sociallagstiftning\/","name":"Arbets- och sociallagstiftning - Rederierna i Finland","isPartOf":{"@id":"https:\/\/shipowners.fi\/#website"},"datePublished":"2018-05-29T12:23:51+00:00","dateModified":"2022-09-19T13:02:19+00:00","breadcrumb":{"@id":"https:\/\/shipowners.fi\/sv\/arbetsmarknad-och-kompetens\/arbetsmarknadsfragor\/arbets-och-sociallagstiftning\/#breadcrumb"},"inLanguage":"sv-SE","potentialAction":[{"@type":"ReadAction","target":["https:\/\/shipowners.fi\/sv\/arbetsmarknad-och-kompetens\/arbetsmarknadsfragor\/arbets-och-sociallagstiftning\/"]}]},{"@type":"BreadcrumbList","@id":"https:\/\/shipowners.fi\/sv\/arbetsmarknad-och-kompetens\/arbetsmarknadsfragor\/arbets-och-sociallagstiftning\/#breadcrumb","itemListElement":[{"@type":"ListItem","position":1,"name":"Arbetsmarknad och kompetens","item":"https:\/\/shipowners.fi\/sv\/arbetsmarknad-och-kompetens\/"},{"@type":"ListItem","position":2,"name":"Arbetsmarknadsfr\u00e5gor","item":"https:\/\/shipowners.fi\/sv\/arbetsmarknad-och-kompetens\/arbetsmarknadsfragor\/"},{"@type":"ListItem","position":3,"name":"Arbets- och sociallagstiftning"}]},{"@type":"WebSite","@id":"https:\/\/shipowners.fi\/#website","url":"https:\/\/shipowners.fi\/","name":"Rederierna i Finland","description":"","potentialAction":[{"@type":"SearchAction","target":{"@type":"EntryPoint","urlTemplate":"https:\/\/shipowners.fi\/?s={search_term_string}"},"query-input":{"@type":"PropertyValueSpecification","valueRequired":true,"valueName":"search_term_string"}}],"inLanguage":"sv-SE"}]}},"_links":{"self":[{"href":"https:\/\/shipowners.fi\/sv\/wp-json\/wp\/v2\/pages\/314","targetHints":{"allow":["GET"]}}],"collection":[{"href":"https:\/\/shipowners.fi\/sv\/wp-json\/wp\/v2\/pages"}],"about":[{"href":"https:\/\/shipowners.fi\/sv\/wp-json\/wp\/v2\/types\/page"}],"author":[{"embeddable":true,"href":"https:\/\/shipowners.fi\/sv\/wp-json\/wp\/v2\/users\/1"}],"replies":[{"embeddable":true,"href":"https:\/\/shipowners.fi\/sv\/wp-json\/wp\/v2\/comments?post=314"}],"version-history":[{"count":3,"href":"https:\/\/shipowners.fi\/sv\/wp-json\/wp\/v2\/pages\/314\/revisions"}],"predecessor-version":[{"id":9065,"href":"https:\/\/shipowners.fi\/sv\/wp-json\/wp\/v2\/pages\/314\/revisions\/9065"}],"up":[{"embeddable":true,"href":"https:\/\/shipowners.fi\/sv\/wp-json\/wp\/v2\/pages\/301"}],"wp:attachment":[{"href":"https:\/\/shipowners.fi\/sv\/wp-json\/wp\/v2\/media?parent=314"}],"curies":[{"name":"wp","href":"https:\/\/api.w.org\/{rel}","templated":true}]}}