{"id":326,"date":"2018-05-29T15:26:41","date_gmt":"2018-05-29T12:26:41","guid":{"rendered":"https:\/\/shipowners.fi\/arbetsmarknad-och-kompetens\/miehitys-ja-patevyysasiat\/"},"modified":"2020-02-17T16:32:41","modified_gmt":"2020-02-17T14:32:41","slug":"bemannings-och-kompetensfragor","status":"publish","type":"page","link":"https:\/\/shipowners.fi\/sv\/arbetsmarknad-och-kompetens\/bemannings-och-kompetensfragor\/","title":{"rendered":"Bemannings och kompetens&shy;fr\u00e5gor"},"content":{"rendered":"<p>En tillr\u00e4cklig och kompetent bemanning f\u00f6rs\u00e4krar trygg sj\u00f6fart. Tillr\u00e4ckliga och kompetenta niv\u00e5n av bemanning fastst\u00e4lls enligt STCW generalavtalet av Traficom. Rederierna i Finland ger utl\u00e5tande om bemanningens antal och kompetensniv\u00e5 p\u00e5 basen av Traficoms f\u00f6rslag. Kompetenskraven \u00e4r ocks\u00e5 en v\u00e4sentlig del av sj\u00f6fartens utbildning och Rederierna i Finland deltar i dess utveckling.<\/p>\n","protected":false},"excerpt":{"rendered":"<p>En tillr\u00e4cklig och kompetent bemanning f\u00f6rs\u00e4krar trygg sj\u00f6fart. Tillr\u00e4ckliga och kompetenta niv\u00e5n av bemanning fastst\u00e4lls enligt STCW generalavtalet av Traficom. Rederierna i Finland ger utl\u00e5tande om bemanningens antal och kompetensniv\u00e5 p\u00e5 basen av Traficoms f\u00f6rslag. Kompetenskraven \u00e4r ocks\u00e5 en v\u00e4sentlig del av sj\u00f6fartens utbildning och Rederierna i Finland deltar i dess utveckling.<\/p>\n","protected":false},"author":1,"featured_media":0,"parent":166,"menu_order":124,"comment_status":"closed","ping_status":"closed","template":"","meta":{"_acf_changed":false,"footnotes":""},"class_list":["post-326","page","type-page","status-publish","hentry"],"acf":[],"yoast_head":"<!-- This site is optimized with the Yoast SEO plugin v27.2 - https:\/\/yoast.com\/product\/yoast-seo-wordpress\/ -->\n<title>Bemannings och kompetens&shy;fr\u00e5gor - Rederierna i Finland<\/title>\n<meta name=\"robots\" content=\"index, follow, max-snippet:-1, max-image-preview:large, max-video-preview:-1\" \/>\n<link rel=\"canonical\" href=\"https:\/\/shipowners.fi\/sv\/arbetsmarknad-och-kompetens\/bemannings-och-kompetensfragor\/\" \/>\n<meta property=\"og:locale\" content=\"sv_SE\" \/>\n<meta property=\"og:type\" content=\"article\" \/>\n<meta property=\"og:title\" content=\"Bemannings och kompetens&shy;fr\u00e5gor - Rederierna i Finland\" \/>\n<meta property=\"og:description\" content=\"En tillr\u00e4cklig och kompetent bemanning f\u00f6rs\u00e4krar trygg sj\u00f6fart. Tillr\u00e4ckliga och kompetenta niv\u00e5n av bemanning fastst\u00e4lls enligt STCW generalavtalet av Traficom. Rederierna i Finland ger utl\u00e5tande om bemanningens antal och kompetensniv\u00e5 p\u00e5 basen av Traficoms f\u00f6rslag. Kompetenskraven \u00e4r ocks\u00e5 en v\u00e4sentlig del av sj\u00f6fartens utbildning och Rederierna i Finland deltar i dess utveckling.\" \/>\n<meta property=\"og:url\" content=\"https:\/\/shipowners.fi\/sv\/arbetsmarknad-och-kompetens\/bemannings-och-kompetensfragor\/\" \/>\n<meta property=\"og:site_name\" content=\"Rederierna i Finland\" \/>\n<meta property=\"article:modified_time\" content=\"2020-02-17T14:32:41+00:00\" \/>\n<meta property=\"og:image\" content=\"https:\/\/shipowners.fi\/wp-content\/uploads\/2018\/05\/suomenvarustamot_etusivu.jpg\" \/>\n\t<meta property=\"og:image:width\" content=\"1243\" \/>\n\t<meta property=\"og:image:height\" content=\"901\" \/>\n\t<meta property=\"og:image:type\" content=\"image\/jpeg\" \/>\n<meta name=\"twitter:card\" content=\"summary_large_image\" \/>\n<script type=\"application\/ld+json\" class=\"yoast-schema-graph\">{\"@context\":\"https:\/\/schema.org\",\"@graph\":[{\"@type\":\"WebPage\",\"@id\":\"https:\/\/shipowners.fi\/sv\/arbetsmarknad-och-kompetens\/bemannings-och-kompetensfragor\/\",\"url\":\"https:\/\/shipowners.fi\/sv\/arbetsmarknad-och-kompetens\/bemannings-och-kompetensfragor\/\",\"name\":\"Bemannings och kompetens&shy;fr\u00e5gor - Rederierna i Finland\",\"isPartOf\":{\"@id\":\"https:\/\/shipowners.fi\/#website\"},\"datePublished\":\"2018-05-29T12:26:41+00:00\",\"dateModified\":\"2020-02-17T14:32:41+00:00\",\"breadcrumb\":{\"@id\":\"https:\/\/shipowners.fi\/sv\/arbetsmarknad-och-kompetens\/bemannings-och-kompetensfragor\/#breadcrumb\"},\"inLanguage\":\"sv-SE\",\"potentialAction\":[{\"@type\":\"ReadAction\",\"target\":[\"https:\/\/shipowners.fi\/sv\/arbetsmarknad-och-kompetens\/bemannings-och-kompetensfragor\/\"]}]},{\"@type\":\"BreadcrumbList\",\"@id\":\"https:\/\/shipowners.fi\/sv\/arbetsmarknad-och-kompetens\/bemannings-och-kompetensfragor\/#breadcrumb\",\"itemListElement\":[{\"@type\":\"ListItem\",\"position\":1,\"name\":\"Arbetsmarknad och kompetens\",\"item\":\"https:\/\/shipowners.fi\/sv\/arbetsmarknad-och-kompetens\/\"},{\"@type\":\"ListItem\",\"position\":2,\"name\":\"Bemannings och kompetens&shy;fr\u00e5gor\"}]},{\"@type\":\"WebSite\",\"@id\":\"https:\/\/shipowners.fi\/#website\",\"url\":\"https:\/\/shipowners.fi\/\",\"name\":\"Rederierna i Finland\",\"description\":\"\",\"potentialAction\":[{\"@type\":\"SearchAction\",\"target\":{\"@type\":\"EntryPoint\",\"urlTemplate\":\"https:\/\/shipowners.fi\/?s={search_term_string}\"},\"query-input\":{\"@type\":\"PropertyValueSpecification\",\"valueRequired\":true,\"valueName\":\"search_term_string\"}}],\"inLanguage\":\"sv-SE\"}]}<\/script>\n<!-- \/ Yoast SEO plugin. -->","yoast_head_json":{"title":"Bemannings och kompetens&shy;fr\u00e5gor - Rederierna i Finland","robots":{"index":"index","follow":"follow","max-snippet":"max-snippet:-1","max-image-preview":"max-image-preview:large","max-video-preview":"max-video-preview:-1"},"canonical":"https:\/\/shipowners.fi\/sv\/arbetsmarknad-och-kompetens\/bemannings-och-kompetensfragor\/","og_locale":"sv_SE","og_type":"article","og_title":"Bemannings och kompetens&shy;fr\u00e5gor - Rederierna i Finland","og_description":"En tillr\u00e4cklig och kompetent bemanning f\u00f6rs\u00e4krar trygg sj\u00f6fart. Tillr\u00e4ckliga och kompetenta niv\u00e5n av bemanning fastst\u00e4lls enligt STCW generalavtalet av Traficom. Rederierna i Finland ger utl\u00e5tande om bemanningens antal och kompetensniv\u00e5 p\u00e5 basen av Traficoms f\u00f6rslag. Kompetenskraven \u00e4r ocks\u00e5 en v\u00e4sentlig del av sj\u00f6fartens utbildning och Rederierna i Finland deltar i dess utveckling.","og_url":"https:\/\/shipowners.fi\/sv\/arbetsmarknad-och-kompetens\/bemannings-och-kompetensfragor\/","og_site_name":"Rederierna i Finland","article_modified_time":"2020-02-17T14:32:41+00:00","og_image":[{"width":1243,"height":901,"url":"https:\/\/shipowners.fi\/wp-content\/uploads\/2018\/05\/suomenvarustamot_etusivu.jpg","type":"image\/jpeg"}],"twitter_card":"summary_large_image","schema":{"@context":"https:\/\/schema.org","@graph":[{"@type":"WebPage","@id":"https:\/\/shipowners.fi\/sv\/arbetsmarknad-och-kompetens\/bemannings-och-kompetensfragor\/","url":"https:\/\/shipowners.fi\/sv\/arbetsmarknad-och-kompetens\/bemannings-och-kompetensfragor\/","name":"Bemannings och kompetens&shy;fr\u00e5gor - Rederierna i Finland","isPartOf":{"@id":"https:\/\/shipowners.fi\/#website"},"datePublished":"2018-05-29T12:26:41+00:00","dateModified":"2020-02-17T14:32:41+00:00","breadcrumb":{"@id":"https:\/\/shipowners.fi\/sv\/arbetsmarknad-och-kompetens\/bemannings-och-kompetensfragor\/#breadcrumb"},"inLanguage":"sv-SE","potentialAction":[{"@type":"ReadAction","target":["https:\/\/shipowners.fi\/sv\/arbetsmarknad-och-kompetens\/bemannings-och-kompetensfragor\/"]}]},{"@type":"BreadcrumbList","@id":"https:\/\/shipowners.fi\/sv\/arbetsmarknad-och-kompetens\/bemannings-och-kompetensfragor\/#breadcrumb","itemListElement":[{"@type":"ListItem","position":1,"name":"Arbetsmarknad och kompetens","item":"https:\/\/shipowners.fi\/sv\/arbetsmarknad-och-kompetens\/"},{"@type":"ListItem","position":2,"name":"Bemannings och kompetens&shy;fr\u00e5gor"}]},{"@type":"WebSite","@id":"https:\/\/shipowners.fi\/#website","url":"https:\/\/shipowners.fi\/","name":"Rederierna i Finland","description":"","potentialAction":[{"@type":"SearchAction","target":{"@type":"EntryPoint","urlTemplate":"https:\/\/shipowners.fi\/?s={search_term_string}"},"query-input":{"@type":"PropertyValueSpecification","valueRequired":true,"valueName":"search_term_string"}}],"inLanguage":"sv-SE"}]}},"_links":{"self":[{"href":"https:\/\/shipowners.fi\/sv\/wp-json\/wp\/v2\/pages\/326","targetHints":{"allow":["GET"]}}],"collection":[{"href":"https:\/\/shipowners.fi\/sv\/wp-json\/wp\/v2\/pages"}],"about":[{"href":"https:\/\/shipowners.fi\/sv\/wp-json\/wp\/v2\/types\/page"}],"author":[{"embeddable":true,"href":"https:\/\/shipowners.fi\/sv\/wp-json\/wp\/v2\/users\/1"}],"replies":[{"embeddable":true,"href":"https:\/\/shipowners.fi\/sv\/wp-json\/wp\/v2\/comments?post=326"}],"version-history":[{"count":5,"href":"https:\/\/shipowners.fi\/sv\/wp-json\/wp\/v2\/pages\/326\/revisions"}],"predecessor-version":[{"id":5292,"href":"https:\/\/shipowners.fi\/sv\/wp-json\/wp\/v2\/pages\/326\/revisions\/5292"}],"up":[{"embeddable":true,"href":"https:\/\/shipowners.fi\/sv\/wp-json\/wp\/v2\/pages\/166"}],"wp:attachment":[{"href":"https:\/\/shipowners.fi\/sv\/wp-json\/wp\/v2\/media?parent=326"}],"curies":[{"name":"wp","href":"https:\/\/api.w.org\/{rel}","templated":true}]}}