{"id":332,"date":"2018-05-29T15:28:13","date_gmt":"2018-05-29T12:28:13","guid":{"rendered":"https:\/\/shipowners.fi\/arbetsmarknad-och-kompetens\/koulutus\/"},"modified":"2023-02-06T11:36:51","modified_gmt":"2023-02-06T09:36:51","slug":"utbildning","status":"publish","type":"page","link":"https:\/\/shipowners.fi\/sv\/arbetsmarknad-och-kompetens\/utbildning\/","title":{"rendered":"Utbildning och kompetens"},"content":{"rendered":"<p>Sj\u00f6fartens utbildning sker p\u00e5 tv\u00e5 stadier, utbildning p\u00e5 andra stadiet och utbildning i yrkesh\u00f6gskola. En tillr\u00e4cklig niv\u00e5 av kompetenta sj\u00f6farare s\u00e4kerst\u00e4ller att det finns yrkesskicklig arbetskraft till hela klustret. Som del av det maritima klustret syssels\u00e4tter sj\u00f6fart ca. 43\u00a0500 personer i Finland och t.o.m. 500 000 personer indirekt. Rederierna i Finland \u00e4r aktivt med och utvecklar sj\u00f6fartens utbildning i Finland.<\/p>\n<p>Du kan bekanta dig med olika utbildningsprogram inom sj\u00f6fart via l\u00e4nken <a href=\"https:\/\/www.esitteemme.fi\/maritime\/WebView\/\" target=\"_blank\" rel=\"noopener noreferrer\">Maritime is the future!<\/a><\/p>\n<h3>Framtidens kunnande<\/h3>\n<p><img loading=\"lazy\" decoding=\"async\" class=\"wp-image-2923 alignnone\" src=\"https:\/\/shipowners.fi\/wp-content\/uploads\/2019\/02\/Future-competencies-visio-300x169.jpg\" alt=\"\" width=\"662\" height=\"373\" srcset=\"https:\/\/shipowners.fi\/wp-content\/uploads\/2019\/02\/Future-competencies-visio-300x169.jpg 300w, https:\/\/shipowners.fi\/wp-content\/uploads\/2019\/02\/Future-competencies-visio-768x432.jpg 768w, https:\/\/shipowners.fi\/wp-content\/uploads\/2019\/02\/Future-competencies-visio-960x540.jpg 960w, https:\/\/shipowners.fi\/wp-content\/uploads\/2019\/02\/Future-competencies-visio.jpg 1280w\" sizes=\"auto, (max-width: 662px) 100vw, 662px\" \/><\/p>\n<p><em>Framtidsvisionen f\u00f6r sj\u00f6fartens kunnande har utvecklats i samarbete med flera intressenter.<\/em><\/p>\n<h3><strong>I seminariet Framtidens sj\u00f6fartsproffs s\u00f6ktes l\u00f6sningar till arbetskraftsbrist <\/strong><\/h3>\n<p><strong>Rederierna i Finland ordnade 9.11.2022 ett seminarium och workshop f\u00f6r att diskutera utmaningar med tillg\u00e5ngen till arbetskraft inom sj\u00f6farten. Syftet var att tillsammans med olika intressentgrupper hitta l\u00f6sningar till den begynnande bristen p\u00e5 arbetskraft. <\/strong><\/p>\n<p>Gruppen som samlats i Nationalsalen i Helsingfors bestod av representanter fr\u00e5n rederier, sj\u00f6fartsfacken, myndigheter och sj\u00f6fartsskolorna. Inledningsvis talade Tiina Tuurnala, verkst\u00e4llande direkt\u00f6r vid Rederierna i Finland och Mikki Koskinen, verkst\u00e4llande direkt\u00f6r vid ESL Shipping och styrelseordf\u00f6rande Rederierna i Finland, om rederiernas arbetskraftsbehov i nul\u00e4get. Koskinen efterlyste aktivt deltagande och satsningar f\u00f6r att l\u00f6sa utmaningarna av hela branschen.<\/p>\n<p>Maija Mattila fr\u00e5n Rederierna i Finland och Jukka Tuomaala fr\u00e5n Traficom presenterade statistik om arbetskraftsl\u00e4get. L\u00e4roanstalternas syn p\u00e5 \u00e4mnet presenterades av Tapani Salmenhaara fr\u00e5n Syd\u00f6stra Finlands yrkesh\u00f6gskola och studerande Jarmo Mett\u00e4l\u00e4.<\/p>\n<p>Ett centralt bekymmer konstaterades vara, att det inte kommer finnas tillr\u00e4ckligt med nya sj\u00f6farare f\u00f6r att ers\u00e4tta den stora delen av arbetskraften som kommer att g\u00e5 i pension under de n\u00e4rmaste \u00e5ren. Bristen p\u00e5 arbetskraft har redan uppt\u00e4ckts i rederier, i alla uppgifter. Samtidigt hoppar en orov\u00e4ckande h\u00f6g andel av de studenter som p\u00e5b\u00f6rjar sina studier vid sj\u00f6fartsskolorna av. Tillg\u00e5ngen p\u00e5 arbetskraft p\u00e5verkas ocks\u00e5 av att relativt f\u00e5 kvinnor fortfarande s\u00f6ker arbete till sj\u00f6ss. Dessutom forts\u00e4tter sj\u00f6fararnas karri\u00e4rer inte alltid fram till pensions\u00e5ldern, utan de blir i allt h\u00f6gre grad bort fr\u00e5n sj\u00f6arbete p\u00e5 grund av bland annat h\u00e4lsosk\u00e4l.<\/p>\n<p>Efter presentationerna diskuterade publiken situationen och dess l\u00f6sningar i grupper. Det uppkom gott om utvecklingsomr\u00e5den och f\u00f6rslag p\u00e5 \u00e5tg\u00e4rder. Diskussionerna inriktades bland annat p\u00e5 att utveckla utbildningen och handledd fartygspraktik, f\u00f6rb\u00e4ttra branschens attraktionskraft bland unga genom att \u00f6ka synligheten p\u00e5 sociala medier och organisera infotillf\u00e4llen i skolor, f\u00f6rb\u00e4ttra arbetsmilj\u00f6n och arbetsv\u00e4lbefinnandet ombord genom att utveckla ledningskunskaper och arbetskultur, samt f\u00f6renkla kvalifikationsf\u00f6rfarandena. F\u00f6r att f\u00f6rl\u00e4nga karri\u00e4rer noterades det bland annat att m\u00f6jligheten att f\u00f6rena sj\u00f6arbete med familjeliv, och karri\u00e4rstigar fr\u00e5n hav till land b\u00f6r utvecklas. Den nuvarande l\u00e4ngden av utbildningen och l\u00e4roavtal v\u00e4ckte ocks\u00e5 diskussion.<\/p>\n<p>Som ett resultat av en konstruktiv workshop besl\u00f6ts det att inr\u00e4tta en gemensam arbetsgrupp f\u00f6r att f\u00f6ra de fr\u00e5gor som tagits upp vidare. Arbetsgruppen kommer att s\u00e4ttas samman av Rederierna i Finland och inleder sitt arbete i b\u00f6rjan av 2023.<\/p>\n<p>Arbetet f\u00f6r att \u00f6ka sektorns attraktionskraft och synlighet bland unga har fr\u00e4mjats genom ett antal \u00e5tg\u00e4rder under de senaste \u00e5ren. F\u00f6r att n\u00e5 potentiell arbetskraft bland unga har det bland annat inletts samarbete med studie- och yrkesv\u00e4gledare, skapats en broschyr om utbildningsalternativen inom sj\u00f6fart, producerats en podcast om sj\u00f6fartsklustret och en video om sj\u00f6fartens betydelse. I \u00e5r har Rederierna i Finland startat F\u00f6retagsby-samarbetet, d\u00e4r niondeklassare f\u00e5r l\u00e4ra sig om rederier och sj\u00f6fartsindustrin i en f\u00f6retagsspelsimulering.<\/p>\n<p>&nbsp;<\/p>\n","protected":false},"excerpt":{"rendered":"<p>Sj\u00f6fartens utbildning sker p\u00e5 tv\u00e5 stadier, utbildning p\u00e5 andra stadiet och utbildning i yrkesh\u00f6gskola. En tillr\u00e4cklig niv\u00e5 av kompetenta sj\u00f6farare s\u00e4kerst\u00e4ller att det finns yrkesskicklig arbetskraft till hela klustret. Som del av det maritima klustret syssels\u00e4tter sj\u00f6fart ca. 43\u00a0500 personer i Finland och t.o.m. 500 000 personer indirekt. Rederierna i Finland \u00e4r aktivt med och&hellip;<\/p>\n","protected":false},"author":1,"featured_media":0,"parent":166,"menu_order":127,"comment_status":"closed","ping_status":"closed","template":"","meta":{"_acf_changed":false,"footnotes":""},"class_list":["post-332","page","type-page","status-publish","hentry"],"acf":[],"yoast_head":"<!-- This site is optimized with the Yoast SEO plugin v27.2 - https:\/\/yoast.com\/product\/yoast-seo-wordpress\/ -->\n<title>Utbildning och kompetens - Rederierna i Finland<\/title>\n<meta name=\"robots\" content=\"index, follow, max-snippet:-1, max-image-preview:large, max-video-preview:-1\" \/>\n<link rel=\"canonical\" href=\"https:\/\/shipowners.fi\/sv\/arbetsmarknad-och-kompetens\/utbildning\/\" \/>\n<meta property=\"og:locale\" content=\"sv_SE\" \/>\n<meta property=\"og:type\" content=\"article\" \/>\n<meta property=\"og:title\" content=\"Utbildning och kompetens - Rederierna i Finland\" \/>\n<meta property=\"og:description\" content=\"Sj\u00f6fartens utbildning sker p\u00e5 tv\u00e5 stadier, utbildning p\u00e5 andra stadiet och utbildning i yrkesh\u00f6gskola. En tillr\u00e4cklig niv\u00e5 av kompetenta sj\u00f6farare s\u00e4kerst\u00e4ller att det finns yrkesskicklig arbetskraft till hela klustret. Som del av det maritima klustret syssels\u00e4tter sj\u00f6fart ca. 43\u00a0500 personer i Finland och t.o.m. 500 000 personer indirekt. Rederierna i Finland \u00e4r aktivt med och&hellip;\" \/>\n<meta property=\"og:url\" content=\"https:\/\/shipowners.fi\/sv\/arbetsmarknad-och-kompetens\/utbildning\/\" \/>\n<meta property=\"og:site_name\" content=\"Rederierna i Finland\" \/>\n<meta property=\"article:modified_time\" content=\"2023-02-06T09:36:51+00:00\" \/>\n<meta property=\"og:image\" content=\"https:\/\/shipowners.fi\/wp-content\/uploads\/2019\/02\/Future-competencies-visio-300x169.jpg\" \/>\n<meta name=\"twitter:card\" content=\"summary_large_image\" \/>\n<meta name=\"twitter:label1\" content=\"Ber\u00e4knad l\u00e4stid\" \/>\n\t<meta name=\"twitter:data1\" content=\"6 minuter\" \/>\n<script type=\"application\/ld+json\" class=\"yoast-schema-graph\">{\"@context\":\"https:\/\/schema.org\",\"@graph\":[{\"@type\":\"WebPage\",\"@id\":\"https:\/\/shipowners.fi\/sv\/arbetsmarknad-och-kompetens\/utbildning\/\",\"url\":\"https:\/\/shipowners.fi\/sv\/arbetsmarknad-och-kompetens\/utbildning\/\",\"name\":\"Utbildning och kompetens - Rederierna i Finland\",\"isPartOf\":{\"@id\":\"https:\/\/shipowners.fi\/#website\"},\"primaryImageOfPage\":{\"@id\":\"https:\/\/shipowners.fi\/sv\/arbetsmarknad-och-kompetens\/utbildning\/#primaryimage\"},\"image\":{\"@id\":\"https:\/\/shipowners.fi\/sv\/arbetsmarknad-och-kompetens\/utbildning\/#primaryimage\"},\"thumbnailUrl\":\"https:\/\/shipowners.fi\/wp-content\/uploads\/2019\/02\/Future-competencies-visio-300x169.jpg\",\"datePublished\":\"2018-05-29T12:28:13+00:00\",\"dateModified\":\"2023-02-06T09:36:51+00:00\",\"breadcrumb\":{\"@id\":\"https:\/\/shipowners.fi\/sv\/arbetsmarknad-och-kompetens\/utbildning\/#breadcrumb\"},\"inLanguage\":\"sv-SE\",\"potentialAction\":[{\"@type\":\"ReadAction\",\"target\":[\"https:\/\/shipowners.fi\/sv\/arbetsmarknad-och-kompetens\/utbildning\/\"]}]},{\"@type\":\"ImageObject\",\"inLanguage\":\"sv-SE\",\"@id\":\"https:\/\/shipowners.fi\/sv\/arbetsmarknad-och-kompetens\/utbildning\/#primaryimage\",\"url\":\"https:\/\/shipowners.fi\/wp-content\/uploads\/2019\/02\/Future-competencies-visio-300x169.jpg\",\"contentUrl\":\"https:\/\/shipowners.fi\/wp-content\/uploads\/2019\/02\/Future-competencies-visio-300x169.jpg\"},{\"@type\":\"BreadcrumbList\",\"@id\":\"https:\/\/shipowners.fi\/sv\/arbetsmarknad-och-kompetens\/utbildning\/#breadcrumb\",\"itemListElement\":[{\"@type\":\"ListItem\",\"position\":1,\"name\":\"Arbetsmarknad och kompetens\",\"item\":\"https:\/\/shipowners.fi\/sv\/arbetsmarknad-och-kompetens\/\"},{\"@type\":\"ListItem\",\"position\":2,\"name\":\"Utbildning och kompetens\"}]},{\"@type\":\"WebSite\",\"@id\":\"https:\/\/shipowners.fi\/#website\",\"url\":\"https:\/\/shipowners.fi\/\",\"name\":\"Rederierna i Finland\",\"description\":\"\",\"potentialAction\":[{\"@type\":\"SearchAction\",\"target\":{\"@type\":\"EntryPoint\",\"urlTemplate\":\"https:\/\/shipowners.fi\/?s={search_term_string}\"},\"query-input\":{\"@type\":\"PropertyValueSpecification\",\"valueRequired\":true,\"valueName\":\"search_term_string\"}}],\"inLanguage\":\"sv-SE\"}]}<\/script>\n<!-- \/ Yoast SEO plugin. -->","yoast_head_json":{"title":"Utbildning och kompetens - Rederierna i Finland","robots":{"index":"index","follow":"follow","max-snippet":"max-snippet:-1","max-image-preview":"max-image-preview:large","max-video-preview":"max-video-preview:-1"},"canonical":"https:\/\/shipowners.fi\/sv\/arbetsmarknad-och-kompetens\/utbildning\/","og_locale":"sv_SE","og_type":"article","og_title":"Utbildning och kompetens - Rederierna i Finland","og_description":"Sj\u00f6fartens utbildning sker p\u00e5 tv\u00e5 stadier, utbildning p\u00e5 andra stadiet och utbildning i yrkesh\u00f6gskola. En tillr\u00e4cklig niv\u00e5 av kompetenta sj\u00f6farare s\u00e4kerst\u00e4ller att det finns yrkesskicklig arbetskraft till hela klustret. Som del av det maritima klustret syssels\u00e4tter sj\u00f6fart ca. 43\u00a0500 personer i Finland och t.o.m. 500 000 personer indirekt. Rederierna i Finland \u00e4r aktivt med och&hellip;","og_url":"https:\/\/shipowners.fi\/sv\/arbetsmarknad-och-kompetens\/utbildning\/","og_site_name":"Rederierna i Finland","article_modified_time":"2023-02-06T09:36:51+00:00","og_image":[{"url":"https:\/\/shipowners.fi\/wp-content\/uploads\/2019\/02\/Future-competencies-visio-300x169.jpg","type":"","width":"","height":""}],"twitter_card":"summary_large_image","twitter_misc":{"Ber\u00e4knad l\u00e4stid":"6 minuter"},"schema":{"@context":"https:\/\/schema.org","@graph":[{"@type":"WebPage","@id":"https:\/\/shipowners.fi\/sv\/arbetsmarknad-och-kompetens\/utbildning\/","url":"https:\/\/shipowners.fi\/sv\/arbetsmarknad-och-kompetens\/utbildning\/","name":"Utbildning och kompetens - Rederierna i Finland","isPartOf":{"@id":"https:\/\/shipowners.fi\/#website"},"primaryImageOfPage":{"@id":"https:\/\/shipowners.fi\/sv\/arbetsmarknad-och-kompetens\/utbildning\/#primaryimage"},"image":{"@id":"https:\/\/shipowners.fi\/sv\/arbetsmarknad-och-kompetens\/utbildning\/#primaryimage"},"thumbnailUrl":"https:\/\/shipowners.fi\/wp-content\/uploads\/2019\/02\/Future-competencies-visio-300x169.jpg","datePublished":"2018-05-29T12:28:13+00:00","dateModified":"2023-02-06T09:36:51+00:00","breadcrumb":{"@id":"https:\/\/shipowners.fi\/sv\/arbetsmarknad-och-kompetens\/utbildning\/#breadcrumb"},"inLanguage":"sv-SE","potentialAction":[{"@type":"ReadAction","target":["https:\/\/shipowners.fi\/sv\/arbetsmarknad-och-kompetens\/utbildning\/"]}]},{"@type":"ImageObject","inLanguage":"sv-SE","@id":"https:\/\/shipowners.fi\/sv\/arbetsmarknad-och-kompetens\/utbildning\/#primaryimage","url":"https:\/\/shipowners.fi\/wp-content\/uploads\/2019\/02\/Future-competencies-visio-300x169.jpg","contentUrl":"https:\/\/shipowners.fi\/wp-content\/uploads\/2019\/02\/Future-competencies-visio-300x169.jpg"},{"@type":"BreadcrumbList","@id":"https:\/\/shipowners.fi\/sv\/arbetsmarknad-och-kompetens\/utbildning\/#breadcrumb","itemListElement":[{"@type":"ListItem","position":1,"name":"Arbetsmarknad och kompetens","item":"https:\/\/shipowners.fi\/sv\/arbetsmarknad-och-kompetens\/"},{"@type":"ListItem","position":2,"name":"Utbildning och kompetens"}]},{"@type":"WebSite","@id":"https:\/\/shipowners.fi\/#website","url":"https:\/\/shipowners.fi\/","name":"Rederierna i Finland","description":"","potentialAction":[{"@type":"SearchAction","target":{"@type":"EntryPoint","urlTemplate":"https:\/\/shipowners.fi\/?s={search_term_string}"},"query-input":{"@type":"PropertyValueSpecification","valueRequired":true,"valueName":"search_term_string"}}],"inLanguage":"sv-SE"}]}},"_links":{"self":[{"href":"https:\/\/shipowners.fi\/sv\/wp-json\/wp\/v2\/pages\/332","targetHints":{"allow":["GET"]}}],"collection":[{"href":"https:\/\/shipowners.fi\/sv\/wp-json\/wp\/v2\/pages"}],"about":[{"href":"https:\/\/shipowners.fi\/sv\/wp-json\/wp\/v2\/types\/page"}],"author":[{"embeddable":true,"href":"https:\/\/shipowners.fi\/sv\/wp-json\/wp\/v2\/users\/1"}],"replies":[{"embeddable":true,"href":"https:\/\/shipowners.fi\/sv\/wp-json\/wp\/v2\/comments?post=332"}],"version-history":[{"count":10,"href":"https:\/\/shipowners.fi\/sv\/wp-json\/wp\/v2\/pages\/332\/revisions"}],"predecessor-version":[{"id":9427,"href":"https:\/\/shipowners.fi\/sv\/wp-json\/wp\/v2\/pages\/332\/revisions\/9427"}],"up":[{"embeddable":true,"href":"https:\/\/shipowners.fi\/sv\/wp-json\/wp\/v2\/pages\/166"}],"wp:attachment":[{"href":"https:\/\/shipowners.fi\/sv\/wp-json\/wp\/v2\/media?parent=332"}],"curies":[{"name":"wp","href":"https:\/\/api.w.org\/{rel}","templated":true}]}}