{"id":338,"date":"2018-05-29T15:29:11","date_gmt":"2018-05-29T12:29:11","guid":{"rendered":"https:\/\/shipowners.fi\/arbetsmarknad-och-kompetens\/merenkulun-harjoittelumylly\/"},"modified":"2021-03-19T15:19:44","modified_gmt":"2021-03-19T13:19:44","slug":"sjofartens-praktik-kvarn","status":"publish","type":"page","link":"https:\/\/shipowners.fi\/sv\/arbetsmarknad-och-kompetens\/sjofartens-praktik-kvarn\/","title":{"rendered":"Sj\u00f6fartens PraktikKvarn"},"content":{"rendered":"<p>Som st\u00f6d f\u00f6r sj\u00f6fartsbranschen grundades Sj\u00f6farts PraktikKvarnen tillsammans av Rederierna i Finland och finska sj\u00f6fartsskolorna. Kvarnens verksamhet inleddes i september \u00e5r 2012 men sedan \u00e5r 2015 har Sj\u00f6fartens Praktikkvarn fungerat som en egen f\u00f6rening. I dag \u00e4r Rederierna i Finland och finska sj\u00f6fartsskolorna en del av f\u00f6reningens medlemmar.<\/p>\n<p>Kvarnens fr\u00e4msta uppgift \u00e4r att koordinera och att j\u00e4mt dela ut praktikplatser \u00e5t sj\u00f6fartskolorna och deras studeranden p\u00e5 finska handelsflottans fartyg. Under det f\u00f6rsta verksamhets\u00e5ret delades det ut ca 700 praktikplatser, \u00e5r 2019 var motsvarande siffra 950 och \u00e5r 2020 cirka 800.<\/p>\n<p>Kvarnen fungerar som en l\u00e4nk mellan sj\u00f6fartsskolorna och rederierna. Kvarnen \u00e4r aktivt i kontakt med skolorna, rederierna och fartygen. F\u00f6rutom att koordinera praktikplatserna, \u00e4r informerandet av skolorna och rederierna ang\u00e5ende praktiksituationen en av Kvarnens viktigaste uppgifter.<\/p>\n<p>PraktikKvarnen \u00e4r underhyresg\u00e4st i Rederierna i Finlands kontorsutrymmen i centrum.<\/p>\n","protected":false},"excerpt":{"rendered":"<p>Som st\u00f6d f\u00f6r sj\u00f6fartsbranschen grundades Sj\u00f6farts PraktikKvarnen tillsammans av Rederierna i Finland och finska sj\u00f6fartsskolorna. Kvarnens verksamhet inleddes i september \u00e5r 2012 men sedan \u00e5r 2015 har Sj\u00f6fartens Praktikkvarn fungerat som en egen f\u00f6rening. I dag \u00e4r Rederierna i Finland och finska sj\u00f6fartsskolorna en del av f\u00f6reningens medlemmar. Kvarnens fr\u00e4msta uppgift \u00e4r att koordinera och&hellip;<\/p>\n","protected":false},"author":1,"featured_media":0,"parent":166,"menu_order":138,"comment_status":"closed","ping_status":"closed","template":"","meta":{"_acf_changed":false,"footnotes":""},"class_list":["post-338","page","type-page","status-publish","hentry"],"acf":[],"yoast_head":"<!-- This site is optimized with the Yoast SEO plugin v27.2 - https:\/\/yoast.com\/product\/yoast-seo-wordpress\/ -->\n<title>Sj\u00f6fartens PraktikKvarn - Rederierna i Finland<\/title>\n<meta name=\"robots\" content=\"index, follow, max-snippet:-1, max-image-preview:large, max-video-preview:-1\" \/>\n<link rel=\"canonical\" href=\"https:\/\/shipowners.fi\/sv\/arbetsmarknad-och-kompetens\/sjofartens-praktik-kvarn\/\" \/>\n<meta property=\"og:locale\" content=\"sv_SE\" \/>\n<meta property=\"og:type\" content=\"article\" \/>\n<meta property=\"og:title\" content=\"Sj\u00f6fartens PraktikKvarn - Rederierna i Finland\" \/>\n<meta property=\"og:description\" content=\"Som st\u00f6d f\u00f6r sj\u00f6fartsbranschen grundades Sj\u00f6farts PraktikKvarnen tillsammans av Rederierna i Finland och finska sj\u00f6fartsskolorna. Kvarnens verksamhet inleddes i september \u00e5r 2012 men sedan \u00e5r 2015 har Sj\u00f6fartens Praktikkvarn fungerat som en egen f\u00f6rening. I dag \u00e4r Rederierna i Finland och finska sj\u00f6fartsskolorna en del av f\u00f6reningens medlemmar. Kvarnens fr\u00e4msta uppgift \u00e4r att koordinera och&hellip;\" \/>\n<meta property=\"og:url\" content=\"https:\/\/shipowners.fi\/sv\/arbetsmarknad-och-kompetens\/sjofartens-praktik-kvarn\/\" \/>\n<meta property=\"og:site_name\" content=\"Rederierna i Finland\" \/>\n<meta property=\"article:modified_time\" content=\"2021-03-19T13:19:44+00:00\" \/>\n<meta property=\"og:image\" content=\"https:\/\/shipowners.fi\/wp-content\/uploads\/2018\/05\/suomenvarustamot_etusivu.jpg\" \/>\n\t<meta property=\"og:image:width\" content=\"1243\" \/>\n\t<meta property=\"og:image:height\" content=\"901\" \/>\n\t<meta property=\"og:image:type\" content=\"image\/jpeg\" \/>\n<meta name=\"twitter:card\" content=\"summary_large_image\" \/>\n<meta name=\"twitter:label1\" content=\"Ber\u00e4knad l\u00e4stid\" \/>\n\t<meta name=\"twitter:data1\" content=\"1 minut\" \/>\n<script type=\"application\/ld+json\" class=\"yoast-schema-graph\">{\"@context\":\"https:\/\/schema.org\",\"@graph\":[{\"@type\":\"WebPage\",\"@id\":\"https:\/\/shipowners.fi\/sv\/arbetsmarknad-och-kompetens\/sjofartens-praktik-kvarn\/\",\"url\":\"https:\/\/shipowners.fi\/sv\/arbetsmarknad-och-kompetens\/sjofartens-praktik-kvarn\/\",\"name\":\"Sj\u00f6fartens PraktikKvarn - Rederierna i Finland\",\"isPartOf\":{\"@id\":\"https:\/\/shipowners.fi\/#website\"},\"datePublished\":\"2018-05-29T12:29:11+00:00\",\"dateModified\":\"2021-03-19T13:19:44+00:00\",\"breadcrumb\":{\"@id\":\"https:\/\/shipowners.fi\/sv\/arbetsmarknad-och-kompetens\/sjofartens-praktik-kvarn\/#breadcrumb\"},\"inLanguage\":\"sv-SE\",\"potentialAction\":[{\"@type\":\"ReadAction\",\"target\":[\"https:\/\/shipowners.fi\/sv\/arbetsmarknad-och-kompetens\/sjofartens-praktik-kvarn\/\"]}]},{\"@type\":\"BreadcrumbList\",\"@id\":\"https:\/\/shipowners.fi\/sv\/arbetsmarknad-och-kompetens\/sjofartens-praktik-kvarn\/#breadcrumb\",\"itemListElement\":[{\"@type\":\"ListItem\",\"position\":1,\"name\":\"Arbetsmarknad och kompetens\",\"item\":\"https:\/\/shipowners.fi\/sv\/arbetsmarknad-och-kompetens\/\"},{\"@type\":\"ListItem\",\"position\":2,\"name\":\"Sj\u00f6fartens PraktikKvarn\"}]},{\"@type\":\"WebSite\",\"@id\":\"https:\/\/shipowners.fi\/#website\",\"url\":\"https:\/\/shipowners.fi\/\",\"name\":\"Rederierna i Finland\",\"description\":\"\",\"potentialAction\":[{\"@type\":\"SearchAction\",\"target\":{\"@type\":\"EntryPoint\",\"urlTemplate\":\"https:\/\/shipowners.fi\/?s={search_term_string}\"},\"query-input\":{\"@type\":\"PropertyValueSpecification\",\"valueRequired\":true,\"valueName\":\"search_term_string\"}}],\"inLanguage\":\"sv-SE\"}]}<\/script>\n<!-- \/ Yoast SEO plugin. -->","yoast_head_json":{"title":"Sj\u00f6fartens PraktikKvarn - Rederierna i Finland","robots":{"index":"index","follow":"follow","max-snippet":"max-snippet:-1","max-image-preview":"max-image-preview:large","max-video-preview":"max-video-preview:-1"},"canonical":"https:\/\/shipowners.fi\/sv\/arbetsmarknad-och-kompetens\/sjofartens-praktik-kvarn\/","og_locale":"sv_SE","og_type":"article","og_title":"Sj\u00f6fartens PraktikKvarn - Rederierna i Finland","og_description":"Som st\u00f6d f\u00f6r sj\u00f6fartsbranschen grundades Sj\u00f6farts PraktikKvarnen tillsammans av Rederierna i Finland och finska sj\u00f6fartsskolorna. Kvarnens verksamhet inleddes i september \u00e5r 2012 men sedan \u00e5r 2015 har Sj\u00f6fartens Praktikkvarn fungerat som en egen f\u00f6rening. I dag \u00e4r Rederierna i Finland och finska sj\u00f6fartsskolorna en del av f\u00f6reningens medlemmar. Kvarnens fr\u00e4msta uppgift \u00e4r att koordinera och&hellip;","og_url":"https:\/\/shipowners.fi\/sv\/arbetsmarknad-och-kompetens\/sjofartens-praktik-kvarn\/","og_site_name":"Rederierna i Finland","article_modified_time":"2021-03-19T13:19:44+00:00","og_image":[{"width":1243,"height":901,"url":"https:\/\/shipowners.fi\/wp-content\/uploads\/2018\/05\/suomenvarustamot_etusivu.jpg","type":"image\/jpeg"}],"twitter_card":"summary_large_image","twitter_misc":{"Ber\u00e4knad l\u00e4stid":"1 minut"},"schema":{"@context":"https:\/\/schema.org","@graph":[{"@type":"WebPage","@id":"https:\/\/shipowners.fi\/sv\/arbetsmarknad-och-kompetens\/sjofartens-praktik-kvarn\/","url":"https:\/\/shipowners.fi\/sv\/arbetsmarknad-och-kompetens\/sjofartens-praktik-kvarn\/","name":"Sj\u00f6fartens PraktikKvarn - Rederierna i Finland","isPartOf":{"@id":"https:\/\/shipowners.fi\/#website"},"datePublished":"2018-05-29T12:29:11+00:00","dateModified":"2021-03-19T13:19:44+00:00","breadcrumb":{"@id":"https:\/\/shipowners.fi\/sv\/arbetsmarknad-och-kompetens\/sjofartens-praktik-kvarn\/#breadcrumb"},"inLanguage":"sv-SE","potentialAction":[{"@type":"ReadAction","target":["https:\/\/shipowners.fi\/sv\/arbetsmarknad-och-kompetens\/sjofartens-praktik-kvarn\/"]}]},{"@type":"BreadcrumbList","@id":"https:\/\/shipowners.fi\/sv\/arbetsmarknad-och-kompetens\/sjofartens-praktik-kvarn\/#breadcrumb","itemListElement":[{"@type":"ListItem","position":1,"name":"Arbetsmarknad och kompetens","item":"https:\/\/shipowners.fi\/sv\/arbetsmarknad-och-kompetens\/"},{"@type":"ListItem","position":2,"name":"Sj\u00f6fartens PraktikKvarn"}]},{"@type":"WebSite","@id":"https:\/\/shipowners.fi\/#website","url":"https:\/\/shipowners.fi\/","name":"Rederierna i Finland","description":"","potentialAction":[{"@type":"SearchAction","target":{"@type":"EntryPoint","urlTemplate":"https:\/\/shipowners.fi\/?s={search_term_string}"},"query-input":{"@type":"PropertyValueSpecification","valueRequired":true,"valueName":"search_term_string"}}],"inLanguage":"sv-SE"}]}},"_links":{"self":[{"href":"https:\/\/shipowners.fi\/sv\/wp-json\/wp\/v2\/pages\/338","targetHints":{"allow":["GET"]}}],"collection":[{"href":"https:\/\/shipowners.fi\/sv\/wp-json\/wp\/v2\/pages"}],"about":[{"href":"https:\/\/shipowners.fi\/sv\/wp-json\/wp\/v2\/types\/page"}],"author":[{"embeddable":true,"href":"https:\/\/shipowners.fi\/sv\/wp-json\/wp\/v2\/users\/1"}],"replies":[{"embeddable":true,"href":"https:\/\/shipowners.fi\/sv\/wp-json\/wp\/v2\/comments?post=338"}],"version-history":[{"count":6,"href":"https:\/\/shipowners.fi\/sv\/wp-json\/wp\/v2\/pages\/338\/revisions"}],"predecessor-version":[{"id":7075,"href":"https:\/\/shipowners.fi\/sv\/wp-json\/wp\/v2\/pages\/338\/revisions\/7075"}],"up":[{"embeddable":true,"href":"https:\/\/shipowners.fi\/sv\/wp-json\/wp\/v2\/pages\/166"}],"wp:attachment":[{"href":"https:\/\/shipowners.fi\/sv\/wp-json\/wp\/v2\/media?parent=338"}],"curies":[{"name":"wp","href":"https:\/\/api.w.org\/{rel}","templated":true}]}}