{"id":3559,"date":"2019-05-13T14:10:59","date_gmt":"2019-05-13T11:10:59","guid":{"rendered":"https:\/\/shipowners.fi\/?page_id=3559"},"modified":"2021-10-25T11:08:44","modified_gmt":"2021-10-25T08:08:44","slug":"sjofartens-koldioxidutslapp","status":"publish","type":"page","link":"https:\/\/shipowners.fi\/sv\/ansvarsfullhet\/miljon-och-klimat\/klimatskydd-och-klimatforandringen\/sjofartens-koldioxidutslapp\/","title":{"rendered":"Sj\u00f6fartens koldioxidutsl\u00e4pp"},"content":{"rendered":"<p>En av sj\u00f6fartssektorns mest centrala m\u00e5ls\u00e4ttningar har i \u00e5ratal varit att minska sina utsl\u00e4pp och utveckla branschen i en alltmer milj\u00f6v\u00e4nlig riktning.<\/p>\n<p>FN:s sj\u00f6fartsorgan IMO besl\u00f6t i april 2018 om utsl\u00e4ppsminskningar f\u00f6r v\u00e4rldssj\u00f6farten. Enligt beslutet skall den internationella sj\u00f6trafiken minska sina koldioxidutsl\u00e4pp per ton-kilometer med minst 40 % fram till 2030 och med 70 % fram till \u00e5r 2050, b\u00e4gge j\u00e4mf\u00f6rt med \u00e5r 2008 niv\u00e5n. IMO besl\u00f6t ytterligare att de \u00e5rliga v\u00e4xthusgasutsl\u00e4ppen skall minskas med minst 50 % i absoluta termer fram till \u00e5r 2050 oberoende av \u00f6kade trafikvolymer i v\u00e4rldshandeln och d\u00e4refter forts\u00e4tta driva en progressiv utveckling f\u00f6r en fullst\u00e4ndig eliminering av alla koldioxidutsl\u00e4ppen. Dessa begr\u00e4nsningar g\u00e4ller hela sj\u00f6fartssektorn och inte endast nya fartyg. Rederiindustrin har proponerat sk\u00e4rpning av IMO:s utsl\u00e4ppss\u00e4nkningsm\u00e5l, till att hela den globala sj\u00f6farten ska vara kolneutral senast \u00e5ret 2050.<\/p>\n<p>I juli 2021 offentliggjorde Europeiska kommissionen klimatpaketet Fit-for-55, som syftar till att minska nettoutsl\u00e4ppen i EU med minst 55 procent till \u00e5r 2030, j\u00e4mf\u00f6rt med 1990 \u00e5rs niv\u00e5er. Klimatpaketet inneh\u00e5ller fyra initiativ som p\u00e5verkar sj\u00f6farten: 1) Integrering av sj\u00f6farten i EU:s utsl\u00e4ppshandel 2) FuelEU Maritime som \u00e4mnar \u00f6ka anv\u00e4ndningen av alternativa och f\u00f6rnybara br\u00e4nslen 3) Reform av energiskattedirektivet 4) Direktivet om distribution av alternativa br\u00e4nslen.<\/p>\n<p>Redan idag \u00f6vervakas sj\u00f6fartens koldioxidutsl\u00e4pp p\u00e5 fartygsniv\u00e5 och de uppm\u00e4tta resultaten rapporteras till EU kommissionen. EU:s system f\u00f6r uppf\u00f6ljning, rapportering och verifiering (Monitoring, Reporting, Verifying), dvs. det s\u00e5 kallade MRV-systemet \u00e4r en del av sj\u00f6fartens \u00e5tg\u00e4rder f\u00f6r att minska utsl\u00e4ppen. I praktiken samlar rederierna uppgifter om br\u00e4nslef\u00f6rbrukningen p\u00e5 varje fartyg, som sedan verifieras av opartiska ratinginstitut och skickas till EU och IMO. Systemet har varit i bruk p\u00e5 EU niv\u00e5 sedan 2018 och globalt fr\u00e5n b\u00f6rjan av \u00e5ret 2019. Andra trafikslag har inte ett motsvarande globalt datainsamlingssystem, som baseras p\u00e5 realiserad f\u00f6rbrukning.<\/p>\n<p>D\u00e5 sj\u00f6trafikens utsl\u00e4pp ber\u00e4knas enligt f\u00f6rverkligade och verifierade br\u00e4nslef\u00f6rbrukningssiffror, kan det konstateras att sj\u00f6resandet \u00e4r ett relativt milj\u00f6v\u00e4nligt alternativ. MRV -uppf\u00f6ljningssystemets uppgifter rapporteras med allokering av utsl\u00e4pp antingen enligt tyngd eller area. D\u00e5 man j\u00e4mf\u00f6r utsl\u00e4pp mellan olika trafikslag, \u00e4r det viktigt att man h\u00e4nvisar till siffror som ber\u00e4knats p\u00e5 samma s\u00e4tt. F\u00f6r att underl\u00e4tta j\u00e4mf\u00f6relser, \u00e4r allokeringen mellan passagerare och last h\u00e4rnedan enligt tyngd. Till exempel \u00e5ret 2018 var koldioxidavtrycket per passagerare p\u00e5 exempelrutterna f\u00f6ljande:<\/p>\n<ul>\n<li>Helsingfors \u2013 Stockholm 20-24 kg \/passagerare (flyg enligt ICAO 41-46 kg \/passagerare)<\/li>\n<li>Helsingfors-Travem\u00fcnde 69-79 kg \/passagerare (flyg enligt ICAO 142 kg \/passagerare).<\/li>\n<\/ul>\n<p>90 % av v\u00e4rldshandeln transporteras p\u00e5 fartygs k\u00f6lar, men endast ca. 2,6 % av utsl\u00e4ppen \u00e4r fartygsgenererade. Sj\u00f6fartstransportalternativet \u00e4r det mest milj\u00f6v\u00e4nliga s\u00e4ttet, att transportera speciellt stora m\u00e4ngder gods. En j\u00e4mf\u00f6relse av de olika trafikslagens koldioxidutsl\u00e4pp r\u00e4knat i gram \/ tonkilometer ger f\u00f6ljande resultat: Flygfrakt 435 g, lastbil 80 g, mindre lastfartyg 7,9 g, stort containerfartyg 3 g (k\u00e4lla: IMO GHG second study). V\u00e4gtrafiken st\u00e5r i Europa f\u00f6r mer \u00e4n 70% av de olika transportslagens totala v\u00e4xthusgasutsl\u00e4pp och ansvarar f\u00f6r merparten av alla luftf\u00f6roreningar. Cirka 90% av inrikestrafikens v\u00e4xthusgasutsl\u00e4pp genereras p\u00e5 landsv\u00e4garna.<\/p>\n<p><img loading=\"lazy\" decoding=\"async\" class=\" wp-image-2305 alignnone\" src=\"https:\/\/shipowners.fi\/wp-content\/uploads\/2018\/10\/Sj\u00f6fartMilj\u00f6-300x175.png\" alt=\"\" width=\"757\" height=\"442\" srcset=\"https:\/\/shipowners.fi\/wp-content\/uploads\/2018\/10\/Sj\u00f6fartMilj\u00f6-300x175.png 300w, https:\/\/shipowners.fi\/wp-content\/uploads\/2018\/10\/Sj\u00f6fartMilj\u00f6-768x448.png 768w, https:\/\/shipowners.fi\/wp-content\/uploads\/2018\/10\/Sj\u00f6fartMilj\u00f6-960x560.png 960w, https:\/\/shipowners.fi\/wp-content\/uploads\/2018\/10\/Sj\u00f6fartMilj\u00f6.png 1243w\" sizes=\"auto, (max-width: 757px) 100vw, 757px\" \/><\/p>\n<p>&nbsp;<\/p>\n<p>Mera information om koldioxidutsl\u00e4pp per rutt och j\u00e4mf\u00f6relser mellan olika trafikslag kan hittas p\u00e5 rederiernas hemsidor och till exempel i f\u00f6ljande publication: <a href=\"https:\/\/shipowners.fi\/wp-content\/uploads\/2019\/08\/FL-News-2019_2.pdf\">Finnlines news Sustainable voyage<\/a><\/p>\n<p>&nbsp;<\/p>\n","protected":false},"excerpt":{"rendered":"<p>En av sj\u00f6fartssektorns mest centrala m\u00e5ls\u00e4ttningar har i \u00e5ratal varit att minska sina utsl\u00e4pp och utveckla branschen i en alltmer milj\u00f6v\u00e4nlig riktning. FN:s sj\u00f6fartsorgan IMO besl\u00f6t i april 2018 om utsl\u00e4ppsminskningar f\u00f6r v\u00e4rldssj\u00f6farten. Enligt beslutet skall den internationella sj\u00f6trafiken minska sina koldioxidutsl\u00e4pp per ton-kilometer med minst 40 % fram till 2030 och med 70 %&hellip;<\/p>\n","protected":false},"author":2,"featured_media":0,"parent":259,"menu_order":50,"comment_status":"closed","ping_status":"closed","template":"","meta":{"_acf_changed":false,"footnotes":""},"class_list":["post-3559","page","type-page","status-publish","hentry"],"acf":[],"yoast_head":"<!-- This site is optimized with the Yoast SEO plugin v27.2 - https:\/\/yoast.com\/product\/yoast-seo-wordpress\/ -->\n<title>Sj\u00f6fartens koldioxidutsl\u00e4pp - Rederierna i Finland<\/title>\n<meta name=\"robots\" content=\"index, follow, max-snippet:-1, max-image-preview:large, max-video-preview:-1\" \/>\n<link rel=\"canonical\" href=\"https:\/\/shipowners.fi\/sv\/ansvarsfullhet\/miljon-och-klimat\/klimatskydd-och-klimatforandringen\/sjofartens-koldioxidutslapp\/\" \/>\n<meta property=\"og:locale\" content=\"sv_SE\" \/>\n<meta property=\"og:type\" content=\"article\" \/>\n<meta property=\"og:title\" content=\"Sj\u00f6fartens koldioxidutsl\u00e4pp - Rederierna i Finland\" \/>\n<meta property=\"og:description\" content=\"En av sj\u00f6fartssektorns mest centrala m\u00e5ls\u00e4ttningar har i \u00e5ratal varit att minska sina utsl\u00e4pp och utveckla branschen i en alltmer milj\u00f6v\u00e4nlig riktning. FN:s sj\u00f6fartsorgan IMO besl\u00f6t i april 2018 om utsl\u00e4ppsminskningar f\u00f6r v\u00e4rldssj\u00f6farten. Enligt beslutet skall den internationella sj\u00f6trafiken minska sina koldioxidutsl\u00e4pp per ton-kilometer med minst 40 % fram till 2030 och med 70 %&hellip;\" \/>\n<meta property=\"og:url\" content=\"https:\/\/shipowners.fi\/sv\/ansvarsfullhet\/miljon-och-klimat\/klimatskydd-och-klimatforandringen\/sjofartens-koldioxidutslapp\/\" \/>\n<meta property=\"og:site_name\" content=\"Rederierna i Finland\" \/>\n<meta property=\"article:modified_time\" content=\"2021-10-25T08:08:44+00:00\" \/>\n<meta property=\"og:image\" content=\"https:\/\/shipowners.fi\/wp-content\/uploads\/2018\/10\/Sj\u00f6fartMilj\u00f6-300x175.png\" \/>\n<meta name=\"twitter:card\" content=\"summary_large_image\" \/>\n<meta name=\"twitter:label1\" content=\"Ber\u00e4knad l\u00e4stid\" \/>\n\t<meta name=\"twitter:data1\" content=\"3 minuter\" \/>\n<script type=\"application\/ld+json\" class=\"yoast-schema-graph\">{\"@context\":\"https:\/\/schema.org\",\"@graph\":[{\"@type\":\"WebPage\",\"@id\":\"https:\/\/shipowners.fi\/sv\/ansvarsfullhet\/miljon-och-klimat\/klimatskydd-och-klimatforandringen\/sjofartens-koldioxidutslapp\/\",\"url\":\"https:\/\/shipowners.fi\/sv\/ansvarsfullhet\/miljon-och-klimat\/klimatskydd-och-klimatforandringen\/sjofartens-koldioxidutslapp\/\",\"name\":\"Sj\u00f6fartens koldioxidutsl\u00e4pp - Rederierna i Finland\",\"isPartOf\":{\"@id\":\"https:\/\/shipowners.fi\/#website\"},\"datePublished\":\"2019-05-13T11:10:59+00:00\",\"dateModified\":\"2021-10-25T08:08:44+00:00\",\"breadcrumb\":{\"@id\":\"https:\/\/shipowners.fi\/sv\/ansvarsfullhet\/miljon-och-klimat\/klimatskydd-och-klimatforandringen\/sjofartens-koldioxidutslapp\/#breadcrumb\"},\"inLanguage\":\"sv-SE\",\"potentialAction\":[{\"@type\":\"ReadAction\",\"target\":[\"https:\/\/shipowners.fi\/sv\/ansvarsfullhet\/miljon-och-klimat\/klimatskydd-och-klimatforandringen\/sjofartens-koldioxidutslapp\/\"]}]},{\"@type\":\"BreadcrumbList\",\"@id\":\"https:\/\/shipowners.fi\/sv\/ansvarsfullhet\/miljon-och-klimat\/klimatskydd-och-klimatforandringen\/sjofartens-koldioxidutslapp\/#breadcrumb\",\"itemListElement\":[{\"@type\":\"ListItem\",\"position\":1,\"name\":\"Ansvarsfullhet\",\"item\":\"https:\/\/shipowners.fi\/sv\/ansvarsfullhet\/\"},{\"@type\":\"ListItem\",\"position\":2,\"name\":\"Milj\u00f6n och klimat\",\"item\":\"https:\/\/shipowners.fi\/sv\/ansvarsfullhet\/miljon-och-klimat\/\"},{\"@type\":\"ListItem\",\"position\":3,\"name\":\"Klimatskydd och klimat&shy;f\u00f6r\u00e4ndringen\",\"item\":\"https:\/\/shipowners.fi\/sv\/ansvarsfullhet\/miljon-och-klimat\/klimatskydd-och-klimatforandringen\/\"},{\"@type\":\"ListItem\",\"position\":4,\"name\":\"Sj\u00f6fartens koldioxidutsl\u00e4pp\"}]},{\"@type\":\"WebSite\",\"@id\":\"https:\/\/shipowners.fi\/#website\",\"url\":\"https:\/\/shipowners.fi\/\",\"name\":\"Rederierna i Finland\",\"description\":\"\",\"potentialAction\":[{\"@type\":\"SearchAction\",\"target\":{\"@type\":\"EntryPoint\",\"urlTemplate\":\"https:\/\/shipowners.fi\/?s={search_term_string}\"},\"query-input\":{\"@type\":\"PropertyValueSpecification\",\"valueRequired\":true,\"valueName\":\"search_term_string\"}}],\"inLanguage\":\"sv-SE\"}]}<\/script>\n<!-- \/ Yoast SEO plugin. -->","yoast_head_json":{"title":"Sj\u00f6fartens koldioxidutsl\u00e4pp - Rederierna i Finland","robots":{"index":"index","follow":"follow","max-snippet":"max-snippet:-1","max-image-preview":"max-image-preview:large","max-video-preview":"max-video-preview:-1"},"canonical":"https:\/\/shipowners.fi\/sv\/ansvarsfullhet\/miljon-och-klimat\/klimatskydd-och-klimatforandringen\/sjofartens-koldioxidutslapp\/","og_locale":"sv_SE","og_type":"article","og_title":"Sj\u00f6fartens koldioxidutsl\u00e4pp - Rederierna i Finland","og_description":"En av sj\u00f6fartssektorns mest centrala m\u00e5ls\u00e4ttningar har i \u00e5ratal varit att minska sina utsl\u00e4pp och utveckla branschen i en alltmer milj\u00f6v\u00e4nlig riktning. FN:s sj\u00f6fartsorgan IMO besl\u00f6t i april 2018 om utsl\u00e4ppsminskningar f\u00f6r v\u00e4rldssj\u00f6farten. Enligt beslutet skall den internationella sj\u00f6trafiken minska sina koldioxidutsl\u00e4pp per ton-kilometer med minst 40 % fram till 2030 och med 70 %&hellip;","og_url":"https:\/\/shipowners.fi\/sv\/ansvarsfullhet\/miljon-och-klimat\/klimatskydd-och-klimatforandringen\/sjofartens-koldioxidutslapp\/","og_site_name":"Rederierna i Finland","article_modified_time":"2021-10-25T08:08:44+00:00","og_image":[{"url":"https:\/\/shipowners.fi\/wp-content\/uploads\/2018\/10\/Sj\u00f6fartMilj\u00f6-300x175.png","type":"","width":"","height":""}],"twitter_card":"summary_large_image","twitter_misc":{"Ber\u00e4knad l\u00e4stid":"3 minuter"},"schema":{"@context":"https:\/\/schema.org","@graph":[{"@type":"WebPage","@id":"https:\/\/shipowners.fi\/sv\/ansvarsfullhet\/miljon-och-klimat\/klimatskydd-och-klimatforandringen\/sjofartens-koldioxidutslapp\/","url":"https:\/\/shipowners.fi\/sv\/ansvarsfullhet\/miljon-och-klimat\/klimatskydd-och-klimatforandringen\/sjofartens-koldioxidutslapp\/","name":"Sj\u00f6fartens koldioxidutsl\u00e4pp - Rederierna i Finland","isPartOf":{"@id":"https:\/\/shipowners.fi\/#website"},"datePublished":"2019-05-13T11:10:59+00:00","dateModified":"2021-10-25T08:08:44+00:00","breadcrumb":{"@id":"https:\/\/shipowners.fi\/sv\/ansvarsfullhet\/miljon-och-klimat\/klimatskydd-och-klimatforandringen\/sjofartens-koldioxidutslapp\/#breadcrumb"},"inLanguage":"sv-SE","potentialAction":[{"@type":"ReadAction","target":["https:\/\/shipowners.fi\/sv\/ansvarsfullhet\/miljon-och-klimat\/klimatskydd-och-klimatforandringen\/sjofartens-koldioxidutslapp\/"]}]},{"@type":"BreadcrumbList","@id":"https:\/\/shipowners.fi\/sv\/ansvarsfullhet\/miljon-och-klimat\/klimatskydd-och-klimatforandringen\/sjofartens-koldioxidutslapp\/#breadcrumb","itemListElement":[{"@type":"ListItem","position":1,"name":"Ansvarsfullhet","item":"https:\/\/shipowners.fi\/sv\/ansvarsfullhet\/"},{"@type":"ListItem","position":2,"name":"Milj\u00f6n och klimat","item":"https:\/\/shipowners.fi\/sv\/ansvarsfullhet\/miljon-och-klimat\/"},{"@type":"ListItem","position":3,"name":"Klimatskydd och klimat&shy;f\u00f6r\u00e4ndringen","item":"https:\/\/shipowners.fi\/sv\/ansvarsfullhet\/miljon-och-klimat\/klimatskydd-och-klimatforandringen\/"},{"@type":"ListItem","position":4,"name":"Sj\u00f6fartens koldioxidutsl\u00e4pp"}]},{"@type":"WebSite","@id":"https:\/\/shipowners.fi\/#website","url":"https:\/\/shipowners.fi\/","name":"Rederierna i Finland","description":"","potentialAction":[{"@type":"SearchAction","target":{"@type":"EntryPoint","urlTemplate":"https:\/\/shipowners.fi\/?s={search_term_string}"},"query-input":{"@type":"PropertyValueSpecification","valueRequired":true,"valueName":"search_term_string"}}],"inLanguage":"sv-SE"}]}},"_links":{"self":[{"href":"https:\/\/shipowners.fi\/sv\/wp-json\/wp\/v2\/pages\/3559","targetHints":{"allow":["GET"]}}],"collection":[{"href":"https:\/\/shipowners.fi\/sv\/wp-json\/wp\/v2\/pages"}],"about":[{"href":"https:\/\/shipowners.fi\/sv\/wp-json\/wp\/v2\/types\/page"}],"author":[{"embeddable":true,"href":"https:\/\/shipowners.fi\/sv\/wp-json\/wp\/v2\/users\/2"}],"replies":[{"embeddable":true,"href":"https:\/\/shipowners.fi\/sv\/wp-json\/wp\/v2\/comments?post=3559"}],"version-history":[{"count":11,"href":"https:\/\/shipowners.fi\/sv\/wp-json\/wp\/v2\/pages\/3559\/revisions"}],"predecessor-version":[{"id":7864,"href":"https:\/\/shipowners.fi\/sv\/wp-json\/wp\/v2\/pages\/3559\/revisions\/7864"}],"up":[{"embeddable":true,"href":"https:\/\/shipowners.fi\/sv\/wp-json\/wp\/v2\/pages\/259"}],"wp:attachment":[{"href":"https:\/\/shipowners.fi\/sv\/wp-json\/wp\/v2\/media?parent=3559"}],"curies":[{"name":"wp","href":"https:\/\/api.w.org\/{rel}","templated":true}]}}