{"id":364,"date":"2018-05-29T15:44:49","date_gmt":"2018-05-29T12:44:49","guid":{"rendered":"https:\/\/shipowners.fi\/sakerhet\/polarikoodi\/"},"modified":"2018-06-12T12:22:15","modified_gmt":"2018-06-12T09:22:15","slug":"polarkoden","status":"publish","type":"page","link":"https:\/\/shipowners.fi\/sv\/ansvarsfullhet\/sakerhet\/polarkoden\/","title":{"rendered":"Polarkoden"},"content":{"rendered":"<p>I b\u00f6rjan av \u00e5ret 2018 tr\u00e4dde IMO:s obligatoriska Polarkod ikraft. Polarkoden skall \u00f6ka skyddet av havsmilj\u00f6n och fr\u00e4mja sj\u00f6s\u00e4kerheten p\u00e5 polaromr\u00e5det. Polarkoden skall komplettera existerande IMO instrument s\u00e5 som SOLAS och MARPOL -generalavtalen, f\u00f6r att f\u00f6rminska risker f\u00f6r fartyg som opererar p\u00e5 polaromr\u00e5det. Riskerna beror fr\u00e4mst p\u00e5 milj\u00f6omst\u00e4ndigheterna och de l\u00e5nga avst\u00e5nden p\u00e5 omr\u00e5det. M\u00e5let \u00e4r att n\u00e5 ett gemensamt regelverk f\u00f6r arktiska och antarktiska omr\u00e5den, med stater kan dessutom reglera trafiken p\u00e5 sina territorialvatten med hj\u00e4lp av UNCLOS.<\/p>\n<p>\u00d6stersj\u00f6n h\u00f6r inte till det geografiska Polarkod omr\u00e5det. Koden ber\u00f6r i f\u00f6rsta fasen SOLAS passagerar- och lastfartyg som trafikerar p\u00e5 polaromr\u00e5det. Det skall best\u00e4mmas senare ifall andra typer av fartyg tas med i koden.<\/p>\n<p>Rederierna i Finland har aktivt tagit del i utvecklingsarbetet av Polarkoden. RIF har velat f\u00f6rs\u00e4kra att ocks\u00e5 andra \u00e4n IACS och PC-klassiga fartyg kan segla p\u00e5 arktiska omr\u00e5den i forts\u00e4ttningen, d\u00e5 v\u00e4deromst\u00e4ndigheterna till\u00e5ter. RIF har p\u00e5verkat att is navigations erfarenhet fr\u00e5n \u00d6stersj\u00f6omr\u00e5det godk\u00e4nns i polaromr\u00e5dets kvalificeringskrav och att strukturella krav p\u00e5 existerande fartyg inte hindrar f\u00f6rm\u00e5gan att forts\u00e4tta operera p\u00e5 omr\u00e5det.<\/p>\n","protected":false},"excerpt":{"rendered":"<p>I b\u00f6rjan av \u00e5ret 2018 tr\u00e4dde IMO:s obligatoriska Polarkod ikraft. Polarkoden skall \u00f6ka skyddet av havsmilj\u00f6n och fr\u00e4mja sj\u00f6s\u00e4kerheten p\u00e5 polaromr\u00e5det. Polarkoden skall komplettera existerande IMO instrument s\u00e5 som SOLAS och MARPOL -generalavtalen, f\u00f6r att f\u00f6rminska risker f\u00f6r fartyg som opererar p\u00e5 polaromr\u00e5det. Riskerna beror fr\u00e4mst p\u00e5 milj\u00f6omst\u00e4ndigheterna och de l\u00e5nga avst\u00e5nden p\u00e5 omr\u00e5det. M\u00e5let&hellip;<\/p>\n","protected":false},"author":1,"featured_media":0,"parent":168,"menu_order":69,"comment_status":"closed","ping_status":"closed","template":"","meta":{"_acf_changed":false,"footnotes":""},"class_list":["post-364","page","type-page","status-publish","hentry"],"acf":[],"yoast_head":"<!-- This site is optimized with the Yoast SEO plugin v27.2 - https:\/\/yoast.com\/product\/yoast-seo-wordpress\/ -->\n<title>Polarkoden - Rederierna i Finland<\/title>\n<meta name=\"robots\" content=\"index, follow, max-snippet:-1, max-image-preview:large, max-video-preview:-1\" \/>\n<link rel=\"canonical\" href=\"https:\/\/shipowners.fi\/sv\/ansvarsfullhet\/sakerhet\/polarkoden\/\" \/>\n<meta property=\"og:locale\" content=\"sv_SE\" \/>\n<meta property=\"og:type\" content=\"article\" \/>\n<meta property=\"og:title\" content=\"Polarkoden - Rederierna i Finland\" \/>\n<meta property=\"og:description\" content=\"I b\u00f6rjan av \u00e5ret 2018 tr\u00e4dde IMO:s obligatoriska Polarkod ikraft. Polarkoden skall \u00f6ka skyddet av havsmilj\u00f6n och fr\u00e4mja sj\u00f6s\u00e4kerheten p\u00e5 polaromr\u00e5det. Polarkoden skall komplettera existerande IMO instrument s\u00e5 som SOLAS och MARPOL -generalavtalen, f\u00f6r att f\u00f6rminska risker f\u00f6r fartyg som opererar p\u00e5 polaromr\u00e5det. Riskerna beror fr\u00e4mst p\u00e5 milj\u00f6omst\u00e4ndigheterna och de l\u00e5nga avst\u00e5nden p\u00e5 omr\u00e5det. M\u00e5let&hellip;\" \/>\n<meta property=\"og:url\" content=\"https:\/\/shipowners.fi\/sv\/ansvarsfullhet\/sakerhet\/polarkoden\/\" \/>\n<meta property=\"og:site_name\" content=\"Rederierna i Finland\" \/>\n<meta property=\"article:modified_time\" content=\"2018-06-12T09:22:15+00:00\" \/>\n<meta property=\"og:image\" content=\"https:\/\/shipowners.fi\/wp-content\/uploads\/2018\/05\/suomenvarustamot_etusivu.jpg\" \/>\n\t<meta property=\"og:image:width\" content=\"1243\" \/>\n\t<meta property=\"og:image:height\" content=\"901\" \/>\n\t<meta property=\"og:image:type\" content=\"image\/jpeg\" \/>\n<meta name=\"twitter:card\" content=\"summary_large_image\" \/>\n<meta name=\"twitter:label1\" content=\"Ber\u00e4knad l\u00e4stid\" \/>\n\t<meta name=\"twitter:data1\" content=\"1 minut\" \/>\n<script type=\"application\/ld+json\" class=\"yoast-schema-graph\">{\"@context\":\"https:\/\/schema.org\",\"@graph\":[{\"@type\":\"WebPage\",\"@id\":\"https:\/\/shipowners.fi\/sv\/ansvarsfullhet\/sakerhet\/polarkoden\/\",\"url\":\"https:\/\/shipowners.fi\/sv\/ansvarsfullhet\/sakerhet\/polarkoden\/\",\"name\":\"Polarkoden - Rederierna i Finland\",\"isPartOf\":{\"@id\":\"https:\/\/shipowners.fi\/#website\"},\"datePublished\":\"2018-05-29T12:44:49+00:00\",\"dateModified\":\"2018-06-12T09:22:15+00:00\",\"breadcrumb\":{\"@id\":\"https:\/\/shipowners.fi\/sv\/ansvarsfullhet\/sakerhet\/polarkoden\/#breadcrumb\"},\"inLanguage\":\"sv-SE\",\"potentialAction\":[{\"@type\":\"ReadAction\",\"target\":[\"https:\/\/shipowners.fi\/sv\/ansvarsfullhet\/sakerhet\/polarkoden\/\"]}]},{\"@type\":\"BreadcrumbList\",\"@id\":\"https:\/\/shipowners.fi\/sv\/ansvarsfullhet\/sakerhet\/polarkoden\/#breadcrumb\",\"itemListElement\":[{\"@type\":\"ListItem\",\"position\":1,\"name\":\"Ansvarsfullhet\",\"item\":\"https:\/\/shipowners.fi\/sv\/ansvarsfullhet\/\"},{\"@type\":\"ListItem\",\"position\":2,\"name\":\"S\u00e4kerhet\",\"item\":\"https:\/\/shipowners.fi\/sv\/ansvarsfullhet\/sakerhet\/\"},{\"@type\":\"ListItem\",\"position\":3,\"name\":\"Polarkoden\"}]},{\"@type\":\"WebSite\",\"@id\":\"https:\/\/shipowners.fi\/#website\",\"url\":\"https:\/\/shipowners.fi\/\",\"name\":\"Rederierna i Finland\",\"description\":\"\",\"potentialAction\":[{\"@type\":\"SearchAction\",\"target\":{\"@type\":\"EntryPoint\",\"urlTemplate\":\"https:\/\/shipowners.fi\/?s={search_term_string}\"},\"query-input\":{\"@type\":\"PropertyValueSpecification\",\"valueRequired\":true,\"valueName\":\"search_term_string\"}}],\"inLanguage\":\"sv-SE\"}]}<\/script>\n<!-- \/ Yoast SEO plugin. -->","yoast_head_json":{"title":"Polarkoden - Rederierna i Finland","robots":{"index":"index","follow":"follow","max-snippet":"max-snippet:-1","max-image-preview":"max-image-preview:large","max-video-preview":"max-video-preview:-1"},"canonical":"https:\/\/shipowners.fi\/sv\/ansvarsfullhet\/sakerhet\/polarkoden\/","og_locale":"sv_SE","og_type":"article","og_title":"Polarkoden - Rederierna i Finland","og_description":"I b\u00f6rjan av \u00e5ret 2018 tr\u00e4dde IMO:s obligatoriska Polarkod ikraft. Polarkoden skall \u00f6ka skyddet av havsmilj\u00f6n och fr\u00e4mja sj\u00f6s\u00e4kerheten p\u00e5 polaromr\u00e5det. Polarkoden skall komplettera existerande IMO instrument s\u00e5 som SOLAS och MARPOL -generalavtalen, f\u00f6r att f\u00f6rminska risker f\u00f6r fartyg som opererar p\u00e5 polaromr\u00e5det. Riskerna beror fr\u00e4mst p\u00e5 milj\u00f6omst\u00e4ndigheterna och de l\u00e5nga avst\u00e5nden p\u00e5 omr\u00e5det. M\u00e5let&hellip;","og_url":"https:\/\/shipowners.fi\/sv\/ansvarsfullhet\/sakerhet\/polarkoden\/","og_site_name":"Rederierna i Finland","article_modified_time":"2018-06-12T09:22:15+00:00","og_image":[{"width":1243,"height":901,"url":"https:\/\/shipowners.fi\/wp-content\/uploads\/2018\/05\/suomenvarustamot_etusivu.jpg","type":"image\/jpeg"}],"twitter_card":"summary_large_image","twitter_misc":{"Ber\u00e4knad l\u00e4stid":"1 minut"},"schema":{"@context":"https:\/\/schema.org","@graph":[{"@type":"WebPage","@id":"https:\/\/shipowners.fi\/sv\/ansvarsfullhet\/sakerhet\/polarkoden\/","url":"https:\/\/shipowners.fi\/sv\/ansvarsfullhet\/sakerhet\/polarkoden\/","name":"Polarkoden - Rederierna i Finland","isPartOf":{"@id":"https:\/\/shipowners.fi\/#website"},"datePublished":"2018-05-29T12:44:49+00:00","dateModified":"2018-06-12T09:22:15+00:00","breadcrumb":{"@id":"https:\/\/shipowners.fi\/sv\/ansvarsfullhet\/sakerhet\/polarkoden\/#breadcrumb"},"inLanguage":"sv-SE","potentialAction":[{"@type":"ReadAction","target":["https:\/\/shipowners.fi\/sv\/ansvarsfullhet\/sakerhet\/polarkoden\/"]}]},{"@type":"BreadcrumbList","@id":"https:\/\/shipowners.fi\/sv\/ansvarsfullhet\/sakerhet\/polarkoden\/#breadcrumb","itemListElement":[{"@type":"ListItem","position":1,"name":"Ansvarsfullhet","item":"https:\/\/shipowners.fi\/sv\/ansvarsfullhet\/"},{"@type":"ListItem","position":2,"name":"S\u00e4kerhet","item":"https:\/\/shipowners.fi\/sv\/ansvarsfullhet\/sakerhet\/"},{"@type":"ListItem","position":3,"name":"Polarkoden"}]},{"@type":"WebSite","@id":"https:\/\/shipowners.fi\/#website","url":"https:\/\/shipowners.fi\/","name":"Rederierna i Finland","description":"","potentialAction":[{"@type":"SearchAction","target":{"@type":"EntryPoint","urlTemplate":"https:\/\/shipowners.fi\/?s={search_term_string}"},"query-input":{"@type":"PropertyValueSpecification","valueRequired":true,"valueName":"search_term_string"}}],"inLanguage":"sv-SE"}]}},"_links":{"self":[{"href":"https:\/\/shipowners.fi\/sv\/wp-json\/wp\/v2\/pages\/364","targetHints":{"allow":["GET"]}}],"collection":[{"href":"https:\/\/shipowners.fi\/sv\/wp-json\/wp\/v2\/pages"}],"about":[{"href":"https:\/\/shipowners.fi\/sv\/wp-json\/wp\/v2\/types\/page"}],"author":[{"embeddable":true,"href":"https:\/\/shipowners.fi\/sv\/wp-json\/wp\/v2\/users\/1"}],"replies":[{"embeddable":true,"href":"https:\/\/shipowners.fi\/sv\/wp-json\/wp\/v2\/comments?post=364"}],"version-history":[{"count":2,"href":"https:\/\/shipowners.fi\/sv\/wp-json\/wp\/v2\/pages\/364\/revisions"}],"predecessor-version":[{"id":960,"href":"https:\/\/shipowners.fi\/sv\/wp-json\/wp\/v2\/pages\/364\/revisions\/960"}],"up":[{"embeddable":true,"href":"https:\/\/shipowners.fi\/sv\/wp-json\/wp\/v2\/pages\/168"}],"wp:attachment":[{"href":"https:\/\/shipowners.fi\/sv\/wp-json\/wp\/v2\/media?parent=364"}],"curies":[{"name":"wp","href":"https:\/\/api.w.org\/{rel}","templated":true}]}}