{"id":385,"date":"2018-05-30T09:02:25","date_gmt":"2018-05-30T06:02:25","guid":{"rendered":"https:\/\/shipowners.fi\/suomen-meriklusteri\/"},"modified":"2025-04-14T15:51:49","modified_gmt":"2025-04-14T12:51:49","slug":"finlands-maritima-klusterorganisation","status":"publish","type":"page","link":"https:\/\/shipowners.fi\/sv\/maritima-klustret\/finlands-maritima-klusterorganisation\/","title":{"rendered":"Finlands maritima kluster&shy;organisation"},"content":{"rendered":"<p>Det finska maritima klustret har startat ett samarbetsprojekt som \u00e4mnar att lyfta det finska maritima klustret till ett v\u00e4rldens ledande kluster. Finlands maritima kluster \u00e4r redan en banbrytare d\u00e5 det g\u00e4ller milj\u00f6teknologi och digitalisering, och projektet \u00e4mnar underst\u00f6dja den positiva utvecklingen och fr\u00e4mja samarbete.<\/p>\n<p>De mest centrala akt\u00f6rerna som representerar n\u00e4ringslivet drar projektet, de \u00e4r Rederierna i Finland rf., Havsindustrin rf. (Meriteollisuus ry), Finlands Hamnar rf.(Satamaliitto ry) och Hamnoperat\u00f6rerna rf.\u00a0 Europeiska Unionens Havs- och Fiskerifond och N\u00e4rings- trafik- och milj\u00f6centralen finansierar projektet.<\/p>\n<p>Klustret best\u00e5r av alla akt\u00f6rer inom industrin.<\/p>\n<p><a href=\"https:\/\/shipowners.fi\/wp-content\/uploads\/2018\/06\/maritime.png\"><img loading=\"lazy\" decoding=\"async\" class=\"alignnone size-full wp-image-890\" src=\"https:\/\/shipowners.fi\/wp-content\/uploads\/2018\/06\/maritime.png\" alt=\"\" width=\"1002\" height=\"747\" srcset=\"https:\/\/shipowners.fi\/wp-content\/uploads\/2018\/06\/maritime.png 1002w, https:\/\/shipowners.fi\/wp-content\/uploads\/2018\/06\/maritime-300x224.png 300w, https:\/\/shipowners.fi\/wp-content\/uploads\/2018\/06\/maritime-768x573.png 768w, https:\/\/shipowners.fi\/wp-content\/uploads\/2018\/06\/maritime-960x716.png 960w\" sizes=\"auto, (max-width: 1002px) 100vw, 1002px\" \/><\/a><\/p>\n<p>Mera information om det finska maritima klustret finns p\u00e5:<\/p>\n<p><a href=\"http:\/\/www.finnishmaritimecluster.fi\">www.finnishmaritimecluster.fi\u00a0<\/a><\/p>\n<p>&nbsp;<\/p>\n<p><a href=\"https:\/\/www.finnishmaritimecluster.fi\/\"><img loading=\"lazy\" decoding=\"async\" class=\"alignleft wp-image-1868\" src=\"https:\/\/shipowners.fi\/wp-content\/uploads\/2018\/09\/FMC-logo-300x115.png\" alt=\"\" width=\"376\" height=\"144\" srcset=\"https:\/\/shipowners.fi\/wp-content\/uploads\/2018\/09\/FMC-logo-300x115.png 300w, https:\/\/shipowners.fi\/wp-content\/uploads\/2018\/09\/FMC-logo-768x294.png 768w, https:\/\/shipowners.fi\/wp-content\/uploads\/2018\/09\/FMC-logo.png 816w\" sizes=\"auto, (max-width: 376px) 100vw, 376px\" \/><\/a><\/p>\n<p>&nbsp;<\/p>\n<p>&nbsp;<\/p>\n<p>&nbsp;<\/p>\n<p>&nbsp;<\/p>\n<p>&nbsp;<\/p>\n<p>&nbsp;<\/p>\n<p>&nbsp;<\/p>\n","protected":false},"excerpt":{"rendered":"<p>Det finska maritima klustret har startat ett samarbetsprojekt som \u00e4mnar att lyfta det finska maritima klustret till ett v\u00e4rldens ledande kluster. Finlands maritima kluster \u00e4r redan en banbrytare d\u00e5 det g\u00e4ller milj\u00f6teknologi och digitalisering, och projektet \u00e4mnar underst\u00f6dja den positiva utvecklingen och fr\u00e4mja samarbete. De mest centrala akt\u00f6rerna som representerar n\u00e4ringslivet drar projektet, de \u00e4r&hellip;<\/p>\n","protected":false},"author":1,"featured_media":0,"parent":170,"menu_order":81,"comment_status":"closed","ping_status":"closed","template":"","meta":{"_acf_changed":false,"footnotes":""},"class_list":["post-385","page","type-page","status-publish","hentry"],"acf":[],"yoast_head":"<!-- This site is optimized with the Yoast SEO plugin v27.2 - https:\/\/yoast.com\/product\/yoast-seo-wordpress\/ -->\n<title>Finlands maritima kluster&shy;organisation - Rederierna i Finland<\/title>\n<meta name=\"robots\" content=\"index, follow, max-snippet:-1, max-image-preview:large, max-video-preview:-1\" \/>\n<link rel=\"canonical\" href=\"https:\/\/shipowners.fi\/sv\/maritima-klustret\/finlands-maritima-klusterorganisation\/\" \/>\n<meta property=\"og:locale\" content=\"sv_SE\" \/>\n<meta property=\"og:type\" content=\"article\" \/>\n<meta property=\"og:title\" content=\"Finlands maritima kluster&shy;organisation - Rederierna i Finland\" \/>\n<meta property=\"og:description\" content=\"Det finska maritima klustret har startat ett samarbetsprojekt som \u00e4mnar att lyfta det finska maritima klustret till ett v\u00e4rldens ledande kluster. Finlands maritima kluster \u00e4r redan en banbrytare d\u00e5 det g\u00e4ller milj\u00f6teknologi och digitalisering, och projektet \u00e4mnar underst\u00f6dja den positiva utvecklingen och fr\u00e4mja samarbete. De mest centrala akt\u00f6rerna som representerar n\u00e4ringslivet drar projektet, de \u00e4r&hellip;\" \/>\n<meta property=\"og:url\" content=\"https:\/\/shipowners.fi\/sv\/maritima-klustret\/finlands-maritima-klusterorganisation\/\" \/>\n<meta property=\"og:site_name\" content=\"Rederierna i Finland\" \/>\n<meta property=\"article:modified_time\" content=\"2025-04-14T12:51:49+00:00\" \/>\n<meta property=\"og:image\" content=\"https:\/\/shipowners.fi\/wp-content\/uploads\/2018\/06\/maritime.png\" \/>\n\t<meta property=\"og:image:width\" content=\"1002\" \/>\n\t<meta property=\"og:image:height\" content=\"747\" \/>\n\t<meta property=\"og:image:type\" content=\"image\/png\" \/>\n<meta name=\"twitter:card\" content=\"summary_large_image\" \/>\n<meta name=\"twitter:label1\" content=\"Ber\u00e4knad l\u00e4stid\" \/>\n\t<meta name=\"twitter:data1\" content=\"2 minuter\" \/>\n<script type=\"application\/ld+json\" class=\"yoast-schema-graph\">{\"@context\":\"https:\/\/schema.org\",\"@graph\":[{\"@type\":\"WebPage\",\"@id\":\"https:\/\/shipowners.fi\/sv\/maritima-klustret\/finlands-maritima-klusterorganisation\/\",\"url\":\"https:\/\/shipowners.fi\/sv\/maritima-klustret\/finlands-maritima-klusterorganisation\/\",\"name\":\"Finlands maritima kluster&shy;organisation - Rederierna i Finland\",\"isPartOf\":{\"@id\":\"https:\/\/shipowners.fi\/#website\"},\"primaryImageOfPage\":{\"@id\":\"https:\/\/shipowners.fi\/sv\/maritima-klustret\/finlands-maritima-klusterorganisation\/#primaryimage\"},\"image\":{\"@id\":\"https:\/\/shipowners.fi\/sv\/maritima-klustret\/finlands-maritima-klusterorganisation\/#primaryimage\"},\"thumbnailUrl\":\"https:\/\/shipowners.fi\/wp-content\/uploads\/2018\/06\/maritime.png\",\"datePublished\":\"2018-05-30T06:02:25+00:00\",\"dateModified\":\"2025-04-14T12:51:49+00:00\",\"breadcrumb\":{\"@id\":\"https:\/\/shipowners.fi\/sv\/maritima-klustret\/finlands-maritima-klusterorganisation\/#breadcrumb\"},\"inLanguage\":\"sv-SE\",\"potentialAction\":[{\"@type\":\"ReadAction\",\"target\":[\"https:\/\/shipowners.fi\/sv\/maritima-klustret\/finlands-maritima-klusterorganisation\/\"]}]},{\"@type\":\"ImageObject\",\"inLanguage\":\"sv-SE\",\"@id\":\"https:\/\/shipowners.fi\/sv\/maritima-klustret\/finlands-maritima-klusterorganisation\/#primaryimage\",\"url\":\"https:\/\/shipowners.fi\/wp-content\/uploads\/2018\/06\/maritime.png\",\"contentUrl\":\"https:\/\/shipowners.fi\/wp-content\/uploads\/2018\/06\/maritime.png\"},{\"@type\":\"BreadcrumbList\",\"@id\":\"https:\/\/shipowners.fi\/sv\/maritima-klustret\/finlands-maritima-klusterorganisation\/#breadcrumb\",\"itemListElement\":[{\"@type\":\"ListItem\",\"position\":1,\"name\":\"Maritima klustret\",\"item\":\"https:\/\/shipowners.fi\/sv\/maritima-klustret\/\"},{\"@type\":\"ListItem\",\"position\":2,\"name\":\"Finlands maritima kluster&shy;organisation\"}]},{\"@type\":\"WebSite\",\"@id\":\"https:\/\/shipowners.fi\/#website\",\"url\":\"https:\/\/shipowners.fi\/\",\"name\":\"Rederierna i Finland\",\"description\":\"\",\"potentialAction\":[{\"@type\":\"SearchAction\",\"target\":{\"@type\":\"EntryPoint\",\"urlTemplate\":\"https:\/\/shipowners.fi\/?s={search_term_string}\"},\"query-input\":{\"@type\":\"PropertyValueSpecification\",\"valueRequired\":true,\"valueName\":\"search_term_string\"}}],\"inLanguage\":\"sv-SE\"}]}<\/script>\n<!-- \/ Yoast SEO plugin. -->","yoast_head_json":{"title":"Finlands maritima kluster&shy;organisation - Rederierna i Finland","robots":{"index":"index","follow":"follow","max-snippet":"max-snippet:-1","max-image-preview":"max-image-preview:large","max-video-preview":"max-video-preview:-1"},"canonical":"https:\/\/shipowners.fi\/sv\/maritima-klustret\/finlands-maritima-klusterorganisation\/","og_locale":"sv_SE","og_type":"article","og_title":"Finlands maritima kluster&shy;organisation - Rederierna i Finland","og_description":"Det finska maritima klustret har startat ett samarbetsprojekt som \u00e4mnar att lyfta det finska maritima klustret till ett v\u00e4rldens ledande kluster. Finlands maritima kluster \u00e4r redan en banbrytare d\u00e5 det g\u00e4ller milj\u00f6teknologi och digitalisering, och projektet \u00e4mnar underst\u00f6dja den positiva utvecklingen och fr\u00e4mja samarbete. De mest centrala akt\u00f6rerna som representerar n\u00e4ringslivet drar projektet, de \u00e4r&hellip;","og_url":"https:\/\/shipowners.fi\/sv\/maritima-klustret\/finlands-maritima-klusterorganisation\/","og_site_name":"Rederierna i Finland","article_modified_time":"2025-04-14T12:51:49+00:00","og_image":[{"width":1002,"height":747,"url":"https:\/\/shipowners.fi\/wp-content\/uploads\/2018\/06\/maritime.png","type":"image\/png"}],"twitter_card":"summary_large_image","twitter_misc":{"Ber\u00e4knad l\u00e4stid":"2 minuter"},"schema":{"@context":"https:\/\/schema.org","@graph":[{"@type":"WebPage","@id":"https:\/\/shipowners.fi\/sv\/maritima-klustret\/finlands-maritima-klusterorganisation\/","url":"https:\/\/shipowners.fi\/sv\/maritima-klustret\/finlands-maritima-klusterorganisation\/","name":"Finlands maritima kluster&shy;organisation - Rederierna i Finland","isPartOf":{"@id":"https:\/\/shipowners.fi\/#website"},"primaryImageOfPage":{"@id":"https:\/\/shipowners.fi\/sv\/maritima-klustret\/finlands-maritima-klusterorganisation\/#primaryimage"},"image":{"@id":"https:\/\/shipowners.fi\/sv\/maritima-klustret\/finlands-maritima-klusterorganisation\/#primaryimage"},"thumbnailUrl":"https:\/\/shipowners.fi\/wp-content\/uploads\/2018\/06\/maritime.png","datePublished":"2018-05-30T06:02:25+00:00","dateModified":"2025-04-14T12:51:49+00:00","breadcrumb":{"@id":"https:\/\/shipowners.fi\/sv\/maritima-klustret\/finlands-maritima-klusterorganisation\/#breadcrumb"},"inLanguage":"sv-SE","potentialAction":[{"@type":"ReadAction","target":["https:\/\/shipowners.fi\/sv\/maritima-klustret\/finlands-maritima-klusterorganisation\/"]}]},{"@type":"ImageObject","inLanguage":"sv-SE","@id":"https:\/\/shipowners.fi\/sv\/maritima-klustret\/finlands-maritima-klusterorganisation\/#primaryimage","url":"https:\/\/shipowners.fi\/wp-content\/uploads\/2018\/06\/maritime.png","contentUrl":"https:\/\/shipowners.fi\/wp-content\/uploads\/2018\/06\/maritime.png"},{"@type":"BreadcrumbList","@id":"https:\/\/shipowners.fi\/sv\/maritima-klustret\/finlands-maritima-klusterorganisation\/#breadcrumb","itemListElement":[{"@type":"ListItem","position":1,"name":"Maritima klustret","item":"https:\/\/shipowners.fi\/sv\/maritima-klustret\/"},{"@type":"ListItem","position":2,"name":"Finlands maritima kluster&shy;organisation"}]},{"@type":"WebSite","@id":"https:\/\/shipowners.fi\/#website","url":"https:\/\/shipowners.fi\/","name":"Rederierna i Finland","description":"","potentialAction":[{"@type":"SearchAction","target":{"@type":"EntryPoint","urlTemplate":"https:\/\/shipowners.fi\/?s={search_term_string}"},"query-input":{"@type":"PropertyValueSpecification","valueRequired":true,"valueName":"search_term_string"}}],"inLanguage":"sv-SE"}]}},"_links":{"self":[{"href":"https:\/\/shipowners.fi\/sv\/wp-json\/wp\/v2\/pages\/385","targetHints":{"allow":["GET"]}}],"collection":[{"href":"https:\/\/shipowners.fi\/sv\/wp-json\/wp\/v2\/pages"}],"about":[{"href":"https:\/\/shipowners.fi\/sv\/wp-json\/wp\/v2\/types\/page"}],"author":[{"embeddable":true,"href":"https:\/\/shipowners.fi\/sv\/wp-json\/wp\/v2\/users\/1"}],"replies":[{"embeddable":true,"href":"https:\/\/shipowners.fi\/sv\/wp-json\/wp\/v2\/comments?post=385"}],"version-history":[{"count":7,"href":"https:\/\/shipowners.fi\/sv\/wp-json\/wp\/v2\/pages\/385\/revisions"}],"predecessor-version":[{"id":12415,"href":"https:\/\/shipowners.fi\/sv\/wp-json\/wp\/v2\/pages\/385\/revisions\/12415"}],"up":[{"embeddable":true,"href":"https:\/\/shipowners.fi\/sv\/wp-json\/wp\/v2\/pages\/170"}],"wp:attachment":[{"href":"https:\/\/shipowners.fi\/sv\/wp-json\/wp\/v2\/media?parent=385"}],"curies":[{"name":"wp","href":"https:\/\/api.w.org\/{rel}","templated":true}]}}