{"id":397,"date":"2018-05-30T09:04:34","date_gmt":"2018-05-30T06:04:34","guid":{"rendered":"https:\/\/shipowners.fi\/maritima-klustret\/digitalisaatio-automaatio\/"},"modified":"2021-08-18T15:04:43","modified_gmt":"2021-08-18T12:04:43","slug":"digitalisering-och-automation","status":"publish","type":"page","link":"https:\/\/shipowners.fi\/sv\/digitalisering-och-automation\/","title":{"rendered":"Digitalisering och automation"},"content":{"rendered":"<p>Teknologi och en \u00f6kande grad automation omformar sj\u00f6fart och logistik. De utvecklande datainsamlings och -\u00f6verf\u00f6ringsmetoderna producerar b\u00e4ttre, mera omfattande och realtid information. Detta m\u00f6jligg\u00f6r automation av fartyg och utveckling av autonomin, och d\u00e4rmed fr\u00e4mjas sj\u00f6fartens s\u00e4kerhet och milj\u00f6v\u00e4nlighet. Digitalisering erbjuder rederierna och andra akt\u00f6rer i logistiska n\u00e4tverket verktyg till serviceutveckling och effektivera processer.<\/p>\n<p>V\u00e4l fungerande samarbetsn\u00e4tverk och ekosystem fungerar som en grund f\u00f6r utvecklingen. De m\u00f6jligg\u00f6r gemensamma experiment, informationsutbyte, inl\u00e4rning och f\u00f6r utvecklingen fram\u00e5t.<\/p>\n<p>F\u00f6r att m\u00f6jligg\u00f6ra ny teknologi och nya l\u00f6sningar som baseras p\u00e5 automation i sj\u00f6fart kr\u00e4ver uppdatering av industrins reglering. I den internationella sj\u00f6fartsorganisationen IMO:s s\u00e4kerhetskommittee m\u00f6te i maj 2018 best\u00e4mdes det att ig\u00e5ngs\u00e4tta arbetet f\u00f6r att kartl\u00e4gga behoven och utveckla regleringsf\u00f6r\u00e4ndring. Som en del av detta arbete som f\u00e4rdigst\u00e4lls 2020, skapas p\u00e5 m\u00e5nga s\u00e4tt ocks\u00e5 grunden f\u00f6r framtidens sj\u00f6fart bl.a. med att fastst\u00e4lla terminologin, och olika stadier och former av autonomi.<\/p>\n<p>Rederiernas internationella paraplyorganisation ICS (International Chamber of Shipping) har publicerat en rapport om hur \u00f6kande digitalisering och autonom sj\u00f6fart kommer att p\u00e5verka sj\u00f6farare: <a href=\"https:\/\/shipowners.fi\/wp-content\/uploads\/2018\/11\/ICS-Study-2018_Seafarers-and-digital-disruption.pdf\" target=\"_blank\" rel=\"noopener\">ICS Study 2018_Seafarers and digital disruption<\/a> .<\/p>\n<h4>One Sea -ekosystemet<\/h4>\n<p><a href=\"https:\/\/www.oneseaecosystem.net\/about\/\" target=\"_blank\" rel=\"noopener\">One Sea -ekosystemet<\/a> utvecklar autonom sj\u00f6fart. Ekosystemets gemensamma vision \u00e4r att m\u00f6jligg\u00f6ra totalt autonoma fartyg p\u00e5 \u00d6stersj\u00f6n inom de f\u00f6ljande \u00e5ren och autonom kommersiell sj\u00f6trafik via \u00e5ret 2025. Jaakonmeri utanf\u00f6r Rauma fungerar som ett maritimt testomr\u00e5de f\u00f6r utvecklingsarbetet. Det \u00e4r ett av de f\u00f6rsta testomr\u00e5den f\u00f6r intelligent sj\u00f6trafik och autonom sj\u00f6fart i v\u00e4rlden.<\/p>\n<p>One Sea -ekosystemets leds av DIMECC och best\u00e5r av grundarmedlemmarna ABB, Cargotec, Ericsson, Meyer Turku, Rolls-Royce, Tieto och W\u00e4rtsil\u00e4, och dessutom Rederierna i Finland r.f, Meriteollisuus ry ja Finnpilot. (Bild: One Sea)<\/p>\n<p><a href=\"https:\/\/shipowners.fi\/wp-content\/uploads\/2018\/06\/oneseasv.png\"><img loading=\"lazy\" decoding=\"async\" class=\"alignnone size-full wp-image-950\" src=\"https:\/\/shipowners.fi\/wp-content\/uploads\/2018\/06\/oneseasv.png\" alt=\"\" width=\"743\" height=\"418\" srcset=\"https:\/\/shipowners.fi\/wp-content\/uploads\/2018\/06\/oneseasv.png 743w, https:\/\/shipowners.fi\/wp-content\/uploads\/2018\/06\/oneseasv-300x169.png 300w\" sizes=\"auto, (max-width: 743px) 100vw, 743px\" \/><\/a><\/p>\n<p>&nbsp;<\/p>\n","protected":false},"excerpt":{"rendered":"<p>Teknologi och en \u00f6kande grad automation omformar sj\u00f6fart och logistik. De utvecklande datainsamlings och -\u00f6verf\u00f6ringsmetoderna producerar b\u00e4ttre, mera omfattande och realtid information. Detta m\u00f6jligg\u00f6r automation av fartyg och utveckling av autonomin, och d\u00e4rmed fr\u00e4mjas sj\u00f6fartens s\u00e4kerhet och milj\u00f6v\u00e4nlighet. Digitalisering erbjuder rederierna och andra akt\u00f6rer i logistiska n\u00e4tverket verktyg till serviceutveckling och effektivera processer. V\u00e4l fungerande&hellip;<\/p>\n","protected":false},"author":1,"featured_media":0,"parent":0,"menu_order":18,"comment_status":"closed","ping_status":"closed","template":"","meta":{"_acf_changed":false,"footnotes":""},"class_list":["post-397","page","type-page","status-publish","hentry"],"acf":[],"yoast_head":"<!-- This site is optimized with the Yoast SEO plugin v27.2 - https:\/\/yoast.com\/product\/yoast-seo-wordpress\/ -->\n<title>Digitalisering och automation - Rederierna i Finland<\/title>\n<meta name=\"robots\" content=\"index, follow, max-snippet:-1, max-image-preview:large, max-video-preview:-1\" \/>\n<link rel=\"canonical\" href=\"https:\/\/shipowners.fi\/sv\/digitalisering-och-automation\/\" \/>\n<meta property=\"og:locale\" content=\"sv_SE\" \/>\n<meta property=\"og:type\" content=\"article\" \/>\n<meta property=\"og:title\" content=\"Digitalisering och automation - Rederierna i Finland\" \/>\n<meta property=\"og:description\" content=\"Teknologi och en \u00f6kande grad automation omformar sj\u00f6fart och logistik. De utvecklande datainsamlings och -\u00f6verf\u00f6ringsmetoderna producerar b\u00e4ttre, mera omfattande och realtid information. Detta m\u00f6jligg\u00f6r automation av fartyg och utveckling av autonomin, och d\u00e4rmed fr\u00e4mjas sj\u00f6fartens s\u00e4kerhet och milj\u00f6v\u00e4nlighet. Digitalisering erbjuder rederierna och andra akt\u00f6rer i logistiska n\u00e4tverket verktyg till serviceutveckling och effektivera processer. V\u00e4l fungerande&hellip;\" \/>\n<meta property=\"og:url\" content=\"https:\/\/shipowners.fi\/sv\/digitalisering-och-automation\/\" \/>\n<meta property=\"og:site_name\" content=\"Rederierna i Finland\" \/>\n<meta property=\"article:modified_time\" content=\"2021-08-18T12:04:43+00:00\" \/>\n<meta property=\"og:image\" content=\"https:\/\/shipowners.fi\/wp-content\/uploads\/2018\/06\/oneseasv.png\" \/>\n<meta name=\"twitter:card\" content=\"summary_large_image\" \/>\n<meta name=\"twitter:label1\" content=\"Ber\u00e4knad l\u00e4stid\" \/>\n\t<meta name=\"twitter:data1\" content=\"2 minuter\" \/>\n<script type=\"application\/ld+json\" class=\"yoast-schema-graph\">{\"@context\":\"https:\/\/schema.org\",\"@graph\":[{\"@type\":\"WebPage\",\"@id\":\"https:\/\/shipowners.fi\/sv\/digitalisering-och-automation\/\",\"url\":\"https:\/\/shipowners.fi\/sv\/digitalisering-och-automation\/\",\"name\":\"Digitalisering och automation - Rederierna i Finland\",\"isPartOf\":{\"@id\":\"https:\/\/shipowners.fi\/#website\"},\"primaryImageOfPage\":{\"@id\":\"https:\/\/shipowners.fi\/sv\/digitalisering-och-automation\/#primaryimage\"},\"image\":{\"@id\":\"https:\/\/shipowners.fi\/sv\/digitalisering-och-automation\/#primaryimage\"},\"thumbnailUrl\":\"https:\/\/shipowners.fi\/wp-content\/uploads\/2018\/06\/oneseasv.png\",\"datePublished\":\"2018-05-30T06:04:34+00:00\",\"dateModified\":\"2021-08-18T12:04:43+00:00\",\"inLanguage\":\"sv-SE\",\"potentialAction\":[{\"@type\":\"ReadAction\",\"target\":[\"https:\/\/shipowners.fi\/sv\/digitalisering-och-automation\/\"]}]},{\"@type\":\"ImageObject\",\"inLanguage\":\"sv-SE\",\"@id\":\"https:\/\/shipowners.fi\/sv\/digitalisering-och-automation\/#primaryimage\",\"url\":\"https:\/\/shipowners.fi\/wp-content\/uploads\/2018\/06\/oneseasv.png\",\"contentUrl\":\"https:\/\/shipowners.fi\/wp-content\/uploads\/2018\/06\/oneseasv.png\"},{\"@type\":\"WebSite\",\"@id\":\"https:\/\/shipowners.fi\/#website\",\"url\":\"https:\/\/shipowners.fi\/\",\"name\":\"Rederierna i Finland\",\"description\":\"\",\"potentialAction\":[{\"@type\":\"SearchAction\",\"target\":{\"@type\":\"EntryPoint\",\"urlTemplate\":\"https:\/\/shipowners.fi\/?s={search_term_string}\"},\"query-input\":{\"@type\":\"PropertyValueSpecification\",\"valueRequired\":true,\"valueName\":\"search_term_string\"}}],\"inLanguage\":\"sv-SE\"}]}<\/script>\n<!-- \/ Yoast SEO plugin. -->","yoast_head_json":{"title":"Digitalisering och automation - Rederierna i Finland","robots":{"index":"index","follow":"follow","max-snippet":"max-snippet:-1","max-image-preview":"max-image-preview:large","max-video-preview":"max-video-preview:-1"},"canonical":"https:\/\/shipowners.fi\/sv\/digitalisering-och-automation\/","og_locale":"sv_SE","og_type":"article","og_title":"Digitalisering och automation - Rederierna i Finland","og_description":"Teknologi och en \u00f6kande grad automation omformar sj\u00f6fart och logistik. De utvecklande datainsamlings och -\u00f6verf\u00f6ringsmetoderna producerar b\u00e4ttre, mera omfattande och realtid information. Detta m\u00f6jligg\u00f6r automation av fartyg och utveckling av autonomin, och d\u00e4rmed fr\u00e4mjas sj\u00f6fartens s\u00e4kerhet och milj\u00f6v\u00e4nlighet. Digitalisering erbjuder rederierna och andra akt\u00f6rer i logistiska n\u00e4tverket verktyg till serviceutveckling och effektivera processer. V\u00e4l fungerande&hellip;","og_url":"https:\/\/shipowners.fi\/sv\/digitalisering-och-automation\/","og_site_name":"Rederierna i Finland","article_modified_time":"2021-08-18T12:04:43+00:00","og_image":[{"url":"https:\/\/shipowners.fi\/wp-content\/uploads\/2018\/06\/oneseasv.png","type":"","width":"","height":""}],"twitter_card":"summary_large_image","twitter_misc":{"Ber\u00e4knad l\u00e4stid":"2 minuter"},"schema":{"@context":"https:\/\/schema.org","@graph":[{"@type":"WebPage","@id":"https:\/\/shipowners.fi\/sv\/digitalisering-och-automation\/","url":"https:\/\/shipowners.fi\/sv\/digitalisering-och-automation\/","name":"Digitalisering och automation - Rederierna i Finland","isPartOf":{"@id":"https:\/\/shipowners.fi\/#website"},"primaryImageOfPage":{"@id":"https:\/\/shipowners.fi\/sv\/digitalisering-och-automation\/#primaryimage"},"image":{"@id":"https:\/\/shipowners.fi\/sv\/digitalisering-och-automation\/#primaryimage"},"thumbnailUrl":"https:\/\/shipowners.fi\/wp-content\/uploads\/2018\/06\/oneseasv.png","datePublished":"2018-05-30T06:04:34+00:00","dateModified":"2021-08-18T12:04:43+00:00","inLanguage":"sv-SE","potentialAction":[{"@type":"ReadAction","target":["https:\/\/shipowners.fi\/sv\/digitalisering-och-automation\/"]}]},{"@type":"ImageObject","inLanguage":"sv-SE","@id":"https:\/\/shipowners.fi\/sv\/digitalisering-och-automation\/#primaryimage","url":"https:\/\/shipowners.fi\/wp-content\/uploads\/2018\/06\/oneseasv.png","contentUrl":"https:\/\/shipowners.fi\/wp-content\/uploads\/2018\/06\/oneseasv.png"},{"@type":"WebSite","@id":"https:\/\/shipowners.fi\/#website","url":"https:\/\/shipowners.fi\/","name":"Rederierna i Finland","description":"","potentialAction":[{"@type":"SearchAction","target":{"@type":"EntryPoint","urlTemplate":"https:\/\/shipowners.fi\/?s={search_term_string}"},"query-input":{"@type":"PropertyValueSpecification","valueRequired":true,"valueName":"search_term_string"}}],"inLanguage":"sv-SE"}]}},"_links":{"self":[{"href":"https:\/\/shipowners.fi\/sv\/wp-json\/wp\/v2\/pages\/397","targetHints":{"allow":["GET"]}}],"collection":[{"href":"https:\/\/shipowners.fi\/sv\/wp-json\/wp\/v2\/pages"}],"about":[{"href":"https:\/\/shipowners.fi\/sv\/wp-json\/wp\/v2\/types\/page"}],"author":[{"embeddable":true,"href":"https:\/\/shipowners.fi\/sv\/wp-json\/wp\/v2\/users\/1"}],"replies":[{"embeddable":true,"href":"https:\/\/shipowners.fi\/sv\/wp-json\/wp\/v2\/comments?post=397"}],"version-history":[{"count":7,"href":"https:\/\/shipowners.fi\/sv\/wp-json\/wp\/v2\/pages\/397\/revisions"}],"predecessor-version":[{"id":7622,"href":"https:\/\/shipowners.fi\/sv\/wp-json\/wp\/v2\/pages\/397\/revisions\/7622"}],"wp:attachment":[{"href":"https:\/\/shipowners.fi\/sv\/wp-json\/wp\/v2\/media?parent=397"}],"curies":[{"name":"wp","href":"https:\/\/api.w.org\/{rel}","templated":true}]}}