{"id":415,"date":"2018-05-30T09:10:24","date_gmt":"2018-05-30T06:10:24","guid":{"rendered":"https:\/\/shipowners.fi\/rederierna-i-finland\/strategia\/"},"modified":"2025-10-15T15:18:32","modified_gmt":"2025-10-15T12:18:32","slug":"strategi","status":"publish","type":"page","link":"https:\/\/shipowners.fi\/sv\/rederierna-i-finland\/strategi\/","title":{"rendered":"Strategi"},"content":{"rendered":"<h3><\/h3>\n<p><img loading=\"lazy\" decoding=\"async\" class=\"alignnone size-full wp-image-12183\" src=\"https:\/\/shipowners.fi\/wp-content\/uploads\/2024\/12\/shipowners-placeholder-1-960x515-1.jpg\" alt=\"\" width=\"960\" height=\"515\" srcset=\"https:\/\/shipowners.fi\/wp-content\/uploads\/2024\/12\/shipowners-placeholder-1-960x515-1.jpg 960w, https:\/\/shipowners.fi\/wp-content\/uploads\/2024\/12\/shipowners-placeholder-1-960x515-1-300x161.jpg 300w, https:\/\/shipowners.fi\/wp-content\/uploads\/2024\/12\/shipowners-placeholder-1-960x515-1-768x412.jpg 768w\" sizes=\"auto, (max-width: 960px) 100vw, 960px\" \/><\/p>\n<h4><b>Mission<\/b><\/h4>\n<p>Rederierna i Finland fr\u00e4mjar sin n\u00e4ringsgrens verksamhetsf\u00f6ruts\u00e4ttningar och konkurrenskraft med proaktivt p\u00e5verkande p\u00e5 nationellt och internationellt plan.<\/p>\n<h4><b>Vision 2026<\/b><\/h4>\n<p>Finlands geopolitiska l\u00e4ge och beroende av sj\u00f6fart \u00e4r allm\u00e4nt f\u00f6rst\u00e5tt. Finl\u00e4ndska rederier har internationellt konkurrenskraftiga verksamhetsf\u00f6ruts\u00e4ttningar. De \u00e4r f\u00f6reg\u00e5ngare inom ansvarsfull sj\u00f6fart. Branschen g\u00e5r ambiti\u00f6st mot utsl\u00e4ppsfri sj\u00f6fart. Rederierna har tillg\u00e5ng till tillr\u00e4ckligt kompetent personal.<\/p>\n<h4><b>V\u00e4rderingar <\/b><\/h4>\n<p>Ansvarsfull<\/p>\n<p>Sakkunnig<\/p>\n<p>Verkningsfull<\/p>\n<h4><strong>Strategiska m\u00e5l 2030<\/strong><\/h4>\n<ol>\n<li>Finl\u00e4ndska rederier \u00e4r internationellt konkurrenskraftiga. N\u00e4ringens verksamhetsf\u00f6ruts\u00e4ttningar \u00e4r stabila och f\u00f6ruts\u00e4gbara. \u00d6verlappande reglering undviks. Finlands s\u00e4rdrag f\u00f6r vintertrafik beaktas i internationell reglering.<\/li>\n<li>Tillr\u00e4cklig och m\u00e5ngsidig finl\u00e4ndsk rederiverksamhet s\u00e4kerst\u00e4ller sj\u00f6transporter som \u00e4r viktiga f\u00f6r f\u00f6rs\u00f6rjningsberedskapen. Branschen \u00e4r f\u00f6rberedd p\u00e5 f\u00f6r\u00e4ndringar i s\u00e4kerhetsmilj\u00f6n.<\/li>\n<li>Finl\u00e4ndska rederier \u00e4r allm\u00e4nt k\u00e4nda som ansvarsfulla akt\u00f6rer och f\u00f6reg\u00e5ngare i att ta i bruk utsl\u00e4ppsminskande teknologier och digitala l\u00f6sningar. Fossilfria br\u00e4nslen finns tillg\u00e4ngliga i tillr\u00e4cklig m\u00e4ngd till konkurrenskraftiga priser.<\/li>\n<li>Kompetenta, motiverade och v\u00e4lm\u00e5ende m\u00e4nniskor \u00e4r v\u00e5r styrka. Branschen lockar nya yrkespersoner och kompetensen motsvarar kraven i en snabbt f\u00f6r\u00e4nderlig milj\u00f6. Utbildningssystemet har utvecklats f\u00f6r att m\u00f6ta behoven.<\/li>\n<li>Arbetskulturen motsvarar dagens f\u00f6rv\u00e4ntningar. Alla som arbetar ombord k\u00e4nner sig trygga, respekterade och v\u00e4lkomna.<\/li>\n<li>Rederierna i Finland \u00e4r en uppskattad och v\u00e4lk\u00e4nd proaktiv akt\u00f6r vars st\u00e4llningstaganden har inflytande b\u00e5de nationellt och internationellt. Stark EU-p\u00e5verkan \u00e4r en central del av v\u00e5r verksamhet.<\/li>\n<\/ol>\n<h4>Verksamhetens tyngdpunkter<\/h4>\n<ul>\n<li>N\u00e4rings- och sj\u00f6fartspolitik<\/li>\n<li>Arbetsmarknadspolitik<\/li>\n<li>Milj\u00f6 och h\u00e5llbarhet<\/li>\n<li>Funktionell och effektiv infrastruktur<\/li>\n<li>S\u00e4kerhet och beredskap<\/li>\n<li>Tillg\u00e5ng, kompetens och v\u00e4lm\u00e5ende hos arbetskraften<\/li>\n<\/ul>\n<p>&nbsp;<\/p>\n","protected":false},"excerpt":{"rendered":"<p>Mission Rederierna i Finland fr\u00e4mjar sin n\u00e4ringsgrens verksamhetsf\u00f6ruts\u00e4ttningar och konkurrenskraft med proaktivt p\u00e5verkande p\u00e5 nationellt och internationellt plan. Vision 2026 Finlands geopolitiska l\u00e4ge och beroende av sj\u00f6fart \u00e4r allm\u00e4nt f\u00f6rst\u00e5tt. Finl\u00e4ndska rederier har internationellt konkurrenskraftiga verksamhetsf\u00f6ruts\u00e4ttningar. De \u00e4r f\u00f6reg\u00e5ngare inom ansvarsfull sj\u00f6fart. Branschen g\u00e5r ambiti\u00f6st mot utsl\u00e4ppsfri sj\u00f6fart. Rederierna har tillg\u00e5ng till tillr\u00e4ckligt kompetent personal.&hellip;<\/p>\n","protected":false},"author":1,"featured_media":0,"parent":156,"menu_order":158,"comment_status":"closed","ping_status":"closed","template":"","meta":{"_acf_changed":false,"footnotes":""},"class_list":["post-415","page","type-page","status-publish","hentry"],"acf":[],"yoast_head":"<!-- This site is optimized with the Yoast SEO plugin v27.2 - https:\/\/yoast.com\/product\/yoast-seo-wordpress\/ -->\n<title>Strategi - Rederierna i Finland<\/title>\n<meta name=\"robots\" content=\"index, follow, max-snippet:-1, max-image-preview:large, max-video-preview:-1\" \/>\n<link rel=\"canonical\" href=\"https:\/\/shipowners.fi\/sv\/rederierna-i-finland\/strategi\/\" \/>\n<meta property=\"og:locale\" content=\"sv_SE\" \/>\n<meta property=\"og:type\" content=\"article\" \/>\n<meta property=\"og:title\" content=\"Strategi - Rederierna i Finland\" \/>\n<meta property=\"og:description\" content=\"Mission Rederierna i Finland fr\u00e4mjar sin n\u00e4ringsgrens verksamhetsf\u00f6ruts\u00e4ttningar och konkurrenskraft med proaktivt p\u00e5verkande p\u00e5 nationellt och internationellt plan. Vision 2026 Finlands geopolitiska l\u00e4ge och beroende av sj\u00f6fart \u00e4r allm\u00e4nt f\u00f6rst\u00e5tt. Finl\u00e4ndska rederier har internationellt konkurrenskraftiga verksamhetsf\u00f6ruts\u00e4ttningar. De \u00e4r f\u00f6reg\u00e5ngare inom ansvarsfull sj\u00f6fart. Branschen g\u00e5r ambiti\u00f6st mot utsl\u00e4ppsfri sj\u00f6fart. Rederierna har tillg\u00e5ng till tillr\u00e4ckligt kompetent personal.&hellip;\" \/>\n<meta property=\"og:url\" content=\"https:\/\/shipowners.fi\/sv\/rederierna-i-finland\/strategi\/\" \/>\n<meta property=\"og:site_name\" content=\"Rederierna i Finland\" \/>\n<meta property=\"article:modified_time\" content=\"2025-10-15T12:18:32+00:00\" \/>\n<meta property=\"og:image\" content=\"https:\/\/shipowners.fi\/wp-content\/uploads\/2024\/12\/shipowners-placeholder-1-960x515-1.jpg\" \/>\n\t<meta property=\"og:image:width\" content=\"960\" \/>\n\t<meta property=\"og:image:height\" content=\"515\" \/>\n\t<meta property=\"og:image:type\" content=\"image\/jpeg\" \/>\n<meta name=\"twitter:card\" content=\"summary_large_image\" \/>\n<meta name=\"twitter:label1\" content=\"Ber\u00e4knad l\u00e4stid\" \/>\n\t<meta name=\"twitter:data1\" content=\"2 minuter\" \/>\n<script type=\"application\/ld+json\" class=\"yoast-schema-graph\">{\"@context\":\"https:\/\/schema.org\",\"@graph\":[{\"@type\":\"WebPage\",\"@id\":\"https:\/\/shipowners.fi\/sv\/rederierna-i-finland\/strategi\/\",\"url\":\"https:\/\/shipowners.fi\/sv\/rederierna-i-finland\/strategi\/\",\"name\":\"Strategi - Rederierna i Finland\",\"isPartOf\":{\"@id\":\"https:\/\/shipowners.fi\/#website\"},\"primaryImageOfPage\":{\"@id\":\"https:\/\/shipowners.fi\/sv\/rederierna-i-finland\/strategi\/#primaryimage\"},\"image\":{\"@id\":\"https:\/\/shipowners.fi\/sv\/rederierna-i-finland\/strategi\/#primaryimage\"},\"thumbnailUrl\":\"https:\/\/shipowners.fi\/wp-content\/uploads\/2024\/12\/shipowners-placeholder-1-960x515-1.jpg\",\"datePublished\":\"2018-05-30T06:10:24+00:00\",\"dateModified\":\"2025-10-15T12:18:32+00:00\",\"breadcrumb\":{\"@id\":\"https:\/\/shipowners.fi\/sv\/rederierna-i-finland\/strategi\/#breadcrumb\"},\"inLanguage\":\"sv-SE\",\"potentialAction\":[{\"@type\":\"ReadAction\",\"target\":[\"https:\/\/shipowners.fi\/sv\/rederierna-i-finland\/strategi\/\"]}]},{\"@type\":\"ImageObject\",\"inLanguage\":\"sv-SE\",\"@id\":\"https:\/\/shipowners.fi\/sv\/rederierna-i-finland\/strategi\/#primaryimage\",\"url\":\"https:\/\/shipowners.fi\/wp-content\/uploads\/2024\/12\/shipowners-placeholder-1-960x515-1.jpg\",\"contentUrl\":\"https:\/\/shipowners.fi\/wp-content\/uploads\/2024\/12\/shipowners-placeholder-1-960x515-1.jpg\"},{\"@type\":\"BreadcrumbList\",\"@id\":\"https:\/\/shipowners.fi\/sv\/rederierna-i-finland\/strategi\/#breadcrumb\",\"itemListElement\":[{\"@type\":\"ListItem\",\"position\":1,\"name\":\"Rederierna i Finland\",\"item\":\"https:\/\/shipowners.fi\/sv\/rederierna-i-finland\/\"},{\"@type\":\"ListItem\",\"position\":2,\"name\":\"Strategi\"}]},{\"@type\":\"WebSite\",\"@id\":\"https:\/\/shipowners.fi\/#website\",\"url\":\"https:\/\/shipowners.fi\/\",\"name\":\"Rederierna i Finland\",\"description\":\"\",\"potentialAction\":[{\"@type\":\"SearchAction\",\"target\":{\"@type\":\"EntryPoint\",\"urlTemplate\":\"https:\/\/shipowners.fi\/?s={search_term_string}\"},\"query-input\":{\"@type\":\"PropertyValueSpecification\",\"valueRequired\":true,\"valueName\":\"search_term_string\"}}],\"inLanguage\":\"sv-SE\"}]}<\/script>\n<!-- \/ Yoast SEO plugin. -->","yoast_head_json":{"title":"Strategi - Rederierna i Finland","robots":{"index":"index","follow":"follow","max-snippet":"max-snippet:-1","max-image-preview":"max-image-preview:large","max-video-preview":"max-video-preview:-1"},"canonical":"https:\/\/shipowners.fi\/sv\/rederierna-i-finland\/strategi\/","og_locale":"sv_SE","og_type":"article","og_title":"Strategi - Rederierna i Finland","og_description":"Mission Rederierna i Finland fr\u00e4mjar sin n\u00e4ringsgrens verksamhetsf\u00f6ruts\u00e4ttningar och konkurrenskraft med proaktivt p\u00e5verkande p\u00e5 nationellt och internationellt plan. Vision 2026 Finlands geopolitiska l\u00e4ge och beroende av sj\u00f6fart \u00e4r allm\u00e4nt f\u00f6rst\u00e5tt. Finl\u00e4ndska rederier har internationellt konkurrenskraftiga verksamhetsf\u00f6ruts\u00e4ttningar. De \u00e4r f\u00f6reg\u00e5ngare inom ansvarsfull sj\u00f6fart. Branschen g\u00e5r ambiti\u00f6st mot utsl\u00e4ppsfri sj\u00f6fart. Rederierna har tillg\u00e5ng till tillr\u00e4ckligt kompetent personal.&hellip;","og_url":"https:\/\/shipowners.fi\/sv\/rederierna-i-finland\/strategi\/","og_site_name":"Rederierna i Finland","article_modified_time":"2025-10-15T12:18:32+00:00","og_image":[{"width":960,"height":515,"url":"https:\/\/shipowners.fi\/wp-content\/uploads\/2024\/12\/shipowners-placeholder-1-960x515-1.jpg","type":"image\/jpeg"}],"twitter_card":"summary_large_image","twitter_misc":{"Ber\u00e4knad l\u00e4stid":"2 minuter"},"schema":{"@context":"https:\/\/schema.org","@graph":[{"@type":"WebPage","@id":"https:\/\/shipowners.fi\/sv\/rederierna-i-finland\/strategi\/","url":"https:\/\/shipowners.fi\/sv\/rederierna-i-finland\/strategi\/","name":"Strategi - Rederierna i Finland","isPartOf":{"@id":"https:\/\/shipowners.fi\/#website"},"primaryImageOfPage":{"@id":"https:\/\/shipowners.fi\/sv\/rederierna-i-finland\/strategi\/#primaryimage"},"image":{"@id":"https:\/\/shipowners.fi\/sv\/rederierna-i-finland\/strategi\/#primaryimage"},"thumbnailUrl":"https:\/\/shipowners.fi\/wp-content\/uploads\/2024\/12\/shipowners-placeholder-1-960x515-1.jpg","datePublished":"2018-05-30T06:10:24+00:00","dateModified":"2025-10-15T12:18:32+00:00","breadcrumb":{"@id":"https:\/\/shipowners.fi\/sv\/rederierna-i-finland\/strategi\/#breadcrumb"},"inLanguage":"sv-SE","potentialAction":[{"@type":"ReadAction","target":["https:\/\/shipowners.fi\/sv\/rederierna-i-finland\/strategi\/"]}]},{"@type":"ImageObject","inLanguage":"sv-SE","@id":"https:\/\/shipowners.fi\/sv\/rederierna-i-finland\/strategi\/#primaryimage","url":"https:\/\/shipowners.fi\/wp-content\/uploads\/2024\/12\/shipowners-placeholder-1-960x515-1.jpg","contentUrl":"https:\/\/shipowners.fi\/wp-content\/uploads\/2024\/12\/shipowners-placeholder-1-960x515-1.jpg"},{"@type":"BreadcrumbList","@id":"https:\/\/shipowners.fi\/sv\/rederierna-i-finland\/strategi\/#breadcrumb","itemListElement":[{"@type":"ListItem","position":1,"name":"Rederierna i Finland","item":"https:\/\/shipowners.fi\/sv\/rederierna-i-finland\/"},{"@type":"ListItem","position":2,"name":"Strategi"}]},{"@type":"WebSite","@id":"https:\/\/shipowners.fi\/#website","url":"https:\/\/shipowners.fi\/","name":"Rederierna i Finland","description":"","potentialAction":[{"@type":"SearchAction","target":{"@type":"EntryPoint","urlTemplate":"https:\/\/shipowners.fi\/?s={search_term_string}"},"query-input":{"@type":"PropertyValueSpecification","valueRequired":true,"valueName":"search_term_string"}}],"inLanguage":"sv-SE"}]}},"_links":{"self":[{"href":"https:\/\/shipowners.fi\/sv\/wp-json\/wp\/v2\/pages\/415","targetHints":{"allow":["GET"]}}],"collection":[{"href":"https:\/\/shipowners.fi\/sv\/wp-json\/wp\/v2\/pages"}],"about":[{"href":"https:\/\/shipowners.fi\/sv\/wp-json\/wp\/v2\/types\/page"}],"author":[{"embeddable":true,"href":"https:\/\/shipowners.fi\/sv\/wp-json\/wp\/v2\/users\/1"}],"replies":[{"embeddable":true,"href":"https:\/\/shipowners.fi\/sv\/wp-json\/wp\/v2\/comments?post=415"}],"version-history":[{"count":11,"href":"https:\/\/shipowners.fi\/sv\/wp-json\/wp\/v2\/pages\/415\/revisions"}],"predecessor-version":[{"id":12715,"href":"https:\/\/shipowners.fi\/sv\/wp-json\/wp\/v2\/pages\/415\/revisions\/12715"}],"up":[{"embeddable":true,"href":"https:\/\/shipowners.fi\/sv\/wp-json\/wp\/v2\/pages\/156"}],"wp:attachment":[{"href":"https:\/\/shipowners.fi\/sv\/wp-json\/wp\/v2\/media?parent=415"}],"curies":[{"name":"wp","href":"https:\/\/api.w.org\/{rel}","templated":true}]}}