{"id":431,"date":"2018-05-30T09:13:03","date_gmt":"2018-05-30T06:13:03","guid":{"rendered":"https:\/\/shipowners.fi\/rederierna-i-finland\/lausunnot\/"},"modified":"2024-10-08T16:23:52","modified_gmt":"2024-10-08T13:23:52","slug":"utlatanden","status":"publish","type":"page","link":"https:\/\/shipowners.fi\/sv\/rederierna-i-finland\/utlatanden\/","title":{"rendered":"Utl\u00e5tanden"},"content":{"rendered":"<p>Rederierna i Finland ger utl\u00e5tanden i fr\u00e5gor ang\u00e5ende rederin\u00e4ringen och sj\u00f6fart. I \u00e5r har Rederierna i Finland givit utl\u00e5tandet enligt f\u00f6ljande:<\/p>\n<p><a href=\"https:\/\/shipowners.fi\/wp-content\/uploads\/2024\/10\/SV-LAUSUNNOT-2024-RIF-UTLATANDE-2024.pdf\"> UTL\u00c5TANDEN 2024<\/a><\/p>\n<p><a href=\"https:\/\/shipowners.fi\/wp-content\/uploads\/2024\/10\/SV-LAUSUNNOT-2023-RIF-UTLATANDEN-2023.pdf\">UTL\u00c5TANDEN 2023<\/a><\/p>\n<p><a href=\"https:\/\/shipowners.fi\/wp-content\/uploads\/2023\/03\/ANNEX-7-Lausunnot-Utlatanden.pdf\" target=\"_blank\" rel=\"noopener\">Utl\u00e5tanden 2022<\/a><\/p>\n<p><a href=\"https:\/\/shipowners.fi\/wp-content\/uploads\/2021\/08\/Lausunnot-2021.pdf\">Utl\u00e5tanden 2021<\/a><\/p>\n<p><a href=\"https:\/\/shipowners.fi\/wp-content\/uploads\/2020\/11\/Lausunnot-11_2020.pdf\">Utl\u00e5tanden 2020<\/a><\/p>\n<p><a href=\"https:\/\/shipowners.fi\/wp-content\/uploads\/2019\/12\/SV-tulevat-asiat-2019.pdf\" target=\"_blank\" rel=\"noopener noreferrer\">Utl\u00e5tanden 2019<\/a><\/p>\n<p><a href=\"https:\/\/shipowners.fi\/wp-content\/uploads\/2019\/01\/LAUSUNNOT-2018.pdf\" target=\"_blank\" rel=\"noopener noreferrer\">Utl\u00e5tanden 2018<\/a><\/p>\n<p>&nbsp;<\/p>\n","protected":false},"excerpt":{"rendered":"<p>Rederierna i Finland ger utl\u00e5tanden i fr\u00e5gor ang\u00e5ende rederin\u00e4ringen och sj\u00f6fart. I \u00e5r har Rederierna i Finland givit utl\u00e5tandet enligt f\u00f6ljande: UTL\u00c5TANDEN 2024 UTL\u00c5TANDEN 2023 Utl\u00e5tanden 2022 Utl\u00e5tanden 2021 Utl\u00e5tanden 2020 Utl\u00e5tanden 2019 Utl\u00e5tanden 2018 &nbsp;<\/p>\n","protected":false},"author":1,"featured_media":0,"parent":156,"menu_order":157,"comment_status":"closed","ping_status":"closed","template":"","meta":{"_acf_changed":false,"footnotes":""},"class_list":["post-431","page","type-page","status-publish","hentry"],"acf":[],"yoast_head":"<!-- This site is optimized with the Yoast SEO plugin v27.2 - https:\/\/yoast.com\/product\/yoast-seo-wordpress\/ -->\n<title>Utl\u00e5tanden - Rederierna i Finland<\/title>\n<meta name=\"robots\" content=\"index, follow, max-snippet:-1, max-image-preview:large, max-video-preview:-1\" \/>\n<link rel=\"canonical\" href=\"https:\/\/shipowners.fi\/sv\/rederierna-i-finland\/utlatanden\/\" \/>\n<meta property=\"og:locale\" content=\"sv_SE\" \/>\n<meta property=\"og:type\" content=\"article\" \/>\n<meta property=\"og:title\" content=\"Utl\u00e5tanden - Rederierna i Finland\" \/>\n<meta property=\"og:description\" content=\"Rederierna i Finland ger utl\u00e5tanden i fr\u00e5gor ang\u00e5ende rederin\u00e4ringen och sj\u00f6fart. I \u00e5r har Rederierna i Finland givit utl\u00e5tandet enligt f\u00f6ljande: UTL\u00c5TANDEN 2024 UTL\u00c5TANDEN 2023 Utl\u00e5tanden 2022 Utl\u00e5tanden 2021 Utl\u00e5tanden 2020 Utl\u00e5tanden 2019 Utl\u00e5tanden 2018 &nbsp;\" \/>\n<meta property=\"og:url\" content=\"https:\/\/shipowners.fi\/sv\/rederierna-i-finland\/utlatanden\/\" \/>\n<meta property=\"og:site_name\" content=\"Rederierna i Finland\" \/>\n<meta property=\"article:modified_time\" content=\"2024-10-08T13:23:52+00:00\" \/>\n<meta property=\"og:image\" content=\"https:\/\/shipowners.fi\/wp-content\/uploads\/2018\/05\/suomenvarustamot_etusivu.jpg\" \/>\n\t<meta property=\"og:image:width\" content=\"1243\" \/>\n\t<meta property=\"og:image:height\" content=\"901\" \/>\n\t<meta property=\"og:image:type\" content=\"image\/jpeg\" \/>\n<meta name=\"twitter:card\" content=\"summary_large_image\" \/>\n<meta name=\"twitter:label1\" content=\"Ber\u00e4knad l\u00e4stid\" \/>\n\t<meta name=\"twitter:data1\" content=\"1 minut\" \/>\n<script type=\"application\/ld+json\" class=\"yoast-schema-graph\">{\"@context\":\"https:\/\/schema.org\",\"@graph\":[{\"@type\":\"WebPage\",\"@id\":\"https:\/\/shipowners.fi\/sv\/rederierna-i-finland\/utlatanden\/\",\"url\":\"https:\/\/shipowners.fi\/sv\/rederierna-i-finland\/utlatanden\/\",\"name\":\"Utl\u00e5tanden - Rederierna i Finland\",\"isPartOf\":{\"@id\":\"https:\/\/shipowners.fi\/#website\"},\"datePublished\":\"2018-05-30T06:13:03+00:00\",\"dateModified\":\"2024-10-08T13:23:52+00:00\",\"breadcrumb\":{\"@id\":\"https:\/\/shipowners.fi\/sv\/rederierna-i-finland\/utlatanden\/#breadcrumb\"},\"inLanguage\":\"sv-SE\",\"potentialAction\":[{\"@type\":\"ReadAction\",\"target\":[\"https:\/\/shipowners.fi\/sv\/rederierna-i-finland\/utlatanden\/\"]}]},{\"@type\":\"BreadcrumbList\",\"@id\":\"https:\/\/shipowners.fi\/sv\/rederierna-i-finland\/utlatanden\/#breadcrumb\",\"itemListElement\":[{\"@type\":\"ListItem\",\"position\":1,\"name\":\"Rederierna i Finland\",\"item\":\"https:\/\/shipowners.fi\/sv\/rederierna-i-finland\/\"},{\"@type\":\"ListItem\",\"position\":2,\"name\":\"Utl\u00e5tanden\"}]},{\"@type\":\"WebSite\",\"@id\":\"https:\/\/shipowners.fi\/#website\",\"url\":\"https:\/\/shipowners.fi\/\",\"name\":\"Rederierna i Finland\",\"description\":\"\",\"potentialAction\":[{\"@type\":\"SearchAction\",\"target\":{\"@type\":\"EntryPoint\",\"urlTemplate\":\"https:\/\/shipowners.fi\/?s={search_term_string}\"},\"query-input\":{\"@type\":\"PropertyValueSpecification\",\"valueRequired\":true,\"valueName\":\"search_term_string\"}}],\"inLanguage\":\"sv-SE\"}]}<\/script>\n<!-- \/ Yoast SEO plugin. -->","yoast_head_json":{"title":"Utl\u00e5tanden - Rederierna i Finland","robots":{"index":"index","follow":"follow","max-snippet":"max-snippet:-1","max-image-preview":"max-image-preview:large","max-video-preview":"max-video-preview:-1"},"canonical":"https:\/\/shipowners.fi\/sv\/rederierna-i-finland\/utlatanden\/","og_locale":"sv_SE","og_type":"article","og_title":"Utl\u00e5tanden - Rederierna i Finland","og_description":"Rederierna i Finland ger utl\u00e5tanden i fr\u00e5gor ang\u00e5ende rederin\u00e4ringen och sj\u00f6fart. I \u00e5r har Rederierna i Finland givit utl\u00e5tandet enligt f\u00f6ljande: UTL\u00c5TANDEN 2024 UTL\u00c5TANDEN 2023 Utl\u00e5tanden 2022 Utl\u00e5tanden 2021 Utl\u00e5tanden 2020 Utl\u00e5tanden 2019 Utl\u00e5tanden 2018 &nbsp;","og_url":"https:\/\/shipowners.fi\/sv\/rederierna-i-finland\/utlatanden\/","og_site_name":"Rederierna i Finland","article_modified_time":"2024-10-08T13:23:52+00:00","og_image":[{"width":1243,"height":901,"url":"https:\/\/shipowners.fi\/wp-content\/uploads\/2018\/05\/suomenvarustamot_etusivu.jpg","type":"image\/jpeg"}],"twitter_card":"summary_large_image","twitter_misc":{"Ber\u00e4knad l\u00e4stid":"1 minut"},"schema":{"@context":"https:\/\/schema.org","@graph":[{"@type":"WebPage","@id":"https:\/\/shipowners.fi\/sv\/rederierna-i-finland\/utlatanden\/","url":"https:\/\/shipowners.fi\/sv\/rederierna-i-finland\/utlatanden\/","name":"Utl\u00e5tanden - Rederierna i Finland","isPartOf":{"@id":"https:\/\/shipowners.fi\/#website"},"datePublished":"2018-05-30T06:13:03+00:00","dateModified":"2024-10-08T13:23:52+00:00","breadcrumb":{"@id":"https:\/\/shipowners.fi\/sv\/rederierna-i-finland\/utlatanden\/#breadcrumb"},"inLanguage":"sv-SE","potentialAction":[{"@type":"ReadAction","target":["https:\/\/shipowners.fi\/sv\/rederierna-i-finland\/utlatanden\/"]}]},{"@type":"BreadcrumbList","@id":"https:\/\/shipowners.fi\/sv\/rederierna-i-finland\/utlatanden\/#breadcrumb","itemListElement":[{"@type":"ListItem","position":1,"name":"Rederierna i Finland","item":"https:\/\/shipowners.fi\/sv\/rederierna-i-finland\/"},{"@type":"ListItem","position":2,"name":"Utl\u00e5tanden"}]},{"@type":"WebSite","@id":"https:\/\/shipowners.fi\/#website","url":"https:\/\/shipowners.fi\/","name":"Rederierna i Finland","description":"","potentialAction":[{"@type":"SearchAction","target":{"@type":"EntryPoint","urlTemplate":"https:\/\/shipowners.fi\/?s={search_term_string}"},"query-input":{"@type":"PropertyValueSpecification","valueRequired":true,"valueName":"search_term_string"}}],"inLanguage":"sv-SE"}]}},"_links":{"self":[{"href":"https:\/\/shipowners.fi\/sv\/wp-json\/wp\/v2\/pages\/431","targetHints":{"allow":["GET"]}}],"collection":[{"href":"https:\/\/shipowners.fi\/sv\/wp-json\/wp\/v2\/pages"}],"about":[{"href":"https:\/\/shipowners.fi\/sv\/wp-json\/wp\/v2\/types\/page"}],"author":[{"embeddable":true,"href":"https:\/\/shipowners.fi\/sv\/wp-json\/wp\/v2\/users\/1"}],"replies":[{"embeddable":true,"href":"https:\/\/shipowners.fi\/sv\/wp-json\/wp\/v2\/comments?post=431"}],"version-history":[{"count":27,"href":"https:\/\/shipowners.fi\/sv\/wp-json\/wp\/v2\/pages\/431\/revisions"}],"predecessor-version":[{"id":11941,"href":"https:\/\/shipowners.fi\/sv\/wp-json\/wp\/v2\/pages\/431\/revisions\/11941"}],"up":[{"embeddable":true,"href":"https:\/\/shipowners.fi\/sv\/wp-json\/wp\/v2\/pages\/156"}],"wp:attachment":[{"href":"https:\/\/shipowners.fi\/sv\/wp-json\/wp\/v2\/media?parent=431"}],"curies":[{"name":"wp","href":"https:\/\/api.w.org\/{rel}","templated":true}]}}