{"id":5299,"date":"2020-02-18T15:06:22","date_gmt":"2020-02-18T13:06:22","guid":{"rendered":"https:\/\/shipowners.fi\/?page_id=5299"},"modified":"2020-02-18T15:43:21","modified_gmt":"2020-02-18T13:43:21","slug":"finland-ar-en-o","status":"publish","type":"page","link":"https:\/\/shipowners.fi\/sv\/konkurrenskraft\/nationell-sjofartspolitik\/finland-ar-en-o\/","title":{"rendered":"Finland \u00e4r en \u00f6"},"content":{"rendered":"<p>Finland \u00e4r en \u00f6, i varje fall med tanke p\u00e5 import och export. V\u00e5r nationalekonomi \u00e4r beroende av sj\u00f6fart, eftersom 85% utav Finlands export och import transporteras till sj\u00f6ss. S\u00e5 som n\u00e4stan \u00f6verallt i Europa, har Finland l\u00e4nge investerat i den viktiga sj\u00f6v\u00e4gens drifts\u00e4kerhet. Ett av de mest centrala s\u00e4tten \u00e4r bemanningsst\u00f6det. Bemanningsst\u00f6det s\u00e4nker personalkostnaderna till en konkurrenskraftig niv\u00e5, det vill s\u00e4ga m\u00f6jligg\u00f6r den finska sj\u00f6farten.<\/p>\n<p><iframe loading=\"lazy\" title=\"Finland \u00e4r en \u00f6\" width=\"500\" height=\"281\" src=\"https:\/\/www.youtube.com\/embed\/Eli7LXgixLc?feature=oembed\" frameborder=\"0\" allow=\"accelerometer; autoplay; clipboard-write; encrypted-media; gyroscope; picture-in-picture; web-share\" referrerpolicy=\"strict-origin-when-cross-origin\" allowfullscreen><\/iframe><\/p>\n","protected":false},"excerpt":{"rendered":"<p>Finland \u00e4r en \u00f6, i varje fall med tanke p\u00e5 import och export. V\u00e5r nationalekonomi \u00e4r beroende av sj\u00f6fart, eftersom 85% utav Finlands export och import transporteras till sj\u00f6ss. S\u00e5 som n\u00e4stan \u00f6verallt i Europa, har Finland l\u00e4nge investerat i den viktiga sj\u00f6v\u00e4gens drifts\u00e4kerhet. Ett av de mest centrala s\u00e4tten \u00e4r bemanningsst\u00f6det. Bemanningsst\u00f6det s\u00e4nker personalkostnaderna&hellip;<\/p>\n","protected":false},"author":2,"featured_media":0,"parent":200,"menu_order":181,"comment_status":"closed","ping_status":"closed","template":"","meta":{"_acf_changed":false,"footnotes":""},"class_list":["post-5299","page","type-page","status-publish","hentry"],"acf":[],"yoast_head":"<!-- This site is optimized with the Yoast SEO plugin v27.2 - https:\/\/yoast.com\/product\/yoast-seo-wordpress\/ -->\n<title>Finland \u00e4r en \u00f6 - Rederierna i Finland<\/title>\n<meta name=\"robots\" content=\"index, follow, max-snippet:-1, max-image-preview:large, max-video-preview:-1\" \/>\n<link rel=\"canonical\" href=\"https:\/\/shipowners.fi\/sv\/konkurrenskraft\/nationell-sjofartspolitik\/finland-ar-en-o\/\" \/>\n<meta property=\"og:locale\" content=\"sv_SE\" \/>\n<meta property=\"og:type\" content=\"article\" \/>\n<meta property=\"og:title\" content=\"Finland \u00e4r en \u00f6 - Rederierna i Finland\" \/>\n<meta property=\"og:description\" content=\"Finland \u00e4r en \u00f6, i varje fall med tanke p\u00e5 import och export. V\u00e5r nationalekonomi \u00e4r beroende av sj\u00f6fart, eftersom 85% utav Finlands export och import transporteras till sj\u00f6ss. S\u00e5 som n\u00e4stan \u00f6verallt i Europa, har Finland l\u00e4nge investerat i den viktiga sj\u00f6v\u00e4gens drifts\u00e4kerhet. Ett av de mest centrala s\u00e4tten \u00e4r bemanningsst\u00f6det. Bemanningsst\u00f6det s\u00e4nker personalkostnaderna&hellip;\" \/>\n<meta property=\"og:url\" content=\"https:\/\/shipowners.fi\/sv\/konkurrenskraft\/nationell-sjofartspolitik\/finland-ar-en-o\/\" \/>\n<meta property=\"og:site_name\" content=\"Rederierna i Finland\" \/>\n<meta property=\"article:modified_time\" content=\"2020-02-18T13:43:21+00:00\" \/>\n<meta property=\"og:image\" content=\"https:\/\/shipowners.fi\/wp-content\/uploads\/2018\/05\/suomenvarustamot_etusivu.jpg\" \/>\n\t<meta property=\"og:image:width\" content=\"1243\" \/>\n\t<meta property=\"og:image:height\" content=\"901\" \/>\n\t<meta property=\"og:image:type\" content=\"image\/jpeg\" \/>\n<meta name=\"twitter:card\" content=\"summary_large_image\" \/>\n<script type=\"application\/ld+json\" class=\"yoast-schema-graph\">{\"@context\":\"https:\/\/schema.org\",\"@graph\":[{\"@type\":\"WebPage\",\"@id\":\"https:\/\/shipowners.fi\/sv\/konkurrenskraft\/nationell-sjofartspolitik\/finland-ar-en-o\/\",\"url\":\"https:\/\/shipowners.fi\/sv\/konkurrenskraft\/nationell-sjofartspolitik\/finland-ar-en-o\/\",\"name\":\"Finland \u00e4r en \u00f6 - Rederierna i Finland\",\"isPartOf\":{\"@id\":\"https:\/\/shipowners.fi\/#website\"},\"datePublished\":\"2020-02-18T13:06:22+00:00\",\"dateModified\":\"2020-02-18T13:43:21+00:00\",\"breadcrumb\":{\"@id\":\"https:\/\/shipowners.fi\/sv\/konkurrenskraft\/nationell-sjofartspolitik\/finland-ar-en-o\/#breadcrumb\"},\"inLanguage\":\"sv-SE\",\"potentialAction\":[{\"@type\":\"ReadAction\",\"target\":[\"https:\/\/shipowners.fi\/sv\/konkurrenskraft\/nationell-sjofartspolitik\/finland-ar-en-o\/\"]}]},{\"@type\":\"BreadcrumbList\",\"@id\":\"https:\/\/shipowners.fi\/sv\/konkurrenskraft\/nationell-sjofartspolitik\/finland-ar-en-o\/#breadcrumb\",\"itemListElement\":[{\"@type\":\"ListItem\",\"position\":1,\"name\":\"Konkurrenskraft\",\"item\":\"https:\/\/shipowners.fi\/sv\/konkurrenskraft\/\"},{\"@type\":\"ListItem\",\"position\":2,\"name\":\"Nationell sj\u00f6fartspolitik\",\"item\":\"https:\/\/shipowners.fi\/sv\/konkurrenskraft\/nationell-sjofartspolitik\/\"},{\"@type\":\"ListItem\",\"position\":3,\"name\":\"Finland \u00e4r en \u00f6\"}]},{\"@type\":\"WebSite\",\"@id\":\"https:\/\/shipowners.fi\/#website\",\"url\":\"https:\/\/shipowners.fi\/\",\"name\":\"Rederierna i Finland\",\"description\":\"\",\"potentialAction\":[{\"@type\":\"SearchAction\",\"target\":{\"@type\":\"EntryPoint\",\"urlTemplate\":\"https:\/\/shipowners.fi\/?s={search_term_string}\"},\"query-input\":{\"@type\":\"PropertyValueSpecification\",\"valueRequired\":true,\"valueName\":\"search_term_string\"}}],\"inLanguage\":\"sv-SE\"}]}<\/script>\n<!-- \/ Yoast SEO plugin. -->","yoast_head_json":{"title":"Finland \u00e4r en \u00f6 - Rederierna i Finland","robots":{"index":"index","follow":"follow","max-snippet":"max-snippet:-1","max-image-preview":"max-image-preview:large","max-video-preview":"max-video-preview:-1"},"canonical":"https:\/\/shipowners.fi\/sv\/konkurrenskraft\/nationell-sjofartspolitik\/finland-ar-en-o\/","og_locale":"sv_SE","og_type":"article","og_title":"Finland \u00e4r en \u00f6 - Rederierna i Finland","og_description":"Finland \u00e4r en \u00f6, i varje fall med tanke p\u00e5 import och export. V\u00e5r nationalekonomi \u00e4r beroende av sj\u00f6fart, eftersom 85% utav Finlands export och import transporteras till sj\u00f6ss. S\u00e5 som n\u00e4stan \u00f6verallt i Europa, har Finland l\u00e4nge investerat i den viktiga sj\u00f6v\u00e4gens drifts\u00e4kerhet. Ett av de mest centrala s\u00e4tten \u00e4r bemanningsst\u00f6det. Bemanningsst\u00f6det s\u00e4nker personalkostnaderna&hellip;","og_url":"https:\/\/shipowners.fi\/sv\/konkurrenskraft\/nationell-sjofartspolitik\/finland-ar-en-o\/","og_site_name":"Rederierna i Finland","article_modified_time":"2020-02-18T13:43:21+00:00","og_image":[{"width":1243,"height":901,"url":"https:\/\/shipowners.fi\/wp-content\/uploads\/2018\/05\/suomenvarustamot_etusivu.jpg","type":"image\/jpeg"}],"twitter_card":"summary_large_image","schema":{"@context":"https:\/\/schema.org","@graph":[{"@type":"WebPage","@id":"https:\/\/shipowners.fi\/sv\/konkurrenskraft\/nationell-sjofartspolitik\/finland-ar-en-o\/","url":"https:\/\/shipowners.fi\/sv\/konkurrenskraft\/nationell-sjofartspolitik\/finland-ar-en-o\/","name":"Finland \u00e4r en \u00f6 - Rederierna i Finland","isPartOf":{"@id":"https:\/\/shipowners.fi\/#website"},"datePublished":"2020-02-18T13:06:22+00:00","dateModified":"2020-02-18T13:43:21+00:00","breadcrumb":{"@id":"https:\/\/shipowners.fi\/sv\/konkurrenskraft\/nationell-sjofartspolitik\/finland-ar-en-o\/#breadcrumb"},"inLanguage":"sv-SE","potentialAction":[{"@type":"ReadAction","target":["https:\/\/shipowners.fi\/sv\/konkurrenskraft\/nationell-sjofartspolitik\/finland-ar-en-o\/"]}]},{"@type":"BreadcrumbList","@id":"https:\/\/shipowners.fi\/sv\/konkurrenskraft\/nationell-sjofartspolitik\/finland-ar-en-o\/#breadcrumb","itemListElement":[{"@type":"ListItem","position":1,"name":"Konkurrenskraft","item":"https:\/\/shipowners.fi\/sv\/konkurrenskraft\/"},{"@type":"ListItem","position":2,"name":"Nationell sj\u00f6fartspolitik","item":"https:\/\/shipowners.fi\/sv\/konkurrenskraft\/nationell-sjofartspolitik\/"},{"@type":"ListItem","position":3,"name":"Finland \u00e4r en \u00f6"}]},{"@type":"WebSite","@id":"https:\/\/shipowners.fi\/#website","url":"https:\/\/shipowners.fi\/","name":"Rederierna i Finland","description":"","potentialAction":[{"@type":"SearchAction","target":{"@type":"EntryPoint","urlTemplate":"https:\/\/shipowners.fi\/?s={search_term_string}"},"query-input":{"@type":"PropertyValueSpecification","valueRequired":true,"valueName":"search_term_string"}}],"inLanguage":"sv-SE"}]}},"_links":{"self":[{"href":"https:\/\/shipowners.fi\/sv\/wp-json\/wp\/v2\/pages\/5299","targetHints":{"allow":["GET"]}}],"collection":[{"href":"https:\/\/shipowners.fi\/sv\/wp-json\/wp\/v2\/pages"}],"about":[{"href":"https:\/\/shipowners.fi\/sv\/wp-json\/wp\/v2\/types\/page"}],"author":[{"embeddable":true,"href":"https:\/\/shipowners.fi\/sv\/wp-json\/wp\/v2\/users\/2"}],"replies":[{"embeddable":true,"href":"https:\/\/shipowners.fi\/sv\/wp-json\/wp\/v2\/comments?post=5299"}],"version-history":[{"count":2,"href":"https:\/\/shipowners.fi\/sv\/wp-json\/wp\/v2\/pages\/5299\/revisions"}],"predecessor-version":[{"id":5306,"href":"https:\/\/shipowners.fi\/sv\/wp-json\/wp\/v2\/pages\/5299\/revisions\/5306"}],"up":[{"embeddable":true,"href":"https:\/\/shipowners.fi\/sv\/wp-json\/wp\/v2\/pages\/200"}],"wp:attachment":[{"href":"https:\/\/shipowners.fi\/sv\/wp-json\/wp\/v2\/media?parent=5299"}],"curies":[{"name":"wp","href":"https:\/\/api.w.org\/{rel}","templated":true}]}}