{"id":6848,"date":"2021-01-15T11:08:51","date_gmt":"2021-01-15T09:08:51","guid":{"rendered":"https:\/\/shipowners.fi\/?page_id=6848"},"modified":"2021-01-15T11:08:51","modified_gmt":"2021-01-15T09:08:51","slug":"maritima-klustrets-arsbok","status":"publish","type":"page","link":"https:\/\/shipowners.fi\/sv\/maritima-klustret\/maritima-klustrets-arsbok\/","title":{"rendered":"Maritima klustrets \u00e5rsbok"},"content":{"rendered":"<h4>Finlands maritima klusters nya \u00e5rsbok 2020-2021 har publicerats!<\/h4>\n<p>L\u00e4s om det g\u00e5ngna \u00e5ret i sj\u00f6klustrets f\u00f6retag, innovationer och trender inom branschen. Bekanta dig med artiklar och ladda ner hela \u00e5rdoken p\u00e5 adressen:<\/p>\n<p><a href=\"https:\/\/fmc-yearbook.com\/\" target=\"_blank\" rel=\"noopener\"><strong>https:\/\/fmc-yearbook.com\/<\/strong><\/a><\/p>\n<p><em>&#8221;Det finska sj\u00f6klustert har unikt samarbete&#8221; s\u00e4ger verkst\u00e4llande direkt\u00f6rer vid sj\u00f6fartens f\u00f6reningar. Fr\u00e5n v\u00e4nster: Juha Mutru, Hamnoperat\u00f6rerna; Tiina Tuurnala, Rederierna i Finland; Elina Andersson, Havsindustrin och Annaleena M\u00e4kil\u00e4, Finlands Hamnf\u00f6rbund.<\/em><\/p>\n<p><img loading=\"lazy\" decoding=\"async\" class=\"alignleft size-large wp-image-2113\" src=\"https:\/\/shipowners.fi\/wp-content\/uploads\/2018\/06\/suomenvarustamot_erikoisliite-960x579.jpg\" alt=\"\" width=\"960\" height=\"579\" srcset=\"https:\/\/shipowners.fi\/wp-content\/uploads\/2018\/06\/suomenvarustamot_erikoisliite.jpg 960w, https:\/\/shipowners.fi\/wp-content\/uploads\/2018\/06\/suomenvarustamot_erikoisliite-300x181.jpg 300w, https:\/\/shipowners.fi\/wp-content\/uploads\/2018\/06\/suomenvarustamot_erikoisliite-768x463.jpg 768w\" sizes=\"auto, (max-width: 960px) 100vw, 960px\" \/><\/p>\n","protected":false},"excerpt":{"rendered":"<p>Finlands maritima klusters nya \u00e5rsbok 2020-2021 har publicerats! L\u00e4s om det g\u00e5ngna \u00e5ret i sj\u00f6klustrets f\u00f6retag, innovationer och trender inom branschen. Bekanta dig med artiklar och ladda ner hela \u00e5rdoken p\u00e5 adressen: https:\/\/fmc-yearbook.com\/ &#8221;Det finska sj\u00f6klustert har unikt samarbete&#8221; s\u00e4ger verkst\u00e4llande direkt\u00f6rer vid sj\u00f6fartens f\u00f6reningar. Fr\u00e5n v\u00e4nster: Juha Mutru, Hamnoperat\u00f6rerna; Tiina Tuurnala, Rederierna i Finland;&hellip;<\/p>\n","protected":false},"author":2,"featured_media":0,"parent":170,"menu_order":43,"comment_status":"closed","ping_status":"closed","template":"","meta":{"_acf_changed":false,"footnotes":""},"class_list":["post-6848","page","type-page","status-publish","hentry"],"acf":[],"yoast_head":"<!-- This site is optimized with the Yoast SEO plugin v27.2 - https:\/\/yoast.com\/product\/yoast-seo-wordpress\/ -->\n<title>Maritima klustrets \u00e5rsbok - Rederierna i Finland<\/title>\n<meta name=\"robots\" content=\"index, follow, max-snippet:-1, max-image-preview:large, max-video-preview:-1\" \/>\n<link rel=\"canonical\" href=\"https:\/\/shipowners.fi\/sv\/maritima-klustret\/maritima-klustrets-arsbok\/\" \/>\n<meta property=\"og:locale\" content=\"sv_SE\" \/>\n<meta property=\"og:type\" content=\"article\" \/>\n<meta property=\"og:title\" content=\"Maritima klustrets \u00e5rsbok - Rederierna i Finland\" \/>\n<meta property=\"og:description\" content=\"Finlands maritima klusters nya \u00e5rsbok 2020-2021 har publicerats! L\u00e4s om det g\u00e5ngna \u00e5ret i sj\u00f6klustrets f\u00f6retag, innovationer och trender inom branschen. Bekanta dig med artiklar och ladda ner hela \u00e5rdoken p\u00e5 adressen: https:\/\/fmc-yearbook.com\/ &#8221;Det finska sj\u00f6klustert har unikt samarbete&#8221; s\u00e4ger verkst\u00e4llande direkt\u00f6rer vid sj\u00f6fartens f\u00f6reningar. Fr\u00e5n v\u00e4nster: Juha Mutru, Hamnoperat\u00f6rerna; Tiina Tuurnala, Rederierna i Finland;&hellip;\" \/>\n<meta property=\"og:url\" content=\"https:\/\/shipowners.fi\/sv\/maritima-klustret\/maritima-klustrets-arsbok\/\" \/>\n<meta property=\"og:site_name\" content=\"Rederierna i Finland\" \/>\n<meta property=\"og:image\" content=\"https:\/\/shipowners.fi\/wp-content\/uploads\/2018\/06\/suomenvarustamot_erikoisliite-960x579.jpg\" \/>\n<meta name=\"twitter:card\" content=\"summary_large_image\" \/>\n<script type=\"application\/ld+json\" class=\"yoast-schema-graph\">{\"@context\":\"https:\/\/schema.org\",\"@graph\":[{\"@type\":\"WebPage\",\"@id\":\"https:\/\/shipowners.fi\/sv\/maritima-klustret\/maritima-klustrets-arsbok\/\",\"url\":\"https:\/\/shipowners.fi\/sv\/maritima-klustret\/maritima-klustrets-arsbok\/\",\"name\":\"Maritima klustrets \u00e5rsbok - Rederierna i Finland\",\"isPartOf\":{\"@id\":\"https:\/\/shipowners.fi\/#website\"},\"primaryImageOfPage\":{\"@id\":\"https:\/\/shipowners.fi\/sv\/maritima-klustret\/maritima-klustrets-arsbok\/#primaryimage\"},\"image\":{\"@id\":\"https:\/\/shipowners.fi\/sv\/maritima-klustret\/maritima-klustrets-arsbok\/#primaryimage\"},\"thumbnailUrl\":\"https:\/\/shipowners.fi\/wp-content\/uploads\/2018\/06\/suomenvarustamot_erikoisliite-960x579.jpg\",\"datePublished\":\"2021-01-15T09:08:51+00:00\",\"breadcrumb\":{\"@id\":\"https:\/\/shipowners.fi\/sv\/maritima-klustret\/maritima-klustrets-arsbok\/#breadcrumb\"},\"inLanguage\":\"sv-SE\",\"potentialAction\":[{\"@type\":\"ReadAction\",\"target\":[\"https:\/\/shipowners.fi\/sv\/maritima-klustret\/maritima-klustrets-arsbok\/\"]}]},{\"@type\":\"ImageObject\",\"inLanguage\":\"sv-SE\",\"@id\":\"https:\/\/shipowners.fi\/sv\/maritima-klustret\/maritima-klustrets-arsbok\/#primaryimage\",\"url\":\"https:\/\/shipowners.fi\/wp-content\/uploads\/2018\/06\/suomenvarustamot_erikoisliite-960x579.jpg\",\"contentUrl\":\"https:\/\/shipowners.fi\/wp-content\/uploads\/2018\/06\/suomenvarustamot_erikoisliite-960x579.jpg\"},{\"@type\":\"BreadcrumbList\",\"@id\":\"https:\/\/shipowners.fi\/sv\/maritima-klustret\/maritima-klustrets-arsbok\/#breadcrumb\",\"itemListElement\":[{\"@type\":\"ListItem\",\"position\":1,\"name\":\"Maritima klustret\",\"item\":\"https:\/\/shipowners.fi\/sv\/maritima-klustret\/\"},{\"@type\":\"ListItem\",\"position\":2,\"name\":\"Maritima klustrets \u00e5rsbok\"}]},{\"@type\":\"WebSite\",\"@id\":\"https:\/\/shipowners.fi\/#website\",\"url\":\"https:\/\/shipowners.fi\/\",\"name\":\"Rederierna i Finland\",\"description\":\"\",\"potentialAction\":[{\"@type\":\"SearchAction\",\"target\":{\"@type\":\"EntryPoint\",\"urlTemplate\":\"https:\/\/shipowners.fi\/?s={search_term_string}\"},\"query-input\":{\"@type\":\"PropertyValueSpecification\",\"valueRequired\":true,\"valueName\":\"search_term_string\"}}],\"inLanguage\":\"sv-SE\"}]}<\/script>\n<!-- \/ Yoast SEO plugin. -->","yoast_head_json":{"title":"Maritima klustrets \u00e5rsbok - Rederierna i Finland","robots":{"index":"index","follow":"follow","max-snippet":"max-snippet:-1","max-image-preview":"max-image-preview:large","max-video-preview":"max-video-preview:-1"},"canonical":"https:\/\/shipowners.fi\/sv\/maritima-klustret\/maritima-klustrets-arsbok\/","og_locale":"sv_SE","og_type":"article","og_title":"Maritima klustrets \u00e5rsbok - Rederierna i Finland","og_description":"Finlands maritima klusters nya \u00e5rsbok 2020-2021 har publicerats! L\u00e4s om det g\u00e5ngna \u00e5ret i sj\u00f6klustrets f\u00f6retag, innovationer och trender inom branschen. Bekanta dig med artiklar och ladda ner hela \u00e5rdoken p\u00e5 adressen: https:\/\/fmc-yearbook.com\/ &#8221;Det finska sj\u00f6klustert har unikt samarbete&#8221; s\u00e4ger verkst\u00e4llande direkt\u00f6rer vid sj\u00f6fartens f\u00f6reningar. Fr\u00e5n v\u00e4nster: Juha Mutru, Hamnoperat\u00f6rerna; Tiina Tuurnala, Rederierna i Finland;&hellip;","og_url":"https:\/\/shipowners.fi\/sv\/maritima-klustret\/maritima-klustrets-arsbok\/","og_site_name":"Rederierna i Finland","og_image":[{"url":"https:\/\/shipowners.fi\/wp-content\/uploads\/2018\/06\/suomenvarustamot_erikoisliite-960x579.jpg","type":"","width":"","height":""}],"twitter_card":"summary_large_image","schema":{"@context":"https:\/\/schema.org","@graph":[{"@type":"WebPage","@id":"https:\/\/shipowners.fi\/sv\/maritima-klustret\/maritima-klustrets-arsbok\/","url":"https:\/\/shipowners.fi\/sv\/maritima-klustret\/maritima-klustrets-arsbok\/","name":"Maritima klustrets \u00e5rsbok - Rederierna i Finland","isPartOf":{"@id":"https:\/\/shipowners.fi\/#website"},"primaryImageOfPage":{"@id":"https:\/\/shipowners.fi\/sv\/maritima-klustret\/maritima-klustrets-arsbok\/#primaryimage"},"image":{"@id":"https:\/\/shipowners.fi\/sv\/maritima-klustret\/maritima-klustrets-arsbok\/#primaryimage"},"thumbnailUrl":"https:\/\/shipowners.fi\/wp-content\/uploads\/2018\/06\/suomenvarustamot_erikoisliite-960x579.jpg","datePublished":"2021-01-15T09:08:51+00:00","breadcrumb":{"@id":"https:\/\/shipowners.fi\/sv\/maritima-klustret\/maritima-klustrets-arsbok\/#breadcrumb"},"inLanguage":"sv-SE","potentialAction":[{"@type":"ReadAction","target":["https:\/\/shipowners.fi\/sv\/maritima-klustret\/maritima-klustrets-arsbok\/"]}]},{"@type":"ImageObject","inLanguage":"sv-SE","@id":"https:\/\/shipowners.fi\/sv\/maritima-klustret\/maritima-klustrets-arsbok\/#primaryimage","url":"https:\/\/shipowners.fi\/wp-content\/uploads\/2018\/06\/suomenvarustamot_erikoisliite-960x579.jpg","contentUrl":"https:\/\/shipowners.fi\/wp-content\/uploads\/2018\/06\/suomenvarustamot_erikoisliite-960x579.jpg"},{"@type":"BreadcrumbList","@id":"https:\/\/shipowners.fi\/sv\/maritima-klustret\/maritima-klustrets-arsbok\/#breadcrumb","itemListElement":[{"@type":"ListItem","position":1,"name":"Maritima klustret","item":"https:\/\/shipowners.fi\/sv\/maritima-klustret\/"},{"@type":"ListItem","position":2,"name":"Maritima klustrets \u00e5rsbok"}]},{"@type":"WebSite","@id":"https:\/\/shipowners.fi\/#website","url":"https:\/\/shipowners.fi\/","name":"Rederierna i Finland","description":"","potentialAction":[{"@type":"SearchAction","target":{"@type":"EntryPoint","urlTemplate":"https:\/\/shipowners.fi\/?s={search_term_string}"},"query-input":{"@type":"PropertyValueSpecification","valueRequired":true,"valueName":"search_term_string"}}],"inLanguage":"sv-SE"}]}},"_links":{"self":[{"href":"https:\/\/shipowners.fi\/sv\/wp-json\/wp\/v2\/pages\/6848","targetHints":{"allow":["GET"]}}],"collection":[{"href":"https:\/\/shipowners.fi\/sv\/wp-json\/wp\/v2\/pages"}],"about":[{"href":"https:\/\/shipowners.fi\/sv\/wp-json\/wp\/v2\/types\/page"}],"author":[{"embeddable":true,"href":"https:\/\/shipowners.fi\/sv\/wp-json\/wp\/v2\/users\/2"}],"replies":[{"embeddable":true,"href":"https:\/\/shipowners.fi\/sv\/wp-json\/wp\/v2\/comments?post=6848"}],"version-history":[{"count":2,"href":"https:\/\/shipowners.fi\/sv\/wp-json\/wp\/v2\/pages\/6848\/revisions"}],"predecessor-version":[{"id":6850,"href":"https:\/\/shipowners.fi\/sv\/wp-json\/wp\/v2\/pages\/6848\/revisions\/6850"}],"up":[{"embeddable":true,"href":"https:\/\/shipowners.fi\/sv\/wp-json\/wp\/v2\/pages\/170"}],"wp:attachment":[{"href":"https:\/\/shipowners.fi\/sv\/wp-json\/wp\/v2\/media?parent=6848"}],"curies":[{"name":"wp","href":"https:\/\/api.w.org\/{rel}","templated":true}]}}