{"id":8300,"date":"2022-02-14T15:15:49","date_gmt":"2022-02-14T13:15:49","guid":{"rendered":"https:\/\/shipowners.fi\/?page_id=8300"},"modified":"2022-02-14T15:15:49","modified_gmt":"2022-02-14T13:15:49","slug":"havsakademin","status":"publish","type":"page","link":"https:\/\/shipowners.fi\/sv\/maritima-klustret\/havsakademin\/","title":{"rendered":"Havsakademin"},"content":{"rendered":"<h3 class=\"page-title\">Sj\u00f6klustret v\u00e4ckte intresse bland politiker p\u00e5 historiens f\u00f6rsta Havsakademi<\/h3>\n<p><img loading=\"lazy\" decoding=\"async\" class=\"alignleft size-full wp-image-5618\" src=\"https:\/\/shipowners.fi\/wp-content\/uploads\/2020\/03\/Meriakatemia-25.2.-ryhm\u00e4kuva.jpg\" alt=\"\" width=\"2560\" height=\"1708\" \/><\/p>\n<p>Finlands Maritima Kluster anordnade den 25.2. historiens f\u00f6rsta s\u00e5 kallade Havsakademi f\u00f6r politiker och tj\u00e4nstem\u00e4n. Havsakademin grundades f\u00f6r att \u00f6ka dialogen kring det finska sj\u00f6klustret mellan beslutsfattare och n\u00e4ringsliv. Syftet f\u00f6r akademins f\u00f6rsta tillf\u00e4lle var att diskutera sj\u00f6fartens och hela industrins aktuella \u00e4renden och dess betydelse f\u00f6r det finl\u00e4ndska samh\u00e4llet. Deltagarna bestod av en imponerande samling riksdagsledam\u00f6ter och tj\u00e4nstem\u00e4n, som bland annat representerade Kommunikationsutskottet och Finansutskottet, samt Kommunikationsministeriet och Statsr\u00e5dets kansli. Riksdagens Havsgrupp f\u00f6retr\u00e4ddes av vice ordf\u00f6rande Mats L\u00f6fstr\u00f6m och ordf\u00f6rande Kristiina Salonen.<\/p>\n<p>Den f\u00f6rsta delen av akademin tog plats p\u00e5 Arctias isbrytare Sisu. Isbrytarens kabinett fylldes av livlig diskussion, d\u00e5 gruppen politiker fick h\u00f6ra om sj\u00f6klustret fr\u00e5n s\u00e5v\u00e4l rederiernas, hamnarnas som marinindustrins perspektiv. Verkst\u00e4llande direkt\u00f6rer fr\u00e5n respektive f\u00f6reningar, Tiina Tuurnala fr\u00e5n Rederierna i Finland, Annaleena M\u00e4kil\u00e4 fr\u00e5n Finlands Hamnar och Elina Andersson fr\u00e5n Marinindustrin ber\u00e4ttade om det finska sj\u00f6klustrets tillv\u00e4xt potential och om den omvandling som p\u00e5g\u00e5r inom branschen framf\u00f6rallt g\u00e4llande milj\u00f6fr\u00e5gor och digitalisering.<\/p>\n<p>Professor Lauri Ojala fr\u00e5n Universitet i \u00c5bo presenterade dessutom ett akademiskt perspektiv p\u00e5 sj\u00f6logistik i Finland och statistik som belyste hur stor branschens p\u00e5verkan p\u00e5 samh\u00e4llet i verkligheten \u00e4r. I programmet ingick ocks\u00e5 en rundtur p\u00e5 isbrytaren, d\u00e4r deltagarna fick uppleva utsikterna \u00f6ver Helsingfors fr\u00e5n kommandobryggan och kliva ner till fartygets maskinrum. Teman som speciellt v\u00e4ckte intresse bland deltagarna och diskuterades aktivt under dagen var satsningarna f\u00f6r att minska utsl\u00e4pp och utveckling av automation i sj\u00f6fart.<\/p>\n<p>Havsakademin avslutades med ett bes\u00f6k till teknologif\u00f6retaget W\u00e4rtsil\u00e4s huvudkontor, d\u00e4r f\u00f6retaget ber\u00e4ttade om sitt globala arbete och den teknologiska innovationsutvecklingen som verksamheten grundar sig p\u00e5.<\/p>\n<p>Havsakademin forts\u00e4tter under v\u00e5ren med ett bes\u00f6k till Nordsj\u00f6 hamn och till olika f\u00f6retag inom sj\u00f6klustret.<\/p>\n<p><strong><em>Finlands Maritima Kluster \u2013samarbete ger styrka <\/em><\/strong><\/p>\n<p>Det finska maritima klustret \u00e4r ett samarbetsprojekt som \u00e4mnar att lyfta det finska maritima klustret till ett v\u00e4rldsledande kluster. Maritima klustret i Finland \u00e4r redan en banbrytare d\u00e5 det g\u00e4ller milj\u00f6teknologi och digitalisering, och projektet \u00e4mnar underst\u00f6dja den positiva utvecklingen och vidare fr\u00e4mja samarbete \u00f6ver sektorsgr\u00e4nser.<\/p>\n<p>Till och med 90% utav Finlands utrikeshandel transporteras till havs. Sj\u00f6fart har varit en livsnerv i Finland redan p\u00e5 grund av f\u00f6rs\u00f6rjningstryggheten, men under de senaste \u00e5ren har industrins samh\u00e4llsekonomiska betydelse blivit allt st\u00f6rre. Finlands sj\u00f6kluster har m\u00f6jlighet att utvecklas till en ny grundsten som den finl\u00e4ndska ekonomin grundar sig p\u00e5, och bli ett av v\u00e4rldens ledande sj\u00f6kluster. Arbets- och n\u00e4ringsministeriet har rapporterat att den sammansatta oms\u00e4ttningen f\u00f6r f\u00f6retagen i sj\u00f6klustret redan \u00f6verstiger 13 miljarder euro och att det syssels\u00e4tter ca. 55 000 personer runtom i Finland.<\/p>\n<p>Projektet dras av representanterna f\u00f6r de mest centrala n\u00e4ringslivsakt\u00f6rerna i sj\u00f6klustret. De \u00e4r Rederierna i Finland rf., Marinindustrin rf. (Meriteollisuus ry), Finlands Hamnar rf. (Satamaliitto ry) och Hamnoperat\u00f6rerna rf. Europeiska Unionens Havs- och Fiskerifond och N\u00e4rings- trafik- och milj\u00f6centralen finansierar projektet.<\/p>\n","protected":false},"excerpt":{"rendered":"<p>Sj\u00f6klustret v\u00e4ckte intresse bland politiker p\u00e5 historiens f\u00f6rsta Havsakademi Finlands Maritima Kluster anordnade den 25.2. historiens f\u00f6rsta s\u00e5 kallade Havsakademi f\u00f6r politiker och tj\u00e4nstem\u00e4n. Havsakademin grundades f\u00f6r att \u00f6ka dialogen kring det finska sj\u00f6klustret mellan beslutsfattare och n\u00e4ringsliv. Syftet f\u00f6r akademins f\u00f6rsta tillf\u00e4lle var att diskutera sj\u00f6fartens och hela industrins aktuella \u00e4renden och dess betydelse&hellip;<\/p>\n","protected":false},"author":2,"featured_media":0,"parent":170,"menu_order":52,"comment_status":"closed","ping_status":"closed","template":"","meta":{"_acf_changed":false,"footnotes":""},"class_list":["post-8300","page","type-page","status-publish","hentry"],"acf":[],"yoast_head":"<!-- This site is optimized with the Yoast SEO plugin v27.2 - https:\/\/yoast.com\/product\/yoast-seo-wordpress\/ -->\n<title>Havsakademin - Rederierna i Finland<\/title>\n<meta name=\"robots\" content=\"index, follow, max-snippet:-1, max-image-preview:large, max-video-preview:-1\" \/>\n<link rel=\"canonical\" href=\"https:\/\/shipowners.fi\/sv\/maritima-klustret\/havsakademin\/\" \/>\n<meta property=\"og:locale\" content=\"sv_SE\" \/>\n<meta property=\"og:type\" content=\"article\" \/>\n<meta property=\"og:title\" content=\"Havsakademin - Rederierna i Finland\" \/>\n<meta property=\"og:description\" content=\"Sj\u00f6klustret v\u00e4ckte intresse bland politiker p\u00e5 historiens f\u00f6rsta Havsakademi Finlands Maritima Kluster anordnade den 25.2. historiens f\u00f6rsta s\u00e5 kallade Havsakademi f\u00f6r politiker och tj\u00e4nstem\u00e4n. Havsakademin grundades f\u00f6r att \u00f6ka dialogen kring det finska sj\u00f6klustret mellan beslutsfattare och n\u00e4ringsliv. Syftet f\u00f6r akademins f\u00f6rsta tillf\u00e4lle var att diskutera sj\u00f6fartens och hela industrins aktuella \u00e4renden och dess betydelse&hellip;\" \/>\n<meta property=\"og:url\" content=\"https:\/\/shipowners.fi\/sv\/maritima-klustret\/havsakademin\/\" \/>\n<meta property=\"og:site_name\" content=\"Rederierna i Finland\" \/>\n<meta property=\"og:image\" content=\"https:\/\/shipowners.fi\/wp-content\/uploads\/2020\/03\/Meriakatemia-25.2.-ryhm\u00e4kuva.jpg\" \/>\n<meta name=\"twitter:card\" content=\"summary_large_image\" \/>\n<meta name=\"twitter:label1\" content=\"Ber\u00e4knad l\u00e4stid\" \/>\n\t<meta name=\"twitter:data1\" content=\"3 minuter\" \/>\n<script type=\"application\/ld+json\" class=\"yoast-schema-graph\">{\"@context\":\"https:\/\/schema.org\",\"@graph\":[{\"@type\":\"WebPage\",\"@id\":\"https:\/\/shipowners.fi\/sv\/maritima-klustret\/havsakademin\/\",\"url\":\"https:\/\/shipowners.fi\/sv\/maritima-klustret\/havsakademin\/\",\"name\":\"Havsakademin - Rederierna i Finland\",\"isPartOf\":{\"@id\":\"https:\/\/shipowners.fi\/#website\"},\"datePublished\":\"2022-02-14T13:15:49+00:00\",\"breadcrumb\":{\"@id\":\"https:\/\/shipowners.fi\/sv\/maritima-klustret\/havsakademin\/#breadcrumb\"},\"inLanguage\":\"sv-SE\",\"potentialAction\":[{\"@type\":\"ReadAction\",\"target\":[\"https:\/\/shipowners.fi\/sv\/maritima-klustret\/havsakademin\/\"]}]},{\"@type\":\"BreadcrumbList\",\"@id\":\"https:\/\/shipowners.fi\/sv\/maritima-klustret\/havsakademin\/#breadcrumb\",\"itemListElement\":[{\"@type\":\"ListItem\",\"position\":1,\"name\":\"Maritima klustret\",\"item\":\"https:\/\/shipowners.fi\/sv\/maritima-klustret\/\"},{\"@type\":\"ListItem\",\"position\":2,\"name\":\"Havsakademin\"}]},{\"@type\":\"WebSite\",\"@id\":\"https:\/\/shipowners.fi\/#website\",\"url\":\"https:\/\/shipowners.fi\/\",\"name\":\"Rederierna i Finland\",\"description\":\"\",\"potentialAction\":[{\"@type\":\"SearchAction\",\"target\":{\"@type\":\"EntryPoint\",\"urlTemplate\":\"https:\/\/shipowners.fi\/?s={search_term_string}\"},\"query-input\":{\"@type\":\"PropertyValueSpecification\",\"valueRequired\":true,\"valueName\":\"search_term_string\"}}],\"inLanguage\":\"sv-SE\"}]}<\/script>\n<!-- \/ Yoast SEO plugin. -->","yoast_head_json":{"title":"Havsakademin - Rederierna i Finland","robots":{"index":"index","follow":"follow","max-snippet":"max-snippet:-1","max-image-preview":"max-image-preview:large","max-video-preview":"max-video-preview:-1"},"canonical":"https:\/\/shipowners.fi\/sv\/maritima-klustret\/havsakademin\/","og_locale":"sv_SE","og_type":"article","og_title":"Havsakademin - Rederierna i Finland","og_description":"Sj\u00f6klustret v\u00e4ckte intresse bland politiker p\u00e5 historiens f\u00f6rsta Havsakademi Finlands Maritima Kluster anordnade den 25.2. historiens f\u00f6rsta s\u00e5 kallade Havsakademi f\u00f6r politiker och tj\u00e4nstem\u00e4n. Havsakademin grundades f\u00f6r att \u00f6ka dialogen kring det finska sj\u00f6klustret mellan beslutsfattare och n\u00e4ringsliv. Syftet f\u00f6r akademins f\u00f6rsta tillf\u00e4lle var att diskutera sj\u00f6fartens och hela industrins aktuella \u00e4renden och dess betydelse&hellip;","og_url":"https:\/\/shipowners.fi\/sv\/maritima-klustret\/havsakademin\/","og_site_name":"Rederierna i Finland","og_image":[{"url":"https:\/\/shipowners.fi\/wp-content\/uploads\/2020\/03\/Meriakatemia-25.2.-ryhm\u00e4kuva.jpg","type":"","width":"","height":""}],"twitter_card":"summary_large_image","twitter_misc":{"Ber\u00e4knad l\u00e4stid":"3 minuter"},"schema":{"@context":"https:\/\/schema.org","@graph":[{"@type":"WebPage","@id":"https:\/\/shipowners.fi\/sv\/maritima-klustret\/havsakademin\/","url":"https:\/\/shipowners.fi\/sv\/maritima-klustret\/havsakademin\/","name":"Havsakademin - Rederierna i Finland","isPartOf":{"@id":"https:\/\/shipowners.fi\/#website"},"datePublished":"2022-02-14T13:15:49+00:00","breadcrumb":{"@id":"https:\/\/shipowners.fi\/sv\/maritima-klustret\/havsakademin\/#breadcrumb"},"inLanguage":"sv-SE","potentialAction":[{"@type":"ReadAction","target":["https:\/\/shipowners.fi\/sv\/maritima-klustret\/havsakademin\/"]}]},{"@type":"BreadcrumbList","@id":"https:\/\/shipowners.fi\/sv\/maritima-klustret\/havsakademin\/#breadcrumb","itemListElement":[{"@type":"ListItem","position":1,"name":"Maritima klustret","item":"https:\/\/shipowners.fi\/sv\/maritima-klustret\/"},{"@type":"ListItem","position":2,"name":"Havsakademin"}]},{"@type":"WebSite","@id":"https:\/\/shipowners.fi\/#website","url":"https:\/\/shipowners.fi\/","name":"Rederierna i Finland","description":"","potentialAction":[{"@type":"SearchAction","target":{"@type":"EntryPoint","urlTemplate":"https:\/\/shipowners.fi\/?s={search_term_string}"},"query-input":{"@type":"PropertyValueSpecification","valueRequired":true,"valueName":"search_term_string"}}],"inLanguage":"sv-SE"}]}},"_links":{"self":[{"href":"https:\/\/shipowners.fi\/sv\/wp-json\/wp\/v2\/pages\/8300","targetHints":{"allow":["GET"]}}],"collection":[{"href":"https:\/\/shipowners.fi\/sv\/wp-json\/wp\/v2\/pages"}],"about":[{"href":"https:\/\/shipowners.fi\/sv\/wp-json\/wp\/v2\/types\/page"}],"author":[{"embeddable":true,"href":"https:\/\/shipowners.fi\/sv\/wp-json\/wp\/v2\/users\/2"}],"replies":[{"embeddable":true,"href":"https:\/\/shipowners.fi\/sv\/wp-json\/wp\/v2\/comments?post=8300"}],"version-history":[{"count":3,"href":"https:\/\/shipowners.fi\/sv\/wp-json\/wp\/v2\/pages\/8300\/revisions"}],"predecessor-version":[{"id":8303,"href":"https:\/\/shipowners.fi\/sv\/wp-json\/wp\/v2\/pages\/8300\/revisions\/8303"}],"up":[{"embeddable":true,"href":"https:\/\/shipowners.fi\/sv\/wp-json\/wp\/v2\/pages\/170"}],"wp:attachment":[{"href":"https:\/\/shipowners.fi\/sv\/wp-json\/wp\/v2\/media?parent=8300"}],"curies":[{"name":"wp","href":"https:\/\/api.w.org\/{rel}","templated":true}]}}