{"id":9481,"date":"2023-02-23T11:21:56","date_gmt":"2023-02-23T09:21:56","guid":{"rendered":"https:\/\/shipowners.fi\/?page_id=9481"},"modified":"2023-02-23T11:22:29","modified_gmt":"2023-02-23T09:22:29","slug":"cybesakerhet","status":"publish","type":"page","link":"https:\/\/shipowners.fi\/sv\/ansvarsfullhet\/sakerhet\/cybesakerhet\/","title":{"rendered":"Cybers\u00e4kerhet"},"content":{"rendered":"<h3>Se anvisningar om cybers\u00e4kerhet f\u00f6r rederier och fartyg<\/h3>\n<p>Rederierna i Finland och Sj\u00f6transportpoolen, som h\u00f6r till F\u00f6rs\u00f6rjningsberedskapsorganisationen, har publicerat b\u00e4sta praxis anvisningar i cybers\u00e4kerhet f\u00f6r rederier och fartyg.<\/p>\n<p>I och med utveckling av digitalisering, automatisering och artificiell intelligens \u00e4r cybers\u00e4kerhet ett allt viktigare \u00e4mne samh\u00e4lleligt, och inte minst inom sj\u00f6farten. Idag har fartyg \u00e5tskilliga digitalt integrerade system som underl\u00e4ttar och effektiviserar verksamheten, men kan vara s\u00e5rbara f\u00f6r dataintr\u00e5ng och cyberattacker.<\/p>\n<p>Sj\u00f6fartsakt\u00f6rer b\u00f6r bli alltmer medvetna och f\u00f6rberedda p\u00e5 olika cyber- och hybridhot. Cybers\u00e4kerhet \u00e4r redan en viktig del av sj\u00f6fartss\u00e4kerhet.<\/p>\n<p>Rederierna i Finland och Sj\u00f6transportpoolen har publicerat b\u00e4sta praxis anvisningar i cybers\u00e4kerhet f\u00f6r rederier och fartyg. Anvisningarna bygger p\u00e5 en gemensam omfattande cybers\u00e4kerhetsstudie inom sj\u00f6fart. Rapporten och anvisningar kan l\u00e4sas och laddas ner som en elektronisk version via l\u00e4nkarna nedan, samt p\u00e5 F\u00f6rs\u00f6rjningsberedskapscentralens webbplats.<\/p>\n<p><a href=\"https:\/\/shipowners.fi\/wp-content\/uploads\/2021\/09\/WWW_Maritime_Cybersecurity_Report_B5.pdf\" target=\"_blank\" rel=\"noopener\">Maritime Cybersecurity Report \u2013 Finnish Maritime Cybersecurity Maturity<\/a><\/p>\n<p><strong>Guider p\u00e5 svenska:<\/strong><\/p>\n<p><a href=\"https:\/\/shipowners.fi\/wp-content\/uploads\/2022\/02\/maritim-cybersakerhet-rederier.pdf\">Maritim Cybers\u00e4kerhet &#8211; B\u00e4sta praxis f\u00f6r rederier<\/a><\/p>\n<p><a href=\"https:\/\/shipowners.fi\/wp-content\/uploads\/2021\/09\/WWW_Parhaat_ka\u0308yta\u0308nno\u0308t_aluksille_RU.pdf\" target=\"_blank\" rel=\"noopener\">Maritim Cybers\u00e4kerhet \u2013 B\u00e4sta praxis f\u00f6r fartyg<\/a><\/p>\n<p><strong>Ohjeistus suomeksi:<\/strong><\/p>\n<p><a href=\"https:\/\/shipowners.fi\/wp-content\/uploads\/2021\/09\/WWW_Varustamojen_parhaat_ka\u0308yta\u0308nno\u0308t_FI.pdf\">Merenkulun kyberturvallisuus \u2013 Varustamon parhaat k\u00e4yt\u00e4nn\u00f6t<\/a><\/p>\n<p><a href=\"https:\/\/shipowners.fi\/wp-content\/uploads\/2021\/09\/WWW_Parhaat_ka\u0308yta\u0308nno\u0308t_aluksille_SU.pdf\" target=\"_blank\" rel=\"noopener\">Merenkulun kyberturvallisuus \u2013 Parhaat ka\u0308yta\u0308nno\u0308t aluksille<\/a><\/p>\n<p><strong>Guides in English:<\/strong><\/p>\n<p><a href=\"https:\/\/shipowners.fi\/wp-content\/uploads\/2021\/09\/WWW_Varustamojen_parhaat_ka\u0308yta\u0308nno\u0308t_EN.pdf\" target=\"_blank\" rel=\"noopener\">Maritime Cybersecurity \u2013 Best practice for shipping companies<\/a><\/p>\n<p><a href=\"https:\/\/shipowners.fi\/wp-content\/uploads\/2021\/09\/WWW_Parhaat_ka\u0308yta\u0308nno\u0308t_aluksille_EN.pdf\" target=\"_blank\" rel=\"noopener\">Maritime Cybersecurity \u2013 Best parctice for vessels<\/a><\/p>\n<p>&nbsp;<\/p>\n","protected":false},"excerpt":{"rendered":"<p>Se anvisningar om cybers\u00e4kerhet f\u00f6r rederier och fartyg Rederierna i Finland och Sj\u00f6transportpoolen, som h\u00f6r till F\u00f6rs\u00f6rjningsberedskapsorganisationen, har publicerat b\u00e4sta praxis anvisningar i cybers\u00e4kerhet f\u00f6r rederier och fartyg. I och med utveckling av digitalisering, automatisering och artificiell intelligens \u00e4r cybers\u00e4kerhet ett allt viktigare \u00e4mne samh\u00e4lleligt, och inte minst inom sj\u00f6farten. Idag har fartyg \u00e5tskilliga digitalt&hellip;<\/p>\n","protected":false},"author":2,"featured_media":8285,"parent":168,"menu_order":11,"comment_status":"closed","ping_status":"closed","template":"","meta":{"_acf_changed":false,"footnotes":""},"class_list":["post-9481","page","type-page","status-publish","has-post-thumbnail","hentry"],"acf":[],"yoast_head":"<!-- This site is optimized with the Yoast SEO plugin v27.2 - https:\/\/yoast.com\/product\/yoast-seo-wordpress\/ -->\n<title>Cybers\u00e4kerhet - Rederierna i Finland<\/title>\n<meta name=\"robots\" content=\"index, follow, max-snippet:-1, max-image-preview:large, max-video-preview:-1\" \/>\n<link rel=\"canonical\" href=\"https:\/\/shipowners.fi\/sv\/ansvarsfullhet\/sakerhet\/cybesakerhet\/\" \/>\n<meta property=\"og:locale\" content=\"sv_SE\" \/>\n<meta property=\"og:type\" content=\"article\" \/>\n<meta property=\"og:title\" content=\"Cybers\u00e4kerhet - Rederierna i Finland\" \/>\n<meta property=\"og:description\" content=\"Se anvisningar om cybers\u00e4kerhet f\u00f6r rederier och fartyg Rederierna i Finland och Sj\u00f6transportpoolen, som h\u00f6r till F\u00f6rs\u00f6rjningsberedskapsorganisationen, har publicerat b\u00e4sta praxis anvisningar i cybers\u00e4kerhet f\u00f6r rederier och fartyg. I och med utveckling av digitalisering, automatisering och artificiell intelligens \u00e4r cybers\u00e4kerhet ett allt viktigare \u00e4mne samh\u00e4lleligt, och inte minst inom sj\u00f6farten. Idag har fartyg \u00e5tskilliga digitalt&hellip;\" \/>\n<meta property=\"og:url\" content=\"https:\/\/shipowners.fi\/sv\/ansvarsfullhet\/sakerhet\/cybesakerhet\/\" \/>\n<meta property=\"og:site_name\" content=\"Rederierna i Finland\" \/>\n<meta property=\"article:modified_time\" content=\"2023-02-23T09:22:29+00:00\" \/>\n<meta property=\"og:image\" content=\"https:\/\/shipowners.fi\/wp-content\/uploads\/2020\/03\/Maritime_Cybersecurity_Report_.png\" \/>\n\t<meta property=\"og:image:width\" content=\"731\" \/>\n\t<meta property=\"og:image:height\" content=\"630\" \/>\n\t<meta property=\"og:image:type\" content=\"image\/png\" \/>\n<meta name=\"twitter:card\" content=\"summary_large_image\" \/>\n<meta name=\"twitter:label1\" content=\"Ber\u00e4knad l\u00e4stid\" \/>\n\t<meta name=\"twitter:data1\" content=\"2 minuter\" \/>\n<script type=\"application\/ld+json\" class=\"yoast-schema-graph\">{\"@context\":\"https:\/\/schema.org\",\"@graph\":[{\"@type\":\"WebPage\",\"@id\":\"https:\/\/shipowners.fi\/sv\/ansvarsfullhet\/sakerhet\/cybesakerhet\/\",\"url\":\"https:\/\/shipowners.fi\/sv\/ansvarsfullhet\/sakerhet\/cybesakerhet\/\",\"name\":\"Cybers\u00e4kerhet - Rederierna i Finland\",\"isPartOf\":{\"@id\":\"https:\/\/shipowners.fi\/#website\"},\"primaryImageOfPage\":{\"@id\":\"https:\/\/shipowners.fi\/sv\/ansvarsfullhet\/sakerhet\/cybesakerhet\/#primaryimage\"},\"image\":{\"@id\":\"https:\/\/shipowners.fi\/sv\/ansvarsfullhet\/sakerhet\/cybesakerhet\/#primaryimage\"},\"thumbnailUrl\":\"https:\/\/shipowners.fi\/wp-content\/uploads\/2020\/03\/Maritime_Cybersecurity_Report_.png\",\"datePublished\":\"2023-02-23T09:21:56+00:00\",\"dateModified\":\"2023-02-23T09:22:29+00:00\",\"breadcrumb\":{\"@id\":\"https:\/\/shipowners.fi\/sv\/ansvarsfullhet\/sakerhet\/cybesakerhet\/#breadcrumb\"},\"inLanguage\":\"sv-SE\",\"potentialAction\":[{\"@type\":\"ReadAction\",\"target\":[\"https:\/\/shipowners.fi\/sv\/ansvarsfullhet\/sakerhet\/cybesakerhet\/\"]}]},{\"@type\":\"ImageObject\",\"inLanguage\":\"sv-SE\",\"@id\":\"https:\/\/shipowners.fi\/sv\/ansvarsfullhet\/sakerhet\/cybesakerhet\/#primaryimage\",\"url\":\"https:\/\/shipowners.fi\/wp-content\/uploads\/2020\/03\/Maritime_Cybersecurity_Report_.png\",\"contentUrl\":\"https:\/\/shipowners.fi\/wp-content\/uploads\/2020\/03\/Maritime_Cybersecurity_Report_.png\",\"width\":731,\"height\":630},{\"@type\":\"BreadcrumbList\",\"@id\":\"https:\/\/shipowners.fi\/sv\/ansvarsfullhet\/sakerhet\/cybesakerhet\/#breadcrumb\",\"itemListElement\":[{\"@type\":\"ListItem\",\"position\":1,\"name\":\"Ansvarsfullhet\",\"item\":\"https:\/\/shipowners.fi\/sv\/ansvarsfullhet\/\"},{\"@type\":\"ListItem\",\"position\":2,\"name\":\"S\u00e4kerhet\",\"item\":\"https:\/\/shipowners.fi\/sv\/ansvarsfullhet\/sakerhet\/\"},{\"@type\":\"ListItem\",\"position\":3,\"name\":\"Cybers\u00e4kerhet\"}]},{\"@type\":\"WebSite\",\"@id\":\"https:\/\/shipowners.fi\/#website\",\"url\":\"https:\/\/shipowners.fi\/\",\"name\":\"Rederierna i Finland\",\"description\":\"\",\"potentialAction\":[{\"@type\":\"SearchAction\",\"target\":{\"@type\":\"EntryPoint\",\"urlTemplate\":\"https:\/\/shipowners.fi\/?s={search_term_string}\"},\"query-input\":{\"@type\":\"PropertyValueSpecification\",\"valueRequired\":true,\"valueName\":\"search_term_string\"}}],\"inLanguage\":\"sv-SE\"}]}<\/script>\n<!-- \/ Yoast SEO plugin. -->","yoast_head_json":{"title":"Cybers\u00e4kerhet - Rederierna i Finland","robots":{"index":"index","follow":"follow","max-snippet":"max-snippet:-1","max-image-preview":"max-image-preview:large","max-video-preview":"max-video-preview:-1"},"canonical":"https:\/\/shipowners.fi\/sv\/ansvarsfullhet\/sakerhet\/cybesakerhet\/","og_locale":"sv_SE","og_type":"article","og_title":"Cybers\u00e4kerhet - Rederierna i Finland","og_description":"Se anvisningar om cybers\u00e4kerhet f\u00f6r rederier och fartyg Rederierna i Finland och Sj\u00f6transportpoolen, som h\u00f6r till F\u00f6rs\u00f6rjningsberedskapsorganisationen, har publicerat b\u00e4sta praxis anvisningar i cybers\u00e4kerhet f\u00f6r rederier och fartyg. I och med utveckling av digitalisering, automatisering och artificiell intelligens \u00e4r cybers\u00e4kerhet ett allt viktigare \u00e4mne samh\u00e4lleligt, och inte minst inom sj\u00f6farten. Idag har fartyg \u00e5tskilliga digitalt&hellip;","og_url":"https:\/\/shipowners.fi\/sv\/ansvarsfullhet\/sakerhet\/cybesakerhet\/","og_site_name":"Rederierna i Finland","article_modified_time":"2023-02-23T09:22:29+00:00","og_image":[{"width":731,"height":630,"url":"https:\/\/shipowners.fi\/wp-content\/uploads\/2020\/03\/Maritime_Cybersecurity_Report_.png","type":"image\/png"}],"twitter_card":"summary_large_image","twitter_misc":{"Ber\u00e4knad l\u00e4stid":"2 minuter"},"schema":{"@context":"https:\/\/schema.org","@graph":[{"@type":"WebPage","@id":"https:\/\/shipowners.fi\/sv\/ansvarsfullhet\/sakerhet\/cybesakerhet\/","url":"https:\/\/shipowners.fi\/sv\/ansvarsfullhet\/sakerhet\/cybesakerhet\/","name":"Cybers\u00e4kerhet - Rederierna i Finland","isPartOf":{"@id":"https:\/\/shipowners.fi\/#website"},"primaryImageOfPage":{"@id":"https:\/\/shipowners.fi\/sv\/ansvarsfullhet\/sakerhet\/cybesakerhet\/#primaryimage"},"image":{"@id":"https:\/\/shipowners.fi\/sv\/ansvarsfullhet\/sakerhet\/cybesakerhet\/#primaryimage"},"thumbnailUrl":"https:\/\/shipowners.fi\/wp-content\/uploads\/2020\/03\/Maritime_Cybersecurity_Report_.png","datePublished":"2023-02-23T09:21:56+00:00","dateModified":"2023-02-23T09:22:29+00:00","breadcrumb":{"@id":"https:\/\/shipowners.fi\/sv\/ansvarsfullhet\/sakerhet\/cybesakerhet\/#breadcrumb"},"inLanguage":"sv-SE","potentialAction":[{"@type":"ReadAction","target":["https:\/\/shipowners.fi\/sv\/ansvarsfullhet\/sakerhet\/cybesakerhet\/"]}]},{"@type":"ImageObject","inLanguage":"sv-SE","@id":"https:\/\/shipowners.fi\/sv\/ansvarsfullhet\/sakerhet\/cybesakerhet\/#primaryimage","url":"https:\/\/shipowners.fi\/wp-content\/uploads\/2020\/03\/Maritime_Cybersecurity_Report_.png","contentUrl":"https:\/\/shipowners.fi\/wp-content\/uploads\/2020\/03\/Maritime_Cybersecurity_Report_.png","width":731,"height":630},{"@type":"BreadcrumbList","@id":"https:\/\/shipowners.fi\/sv\/ansvarsfullhet\/sakerhet\/cybesakerhet\/#breadcrumb","itemListElement":[{"@type":"ListItem","position":1,"name":"Ansvarsfullhet","item":"https:\/\/shipowners.fi\/sv\/ansvarsfullhet\/"},{"@type":"ListItem","position":2,"name":"S\u00e4kerhet","item":"https:\/\/shipowners.fi\/sv\/ansvarsfullhet\/sakerhet\/"},{"@type":"ListItem","position":3,"name":"Cybers\u00e4kerhet"}]},{"@type":"WebSite","@id":"https:\/\/shipowners.fi\/#website","url":"https:\/\/shipowners.fi\/","name":"Rederierna i Finland","description":"","potentialAction":[{"@type":"SearchAction","target":{"@type":"EntryPoint","urlTemplate":"https:\/\/shipowners.fi\/?s={search_term_string}"},"query-input":{"@type":"PropertyValueSpecification","valueRequired":true,"valueName":"search_term_string"}}],"inLanguage":"sv-SE"}]}},"_links":{"self":[{"href":"https:\/\/shipowners.fi\/sv\/wp-json\/wp\/v2\/pages\/9481","targetHints":{"allow":["GET"]}}],"collection":[{"href":"https:\/\/shipowners.fi\/sv\/wp-json\/wp\/v2\/pages"}],"about":[{"href":"https:\/\/shipowners.fi\/sv\/wp-json\/wp\/v2\/types\/page"}],"author":[{"embeddable":true,"href":"https:\/\/shipowners.fi\/sv\/wp-json\/wp\/v2\/users\/2"}],"replies":[{"embeddable":true,"href":"https:\/\/shipowners.fi\/sv\/wp-json\/wp\/v2\/comments?post=9481"}],"version-history":[{"count":3,"href":"https:\/\/shipowners.fi\/sv\/wp-json\/wp\/v2\/pages\/9481\/revisions"}],"predecessor-version":[{"id":9484,"href":"https:\/\/shipowners.fi\/sv\/wp-json\/wp\/v2\/pages\/9481\/revisions\/9484"}],"up":[{"embeddable":true,"href":"https:\/\/shipowners.fi\/sv\/wp-json\/wp\/v2\/pages\/168"}],"wp:featuredmedia":[{"embeddable":true,"href":"https:\/\/shipowners.fi\/sv\/wp-json\/wp\/v2\/media\/8285"}],"wp:attachment":[{"href":"https:\/\/shipowners.fi\/sv\/wp-json\/wp\/v2\/media?parent=9481"}],"curies":[{"name":"wp","href":"https:\/\/api.w.org\/{rel}","templated":true}]}}